{"id":71,"date":"2018-03-26T00:18:03","date_gmt":"2018-03-25T22:18:03","guid":{"rendered":"http:\/\/airandme.org\/fr\/one-page-express\/"},"modified":"2023-05-22T11:38:22","modified_gmt":"2023-05-22T09:38:22","slug":"one-page-express","status":"publish","type":"page","link":"https:\/\/airandme.org\/pl\/","title":{"rendered":"Accueil"},"content":{"rendered":"<div id=\"numbers\" data-label=\"Numbers\" data-id=\"numbers-section\" data-category=\"numbers\" data-bg=\"transparent\" class=\"numbers-section\" data-parallax-depth=\"20\">\r\n<h2 class=\"gridContainer dynamic-color\" style=\"text-align: center;\"><span style=\"color: #ffffff;\">Moje powietrze: Edukacyjnie, interaktywnie, przyst\u0119pnie,\u00a0 bezp\u0142atnie.<\/span><span style=\"color: #78c9db;\"><\/span><\/h2>\r\n<\/div>\r\n<div id=\"content-4\" style=\"background-color: #f6f6f6;\" data-label=\"Content\" data-id=\"content-image-right\" data-category=\"content\" class=\"content-right-image-section\">\r\n<div class=\"gridContainer\">\r\n<div class=\"content-right-image-gridcol\">\r\n<div class=\"content-right-image-textcol dynamic-color\" data-type=\"column\">\r\n<h2 class=\"\">Program edukacyjny<\/h2>\r\n<p class=\"\"><img fetchpriority=\"high\" decoding=\"async\" src=\"https:\/\/airandme.org\/wp-content\/uploads\/2018\/11\/Home-Page-anim.png\" alt=\"\" class=\"alignnone wp-image-1395 size-full\" width=\"550\" height=\"274\" srcset=\"https:\/\/airandme.org\/wp-content\/uploads\/2018\/11\/Home-Page-anim.png 550w, https:\/\/airandme.org\/wp-content\/uploads\/2018\/11\/Home-Page-anim-300x149.png 300w\" sizes=\"(max-width: 550px) 100vw, 550px\" \/><\/p>\r\n<p class=\"large_text\">Program Moje powietrze (Air and Me) sk\u0142ada si\u0119 z wielu narz\u0119dzi pedagogicznych dotycz\u0105cych zanieczyszczenia powietrza. Zawiera prezentacje, quizy, podr\u0119czniki, \u0107wiczenia praktyczne, nagrania, zadania, fiszki, komiks, kolorowanki&#8230;<\/p>\r\n<p class=\"\"><a class=\"button blue\" href=\"https:\/\/airandme.org\/pl\/discover-air-and-me\">Dowiedz si\u0119 wi\u0119cej&#8230;<\/a><\/p>\r\n<\/div>\r\n<div class=\"content-right-image-imgcol\" data-type=\"column\"><img decoding=\"async\" src=\"https:\/\/airandme.org\/wp-content\/uploads\/2018\/03\/IMG_20180322_133840.jpg\" class=\"alignnone\" title=\"\" alt=\"classroom with animation air and me\" width=\"4160\" height=\"3120\" \/><\/div>\r\n<\/div>\r\n<\/div>\r\n<\/div>\r\n<div id=\"portfolio-2\" style=\"background-color: #ffffff;\" data-label=\"Portfolio\" data-id=\"portfolio-full-section\" data-category=\"portfolio\">\r\n<div class=\"portfolio-full-section\" data-type=\"row\"><\/div>\r\n<\/div>\r\n<div id=\"testimonials-1\" style=\"background-color: #f6f6f6;\" data-label=\"Testimonials\" data-id=\"testimonials-boxed-section\" data-category=\"testimonials\" class=\"testimonials-boxed-section\">\r\n<div class=\"gridContainer\">\r\n<div class=\"testimonials-boxed-textcol dynamic-color\" data-type=\"column\">\r\n<h2 class=\"\">Opinie<\/h2>\r\n<p class=\"\">Lekarze, nauczyciele, uczniowie\u2026<\/p>\r\n<\/div>\r\n<div class=\"testimonials-boxed-itemsrow dark-text\" data-type=\"row\">\r\n<div class=\"testimonials-boxed-itemcol cp4cols cp6cols-tablet\">\r\n<div class=\"testimonials-boxed-itemcard\" data-type=\"column\"><img decoding=\"async\" class=\"testimonials-boxed-itemimg\" data-size=\"500x500\" src=\"https:\/\/airandme.org\/wp-content\/uploads\/2018\/03\/cropped-PrCharpin-1.jpg\" \/><\/p>\r\n<h5 class=\"testimonials-boxed-itemname\">Pr. Denis CHARPIN<\/h5>\r\n<h6 class=\"testimonials-boxed-itempos\">pneumonolog i alergolog, wyk\u0142adowca na Uniwersytecie Aix\u00a0&#8211; Marseille<\/h6>\r\n<p class=\"\">\u201eSkupili\u015bmy si\u0119 na uproszczeniu skomplikowanych poj\u0119\u0107 i zagadnie\u0144, takich jak r\u00f3\u017cnica mi\u0119dzy bezpo\u015brednimi skutkami\u00a0 i d\u0142ugfalowym wp\u0142ywem zanieczyszczenia powietrza na zdrowie, nie pomijaj\u0105c przy tym szkodliwo\u015bci palenia papieros\u00f3w. Zawodowo zajmuj\u0119 si\u0119 wzrastaj\u0105c\u0105 liczb\u0105 alergig\u00f3w i os\u00f3b choruj\u0105cych na astm\u0119, dlatego z entuzjazmem do\u0142\u0105czy\u0142em do tego przedsi\u0119wzi\u0119cia.\u201d<\/p>\r\n<\/div>\r\n<\/div>\r\n<div class=\"testimonials-boxed-itemcol cp4cols cp6cols-tablet\">\r\n<div class=\"testimonials-boxed-itemcard\" data-type=\"column\"><img decoding=\"async\" class=\"testimonials-boxed-itemimg\" data-size=\"500x500\" src=\"https:\/\/airandme.org\/wp-content\/uploads\/2018\/03\/cropped-ChristelGrosjean.jpg\" \/><\/p>\r\n<h5 class=\"testimonials-boxed-itemname\">Christel GROSJEAN<\/h5>\r\n<h6 class=\"testimonials-boxed-itempos\">Nauczycielka<\/h6>\r\n<h4 class=\"testimonials-boxed-itemtext\">\u201eZ wielk\u0105 przyjemno\u015bci\u0105 uczestnicz\u0119 w tym wspania\u0142ym projekcie, gdy\u017c tworzymy go wsp\u00f3lnie. Z po\u0142\u0105czenia dzieci\u0119cej kreatywno\u015bci, do\u015bwiadczenia nauczycieli i animator\u00f3w oraz wiedzy ekspert\u00f3w narodzi\u0142o si\u0119 nowe podej\u015bcie pedagiczne.\u201d<\/h4>\r\n<\/div>\r\n<\/div>\r\n<div class=\"testimonials-boxed-itemcol cp4cols cp6cols-tablet\">\r\n<div class=\"testimonials-boxed-itemcard\" data-type=\"column\"><img decoding=\"async\" class=\"testimonials-boxed-itemimg\" data-size=\"500x500\" src=\"https:\/\/airandme.org\/wp-content\/uploads\/2018\/03\/cropped-Carla.jpg\" \/><\/p>\r\n<h5 class=\"testimonials-boxed-itemname\">Carla<\/h5>\r\n<h6 class=\"testimonials-boxed-itempos\">Uczennica<\/h6>\r\n<h4 class=\"testimonials-boxed-itemtext\">\u201eLubi\u0119, gdy Pani zadaje pytania do prezentacji a my musimy wymy\u015bla\u0107 odpowiedzi. Z programem Powietrze i ja du\u017co si\u0119 uczymy i jednocze\u015bnie dobrze bawimy.\u201d<\/h4>\r\n<p class=\"\">\r\n<\/div>\r\n<\/div>\r\n<\/div>\r\n<\/div>\r\n<\/div>\r\n<div id=\"numbers\" data-label=\"Numbers\" data-id=\"numbers-section\" data-category=\"numbers\" data-bg=\"transparent\" class=\"numbers-section\" data-parallax-depth=\"20\">\r\n<div class=\"gridContainer\">\r\n<div class=\"flexbox-list flexbox-list-align-center row\">\r\n<div class=\"cta-blue-textcol dynamic-color\">\r\n<h2 class=\"cta-blue-text\">Kontakt<\/h2>\r\n<\/div>\r\n<div class=\"cta-blue-btncol\"><a class=\"button big yellow dark-text\" href=\"https:\/\/airandme.org\/pl\/who-is-air-and-me\/contact\">Formularz kontaktowy<\/a><\/div>\r\n<\/div>\r\n<\/div>\r\n<\/div>\r\n<div data-label=\"Clients\" data-id=\"clients-strip-section\" data-category=\"clients\" class=\"clients-strip-section\" id=\"clients-2\" style=\"background-color: #f6f6f6;\">\r\n<div class=\"row_187 gridContainer\" data-type=\"row\" data-add-content=\"false\">\r\n<div class=\"clients-strip-itemcol cp2cols\">Nasza strona po w\u0142osku<\/p>\r\n<div class=\"middle_align1\"><a href=\"https:\/\/www.noielaria.org\" target=\"_self\" class=\"\" rel=\"noopener noreferrer\"><img decoding=\"async\" class=\"clients-strip-itemimg\" src=\"https:\/\/airandme.org\/wp-content\/uploads\/2018\/03\/AEM-logo-it.png\" \/><\/a><\/div>\r\n<\/div>\r\n<div class=\"clients-strip-itemcol cp2cols\">Nasza strona po francusku<\/p>\r\n<div class=\"middle_align1\"><a href=\"http:\/\/www.lairetmoi.org\" target=\"_blank\" class=\"\" rel=\"noopener noreferrer\"><img decoding=\"async\" class=\"clients-strip-itemimg\" src=\"https:\/\/airandme.org\/wp-content\/uploads\/2018\/03\/LairEtMoiFr.png\" \/><\/a><\/div>\r\n<\/div>\r\n<div class=\"clients-strip-itemcol cp2cols\">Nasz partner<\/p>\r\n<div class=\"middle_align1\"><a href=\"http:\/\/www.airpaca.org\" target=\"_self\" class=\"\" rel=\"noopener noreferrer\"><img decoding=\"async\" class=\"clients-strip-itemimg\" src=\"http:\/\/airandme.org\/wp-content\/uploads\/2018\/03\/AirPaca.png\" \/><\/a><\/div>\r\n<\/div>\r\n<\/div>\r\n<\/div>","protected":false},"excerpt":{"rendered":"<p>Moje powietrze: Edukacyjnie, interaktywnie, przyst\u0119pnie,\u00a0 bezp\u0142atnie. Program edukacyjny Program Moje powietrze (Air and Me) sk\u0142ada si\u0119 z wielu narz\u0119dzi pedagogicznych dotycz\u0105cych zanieczyszczenia powietrza. Zawiera prezentacje, quizy, podr\u0119czniki, \u0107wiczenia praktyczne, nagrania, zadania, fiszki, komiks, kolorowanki&#8230; Dowiedz si\u0119 wi\u0119cej&#8230; Opinie Lekarze, nauczyciele, uczniowie\u2026 Pr. Denis CHARPIN pneumonolog i alergolog, wyk\u0142adowca na Uniwersytecie Aix\u00a0&#8211; Marseille \u201eSkupili\u015bmy si\u0119 na&hellip; <br \/> <a class=\"button small blue\" href=\"https:\/\/airandme.org\/pl\/the-viruses-and-us\/\">Read more<\/a><\/p>\n","protected":false},"author":1,"featured_media":0,"parent":0,"menu_order":1,"comment_status":"closed","ping_status":"closed","template":"","meta":{"footnotes":""},"class_list":["post-71","page","type-page","status-publish","hentry"],"yoast_head":"<!-- This site is optimized with the Yoast SEO plugin v26.8 - https:\/\/yoast.com\/product\/yoast-seo-wordpress\/ -->\n<title>Accueil<\/title>\n<meta name=\"robots\" content=\"index, follow, max-snippet:-1, max-image-preview:large, max-video-preview:-1\" \/>\n<link rel=\"canonical\" href=\"https:\/\/airandme.org\/pl\/\" \/>\n<meta property=\"og:locale\" content=\"pl_PL\" \/>\n<meta property=\"og:locale:alternate\" content=\"en_US\" \/>\n<meta property=\"og:locale:alternate\" content=\"fr_FR\" \/>\n<meta property=\"og:locale:alternate\" content=\"es\" \/>\n<meta property=\"og:locale:alternate\" content=\"it\" \/>\n<meta property=\"og:locale:alternate\" content=\"de\" \/>\n<meta property=\"og:locale:alternate\" content=\"ar\" \/>\n<meta property=\"og:locale:alternate\" content=\"da\" \/>\n<meta property=\"og:locale:alternate\" content=\"zh\" \/>\n<meta property=\"og:type\" content=\"article\" \/>\n<meta property=\"og:title\" content=\"Accueil\" \/>\n<meta property=\"og:description\" content=\"Moje powietrze: Edukacyjnie, interaktywnie, przyst\u0119pnie,\u00a0 bezp\u0142atnie. Program edukacyjny Program Moje powietrze (Air and Me) sk\u0142ada si\u0119 z wielu narz\u0119dzi pedagogicznych dotycz\u0105cych zanieczyszczenia powietrza. Zawiera prezentacje, quizy, podr\u0119czniki, \u0107wiczenia praktyczne, nagrania, zadania, fiszki, komiks, kolorowanki&#8230; Dowiedz si\u0119 wi\u0119cej&#8230; Opinie Lekarze, nauczyciele, uczniowie\u2026 Pr. Denis CHARPIN pneumonolog i alergolog, wyk\u0142adowca na Uniwersytecie Aix\u00a0&#8211; Marseille \u201eSkupili\u015bmy si\u0119 na&hellip; Read more\" \/>\n<meta property=\"og:url\" content=\"https:\/\/airandme.org\/pl\/the-viruses-and-us\/\" \/>\n<meta property=\"og:site_name\" content=\"Air and Me\" \/>\n<meta property=\"article:publisher\" content=\"https:\/\/www.facebook.com\/lairetmoi\/\" \/>\n<meta property=\"article:modified_time\" content=\"2023-05-22T09:38:22+00:00\" \/>\n<meta property=\"og:image\" content=\"https:\/\/airandme.org\/wp-content\/uploads\/2018\/06\/Home-Page-300x149.png\" \/>\n<meta name=\"twitter:card\" content=\"summary_large_image\" \/>\n<meta name=\"twitter:site\" content=\"@lairetmoi\" \/>\n<meta name=\"twitter:label1\" content=\"Szacowany czas czytania\" \/>\n\t<meta name=\"twitter:data1\" content=\"4 minuty\" \/>\n<script type=\"application\/ld+json\" class=\"yoast-schema-graph\">{\"@context\":\"https:\/\/schema.org\",\"@graph\":[{\"@type\":\"WebPage\",\"@id\":\"https:\/\/airandme.org\/\",\"url\":\"https:\/\/airandme.org\/\",\"name\":\"Accueil\",\"isPartOf\":{\"@id\":\"https:\/\/airandme.org\/#website\"},\"primaryImageOfPage\":{\"@id\":\"https:\/\/airandme.org\/#primaryimage\"},\"image\":{\"@id\":\"https:\/\/airandme.org\/#primaryimage\"},\"thumbnailUrl\":\"https:\/\/airandme.org\/wp-content\/uploads\/2018\/06\/Home-Page-300x149.png\",\"datePublished\":\"2018-03-25T22:18:03+00:00\",\"dateModified\":\"2023-05-22T09:38:22+00:00\",\"breadcrumb\":{\"@id\":\"https:\/\/airandme.org\/#breadcrumb\"},\"inLanguage\":\"pl\",\"potentialAction\":[{\"@type\":\"ReadAction\",\"target\":[\"https:\/\/airandme.org\/\"]}]},{\"@type\":\"ImageObject\",\"inLanguage\":\"pl\",\"@id\":\"https:\/\/airandme.org\/#primaryimage\",\"url\":\"https:\/\/airandme.org\/wp-content\/uploads\/2018\/06\/Home-Page-300x149.png\",\"contentUrl\":\"https:\/\/airandme.org\/wp-content\/uploads\/2018\/06\/Home-Page-300x149.png\"},{\"@type\":\"BreadcrumbList\",\"@id\":\"https:\/\/airandme.org\/#breadcrumb\",\"itemListElement\":[{\"@type\":\"ListItem\",\"position\":1,\"name\":\"Accueil\",\"item\":\"https:\/\/airandme.org\/\"},{\"@type\":\"ListItem\",\"position\":2,\"name\":\"Accueil\"}]},{\"@type\":\"WebSite\",\"@id\":\"https:\/\/airandme.org\/#website\",\"url\":\"https:\/\/airandme.org\/\",\"name\":\"Air and Me\",\"description\":\"\",\"publisher\":{\"@id\":\"https:\/\/airandme.org\/#organization\"},\"potentialAction\":[{\"@type\":\"SearchAction\",\"target\":{\"@type\":\"EntryPoint\",\"urlTemplate\":\"https:\/\/airandme.org\/?s={search_term_string}\"},\"query-input\":{\"@type\":\"PropertyValueSpecification\",\"valueRequired\":true,\"valueName\":\"search_term_string\"}}],\"inLanguage\":\"pl\"},{\"@type\":\"Organization\",\"@id\":\"https:\/\/airandme.org\/#organization\",\"name\":\"F\u00e9d\u00e9ration L'Air et Moi\",\"url\":\"https:\/\/airandme.org\/\",\"logo\":{\"@type\":\"ImageObject\",\"inLanguage\":\"pl\",\"@id\":\"https:\/\/airandme.org\/#\/schema\/logo\/image\/\",\"url\":\"https:\/\/airandme.org\/wp-content\/uploads\/2018\/03\/AAME_.png\",\"contentUrl\":\"https:\/\/airandme.org\/wp-content\/uploads\/2018\/03\/AAME_.png\",\"width\":441,\"height\":179,\"caption\":\"F\u00e9d\u00e9ration L'Air et Moi\"},\"image\":{\"@id\":\"https:\/\/airandme.org\/#\/schema\/logo\/image\/\"},\"sameAs\":[\"https:\/\/www.facebook.com\/lairetmoi\/\",\"https:\/\/x.com\/lairetmoi\",\"https:\/\/www.youtube.com\/channel\/UCcguTqo1uDOSJcik4GveZhw\"]}]}<\/script>\n<!-- \/ Yoast SEO plugin. -->","yoast_head_json":{"title":"Accueil","robots":{"index":"index","follow":"follow","max-snippet":"max-snippet:-1","max-image-preview":"max-image-preview:large","max-video-preview":"max-video-preview:-1"},"canonical":"https:\/\/airandme.org\/pl\/","og_locale":"pl_PL","og_type":"article","og_title":"[:en]Accueil[:fr]Accueil[:es]Accueil[:it]Accueil[:de]Accueil[:ar]Accueil[:da]Accueil[:] &#183; Air and Me","og_description":"Moje powietrze: Edukacyjnie, interaktywnie, przyst\u0119pnie,\u00a0 bezp\u0142atnie. Program edukacyjny Program Moje powietrze (Air and Me) sk\u0142ada si\u0119 z wielu narz\u0119dzi pedagogicznych dotycz\u0105cych zanieczyszczenia powietrza. Zawiera prezentacje, quizy, podr\u0119czniki, \u0107wiczenia praktyczne, nagrania, zadania, fiszki, komiks, kolorowanki&#8230; Dowiedz si\u0119 wi\u0119cej&#8230; Opinie Lekarze, nauczyciele, uczniowie\u2026 Pr. Denis CHARPIN pneumonolog i alergolog, wyk\u0142adowca na Uniwersytecie Aix\u00a0&#8211; Marseille \u201eSkupili\u015bmy si\u0119 na&hellip; Read more","og_url":"https:\/\/airandme.org\/pl\/the-viruses-and-us\/","og_site_name":"Air and Me","article_publisher":"https:\/\/www.facebook.com\/lairetmoi\/","article_modified_time":"2023-05-22T09:38:22+00:00","og_image":[{"url":"https:\/\/airandme.org\/wp-content\/uploads\/2018\/06\/Home-Page-300x149.png","type":"","width":"","height":""}],"twitter_card":"summary_large_image","twitter_site":"@lairetmoi","twitter_misc":{"Szacowany czas czytania":"4 minuty"},"schema":{"@context":"https:\/\/schema.org","@graph":[{"@type":"WebPage","@id":"https:\/\/airandme.org\/","url":"https:\/\/airandme.org\/","name":"Accueil","isPartOf":{"@id":"https:\/\/airandme.org\/#website"},"primaryImageOfPage":{"@id":"https:\/\/airandme.org\/#primaryimage"},"image":{"@id":"https:\/\/airandme.org\/#primaryimage"},"thumbnailUrl":"https:\/\/airandme.org\/wp-content\/uploads\/2018\/06\/Home-Page-300x149.png","datePublished":"2018-03-25T22:18:03+00:00","dateModified":"2023-05-22T09:38:22+00:00","breadcrumb":{"@id":"https:\/\/airandme.org\/#breadcrumb"},"inLanguage":"pl","potentialAction":[{"@type":"ReadAction","target":["https:\/\/airandme.org\/"]}]},{"@type":"ImageObject","inLanguage":"pl","@id":"https:\/\/airandme.org\/#primaryimage","url":"https:\/\/airandme.org\/wp-content\/uploads\/2018\/06\/Home-Page-300x149.png","contentUrl":"https:\/\/airandme.org\/wp-content\/uploads\/2018\/06\/Home-Page-300x149.png"},{"@type":"BreadcrumbList","@id":"https:\/\/airandme.org\/#breadcrumb","itemListElement":[{"@type":"ListItem","position":1,"name":"Accueil","item":"https:\/\/airandme.org\/"},{"@type":"ListItem","position":2,"name":"Accueil"}]},{"@type":"WebSite","@id":"https:\/\/airandme.org\/#website","url":"https:\/\/airandme.org\/","name":"Air and Me","description":"","publisher":{"@id":"https:\/\/airandme.org\/#organization"},"potentialAction":[{"@type":"SearchAction","target":{"@type":"EntryPoint","urlTemplate":"https:\/\/airandme.org\/?s={search_term_string}"},"query-input":{"@type":"PropertyValueSpecification","valueRequired":true,"valueName":"search_term_string"}}],"inLanguage":"pl"},{"@type":"Organization","@id":"https:\/\/airandme.org\/#organization","name":"F\u00e9d\u00e9ration L'Air et Moi","url":"https:\/\/airandme.org\/","logo":{"@type":"ImageObject","inLanguage":"pl","@id":"https:\/\/airandme.org\/#\/schema\/logo\/image\/","url":"https:\/\/airandme.org\/wp-content\/uploads\/2018\/03\/AAME_.png","contentUrl":"https:\/\/airandme.org\/wp-content\/uploads\/2018\/03\/AAME_.png","width":441,"height":179,"caption":"F\u00e9d\u00e9ration L'Air et Moi"},"image":{"@id":"https:\/\/airandme.org\/#\/schema\/logo\/image\/"},"sameAs":["https:\/\/www.facebook.com\/lairetmoi\/","https:\/\/x.com\/lairetmoi","https:\/\/www.youtube.com\/channel\/UCcguTqo1uDOSJcik4GveZhw"]}]}},"_links":{"self":[{"href":"https:\/\/airandme.org\/pl\/wp-json\/wp\/v2\/pages\/71","targetHints":{"allow":["GET"]}}],"collection":[{"href":"https:\/\/airandme.org\/pl\/wp-json\/wp\/v2\/pages"}],"about":[{"href":"https:\/\/airandme.org\/pl\/wp-json\/wp\/v2\/types\/page"}],"author":[{"embeddable":true,"href":"https:\/\/airandme.org\/pl\/wp-json\/wp\/v2\/users\/1"}],"replies":[{"embeddable":true,"href":"https:\/\/airandme.org\/pl\/wp-json\/wp\/v2\/comments?post=71"}],"version-history":[{"count":15,"href":"https:\/\/airandme.org\/pl\/wp-json\/wp\/v2\/pages\/71\/revisions"}],"predecessor-version":[{"id":5231,"href":"https:\/\/airandme.org\/pl\/wp-json\/wp\/v2\/pages\/71\/revisions\/5231"}],"wp:attachment":[{"href":"https:\/\/airandme.org\/pl\/wp-json\/wp\/v2\/media?parent=71"}],"curies":[{"name":"wp","href":"https:\/\/api.w.org\/{rel}","templated":true}]}}