{"id":125,"date":"2018-03-26T10:40:59","date_gmt":"2018-03-26T08:40:59","guid":{"rendered":"http:\/\/airandme.org\/?page_id=125"},"modified":"2021-04-22T13:03:09","modified_gmt":"2021-04-22T11:03:09","slug":"air-and-me-in-the-media","status":"publish","type":"page","link":"https:\/\/airandme.org\/pl\/discover-air-and-me\/air-and-me-in-the-media\/","title":{"rendered":"Media o nas"},"content":{"rendered":"<h2>Moje powietrze by\u0142o tematem wielu artyku\u0142\u00f3w prasowych i reporta\u017cy telwizyjnych.<\/h2>\n<p><a class=\"wpsebtn\" id=\"btn-e571b627-e4bd-5d90-7bf2-dd7d3228e7b0\" data-text=\"Visualiser\" data-font-size=\"14\" data-color=\"#ffffff\" data-background=\"#0e83cd\" data-padding-left=\"12\" data-padding-top=\"6\" data-padding-right=\"12\" data-padding-bottom=\"6\" data-border-radius=\"0\" data-border-color=\"#357ebd\" data-border-width=\"1\" data-color-hover=\"#ffffff\" data-background-hover=\"#1990f9\" data-box-shadow-color-hover=\"#bababa\" data-box-shadow-horz-hover=\"3\" data-box-shadow-vert-hover=\"3\" data-box-shadow-blur-hover=\"3\" data-box-shadow-spread-hover=\"0\" href=\"https:\/\/www.lairetmoi.org\/presse-ecrite.html\" type=\"button\"> View <\/a><\/p>\n<div id=\"style-btn-e571b627-e4bd-5d90-7bf2-dd7d3228e7b0\">\n<style class=\"style-btn\">#btn-e571b627-e4bd-5d90-7bf2-dd7d3228e7b0 {font-size: 14px;color: #ffffff;background: #0e83cd;padding-left: 12px;padding-top: 6px;padding-right: 12px;padding-bottom: 6px;border-radius: 0px;-moz-border-radius: 0px;-webkit-border-radius: 0px;border-color: #357ebd;border-width: 1px;} #btn-e571b627-e4bd-5d90-7bf2-dd7d3228e7b0:hover {background: #1990f9;color: #ffffff;box-shadow: 3px 3px 3px 0px #bababa;-moz-box-shadow: 3px 3px 3px 0px #bababa;-webkit-box-shadow: 3px 3px 3px 0px #bababa;}<\/style>\n<\/div>\n","protected":false},"excerpt":{"rendered":"<p>Moje powietrze by\u0142o tematem wielu artyku\u0142\u00f3w prasowych i reporta\u017cy telwizyjnych. View<\/p>\n","protected":false},"author":1,"featured_media":0,"parent":2,"menu_order":4,"comment_status":"closed","ping_status":"closed","template":"","meta":{"footnotes":""},"class_list":["post-125","page","type-page","status-publish","hentry"],"yoast_head":"<!-- This site is optimized with the Yoast SEO plugin v26.8 - https:\/\/yoast.com\/product\/yoast-seo-wordpress\/ -->\n<title>Media o nas<\/title>\n<meta name=\"robots\" content=\"index, follow, max-snippet:-1, max-image-preview:large, max-video-preview:-1\" \/>\n<link rel=\"canonical\" href=\"https:\/\/airandme.org\/pl\/discover-air-and-me\/air-and-me-in-the-media\/\" \/>\n<meta property=\"og:locale\" content=\"pl_PL\" \/>\n<meta property=\"og:locale:alternate\" content=\"en_US\" \/>\n<meta property=\"og:locale:alternate\" content=\"fr_FR\" \/>\n<meta property=\"og:locale:alternate\" content=\"es\" \/>\n<meta property=\"og:locale:alternate\" content=\"it\" \/>\n<meta property=\"og:locale:alternate\" content=\"de\" \/>\n<meta property=\"og:locale:alternate\" content=\"ar\" \/>\n<meta property=\"og:locale:alternate\" content=\"da\" \/>\n<meta property=\"og:locale:alternate\" content=\"zh\" \/>\n<meta property=\"og:type\" content=\"article\" \/>\n<meta property=\"og:title\" content=\"Media o nas\" \/>\n<meta property=\"og:description\" content=\"Moje powietrze by\u0142o tematem wielu artyku\u0142\u00f3w prasowych i reporta\u017cy telwizyjnych. View\" \/>\n<meta property=\"og:url\" content=\"https:\/\/airandme.org\/pl\/discover-air-and-me\/air-and-me-in-the-media\/\" \/>\n<meta property=\"og:site_name\" content=\"Air and Me\" \/>\n<meta property=\"article:publisher\" content=\"https:\/\/www.facebook.com\/lairetmoi\/\" \/>\n<meta property=\"article:modified_time\" content=\"2021-04-22T11:03:09+00:00\" \/>\n<meta name=\"twitter:card\" content=\"summary_large_image\" \/>\n<meta name=\"twitter:site\" content=\"@lairetmoi\" \/>\n<meta name=\"twitter:label1\" content=\"Szacowany czas czytania\" \/>\n\t<meta name=\"twitter:data1\" content=\"1 minuta\" \/>\n<script type=\"application\/ld+json\" class=\"yoast-schema-graph\">{\"@context\":\"https:\/\/schema.org\",\"@graph\":[{\"@type\":\"WebPage\",\"@id\":\"https:\/\/airandme.org\/it\/discover-air-and-me\/air-and-me-in-the-media\/\",\"url\":\"https:\/\/airandme.org\/it\/discover-air-and-me\/air-and-me-in-the-media\/\",\"name\":\"Media o nas\",\"isPartOf\":{\"@id\":\"https:\/\/airandme.org\/#website\"},\"datePublished\":\"2018-03-26T08:40:59+00:00\",\"dateModified\":\"2021-04-22T11:03:09+00:00\",\"breadcrumb\":{\"@id\":\"https:\/\/airandme.org\/it\/discover-air-and-me\/air-and-me-in-the-media\/#breadcrumb\"},\"inLanguage\":\"pl\",\"potentialAction\":[{\"@type\":\"ReadAction\",\"target\":[\"https:\/\/airandme.org\/it\/discover-air-and-me\/air-and-me-in-the-media\/\"]}]},{\"@type\":\"BreadcrumbList\",\"@id\":\"https:\/\/airandme.org\/it\/discover-air-and-me\/air-and-me-in-the-media\/#breadcrumb\",\"itemListElement\":[{\"@type\":\"ListItem\",\"position\":1,\"name\":\"Accueil\",\"item\":\"https:\/\/airandme.org\/\"},{\"@type\":\"ListItem\",\"position\":2,\"name\":\"Scoprire Noi e l\u2019Aria\",\"item\":\"https:\/\/airandme.org\/it\/discover-air-and-me\/\"},{\"@type\":\"ListItem\",\"position\":3,\"name\":\"Air and Me in the media\"}]},{\"@type\":\"WebSite\",\"@id\":\"https:\/\/airandme.org\/#website\",\"url\":\"https:\/\/airandme.org\/\",\"name\":\"Air and Me\",\"description\":\"\",\"publisher\":{\"@id\":\"https:\/\/airandme.org\/#organization\"},\"potentialAction\":[{\"@type\":\"SearchAction\",\"target\":{\"@type\":\"EntryPoint\",\"urlTemplate\":\"https:\/\/airandme.org\/?s={search_term_string}\"},\"query-input\":{\"@type\":\"PropertyValueSpecification\",\"valueRequired\":true,\"valueName\":\"search_term_string\"}}],\"inLanguage\":\"pl\"},{\"@type\":\"Organization\",\"@id\":\"https:\/\/airandme.org\/#organization\",\"name\":\"F\u00e9d\u00e9ration L'Air et Moi\",\"url\":\"https:\/\/airandme.org\/\",\"logo\":{\"@type\":\"ImageObject\",\"inLanguage\":\"pl\",\"@id\":\"https:\/\/airandme.org\/#\/schema\/logo\/image\/\",\"url\":\"https:\/\/airandme.org\/wp-content\/uploads\/2018\/03\/AAME_.png\",\"contentUrl\":\"https:\/\/airandme.org\/wp-content\/uploads\/2018\/03\/AAME_.png\",\"width\":441,\"height\":179,\"caption\":\"F\u00e9d\u00e9ration L'Air et Moi\"},\"image\":{\"@id\":\"https:\/\/airandme.org\/#\/schema\/logo\/image\/\"},\"sameAs\":[\"https:\/\/www.facebook.com\/lairetmoi\/\",\"https:\/\/x.com\/lairetmoi\",\"https:\/\/www.youtube.com\/channel\/UCcguTqo1uDOSJcik4GveZhw\"]}]}<\/script>\n<!-- \/ Yoast SEO plugin. -->","yoast_head_json":{"title":"Media o nas","robots":{"index":"index","follow":"follow","max-snippet":"max-snippet:-1","max-image-preview":"max-image-preview:large","max-video-preview":"max-video-preview:-1"},"canonical":"https:\/\/airandme.org\/pl\/discover-air-and-me\/air-and-me-in-the-media\/","og_locale":"pl_PL","og_type":"article","og_title":"[:en]Air and Me in the media[:fr]L\u2019Air et Moi dans les m\u00e9dias[:es]Air and Me en los medios[:it]Noi e l\u2019Aria sui media[:de]Die Luft und Ich in der Presse[:ar]\u0623\u0646\u0627 \u0648 \u0627\u0644\u0647\u0648\u0627\u0621 \u0641\u064a \u0648\u0633\u0627\u0626\u0644 \u0627\u0644\u0625\u0639\u0644\u0627\u0645[:da]Air and me i medierne[:pl]Media o nas[:] &#183; Air and Me","og_description":"Moje powietrze by\u0142o tematem wielu artyku\u0142\u00f3w prasowych i reporta\u017cy telwizyjnych. View","og_url":"https:\/\/airandme.org\/pl\/discover-air-and-me\/air-and-me-in-the-media\/","og_site_name":"Air and Me","article_publisher":"https:\/\/www.facebook.com\/lairetmoi\/","article_modified_time":"2021-04-22T11:03:09+00:00","twitter_card":"summary_large_image","twitter_site":"@lairetmoi","twitter_misc":{"Szacowany czas czytania":"1 minuta"},"schema":{"@context":"https:\/\/schema.org","@graph":[{"@type":"WebPage","@id":"https:\/\/airandme.org\/it\/discover-air-and-me\/air-and-me-in-the-media\/","url":"https:\/\/airandme.org\/it\/discover-air-and-me\/air-and-me-in-the-media\/","name":"Media o nas","isPartOf":{"@id":"https:\/\/airandme.org\/#website"},"datePublished":"2018-03-26T08:40:59+00:00","dateModified":"2021-04-22T11:03:09+00:00","breadcrumb":{"@id":"https:\/\/airandme.org\/it\/discover-air-and-me\/air-and-me-in-the-media\/#breadcrumb"},"inLanguage":"pl","potentialAction":[{"@type":"ReadAction","target":["https:\/\/airandme.org\/it\/discover-air-and-me\/air-and-me-in-the-media\/"]}]},{"@type":"BreadcrumbList","@id":"https:\/\/airandme.org\/it\/discover-air-and-me\/air-and-me-in-the-media\/#breadcrumb","itemListElement":[{"@type":"ListItem","position":1,"name":"Accueil","item":"https:\/\/airandme.org\/"},{"@type":"ListItem","position":2,"name":"Scoprire Noi e l\u2019Aria","item":"https:\/\/airandme.org\/it\/discover-air-and-me\/"},{"@type":"ListItem","position":3,"name":"Air and Me in the media"}]},{"@type":"WebSite","@id":"https:\/\/airandme.org\/#website","url":"https:\/\/airandme.org\/","name":"Air and Me","description":"","publisher":{"@id":"https:\/\/airandme.org\/#organization"},"potentialAction":[{"@type":"SearchAction","target":{"@type":"EntryPoint","urlTemplate":"https:\/\/airandme.org\/?s={search_term_string}"},"query-input":{"@type":"PropertyValueSpecification","valueRequired":true,"valueName":"search_term_string"}}],"inLanguage":"pl"},{"@type":"Organization","@id":"https:\/\/airandme.org\/#organization","name":"F\u00e9d\u00e9ration L'Air et Moi","url":"https:\/\/airandme.org\/","logo":{"@type":"ImageObject","inLanguage":"pl","@id":"https:\/\/airandme.org\/#\/schema\/logo\/image\/","url":"https:\/\/airandme.org\/wp-content\/uploads\/2018\/03\/AAME_.png","contentUrl":"https:\/\/airandme.org\/wp-content\/uploads\/2018\/03\/AAME_.png","width":441,"height":179,"caption":"F\u00e9d\u00e9ration L'Air et Moi"},"image":{"@id":"https:\/\/airandme.org\/#\/schema\/logo\/image\/"},"sameAs":["https:\/\/www.facebook.com\/lairetmoi\/","https:\/\/x.com\/lairetmoi","https:\/\/www.youtube.com\/channel\/UCcguTqo1uDOSJcik4GveZhw"]}]}},"_links":{"self":[{"href":"https:\/\/airandme.org\/pl\/wp-json\/wp\/v2\/pages\/125","targetHints":{"allow":["GET"]}}],"collection":[{"href":"https:\/\/airandme.org\/pl\/wp-json\/wp\/v2\/pages"}],"about":[{"href":"https:\/\/airandme.org\/pl\/wp-json\/wp\/v2\/types\/page"}],"author":[{"embeddable":true,"href":"https:\/\/airandme.org\/pl\/wp-json\/wp\/v2\/users\/1"}],"replies":[{"embeddable":true,"href":"https:\/\/airandme.org\/pl\/wp-json\/wp\/v2\/comments?post=125"}],"version-history":[{"count":0,"href":"https:\/\/airandme.org\/pl\/wp-json\/wp\/v2\/pages\/125\/revisions"}],"up":[{"embeddable":true,"href":"https:\/\/airandme.org\/pl\/wp-json\/wp\/v2\/pages\/2"}],"wp:attachment":[{"href":"https:\/\/airandme.org\/pl\/wp-json\/wp\/v2\/media?parent=125"}],"curies":[{"name":"wp","href":"https:\/\/api.w.org\/{rel}","templated":true}]}}