{"id":71,"date":"2018-03-26T00:18:03","date_gmt":"2018-03-25T22:18:03","guid":{"rendered":"http:\/\/airandme.org\/fr\/one-page-express\/"},"modified":"2023-05-22T11:38:22","modified_gmt":"2023-05-22T09:38:22","slug":"one-page-express","status":"publish","type":"page","link":"https:\/\/airandme.org\/it\/","title":{"rendered":"Accueil"},"content":{"rendered":"<div data-label=\"Latest posts\" data-id=\"blog-section\" data-category=\"latest_news\" class=\"blog-section\" style=\"background-color: #ffffff;\" id=\"latest-posts\">\r\n<div class=\"gridContainer\">\r\n<div class=\"blog-textrow\">\r\n<div class=\"blog-textcol dynamic-color\" data-type=\"column\">\r\n<h2 class=\"\">News<\/h2>\r\n<iframe width=\"560\" height=\"315\" src=\"https:\/\/www.youtube.com\/embed\/V-2ppBy4a0s\" title=\"YouTube video player\" frameborder=\"0\" allow=\"accelerometer; autoplay; clipboard-write; encrypted-media; gyroscope; picture-in-picture\" allowfullscreen><\/iframe>\r\n<\/div>\r\n<\/div>\r\n<\/div>\r\n<\/div>\r\n<div id=\"numbers\" data-label=\"Numbers\" data-id=\"numbers-section\" data-category=\"numbers\" data-bg=\"transparent\" class=\"numbers-section\" data-parallax-depth=\"20\">\r\n<h2 class=\"gridContainer dynamic-color\" style=\"text-align: center;\"><span style=\"color: #ffffff;\"><a href=\"http:\/\/www.noielaria.org\" class=\"\"> <img decoding=\"async\" src=\"http:\/\/airandme.org\/wp-content\/uploads\/2018\/03\/AEM-logo-it.png\" alt=\"\" class=\"wp-image-762 alignleft\" width=\"89\" height=\"112\" \/><\/a>Noi e l\u2019Aria : educativo, interattivo, divertente, gratuito.<\/span><span style=\"color: #78c9db;\"><\/span><\/h2>\r\n<\/div>\r\n<div id=\"content-4\" style=\"background-color: #f6f6f6;\" data-label=\"Content\" data-id=\"content-image-right\" data-category=\"content\" class=\"content-right-image-section\">\r\n<div class=\"gridContainer\">\r\n<div class=\"content-right-image-gridcol\">\r\n<div class=\"content-right-image-textcol dynamic-color\" data-type=\"column\">\r\n<h2 class=\"\">Un programma pedagogico<\/h2>\r\n<p class=\"\"><img decoding=\"async\" src=\"http:\/\/airandme.org\/wp-content\/uploads\/2018\/06\/Home-Page-300x149.png\" alt=\"Air and Me educational Program\" class=\"alignnone wp-image-915 size-medium\" srcset=\"http:\/\/airandme.org\/wp-content\/uploads\/2018\/06\/Home-Page-300x149.png 300w, http:\/\/airandme.org\/wp-content\/uploads\/2018\/06\/Home-Page.png 550w\" sizes=\"(max-width: 300px) 100vw, 300px\" width=\"300\" height=\"149\" \/><\/p>\r\n<p class=\"large_text\">Noi\u00a0 e l\u2019Aria \u00e8 composto da moduli didattici sulla qualit\u00e0 dell\u2019aria con diapositive, quiz, guide pedagogiche, esperieze pratiche, video, esercizi, schede riassuntive, fumetti, disegni da colorare,\u2026<\/p>\r\n<p class=\"\"><a class=\"button blue\" href=\"http:\/\/airandme.org\/en\/discover-air-and-me\">Per saperne di pi\u00f9\u2026<\/a><\/p>\r\n<\/div>\r\n<div class=\"content-right-image-imgcol\" data-type=\"column\"><img fetchpriority=\"high\" decoding=\"async\" src=\"http:\/\/airandme.org\/wp-content\/uploads\/2018\/03\/IMG_20180322_133840.jpg\" class=\"alignnone\" title=\"\" alt=\"classroom with animation air and me\" width=\"4160\" height=\"3120\" \/><\/div>\r\n<\/div>\r\n<\/div>\r\n<\/div>\r\n<div id=\"portfolio-2\" style=\"background-color: #ffffff;\" data-label=\"Portfolio\" data-id=\"portfolio-full-section\" data-category=\"portfolio\">\r\n<div class=\"portfolio-full-section\" data-type=\"row\"><\/div>\r\n<\/div>\r\n<div id=\"testimonials-1\" style=\"background-color: #f6f6f6;\" data-label=\"Testimonials\" data-id=\"testimonials-boxed-section\" data-category=\"testimonials\" class=\"testimonials-boxed-section\">\r\n<div class=\"gridContainer\">\r\n<div class=\"testimonials-boxed-textcol dynamic-color\" data-type=\"column\">\r\n<h2 class=\"\">Qualche testimonianza<\/h2>\r\n<p class=\"\">Medici, insegnanti, studenti\u2026<\/p>\r\n<\/div>\r\n<div class=\"testimonials-boxed-itemsrow dark-text\" data-type=\"row\">\r\n<div class=\"testimonials-boxed-itemcol cp4cols cp6cols-tablet\">\r\n<div class=\"testimonials-boxed-itemcard\" data-type=\"column\"><img decoding=\"async\" class=\"testimonials-boxed-itemimg\" data-size=\"500x500\" src=\"http:\/\/airandme.org\/wp-content\/uploads\/2018\/03\/cropped-PrCharpin-1.jpg\" \/>\r\n<h5 class=\"testimonials-boxed-itemname\">Pr. Denis CHARPIN<\/h5>\r\n<h6 class=\"testimonials-boxed-itempos\">Pneumologo e Allergologo, Professore all\u2019Universit\u00e0 di Aix-Marseille<\/h6>\r\n<p class=\"\"><em>\u00abAbbiamo lavorato per semplificare i concetti pi\u00f9 difficili quali la differenza tra gli effetti immediati e quelli cronici prodotti sulla salute dall\u2019inquinamento, senza tralasciare quelli gravissimi provocati dal fumo di sigarette. Una delle cose che mi preoccupa di pi\u00f9 \u00e8 Il numero in aumento di persone che soffrono di allergie e asma. Questo \u00e8 uno dei motivi per cui ho partecipato con entusiasmo a questo progetto.\u00a0<\/em><em>\u00bb<\/em><\/p>\r\n<\/div>\r\n<\/div>\r\n<div class=\"testimonials-boxed-itemcol cp4cols cp6cols-tablet\">\r\n<div class=\"testimonials-boxed-itemcard\" data-type=\"column\"><img decoding=\"async\" class=\"testimonials-boxed-itemimg\" data-size=\"500x500\" src=\"http:\/\/airandme.org\/wp-content\/uploads\/2018\/03\/cropped-ChristelGrosjean.jpg\" \/>\r\n<h5 class=\"testimonials-boxed-itemname\">Christel GROSJEAN<\/h5>\r\n<h6 class=\"testimonials-boxed-itempos\">Insegnante<\/h6>\r\n<h4 class=\"testimonials-boxed-itemtext\">\u00abAmo molto partecipare a questo progetto perch\u00e8 collaboriamo alla sua creazione tutti insieme. Un vero e proprio sistema pedagogico \u00e8 stato creato mettendo insieme la creativit\u00e0 dei bambini, l\u2019esperienza di insegnanti e animatori, la competenza del comitato scientifico\u00a0\u00bb<\/h4>\r\n<\/div>\r\n<\/div>\r\n<div class=\"testimonials-boxed-itemcol cp4cols cp6cols-tablet\">\r\n<div class=\"testimonials-boxed-itemcard\" data-type=\"column\"><img decoding=\"async\" class=\"testimonials-boxed-itemimg\" data-size=\"500x500\" src=\"http:\/\/airandme.org\/wp-content\/uploads\/2018\/03\/cropped-Carla.jpg\" \/>\r\n<h5 class=\"testimonials-boxed-itemname\">Carla<\/h5>\r\n<h6 class=\"testimonials-boxed-itempos\">Studente<\/h6>\r\n<h4 class=\"testimonials-boxed-itemtext\">\u00ab\u00a0Mi piace quando la maestra fa delle domande sulle diapositive e noi dobbiamo pensare alle risposte. Con Noi e l\u2019Aria si imparano molte cose divertendosi.\u00a0\u00bb<\/h4>\r\n<p class=\"\"><\/p>\r\n<\/div>\r\n<\/div>\r\n<\/div>\r\n<\/div>\r\n<\/div>\r\n<div id=\"numbers\" data-label=\"Numbers\" data-id=\"numbers-section\" data-category=\"numbers\" data-bg=\"transparent\" class=\"numbers-section\" data-parallax-depth=\"20\">\r\n<div class=\"gridContainer\">\r\n<div class=\"flexbox-list flexbox-list-align-center row\">\r\n<div class=\"cta-blue-textcol dynamic-color\">\r\n<h2 class=\"cta-blue-text\"><strong>Contattateci<\/strong><\/h2>\r\n<\/div>\r\n<div class=\"cta-blue-btncol\"><a class=\"button big yellow dark-text\" href=\"http:\/\/airandme.org\/it\/who-is-air-and-me\/contact\" target=\"_self\" rel=\"noopener noreferrer\">Accedere al modulo di contatto<\/a><\/div>\r\n<\/div>\r\n<\/div>\r\n<\/div>\r\n<div data-label=\"Clients\" data-id=\"clients-strip-section\" data-category=\"clients\" class=\"clients-strip-section\" id=\"clients-2\" style=\"background-color: #f6f6f6;\">\r\n<div class=\"row_187 gridContainer\" data-type=\"row\" data-add-content=\"false\">\r\n<div class=\"clients-strip-itemcol cp2cols\">Il nostro sito francese\r\n<div class=\"middle_align1\"><a href=\"http:\/\/www.lairetmoi.org\" target=\"_blank\" class=\"\" rel=\"noopener noreferrer\"><img decoding=\"async\" class=\"clients-strip-itemimg\" src=\"http:\/\/airandme.org\/wp-content\/uploads\/2018\/03\/LairEtMoiFr.png\" \/><\/a><\/div>\r\n<\/div>\r\n<div class=\"clients-strip-itemcol cp2cols\">Il nostro sito italiano\r\n<div class=\"middle_align1\"><a href=\"http:\/\/www.noielaria.org\" target=\"_self\" class=\"\" rel=\"noopener noreferrer\"><img decoding=\"async\" class=\"clients-strip-itemimg\" src=\"http:\/\/airandme.org\/wp-content\/uploads\/2018\/03\/AEM-logo-it.png\" \/><\/a><\/div>\r\n<\/div>\r\n<div class=\"clients-strip-itemcol cp2cols\">Il nostro partner\r\n<div class=\"middle_align1\"><a href=\"http:\/\/www.airpaca.org\" target=\"_self\" class=\"\" rel=\"noopener noreferrer\"><img decoding=\"async\" class=\"clients-strip-itemimg\" src=\"http:\/\/airandme.org\/wp-content\/uploads\/2018\/03\/AirPaca.png\" \/><\/a><\/div>\r\n<\/div>\r\n<\/div>\r\n<\/div>","protected":false},"excerpt":{"rendered":"<p>News Noi e l\u2019Aria : educativo, interattivo, divertente, gratuito. Un programma pedagogico Noi\u00a0 e l\u2019Aria \u00e8 composto da moduli didattici sulla qualit\u00e0 dell\u2019aria con diapositive, quiz, guide pedagogiche, esperieze pratiche, video, esercizi, schede riassuntive, fumetti, disegni da colorare,\u2026 Per saperne di pi\u00f9\u2026 Qualche testimonianza Medici, insegnanti, studenti\u2026 Pr. Denis CHARPIN Pneumologo e Allergologo, Professore all\u2019Universit\u00e0&hellip; <br \/> <a class=\"button small blue\" href=\"https:\/\/airandme.org\/it\/the-viruses-and-us\/\">Leggi tutto<\/a><\/p>\n","protected":false},"author":1,"featured_media":0,"parent":0,"menu_order":1,"comment_status":"closed","ping_status":"closed","template":"","meta":{"footnotes":""},"class_list":["post-71","page","type-page","status-publish","hentry"],"yoast_head":"<!-- This site is optimized with the Yoast SEO plugin v26.8 - https:\/\/yoast.com\/product\/yoast-seo-wordpress\/ -->\n<title>Accueil<\/title>\n<meta name=\"robots\" content=\"index, follow, max-snippet:-1, max-image-preview:large, max-video-preview:-1\" \/>\n<link rel=\"canonical\" href=\"https:\/\/airandme.org\/it\/\" \/>\n<meta property=\"og:locale\" content=\"it_IT\" \/>\n<meta property=\"og:locale:alternate\" content=\"en_US\" \/>\n<meta property=\"og:locale:alternate\" content=\"fr_FR\" \/>\n<meta property=\"og:locale:alternate\" content=\"es\" \/>\n<meta property=\"og:locale:alternate\" content=\"de\" \/>\n<meta property=\"og:locale:alternate\" content=\"ar\" \/>\n<meta property=\"og:locale:alternate\" content=\"da\" \/>\n<meta property=\"og:locale:alternate\" content=\"zh\" \/>\n<meta property=\"og:locale:alternate\" content=\"pl\" \/>\n<meta property=\"og:type\" content=\"article\" \/>\n<meta property=\"og:title\" content=\"Accueil\" \/>\n<meta property=\"og:description\" content=\"News Noi e l\u2019Aria : educativo, interattivo, divertente, gratuito. Un programma pedagogico Noi\u00a0 e l\u2019Aria \u00e8 composto da moduli didattici sulla qualit\u00e0 dell\u2019aria con diapositive, quiz, guide pedagogiche, esperieze pratiche, video, esercizi, schede riassuntive, fumetti, disegni da colorare,\u2026 Per saperne di pi\u00f9\u2026 Qualche testimonianza Medici, insegnanti, studenti\u2026 Pr. Denis CHARPIN Pneumologo e Allergologo, Professore all\u2019Universit\u00e0&hellip; Leggi tutto\" \/>\n<meta property=\"og:url\" content=\"https:\/\/airandme.org\/it\/the-viruses-and-us\/\" \/>\n<meta property=\"og:site_name\" content=\"Air and Me\" \/>\n<meta property=\"article:publisher\" content=\"https:\/\/www.facebook.com\/lairetmoi\/\" \/>\n<meta property=\"article:modified_time\" content=\"2023-05-22T09:38:22+00:00\" \/>\n<meta property=\"og:image\" content=\"https:\/\/airandme.org\/wp-content\/uploads\/2018\/06\/Home-Page-300x149.png\" \/>\n<meta name=\"twitter:card\" content=\"summary_large_image\" \/>\n<meta name=\"twitter:site\" content=\"@lairetmoi\" \/>\n<meta name=\"twitter:label1\" content=\"Tempo di lettura stimato\" \/>\n\t<meta name=\"twitter:data1\" content=\"4 minuti\" \/>\n<script type=\"application\/ld+json\" class=\"yoast-schema-graph\">{\"@context\":\"https:\/\/schema.org\",\"@graph\":[{\"@type\":\"WebPage\",\"@id\":\"https:\/\/airandme.org\/\",\"url\":\"https:\/\/airandme.org\/\",\"name\":\"Accueil\",\"isPartOf\":{\"@id\":\"https:\/\/airandme.org\/#website\"},\"primaryImageOfPage\":{\"@id\":\"https:\/\/airandme.org\/#primaryimage\"},\"image\":{\"@id\":\"https:\/\/airandme.org\/#primaryimage\"},\"thumbnailUrl\":\"https:\/\/airandme.org\/wp-content\/uploads\/2018\/06\/Home-Page-300x149.png\",\"datePublished\":\"2018-03-25T22:18:03+00:00\",\"dateModified\":\"2023-05-22T09:38:22+00:00\",\"breadcrumb\":{\"@id\":\"https:\/\/airandme.org\/#breadcrumb\"},\"inLanguage\":\"it\",\"potentialAction\":[{\"@type\":\"ReadAction\",\"target\":[\"https:\/\/airandme.org\/\"]}]},{\"@type\":\"ImageObject\",\"inLanguage\":\"it\",\"@id\":\"https:\/\/airandme.org\/#primaryimage\",\"url\":\"https:\/\/airandme.org\/wp-content\/uploads\/2018\/06\/Home-Page-300x149.png\",\"contentUrl\":\"https:\/\/airandme.org\/wp-content\/uploads\/2018\/06\/Home-Page-300x149.png\"},{\"@type\":\"BreadcrumbList\",\"@id\":\"https:\/\/airandme.org\/#breadcrumb\",\"itemListElement\":[{\"@type\":\"ListItem\",\"position\":1,\"name\":\"Accueil\",\"item\":\"https:\/\/airandme.org\/\"},{\"@type\":\"ListItem\",\"position\":2,\"name\":\"Accueil\"}]},{\"@type\":\"WebSite\",\"@id\":\"https:\/\/airandme.org\/#website\",\"url\":\"https:\/\/airandme.org\/\",\"name\":\"Air and Me\",\"description\":\"\",\"publisher\":{\"@id\":\"https:\/\/airandme.org\/#organization\"},\"potentialAction\":[{\"@type\":\"SearchAction\",\"target\":{\"@type\":\"EntryPoint\",\"urlTemplate\":\"https:\/\/airandme.org\/?s={search_term_string}\"},\"query-input\":{\"@type\":\"PropertyValueSpecification\",\"valueRequired\":true,\"valueName\":\"search_term_string\"}}],\"inLanguage\":\"it\"},{\"@type\":\"Organization\",\"@id\":\"https:\/\/airandme.org\/#organization\",\"name\":\"F\u00e9d\u00e9ration L'Air et Moi\",\"url\":\"https:\/\/airandme.org\/\",\"logo\":{\"@type\":\"ImageObject\",\"inLanguage\":\"it\",\"@id\":\"https:\/\/airandme.org\/#\/schema\/logo\/image\/\",\"url\":\"https:\/\/airandme.org\/wp-content\/uploads\/2018\/03\/AAME_.png\",\"contentUrl\":\"https:\/\/airandme.org\/wp-content\/uploads\/2018\/03\/AAME_.png\",\"width\":441,\"height\":179,\"caption\":\"F\u00e9d\u00e9ration L'Air et Moi\"},\"image\":{\"@id\":\"https:\/\/airandme.org\/#\/schema\/logo\/image\/\"},\"sameAs\":[\"https:\/\/www.facebook.com\/lairetmoi\/\",\"https:\/\/x.com\/lairetmoi\",\"https:\/\/www.youtube.com\/channel\/UCcguTqo1uDOSJcik4GveZhw\"]}]}<\/script>\n<!-- \/ Yoast SEO plugin. -->","yoast_head_json":{"title":"Accueil","robots":{"index":"index","follow":"follow","max-snippet":"max-snippet:-1","max-image-preview":"max-image-preview:large","max-video-preview":"max-video-preview:-1"},"canonical":"https:\/\/airandme.org\/it\/","og_locale":"it_IT","og_type":"article","og_title":"[:en]Accueil[:fr]Accueil[:es]Accueil[:it]Accueil[:de]Accueil[:ar]Accueil[:da]Accueil[:] &#183; Air and Me","og_description":"News Noi e l\u2019Aria : educativo, interattivo, divertente, gratuito. Un programma pedagogico Noi\u00a0 e l\u2019Aria \u00e8 composto da moduli didattici sulla qualit\u00e0 dell\u2019aria con diapositive, quiz, guide pedagogiche, esperieze pratiche, video, esercizi, schede riassuntive, fumetti, disegni da colorare,\u2026 Per saperne di pi\u00f9\u2026 Qualche testimonianza Medici, insegnanti, studenti\u2026 Pr. Denis CHARPIN Pneumologo e Allergologo, Professore all\u2019Universit\u00e0&hellip; Leggi tutto","og_url":"https:\/\/airandme.org\/it\/the-viruses-and-us\/","og_site_name":"Air and Me","article_publisher":"https:\/\/www.facebook.com\/lairetmoi\/","article_modified_time":"2023-05-22T09:38:22+00:00","og_image":[{"url":"https:\/\/airandme.org\/wp-content\/uploads\/2018\/06\/Home-Page-300x149.png","type":"","width":"","height":""}],"twitter_card":"summary_large_image","twitter_site":"@lairetmoi","twitter_misc":{"Tempo di lettura stimato":"4 minuti"},"schema":{"@context":"https:\/\/schema.org","@graph":[{"@type":"WebPage","@id":"https:\/\/airandme.org\/","url":"https:\/\/airandme.org\/","name":"Accueil","isPartOf":{"@id":"https:\/\/airandme.org\/#website"},"primaryImageOfPage":{"@id":"https:\/\/airandme.org\/#primaryimage"},"image":{"@id":"https:\/\/airandme.org\/#primaryimage"},"thumbnailUrl":"https:\/\/airandme.org\/wp-content\/uploads\/2018\/06\/Home-Page-300x149.png","datePublished":"2018-03-25T22:18:03+00:00","dateModified":"2023-05-22T09:38:22+00:00","breadcrumb":{"@id":"https:\/\/airandme.org\/#breadcrumb"},"inLanguage":"it","potentialAction":[{"@type":"ReadAction","target":["https:\/\/airandme.org\/"]}]},{"@type":"ImageObject","inLanguage":"it","@id":"https:\/\/airandme.org\/#primaryimage","url":"https:\/\/airandme.org\/wp-content\/uploads\/2018\/06\/Home-Page-300x149.png","contentUrl":"https:\/\/airandme.org\/wp-content\/uploads\/2018\/06\/Home-Page-300x149.png"},{"@type":"BreadcrumbList","@id":"https:\/\/airandme.org\/#breadcrumb","itemListElement":[{"@type":"ListItem","position":1,"name":"Accueil","item":"https:\/\/airandme.org\/"},{"@type":"ListItem","position":2,"name":"Accueil"}]},{"@type":"WebSite","@id":"https:\/\/airandme.org\/#website","url":"https:\/\/airandme.org\/","name":"Air and Me","description":"","publisher":{"@id":"https:\/\/airandme.org\/#organization"},"potentialAction":[{"@type":"SearchAction","target":{"@type":"EntryPoint","urlTemplate":"https:\/\/airandme.org\/?s={search_term_string}"},"query-input":{"@type":"PropertyValueSpecification","valueRequired":true,"valueName":"search_term_string"}}],"inLanguage":"it"},{"@type":"Organization","@id":"https:\/\/airandme.org\/#organization","name":"F\u00e9d\u00e9ration L'Air et Moi","url":"https:\/\/airandme.org\/","logo":{"@type":"ImageObject","inLanguage":"it","@id":"https:\/\/airandme.org\/#\/schema\/logo\/image\/","url":"https:\/\/airandme.org\/wp-content\/uploads\/2018\/03\/AAME_.png","contentUrl":"https:\/\/airandme.org\/wp-content\/uploads\/2018\/03\/AAME_.png","width":441,"height":179,"caption":"F\u00e9d\u00e9ration L'Air et Moi"},"image":{"@id":"https:\/\/airandme.org\/#\/schema\/logo\/image\/"},"sameAs":["https:\/\/www.facebook.com\/lairetmoi\/","https:\/\/x.com\/lairetmoi","https:\/\/www.youtube.com\/channel\/UCcguTqo1uDOSJcik4GveZhw"]}]}},"_links":{"self":[{"href":"https:\/\/airandme.org\/it\/wp-json\/wp\/v2\/pages\/71","targetHints":{"allow":["GET"]}}],"collection":[{"href":"https:\/\/airandme.org\/it\/wp-json\/wp\/v2\/pages"}],"about":[{"href":"https:\/\/airandme.org\/it\/wp-json\/wp\/v2\/types\/page"}],"author":[{"embeddable":true,"href":"https:\/\/airandme.org\/it\/wp-json\/wp\/v2\/users\/1"}],"replies":[{"embeddable":true,"href":"https:\/\/airandme.org\/it\/wp-json\/wp\/v2\/comments?post=71"}],"version-history":[{"count":15,"href":"https:\/\/airandme.org\/it\/wp-json\/wp\/v2\/pages\/71\/revisions"}],"predecessor-version":[{"id":5231,"href":"https:\/\/airandme.org\/it\/wp-json\/wp\/v2\/pages\/71\/revisions\/5231"}],"wp:attachment":[{"href":"https:\/\/airandme.org\/it\/wp-json\/wp\/v2\/media?parent=71"}],"curies":[{"name":"wp","href":"https:\/\/api.w.org\/{rel}","templated":true}]}}