{"id":71,"date":"2018-03-26T00:18:03","date_gmt":"2018-03-25T22:18:03","guid":{"rendered":"http:\/\/airandme.org\/fr\/one-page-express\/"},"modified":"2023-05-22T11:38:22","modified_gmt":"2023-05-22T09:38:22","slug":"one-page-express","status":"publish","type":"page","link":"https:\/\/airandme.org\/fr\/","title":{"rendered":"Accueil"},"content":{"rendered":"<div id=\"latest-posts\" class=\"blog-section\" style=\"background-color: #ffffff;\" data-label=\"Latest posts\" data-id=\"blog-section\" data-category=\"latest_news\">\n<div class=\"gridContainer\" style=\"text-align: center;\">\n<div class=\"blog-textrow\">\n<div class=\"blog-textcol dynamic-color\" data-type=\"column\">\n<h2><span style=\"color: #000000;\">A<\/span>ctualit\u00e9s<\/h2>\n<p class=\"\">La F\u00e9d\u00e9ration L\u2019Air et Moi et AtmoSud ont pr\u00e9par\u00e9 pour la COP26, avec des jeunes lyc\u00e9ens une vid\u00e9o intitul\u00e9e \u00ab Les adolescents s\u2019inqui\u00e8tent pour l\u2019avenir \u00bb, une vid\u00e9o \u00e9mouvante mais tr\u00e8s authentique, issue d\u2019une animation AirLoquence \u00e0 Toulon.<\/p>\n\n<\/div>\n<\/div>\n<\/div>\n<\/div>\n<div id=\"lairetmoiorg\" class=\"numbers-section\" style=\"background-image: url(;\" data-label=\"Lairetmoiorg\" data-id=\"numbers-section\" data-category=\"numbers\" data-bg=\"transparent\" data-parallax-depth=\"20\">\n<h2 class=\"gridContainer dynamic-color\" style=\"text-align: center;\"><span style=\"color: #ffffff;\"><a href=\"https:\/\/www.lairetmoi.org\" class=\"\"> <img decoding=\"async\" class=\"wp-image-137 alignleft\" src=\"https:\/\/airandme.org\/wp-content\/uploads\/2018\/03\/LairEtMoiFr.png\" alt=\"\" width=\"97\" height=\"121\" \/><\/a><\/span><\/h2>\n<h2 class=\"gridContainer dynamic-color\" style=\"text-align: center;\"><span style=\"color: #ffffff;\"><a href=\"https:\/\/www.lairetmoi.org\" class=\"\"> <\/a>L\u2019Air et Moi : P\u00e9dagogique, Interactif, Ludique, Gratuit.<\/span><\/h2>\n<\/div>\n<div id=\"content-3\" class=\"content-left-image-section content-image-left\" style=\"background-color: #ffffff;\" data-label=\"Content\" data-id=\"content-image-left\" data-category=\"content\">\n<div class=\"gridContainer\">\n<div class=\"row\">\n<div class=\"content-left-image-imgcol\" data-type=\"column\"><img decoding=\"async\" class=\"\" src=\"https:\/\/airandme.org\/wp-content\/uploads\/2018\/03\/PetitionAEM.jpg\" \/><\/div>\n<div class=\"content-left-image-textcol dynamic-color\" data-type=\"column\">\n<h2 class=\"\">Sensibilisation des enfants \u00e0 la qualit\u00e9 de l\u2019air en France !<\/h2>\n<p class=\"large_text\">Les 10 millions de jeunes que compte notre pays constituent, \u00e0 l\u2019\u00e9vidence, les meilleurs ambassadeurs pour apprendre \u00e0 mieux pr\u00e9server l\u2019air au quotidien. Nous savons que pour am\u00e9liorer la qualit\u00e9 de l\u2019air, nous devons agir sur nos modes de vie, de production, de planification territoriale. Mais la connaissance ne constitue-t-elle pas le premier levier d\u2019action qui donne \u00e0 chacun un sens durable \u00e0 cette \u00e9volution indispensable ?<\/p>\n<p class=\"\"><a class=\"button blue\" href=\"https:\/\/www.change.org\/p\/ensemble-pr\u00e9servons-notre-air\" target=\"_blank\" rel=\"noopener noreferrer\"> Signez la p\u00e9tition ! <\/a><\/p>\n\n<\/div>\n<\/div>\n<\/div>\n<\/div>\n<div class=\"content-right-image-section\" style=\"background-color: #f6f6f6;\" data-category=\"content\">\n<div id=\"wpsecol-0105d9dc-3779-0418-af08-334fc36778d5\" class=\"csRow\">\n<div class=\"csColumnGap\" style=\"margin: 0; padding: 0; float: left; width: 0.4424778761061958%;\"><\/div>\n<\/div>\n<\/div>\n<div id=\"actualites\" class=\"content-right-image-section\" style=\"background-color: #f6f6f6;\" data-label=\"Actualites\" data-id=\"content-image-right\" data-category=\"content\">\n<div class=\"gridContainer\">\n<div class=\"content-right-image-gridcol\">\n<div class=\"content-right-image-textcol dynamic-color\" data-type=\"column\">\n<h2 class=\"\">Un programme p\u00e9dagogique<\/h2>\n<p class=\"\"><img fetchpriority=\"high\" decoding=\"async\" class=\"alignnone size-full wp-image-401\" src=\"https:\/\/airandme.org\/wp-content\/uploads\/2018\/03\/diapo-fr.png\" sizes=\"(max-width: 506px) 100vw, 506px\" srcset=\"https:\/\/airandme.org\/wp-content\/uploads\/2018\/03\/diapo-fr.png 506w, https:\/\/airandme.org\/wp-content\/uploads\/2018\/03\/diapo-fr-300x170.png 300w\" alt=\"\" width=\"506\" height=\"286\" \/><\/p>\n<p class=\"large_text\">Le programme L\u2019Air et Moi (Air and Me) est compos\u00e9 d\u2019un ensemble d\u2019outils p\u00e9dagogiques sur la pollution de l\u2019air, incluant diaporamas, quiz, guides p\u00e9dagogiques, travaux pratiques, vid\u00e9os, exercices, fiches r\u00e9capitulatives, BD, coloriages\u2026<\/p>\n<p class=\"\"><a class=\"button blue\" href=\"https:\/\/airandme.org\/fr\/discover-air-and-me\" target=\"_self\" rel=\"noopener noreferrer\"> En savoir plus\u2026 <\/a><\/p>\n\n<\/div>\n<div class=\"content-right-image-imgcol\" data-type=\"column\"><img decoding=\"async\" class=\"alignnone\" title=\"\" src=\"https:\/\/airandme.org\/wp-content\/uploads\/2018\/03\/IMG_20180322_133840.jpg\" alt=\"salle de classe avec l'animation Air and Me\" width=\"4160\" height=\"3120\" \/><\/div>\n<\/div>\n<\/div>\n<\/div>\n<div id=\"testimonials-2\" class=\"testimonials-full-section\" style=\"background-color: #ffffff;\" data-label=\"Testimonials\" data-id=\"testimonials-full-section\" data-category=\"testimonials\">\n<div class=\"testimonials-full-section gridContainer\">\n<div class=\"testimonials-full-textrow dynamic-color\">\n<div class=\"testimonials-full-textcol\" data-type=\"column\"><\/div>\n<\/div>\n<div class=\"testimonials-full-itemsrow dynamic-color\" data-type=\"row\">\n<div class=\"testimonials-full-itemcol cp6cols-tablet cp6cols\">\n<div class=\"testimonials-full-imgcol\"><img loading=\"lazy\" decoding=\"async\" class=\"alignnone wp-image-5215 size-medium\" src=\"https:\/\/airandme.org\/wp-content\/uploads\/2023\/05\/dessin-teamsite-airandme-e1684747840278-300x257.png\" alt=\"\" width=\"300\" height=\"257\" srcset=\"https:\/\/airandme.org\/wp-content\/uploads\/2023\/05\/dessin-teamsite-airandme-e1684747840278-300x257.png 300w, https:\/\/airandme.org\/wp-content\/uploads\/2023\/05\/dessin-teamsite-airandme-e1684747840278-1024x877.png 1024w, https:\/\/airandme.org\/wp-content\/uploads\/2023\/05\/dessin-teamsite-airandme-e1684747840278-768x658.png 768w, https:\/\/airandme.org\/wp-content\/uploads\/2023\/05\/dessin-teamsite-airandme-e1684747840278.png 1204w\" sizes=\"(max-width: 300px) 100vw, 300px\" \/><\/div>\n<div class=\"testimonials-full-itemtextcol\" data-type=\"column\">\n<h5 class=\"testimonials-full-nametext\">L\u2019\u00e9quipe L\u2019Air et Moi<\/h5>\n<h6 class=\"testimonials-full-postext\"><\/h6>\n<p class=\"\"><a class=\"button blue\" href=\"https:\/\/airandme.org\/en\/team\" rel=\"noopener noreferrer\">Cliquez ici<\/a><\/p>\n\n<\/div>\n<\/div>\n<div class=\"testimonials-full-itemcol cp6cols-tablet cp6cols\">\n<div class=\"testimonials-full-imgcol\"><img loading=\"lazy\" decoding=\"async\" class=\"alignnone  wp-image-5216\" src=\"https:\/\/airandme.org\/wp-content\/uploads\/2023\/05\/picto-event-photo-280x300.png\" alt=\"\" width=\"201\" height=\"215\" srcset=\"https:\/\/airandme.org\/wp-content\/uploads\/2023\/05\/picto-event-photo-280x300.png 280w, https:\/\/airandme.org\/wp-content\/uploads\/2023\/05\/picto-event-photo-956x1024.png 956w, https:\/\/airandme.org\/wp-content\/uploads\/2023\/05\/picto-event-photo-768x822.png 768w, https:\/\/airandme.org\/wp-content\/uploads\/2023\/05\/picto-event-photo.png 962w\" sizes=\"(max-width: 201px) 100vw, 201px\" \/><\/div>\n<div class=\"testimonials-full-itemtextcol\" data-type=\"column\">\n<h5 class=\"testimonials-full-nametext\">\u00c9v\u00e9nements L\u2019Air et Moi<\/h5>\n<h6 class=\"testimonials-full-postext\"><\/h6>\n<p class=\"\"><a class=\"button blue\" href=\"https:\/\/airandme.org\/events-pictures\" target=\"_self\" rel=\"noopener noreferrer\">Cliquez ici<\/a><\/p>\n\n<\/div>\n<\/div>\n<\/div>\n<\/div>\n<\/div>\n<div id=\"testimonials-1\" class=\"testimonials-boxed-section\" style=\"background-color: #f6f6f6;\" data-label=\"Testimonials\" data-id=\"testimonials-boxed-section\" data-category=\"testimonials\">\n<div class=\"gridContainer\">\n<div class=\"testimonials-boxed-textcol dynamic-color\" data-type=\"column\">\n<h2 class=\"\">Quelques t\u00e9moignages<\/h2>\n<p class=\"\">M\u00e9decins, enseignants, \u00e9l\u00e8ves\u2026<\/p>\n\n<\/div>\n<div class=\"testimonials-boxed-itemsrow dark-text\" data-type=\"row\">\n<div class=\"testimonials-boxed-itemcol cp4cols cp6cols-tablet\">\n<div class=\"testimonials-boxed-itemcard\" data-type=\"column\"><img decoding=\"async\" class=\"testimonials-boxed-itemimg\" src=\"https:\/\/airandme.org\/wp-content\/uploads\/2018\/03\/cropped-PrCharpin-1.jpg\" data-size=\"500x500\" \/>\n<h5 class=\"testimonials-boxed-itemname\">Professeur Denis CHARPIN<\/h5>\n<h6 class=\"testimonials-boxed-itempos\">Pneumologue et Allergologue, Professeur \u00e0 l\u2019Universit\u00e9 d\u2019Aix-Marseille<\/h6>\n<h4 class=\"testimonials-boxed-itemtext\">\u201c Nous avons travaill\u00e9 \u00e0 la simplification de notions complexes comme la diff\u00e9rence entre les effets\nimm\u00e9diats et les effets chroniques de la pollution sur la sant\u00e9, sans oublier les effets dramatiques de la cigarette.<\/h4>\n<p class=\"\">Le nombre croissant de personnes allergiques et asthmatiques<\/p>\n<p class=\"\">est l\u2019une de mes\npr\u00e9occupations principales. C\u2019est pour ces raisons que j\u2019ai particip\u00e9 \u00e0 ce projet avec enthousiasme. \u201d<\/p>\n\n<\/div>\n<\/div>\n<div class=\"testimonials-boxed-itemcol cp4cols cp6cols-tablet\">\n<div class=\"testimonials-boxed-itemcard\" data-type=\"column\"><img decoding=\"async\" class=\"testimonials-boxed-itemimg\" src=\"https:\/\/airandme.org\/wp-content\/uploads\/2018\/03\/cropped-ChristelGrosjean.jpg\" data-size=\"500x500\" \/>\n<h5 class=\"testimonials-boxed-itemname\">Christel GROSJEAN<\/h5>\n<h6 class=\"testimonials-boxed-itempos\">Enseignante<\/h6>\n<h4 class=\"testimonials-boxed-itemtext\">\u201c J\u2019aime beaucoup participer \u00e0 ce projet humanitaire car nous le construisons vraiment ensemble.\nUne p\u00e9dagogie est n\u00e9e de cette association d\u2019acteurs entre la cr\u00e9ativit\u00e9 des enfants, l\u2019exp\u00e9rience\ndes enseignants et des animateurs, l\u2019expertise du comit\u00e9 scientifique. \u201d<\/h4>\n<\/div>\n<\/div>\n<div class=\"testimonials-boxed-itemcol cp4cols cp6cols-tablet\">\n<div class=\"testimonials-boxed-itemcard\" data-type=\"column\"><img decoding=\"async\" class=\"testimonials-boxed-itemimg\" src=\"https:\/\/airandme.org\/wp-content\/uploads\/2018\/03\/cropped-Carla.jpg\" data-size=\"500x500\" \/>\n<h5 class=\"testimonials-boxed-itemname\">Carla<\/h5>\n<h6 class=\"testimonials-boxed-itempos\">\u00c9l\u00e8ve<\/h6>\n<h4 class=\"testimonials-boxed-itemtext\">\u201c J\u2019aime quand la ma\u00eetresse pose\ndes questions sur le diaporama\net qu\u2019on doit imaginer les r\u00e9ponses.\nAvec L\u2019Air et Moi, on apprend\nbeaucoup de choses en s\u2019amusant. \u201d<\/h4>\n<p class=\"\"><\/p>\n\n<\/div>\n<\/div>\n<\/div>\n<\/div>\n<\/div>\n<div id=\"lairetmoiorg\" class=\"numbers-section\" style=\"background-image: url(;\" data-label=\"Lairetmoiorg\" data-id=\"numbers-section\" data-category=\"numbers\" data-bg=\"transparent\" data-parallax-depth=\"20\">\n<div class=\"gridContainer\">\n<div class=\"flexbox-list flexbox-list-align-center row\">\n<div class=\"cta-blue-textcol dynamic-color\">\n<h2 class=\"cta-blue-text\"><b>Contactez-nous !<\/b><\/h2>\n<\/div>\n<div class=\"cta-blue-btncol\"><a class=\"button big yellow dark-text\" href=\"https:\/\/airandme.org\/fr\/who-is-air-and-me\/contact\" target=\"_self\" rel=\"noopener noreferrer\"> Acc\u00e9der au formulaire <\/a><\/div>\n<\/div>\n<\/div>\n<\/div>\n<div id=\"partenaire\" class=\"clients-strip-section\" style=\"background-color: #f6f6f6;\" data-label=\"partenaire\" data-id=\"clients-strip-section\" data-category=\"clients\">\n<div class=\"row_187 gridContainer\" data-type=\"row\" data-add-content=\"false\">\n<div class=\"clients-strip-itemcol cp2cols\"><em class=\"\">Notre site fran\u00e7ais<\/em>\n<div class=\"middle_align1\"><em><a href=\"https:\/\/www.lairetmoi.org\" target=\"_blank\" class=\"\" rel=\"noopener noreferrer\"><img decoding=\"async\" class=\"clients-strip-itemimg\" src=\"https:\/\/airandme.org\/wp-content\/uploads\/2018\/03\/LairEtMoiFr.png\" \/><\/a><\/em><\/div>\n<\/div>\n<div class=\"clients-strip-itemcol cp2cols\"><em class=\"\">Notre site italien<\/em><br class=\"\" \/>\n<div class=\"middle_align1\"><a href=\"https:\/\/www.noielaria.org\" target=\"_self\" class=\"\" rel=\"noopener noreferrer\"><img decoding=\"async\" class=\"clients-strip-itemimg\" src=\"https:\/\/airandme.org\/wp-content\/uploads\/2018\/03\/AEM-logo-it.png\" \/><\/a><\/div>\n<\/div>\n<div class=\"clients-strip-itemcol cp2cols\"><em class=\"\">Nos vid\u00e9os<\/em><br class=\"\" \/>\n<div class=\"middle_align1\"><a href=\"https:\/\/www.youtube.com\/channel\/UCcguTqo1uDOSJcik4GveZhw\" target=\"_blank\" class=\"\" rel=\"noopener noreferrer\"><img decoding=\"async\" class=\"clients-strip-itemimg\" src=\"https:\/\/airandme.org\/wp-content\/uploads\/2018\/03\/icon-YT.png\" \/><\/a><\/div>\n<\/div>\n<div class=\"clients-strip-itemcol cp2cols\"><em class=\"\">Notre Facebook<\/em>\n<div class=\"middle_align1\"><em><a href=\"https:\/\/fr-fr.facebook.com\/pages\/biz\/LAir-et-Moi-1426273137685090\" target=\"_blank\" class=\"\" rel=\"noopener noreferrer\"><img decoding=\"async\" class=\"clients-strip-itemimg\" src=\"https:\/\/airandme.org\/wp-content\/uploads\/2018\/03\/icon-FB.png\" \/><\/a><\/em><\/div>\n<\/div>\n<div class=\"clients-strip-itemcol cp2cols\"><em class=\"\">Notre partenaire<\/em>\n<div class=\"middle_align1\"><em><a href=\"https:\/\/www.airpaca.org\" target=\"_self\" class=\"\" rel=\"noopener noreferrer\"><img decoding=\"async\" class=\"clients-strip-itemimg\" src=\"https:\/\/airandme.org\/wp-content\/uploads\/2018\/03\/AirPaca.png\" \/><\/a><\/em><\/div>\n<\/div>\n<\/div>\n<\/div>\n<div id=\"style-wpsecol-c508c13e-0518-6ccf-d457-21278a114c9d\">\n<style>@media (max-width: 768px) {<br \/>\n    #wpsecol-c508c13e-0518-6ccf-d457-21278a114c9d .csColumn {<br \/>\n        display: block;<br \/>\n        width: 100% !important;<br \/>\n    }<br \/>\n    #wpsecol-c508c13e-0518-6ccf-d457-21278a114c9d .csColumnGap {<br \/>\n        display: none;<br \/>\n    }<br \/>\n}<\/style><\/div>\n<div id=\"style-wpsecol-0d2efeef-81d6-de93-a819-e853215977dd\">\n<style>@media (max-width: 768px) {<br \/>\n    #wpsecol-0d2efeef-81d6-de93-a819-e853215977dd .csColumn {<br \/>\n        display: block;<br \/>\n        width: 100% !important;<br \/>\n    }<br \/>\n    #wpsecol-0d2efeef-81d6-de93-a819-e853215977dd .csColumnGap {<br \/>\n        display: none;<br \/>\n    }<br \/>\n}<\/style><\/div>\n<div id=\"style-wpsecol-b5360e2a-1c95-fda0-968e-4bb5497b2b76\">\n<style>@media (max-width: 768px) {<br \/>\n    #wpsecol-b5360e2a-1c95-fda0-968e-4bb5497b2b76 .csColumn {<br \/>\n        display: block;<br \/>\n        width: 100% !important;<br \/>\n    }<br \/>\n    #wpsecol-b5360e2a-1c95-fda0-968e-4bb5497b2b76 .csColumnGap {<br \/>\n        display: none;<br \/>\n    }<br \/>\n}<\/style><\/div>\n<div id=\"style-wpsecol-0105d9dc-3779-0418-af08-334fc36778d5\">\n<style>@media (max-width: 768px) {<br \/>\n    #wpsecol-0105d9dc-3779-0418-af08-334fc36778d5 .csColumn {<br \/>\n        display: block;<br \/>\n        width: 100% !important;<br \/>\n    }<br \/>\n    #wpsecol-0105d9dc-3779-0418-af08-334fc36778d5 .csColumnGap {<br \/>\n        display: none;  <\/style><\/div>","protected":false},"excerpt":{"rendered":"<p>Actualit\u00e9s La F\u00e9d\u00e9ration L\u2019Air et Moi et AtmoSud ont pr\u00e9par\u00e9 pour la COP26, avec des jeunes lyc\u00e9ens une vid\u00e9o intitul\u00e9e \u00ab Les adolescents s\u2019inqui\u00e8tent pour l\u2019avenir \u00bb, une vid\u00e9o \u00e9mouvante mais tr\u00e8s authentique, issue d\u2019une animation AirLoquence \u00e0 Toulon. L\u2019Air et Moi : P\u00e9dagogique, Interactif, Ludique, Gratuit. Sensibilisation des enfants \u00e0 la qualit\u00e9 de l\u2019air&hellip; <br \/> <a class=\"button small blue\" href=\"https:\/\/airandme.org\/fr\/le-virus-explique-aux-enfants\/\">Lire la suite<\/a><\/p>\n","protected":false},"author":1,"featured_media":0,"parent":0,"menu_order":1,"comment_status":"closed","ping_status":"closed","template":"","meta":{"footnotes":""},"class_list":["post-71","page","type-page","status-publish","hentry"],"yoast_head":"<!-- This site is optimized with the Yoast SEO plugin v26.8 - https:\/\/yoast.com\/product\/yoast-seo-wordpress\/ -->\n<title>Accueil<\/title>\n<meta name=\"robots\" content=\"index, follow, max-snippet:-1, max-image-preview:large, max-video-preview:-1\" \/>\n<link rel=\"canonical\" href=\"https:\/\/airandme.org\/fr\/\" \/>\n<meta property=\"og:locale\" content=\"fr_FR\" \/>\n<meta property=\"og:locale:alternate\" content=\"en_US\" \/>\n<meta property=\"og:locale:alternate\" content=\"es\" \/>\n<meta property=\"og:locale:alternate\" content=\"it\" \/>\n<meta property=\"og:locale:alternate\" content=\"de\" \/>\n<meta property=\"og:locale:alternate\" content=\"ar\" \/>\n<meta property=\"og:locale:alternate\" content=\"da\" \/>\n<meta property=\"og:locale:alternate\" content=\"zh\" \/>\n<meta property=\"og:locale:alternate\" content=\"pl\" \/>\n<meta property=\"og:type\" content=\"article\" \/>\n<meta property=\"og:title\" content=\"Accueil\" \/>\n<meta property=\"og:description\" content=\"Actualit\u00e9s La F\u00e9d\u00e9ration L\u2019Air et Moi et AtmoSud ont pr\u00e9par\u00e9 pour la COP26, avec des jeunes lyc\u00e9ens une vid\u00e9o intitul\u00e9e \u00ab Les adolescents s\u2019inqui\u00e8tent pour l\u2019avenir \u00bb, une vid\u00e9o \u00e9mouvante mais tr\u00e8s authentique, issue d\u2019une animation AirLoquence \u00e0 Toulon. L\u2019Air et Moi : P\u00e9dagogique, Interactif, Ludique, Gratuit. Sensibilisation des enfants \u00e0 la qualit\u00e9 de l\u2019air&hellip; Lire la suite\" \/>\n<meta property=\"og:url\" content=\"https:\/\/airandme.org\/fr\/le-virus-explique-aux-enfants\/\" \/>\n<meta property=\"og:site_name\" content=\"Air and Me.org\" \/>\n<meta property=\"article:publisher\" content=\"https:\/\/www.facebook.com\/lairetmoi\/\" \/>\n<meta property=\"article:modified_time\" content=\"2023-05-22T09:38:22+00:00\" \/>\n<meta property=\"og:image\" content=\"https:\/\/airandme.org\/wp-content\/uploads\/2018\/06\/Home-Page-300x149.png\" \/>\n<meta name=\"twitter:card\" content=\"summary_large_image\" \/>\n<meta name=\"twitter:site\" content=\"@lairetmoi\" \/>\n<meta name=\"twitter:label1\" content=\"Dur\u00e9e de lecture estim\u00e9e\" \/>\n\t<meta name=\"twitter:data1\" content=\"4 minutes\" \/>\n<script type=\"application\/ld+json\" class=\"yoast-schema-graph\">{\"@context\":\"https:\/\/schema.org\",\"@graph\":[{\"@type\":\"WebPage\",\"@id\":\"https:\/\/airandme.org\/\",\"url\":\"https:\/\/airandme.org\/\",\"name\":\"Accueil\",\"isPartOf\":{\"@id\":\"https:\/\/airandme.org\/#website\"},\"primaryImageOfPage\":{\"@id\":\"https:\/\/airandme.org\/#primaryimage\"},\"image\":{\"@id\":\"https:\/\/airandme.org\/#primaryimage\"},\"thumbnailUrl\":\"https:\/\/airandme.org\/wp-content\/uploads\/2018\/06\/Home-Page-300x149.png\",\"datePublished\":\"2018-03-25T22:18:03+00:00\",\"dateModified\":\"2023-05-22T09:38:22+00:00\",\"breadcrumb\":{\"@id\":\"https:\/\/airandme.org\/#breadcrumb\"},\"inLanguage\":\"fr-FR\",\"potentialAction\":[{\"@type\":\"ReadAction\",\"target\":[\"https:\/\/airandme.org\/\"]}]},{\"@type\":\"ImageObject\",\"inLanguage\":\"fr-FR\",\"@id\":\"https:\/\/airandme.org\/#primaryimage\",\"url\":\"https:\/\/airandme.org\/wp-content\/uploads\/2018\/06\/Home-Page-300x149.png\",\"contentUrl\":\"https:\/\/airandme.org\/wp-content\/uploads\/2018\/06\/Home-Page-300x149.png\"},{\"@type\":\"BreadcrumbList\",\"@id\":\"https:\/\/airandme.org\/#breadcrumb\",\"itemListElement\":[{\"@type\":\"ListItem\",\"position\":1,\"name\":\"Accueil\",\"item\":\"https:\/\/airandme.org\/\"},{\"@type\":\"ListItem\",\"position\":2,\"name\":\"Accueil\"}]},{\"@type\":\"WebSite\",\"@id\":\"https:\/\/airandme.org\/#website\",\"url\":\"https:\/\/airandme.org\/\",\"name\":\"Air and Me\",\"description\":\"\",\"publisher\":{\"@id\":\"https:\/\/airandme.org\/#organization\"},\"potentialAction\":[{\"@type\":\"SearchAction\",\"target\":{\"@type\":\"EntryPoint\",\"urlTemplate\":\"https:\/\/airandme.org\/?s={search_term_string}\"},\"query-input\":{\"@type\":\"PropertyValueSpecification\",\"valueRequired\":true,\"valueName\":\"search_term_string\"}}],\"inLanguage\":\"fr-FR\"},{\"@type\":\"Organization\",\"@id\":\"https:\/\/airandme.org\/#organization\",\"name\":\"F\u00e9d\u00e9ration L'Air et Moi\",\"url\":\"https:\/\/airandme.org\/\",\"logo\":{\"@type\":\"ImageObject\",\"inLanguage\":\"fr-FR\",\"@id\":\"https:\/\/airandme.org\/#\/schema\/logo\/image\/\",\"url\":\"https:\/\/airandme.org\/wp-content\/uploads\/2018\/03\/AAME_.png\",\"contentUrl\":\"https:\/\/airandme.org\/wp-content\/uploads\/2018\/03\/AAME_.png\",\"width\":441,\"height\":179,\"caption\":\"F\u00e9d\u00e9ration L'Air et Moi\"},\"image\":{\"@id\":\"https:\/\/airandme.org\/#\/schema\/logo\/image\/\"},\"sameAs\":[\"https:\/\/www.facebook.com\/lairetmoi\/\",\"https:\/\/x.com\/lairetmoi\",\"https:\/\/www.youtube.com\/channel\/UCcguTqo1uDOSJcik4GveZhw\"]}]}<\/script>\n<!-- \/ Yoast SEO plugin. -->","yoast_head_json":{"title":"Accueil","robots":{"index":"index","follow":"follow","max-snippet":"max-snippet:-1","max-image-preview":"max-image-preview:large","max-video-preview":"max-video-preview:-1"},"canonical":"https:\/\/airandme.org\/fr\/","og_locale":"fr_FR","og_type":"article","og_title":"[:en]Accueil[:fr]Accueil[:es]Accueil[:it]Accueil[:de]Accueil[:ar]Accueil[:da]Accueil[:] &#183; Air and Me.org","og_description":"Actualit\u00e9s La F\u00e9d\u00e9ration L\u2019Air et Moi et AtmoSud ont pr\u00e9par\u00e9 pour la COP26, avec des jeunes lyc\u00e9ens une vid\u00e9o intitul\u00e9e \u00ab Les adolescents s\u2019inqui\u00e8tent pour l\u2019avenir \u00bb, une vid\u00e9o \u00e9mouvante mais tr\u00e8s authentique, issue d\u2019une animation AirLoquence \u00e0 Toulon. L\u2019Air et Moi : P\u00e9dagogique, Interactif, Ludique, Gratuit. Sensibilisation des enfants \u00e0 la qualit\u00e9 de l\u2019air&hellip; Lire la suite","og_url":"https:\/\/airandme.org\/fr\/le-virus-explique-aux-enfants\/","og_site_name":"Air and Me.org","article_publisher":"https:\/\/www.facebook.com\/lairetmoi\/","article_modified_time":"2023-05-22T09:38:22+00:00","og_image":[{"url":"https:\/\/airandme.org\/wp-content\/uploads\/2018\/06\/Home-Page-300x149.png","type":"","width":"","height":""}],"twitter_card":"summary_large_image","twitter_site":"@lairetmoi","twitter_misc":{"Dur\u00e9e de lecture estim\u00e9e":"4 minutes"},"schema":{"@context":"https:\/\/schema.org","@graph":[{"@type":"WebPage","@id":"https:\/\/airandme.org\/","url":"https:\/\/airandme.org\/","name":"Accueil","isPartOf":{"@id":"https:\/\/airandme.org\/#website"},"primaryImageOfPage":{"@id":"https:\/\/airandme.org\/#primaryimage"},"image":{"@id":"https:\/\/airandme.org\/#primaryimage"},"thumbnailUrl":"https:\/\/airandme.org\/wp-content\/uploads\/2018\/06\/Home-Page-300x149.png","datePublished":"2018-03-25T22:18:03+00:00","dateModified":"2023-05-22T09:38:22+00:00","breadcrumb":{"@id":"https:\/\/airandme.org\/#breadcrumb"},"inLanguage":"fr-FR","potentialAction":[{"@type":"ReadAction","target":["https:\/\/airandme.org\/"]}]},{"@type":"ImageObject","inLanguage":"fr-FR","@id":"https:\/\/airandme.org\/#primaryimage","url":"https:\/\/airandme.org\/wp-content\/uploads\/2018\/06\/Home-Page-300x149.png","contentUrl":"https:\/\/airandme.org\/wp-content\/uploads\/2018\/06\/Home-Page-300x149.png"},{"@type":"BreadcrumbList","@id":"https:\/\/airandme.org\/#breadcrumb","itemListElement":[{"@type":"ListItem","position":1,"name":"Accueil","item":"https:\/\/airandme.org\/"},{"@type":"ListItem","position":2,"name":"Accueil"}]},{"@type":"WebSite","@id":"https:\/\/airandme.org\/#website","url":"https:\/\/airandme.org\/","name":"Air and Me","description":"","publisher":{"@id":"https:\/\/airandme.org\/#organization"},"potentialAction":[{"@type":"SearchAction","target":{"@type":"EntryPoint","urlTemplate":"https:\/\/airandme.org\/?s={search_term_string}"},"query-input":{"@type":"PropertyValueSpecification","valueRequired":true,"valueName":"search_term_string"}}],"inLanguage":"fr-FR"},{"@type":"Organization","@id":"https:\/\/airandme.org\/#organization","name":"F\u00e9d\u00e9ration L'Air et Moi","url":"https:\/\/airandme.org\/","logo":{"@type":"ImageObject","inLanguage":"fr-FR","@id":"https:\/\/airandme.org\/#\/schema\/logo\/image\/","url":"https:\/\/airandme.org\/wp-content\/uploads\/2018\/03\/AAME_.png","contentUrl":"https:\/\/airandme.org\/wp-content\/uploads\/2018\/03\/AAME_.png","width":441,"height":179,"caption":"F\u00e9d\u00e9ration L'Air et Moi"},"image":{"@id":"https:\/\/airandme.org\/#\/schema\/logo\/image\/"},"sameAs":["https:\/\/www.facebook.com\/lairetmoi\/","https:\/\/x.com\/lairetmoi","https:\/\/www.youtube.com\/channel\/UCcguTqo1uDOSJcik4GveZhw"]}]}},"_links":{"self":[{"href":"https:\/\/airandme.org\/fr\/wp-json\/wp\/v2\/pages\/71","targetHints":{"allow":["GET"]}}],"collection":[{"href":"https:\/\/airandme.org\/fr\/wp-json\/wp\/v2\/pages"}],"about":[{"href":"https:\/\/airandme.org\/fr\/wp-json\/wp\/v2\/types\/page"}],"author":[{"embeddable":true,"href":"https:\/\/airandme.org\/fr\/wp-json\/wp\/v2\/users\/1"}],"replies":[{"embeddable":true,"href":"https:\/\/airandme.org\/fr\/wp-json\/wp\/v2\/comments?post=71"}],"version-history":[{"count":15,"href":"https:\/\/airandme.org\/fr\/wp-json\/wp\/v2\/pages\/71\/revisions"}],"predecessor-version":[{"id":5231,"href":"https:\/\/airandme.org\/fr\/wp-json\/wp\/v2\/pages\/71\/revisions\/5231"}],"wp:attachment":[{"href":"https:\/\/airandme.org\/fr\/wp-json\/wp\/v2\/media?parent=71"}],"curies":[{"name":"wp","href":"https:\/\/api.w.org\/{rel}","templated":true}]}}