{"id":485,"date":"2018-04-03T11:37:03","date_gmt":"2018-04-03T09:37:03","guid":{"rendered":"http:\/\/airandme.org\/fr\/?page_id=485"},"modified":"2021-04-22T13:26:57","modified_gmt":"2021-04-22T11:26:57","slug":"our-partners","status":"publish","type":"page","link":"https:\/\/airandme.org\/fr\/who-is-air-and-me\/our-partners\/","title":{"rendered":"Nos partenaires"},"content":{"rendered":"<p><img decoding=\"async\" class=\"wp-image-288  alignleft\" src=\"http:\/\/airandme.org\/wp-content\/uploads\/2018\/03\/AirPaca.png\" width=\"114\" height=\"55\" \/> <a href=\"http:\/\/www.atmosud.org\/\">www.atmosud.org <\/a><strong>&#8211; partenaire principal du programme depuis sa cr\u00e9ation &#8211; soutient le d\u00e9veloppement de L\u2019Air et Moi de la R\u00e9gion Sud (PACA).<\/strong><\/p>\n<p>&nbsp;<\/p>\n<p>Gr\u00e2ce \u00e0 ce partenariat, <strong>L\u2019Air et Moi<\/strong> a re\u00e7u le soutien de l\u2019Union Europ\u00e9enne \u00e0 travers le projet SH\u2019AIR, de l\u2019Agence R\u00e9gionale de Sant\u00e9 et de la Direction R\u00e9gionale de l\u2019Environnement, de l\u2019Am\u00e9nagement et du Logement dans le cadre du Plan R\u00e9gional Sant\u00e9 Environnement.<\/p>\n<p>L\u2019Air et Moi a \u00e9galement re\u00e7u le soutien de la R\u00e9gion Sud (Provence-Alpes-C\u00f4te d&rsquo;Azur) et de l\u2019Acad\u00e9mie d\u2019Aix-Marseille dans le cadre de L\u2019Air et Moi Lyc\u00e9e.<\/p>\n<p>L\u2019Air et Moi compte aussi sur la collaboration\u00a0:<\/p>\n<ul>\n<li>\n<p>de partenaires ambassadeurs du programme \u00e0 l\u2019International, notamment\u00a0: Noi e l\u2019Aria (L\u2019Air et Moi Italie), L\u2019Air et Moi Maroc\u00a0; et en France\u00a0: L\u2019Air et Moi Ile de France, L\u2019Air et Moi Auvergne-Rh\u00f4ne-Alpes, \u2026<\/p>\n<\/li>\n<li>\n<p>de partenaires\u00a0territoriaux en r\u00e9gion PACA\u00a0: Maison d\u2019\u00e9cologie de Provence, OCCE, Les Petits D\u00e9brouillards PACA, de nombreux lyc\u00e9es (Marcel Pagnol&#8230;) et \u00e9coles partenaires en R\u00e9gion PACA, MMCO (84, 04 05), M\u00e9diterran\u00e9e 2000 (06), CPIE d\u2019Aix (13), Envirobat BDM (83), \u2026<\/p>\n<\/li>\n<\/ul>\n<p><img fetchpriority=\"high\" decoding=\"async\" class=\"wp-image-2833 size-full aligncenter\" src=\"https:\/\/airandme.org\/wp-content\/uploads\/2021\/04\/au-dela-des-frontieres.jpg\" alt=\"\" width=\"500\" height=\"227\" srcset=\"https:\/\/airandme.org\/wp-content\/uploads\/2021\/04\/au-dela-des-frontieres.jpg 500w, https:\/\/airandme.org\/wp-content\/uploads\/2021\/04\/au-dela-des-frontieres-300x136.jpg 300w\" sizes=\"(max-width: 500px) 100vw, 500px\" \/><\/p>\n<p>&nbsp;<\/p>\n","protected":false},"excerpt":{"rendered":"<p>www.atmosud.org &#8211; partenaire principal du programme depuis sa cr\u00e9ation &#8211; soutient le d\u00e9veloppement de L\u2019Air et Moi de la R\u00e9gion Sud (PACA). &nbsp; Gr\u00e2ce \u00e0 ce partenariat, L\u2019Air et Moi a re\u00e7u le soutien de l\u2019Union Europ\u00e9enne \u00e0 travers le projet SH\u2019AIR, de l\u2019Agence R\u00e9gionale de Sant\u00e9 et de la Direction R\u00e9gionale de l\u2019Environnement, de&hellip; <br \/> <a class=\"button small blue\" href=\"https:\/\/airandme.org\/fr\/who-is-air-and-me\/our-partners\/\">Lire la suite<\/a><\/p>\n","protected":false},"author":1,"featured_media":0,"parent":133,"menu_order":2,"comment_status":"closed","ping_status":"closed","template":"","meta":{"footnotes":""},"class_list":["post-485","page","type-page","status-publish","hentry"],"yoast_head":"<!-- This site is optimized with the Yoast SEO plugin v26.8 - https:\/\/yoast.com\/product\/yoast-seo-wordpress\/ -->\n<title>Nos partenaires<\/title>\n<meta name=\"description\" content=\"Air Paca, partenaire principal de L\u2019Air et Moi en PACA.\" \/>\n<meta name=\"robots\" content=\"index, follow, max-snippet:-1, max-image-preview:large, max-video-preview:-1\" \/>\n<link rel=\"canonical\" href=\"https:\/\/airandme.org\/fr\/who-is-air-and-me\/our-partners\/\" \/>\n<meta property=\"og:locale\" content=\"fr_FR\" \/>\n<meta property=\"og:locale:alternate\" content=\"en_US\" \/>\n<meta property=\"og:locale:alternate\" content=\"es\" \/>\n<meta property=\"og:locale:alternate\" content=\"it\" \/>\n<meta property=\"og:locale:alternate\" content=\"de\" \/>\n<meta property=\"og:locale:alternate\" content=\"ar\" \/>\n<meta property=\"og:locale:alternate\" content=\"da\" \/>\n<meta property=\"og:locale:alternate\" content=\"zh\" \/>\n<meta property=\"og:locale:alternate\" content=\"pl\" \/>\n<meta property=\"og:type\" content=\"article\" \/>\n<meta property=\"og:title\" content=\"Nos partenaires\" \/>\n<meta property=\"og:description\" content=\"www.atmosud.org &#8211; partenaire principal du programme depuis sa cr\u00e9ation &#8211; soutient le d\u00e9veloppement de L\u2019Air et Moi de la R\u00e9gion Sud (PACA). &nbsp; Gr\u00e2ce \u00e0 ce partenariat, L\u2019Air et Moi a re\u00e7u le soutien de l\u2019Union Europ\u00e9enne \u00e0 travers le projet SH\u2019AIR, de l\u2019Agence R\u00e9gionale de Sant\u00e9 et de la Direction R\u00e9gionale de l\u2019Environnement, de&hellip; Lire la suite\" \/>\n<meta property=\"og:url\" content=\"https:\/\/airandme.org\/fr\/who-is-air-and-me\/our-partners\/\" \/>\n<meta property=\"og:site_name\" content=\"Air and Me.org\" \/>\n<meta property=\"article:publisher\" content=\"https:\/\/www.facebook.com\/lairetmoi\/\" \/>\n<meta property=\"article:modified_time\" content=\"2021-04-22T11:26:57+00:00\" \/>\n<meta property=\"og:image\" content=\"http:\/\/airandme.org\/wp-content\/uploads\/2018\/03\/AirPaca.png\" \/>\n<meta name=\"twitter:card\" content=\"summary_large_image\" \/>\n<meta name=\"twitter:site\" content=\"@lairetmoi\" \/>\n<meta name=\"twitter:label1\" content=\"Dur\u00e9e de lecture estim\u00e9e\" \/>\n\t<meta name=\"twitter:data1\" content=\"2 minutes\" \/>\n<script type=\"application\/ld+json\" class=\"yoast-schema-graph\">{\"@context\":\"https:\/\/schema.org\",\"@graph\":[{\"@type\":\"WebPage\",\"@id\":\"https:\/\/airandme.org\/who-is-air-and-me\/our-partners\/\",\"url\":\"https:\/\/airandme.org\/who-is-air-and-me\/our-partners\/\",\"name\":\"Nos partenaires\",\"isPartOf\":{\"@id\":\"https:\/\/airandme.org\/#website\"},\"primaryImageOfPage\":{\"@id\":\"https:\/\/airandme.org\/who-is-air-and-me\/our-partners\/#primaryimage\"},\"image\":{\"@id\":\"https:\/\/airandme.org\/who-is-air-and-me\/our-partners\/#primaryimage\"},\"thumbnailUrl\":\"http:\/\/airandme.org\/wp-content\/uploads\/2018\/03\/AirPaca.png\",\"datePublished\":\"2018-04-03T09:37:03+00:00\",\"dateModified\":\"2021-04-22T11:26:57+00:00\",\"breadcrumb\":{\"@id\":\"https:\/\/airandme.org\/who-is-air-and-me\/our-partners\/#breadcrumb\"},\"inLanguage\":\"fr-FR\",\"potentialAction\":[{\"@type\":\"ReadAction\",\"target\":[\"https:\/\/airandme.org\/who-is-air-and-me\/our-partners\/\"]}]},{\"@type\":\"ImageObject\",\"inLanguage\":\"fr-FR\",\"@id\":\"https:\/\/airandme.org\/who-is-air-and-me\/our-partners\/#primaryimage\",\"url\":\"http:\/\/airandme.org\/wp-content\/uploads\/2018\/03\/AirPaca.png\",\"contentUrl\":\"http:\/\/airandme.org\/wp-content\/uploads\/2018\/03\/AirPaca.png\"},{\"@type\":\"BreadcrumbList\",\"@id\":\"https:\/\/airandme.org\/who-is-air-and-me\/our-partners\/#breadcrumb\",\"itemListElement\":[{\"@type\":\"ListItem\",\"position\":1,\"name\":\"Accueil\",\"item\":\"https:\/\/airandme.org\/\"},{\"@type\":\"ListItem\",\"position\":2,\"name\":\"Who is Air and Me?\",\"item\":\"https:\/\/airandme.org\/who-is-air-and-me\/\"},{\"@type\":\"ListItem\",\"position\":3,\"name\":\"Our parteners\"}]},{\"@type\":\"WebSite\",\"@id\":\"https:\/\/airandme.org\/#website\",\"url\":\"https:\/\/airandme.org\/\",\"name\":\"Air and Me\",\"description\":\"\",\"publisher\":{\"@id\":\"https:\/\/airandme.org\/#organization\"},\"potentialAction\":[{\"@type\":\"SearchAction\",\"target\":{\"@type\":\"EntryPoint\",\"urlTemplate\":\"https:\/\/airandme.org\/?s={search_term_string}\"},\"query-input\":{\"@type\":\"PropertyValueSpecification\",\"valueRequired\":true,\"valueName\":\"search_term_string\"}}],\"inLanguage\":\"fr-FR\"},{\"@type\":\"Organization\",\"@id\":\"https:\/\/airandme.org\/#organization\",\"name\":\"F\u00e9d\u00e9ration L'Air et Moi\",\"url\":\"https:\/\/airandme.org\/\",\"logo\":{\"@type\":\"ImageObject\",\"inLanguage\":\"fr-FR\",\"@id\":\"https:\/\/airandme.org\/#\/schema\/logo\/image\/\",\"url\":\"https:\/\/airandme.org\/wp-content\/uploads\/2018\/03\/AAME_.png\",\"contentUrl\":\"https:\/\/airandme.org\/wp-content\/uploads\/2018\/03\/AAME_.png\",\"width\":441,\"height\":179,\"caption\":\"F\u00e9d\u00e9ration L'Air et Moi\"},\"image\":{\"@id\":\"https:\/\/airandme.org\/#\/schema\/logo\/image\/\"},\"sameAs\":[\"https:\/\/www.facebook.com\/lairetmoi\/\",\"https:\/\/x.com\/lairetmoi\",\"https:\/\/www.youtube.com\/channel\/UCcguTqo1uDOSJcik4GveZhw\"]}]}<\/script>\n<!-- \/ Yoast SEO plugin. -->","yoast_head_json":{"title":"Nos partenaires","description":"Air Paca, partenaire principal de L\u2019Air et Moi en PACA.","robots":{"index":"index","follow":"follow","max-snippet":"max-snippet:-1","max-image-preview":"max-image-preview:large","max-video-preview":"max-video-preview:-1"},"canonical":"https:\/\/airandme.org\/fr\/who-is-air-and-me\/our-partners\/","og_locale":"fr_FR","og_type":"article","og_title":"[:en]Our parteners[:fr]Nos partenaires[:es]Nuestros socios[:it]I nostri partners di progetto[:de]Unsere Partner[:ar]\u0634\u0631\u064a\u0643\u0646\u0627[:da]Vores partnere[:zh]\u5408\u4f5c\u4f19\u4f34[:pl]Nasi partnerzy[:] &#183; Air and Me.org","og_description":"www.atmosud.org &#8211; partenaire principal du programme depuis sa cr\u00e9ation &#8211; soutient le d\u00e9veloppement de L\u2019Air et Moi de la R\u00e9gion Sud (PACA). &nbsp; Gr\u00e2ce \u00e0 ce partenariat, L\u2019Air et Moi a re\u00e7u le soutien de l\u2019Union Europ\u00e9enne \u00e0 travers le projet SH\u2019AIR, de l\u2019Agence R\u00e9gionale de Sant\u00e9 et de la Direction R\u00e9gionale de l\u2019Environnement, de&hellip; Lire la suite","og_url":"https:\/\/airandme.org\/fr\/who-is-air-and-me\/our-partners\/","og_site_name":"Air and Me.org","article_publisher":"https:\/\/www.facebook.com\/lairetmoi\/","article_modified_time":"2021-04-22T11:26:57+00:00","og_image":[{"url":"http:\/\/airandme.org\/wp-content\/uploads\/2018\/03\/AirPaca.png","type":"","width":"","height":""}],"twitter_card":"summary_large_image","twitter_site":"@lairetmoi","twitter_misc":{"Dur\u00e9e de lecture estim\u00e9e":"2 minutes"},"schema":{"@context":"https:\/\/schema.org","@graph":[{"@type":"WebPage","@id":"https:\/\/airandme.org\/who-is-air-and-me\/our-partners\/","url":"https:\/\/airandme.org\/who-is-air-and-me\/our-partners\/","name":"Nos partenaires","isPartOf":{"@id":"https:\/\/airandme.org\/#website"},"primaryImageOfPage":{"@id":"https:\/\/airandme.org\/who-is-air-and-me\/our-partners\/#primaryimage"},"image":{"@id":"https:\/\/airandme.org\/who-is-air-and-me\/our-partners\/#primaryimage"},"thumbnailUrl":"http:\/\/airandme.org\/wp-content\/uploads\/2018\/03\/AirPaca.png","datePublished":"2018-04-03T09:37:03+00:00","dateModified":"2021-04-22T11:26:57+00:00","breadcrumb":{"@id":"https:\/\/airandme.org\/who-is-air-and-me\/our-partners\/#breadcrumb"},"inLanguage":"fr-FR","potentialAction":[{"@type":"ReadAction","target":["https:\/\/airandme.org\/who-is-air-and-me\/our-partners\/"]}]},{"@type":"ImageObject","inLanguage":"fr-FR","@id":"https:\/\/airandme.org\/who-is-air-and-me\/our-partners\/#primaryimage","url":"http:\/\/airandme.org\/wp-content\/uploads\/2018\/03\/AirPaca.png","contentUrl":"http:\/\/airandme.org\/wp-content\/uploads\/2018\/03\/AirPaca.png"},{"@type":"BreadcrumbList","@id":"https:\/\/airandme.org\/who-is-air-and-me\/our-partners\/#breadcrumb","itemListElement":[{"@type":"ListItem","position":1,"name":"Accueil","item":"https:\/\/airandme.org\/"},{"@type":"ListItem","position":2,"name":"Who is Air and Me?","item":"https:\/\/airandme.org\/who-is-air-and-me\/"},{"@type":"ListItem","position":3,"name":"Our parteners"}]},{"@type":"WebSite","@id":"https:\/\/airandme.org\/#website","url":"https:\/\/airandme.org\/","name":"Air and Me","description":"","publisher":{"@id":"https:\/\/airandme.org\/#organization"},"potentialAction":[{"@type":"SearchAction","target":{"@type":"EntryPoint","urlTemplate":"https:\/\/airandme.org\/?s={search_term_string}"},"query-input":{"@type":"PropertyValueSpecification","valueRequired":true,"valueName":"search_term_string"}}],"inLanguage":"fr-FR"},{"@type":"Organization","@id":"https:\/\/airandme.org\/#organization","name":"F\u00e9d\u00e9ration L'Air et Moi","url":"https:\/\/airandme.org\/","logo":{"@type":"ImageObject","inLanguage":"fr-FR","@id":"https:\/\/airandme.org\/#\/schema\/logo\/image\/","url":"https:\/\/airandme.org\/wp-content\/uploads\/2018\/03\/AAME_.png","contentUrl":"https:\/\/airandme.org\/wp-content\/uploads\/2018\/03\/AAME_.png","width":441,"height":179,"caption":"F\u00e9d\u00e9ration L'Air et Moi"},"image":{"@id":"https:\/\/airandme.org\/#\/schema\/logo\/image\/"},"sameAs":["https:\/\/www.facebook.com\/lairetmoi\/","https:\/\/x.com\/lairetmoi","https:\/\/www.youtube.com\/channel\/UCcguTqo1uDOSJcik4GveZhw"]}]}},"_links":{"self":[{"href":"https:\/\/airandme.org\/fr\/wp-json\/wp\/v2\/pages\/485","targetHints":{"allow":["GET"]}}],"collection":[{"href":"https:\/\/airandme.org\/fr\/wp-json\/wp\/v2\/pages"}],"about":[{"href":"https:\/\/airandme.org\/fr\/wp-json\/wp\/v2\/types\/page"}],"author":[{"embeddable":true,"href":"https:\/\/airandme.org\/fr\/wp-json\/wp\/v2\/users\/1"}],"replies":[{"embeddable":true,"href":"https:\/\/airandme.org\/fr\/wp-json\/wp\/v2\/comments?post=485"}],"version-history":[{"count":0,"href":"https:\/\/airandme.org\/fr\/wp-json\/wp\/v2\/pages\/485\/revisions"}],"up":[{"embeddable":true,"href":"https:\/\/airandme.org\/fr\/wp-json\/wp\/v2\/pages\/133"}],"wp:attachment":[{"href":"https:\/\/airandme.org\/fr\/wp-json\/wp\/v2\/media?parent=485"}],"curies":[{"name":"wp","href":"https:\/\/api.w.org\/{rel}","templated":true}]}}