{"id":2954,"date":"2022-02-21T19:02:38","date_gmt":"2022-02-21T18:02:38","guid":{"rendered":"https:\/\/airandme.org\/fr\/?page_id=2954"},"modified":"2023-01-10T16:53:45","modified_gmt":"2023-01-10T15:53:45","slug":"accueil-les-virus-et-nous","status":"publish","type":"page","link":"https:\/\/airandme.org\/fr\/accueil-les-virus-et-nous\/","title":{"rendered":"Accueil &#8211; Les Virus Et Nous"},"content":{"rendered":"<p><\/p>\r\n<div class=\"wp-block-columns are-vertically-aligned-top is-layout-flex wp-container-core-columns-is-layout-9d6595d7 wp-block-columns-is-layout-flex\">\r\n<div class=\"wp-block-column is-vertically-aligned-top is-layout-flow wp-block-column-is-layout-flow\" style=\"flex-basis: 100%;\">\r\n<figure class=\"wp-block-table is-style-regular\"><\/figure>\r\n<p><\/p>\r\n<p><\/p>\r\n<div class=\"wp-block-columns is-layout-flex wp-container-core-columns-is-layout-9d6595d7 wp-block-columns-is-layout-flex\">\r\n<div class=\"wp-block-column is-layout-flow wp-block-column-is-layout-flow\" style=\"flex-basis: 66.66%;\">\r\n<div class=\"eds-animate edsanimate-sis-hidden \" data-eds-entry-animation=\"slideInLeft\" data-eds-entry-delay=\"0\" data-eds-entry-duration=\"0.5\" data-eds-entry-timing=\"linear\" data-eds-exit-animation=\"\" data-eds-exit-delay=\"\" data-eds-exit-duration=\"\" data-eds-exit-timing=\"\" data-eds-repeat-count=\"1\" data-eds-keep=\"yes\" data-eds-animate-on=\"load\" data-eds-scroll-offset=\"\">\r\n<h2 class=\"wp-block-heading\"><span class=\"has-inline-color has-vivid-cyan-blue-color\">Les Virus Et Nous :\u00a0<\/span><\/h2>\r\n<p><\/p>\r\n<p><\/p>\r\n<blockquote class=\"wp-block-quote is-layout-flow wp-block-quote-is-layout-flow\">\r\n<p><em>Programme p\u00e9dagogique en construction participative<\/em>.<\/p>\r\n<p><em>Une dizaine de classes pilotes, de la R\u00e9gion Sud PACA, participent <\/em>!<\/p>\r\n<\/blockquote>\r\n<\/div>\r\n<p><\/p>\r\n<\/div>\r\n<p><\/p>\r\n<p><\/p>\r\n<div class=\"wp-block-column is-layout-flow wp-block-column-is-layout-flow\" style=\"flex-basis: 33.33%;\">\r\n<figure class=\"wp-block-image size-large is-resized\"><div class=\"eds-animate edsanimate-sis-hidden \" data-eds-entry-animation=\"zoomIn\" data-eds-entry-delay=\"0\" data-eds-entry-duration=\"0.5\" data-eds-entry-timing=\"linear\" data-eds-exit-animation=\"\" data-eds-exit-delay=\"\" data-eds-exit-duration=\"\" data-eds-exit-timing=\"\" data-eds-repeat-count=\"1\" data-eds-keep=\"yes\" data-eds-animate-on=\"load\" data-eds-scroll-offset=\"\"><img decoding=\"async\" class=\"wp-image-2965 aligncenter\" src=\"https:\/\/airandme.org\/wp-content\/uploads\/2022\/02\/LOGO-LVEN-AVEC-TEXTE-1024x1014.jpg\" alt=\"\" width=\"225\" height=\"222\" srcset=\"https:\/\/airandme.org\/wp-content\/uploads\/2022\/02\/LOGO-LVEN-AVEC-TEXTE-1024x1014.jpg 1024w, https:\/\/airandme.org\/wp-content\/uploads\/2022\/02\/LOGO-LVEN-AVEC-TEXTE-300x297.jpg 300w, https:\/\/airandme.org\/wp-content\/uploads\/2022\/02\/LOGO-LVEN-AVEC-TEXTE-768x761.jpg 768w, https:\/\/airandme.org\/wp-content\/uploads\/2022\/02\/LOGO-LVEN-AVEC-TEXTE-1536x1522.jpg 1536w, https:\/\/airandme.org\/wp-content\/uploads\/2022\/02\/LOGO-LVEN-AVEC-TEXTE-2048x2029.jpg 2048w, https:\/\/airandme.org\/wp-content\/uploads\/2022\/02\/LOGO-LVEN-AVEC-TEXTE-1090x1080.jpg 1090w\" sizes=\"(max-width: 225px) 100vw, 225px\" \/><\/div><\/figure>\r\n<p><\/p>\r\n<\/div>\r\n<p><\/p>\r\n<\/div>\r\n<p><\/p>\r\n<\/div>\r\n<p><\/p>\r\n<\/div>\r\n<p><\/p>\r\n<p><\/p>\r\n<h4 class=\"wp-block-heading\"><strong><span class=\"has-inline-color has-luminous-vivid-orange-color\">QU\u2019EST-CE QUE LES VIRUS ET NOUS\u00a0?<\/span><\/strong><\/h4>\r\n<p><\/p>\r\n<p><\/p>\r\n<p><span class=\"has-inline-color has-black-color\">Les Virus Et Nous est un programme p\u00e9dagogique d\u2019am\u00e9lioration de la pr\u00e9vention autour des virus, mais aussi de sensibilisation \u00e0 l\u2019\u00e9co-citoyennet\u00e9.<\/span><\/p>\r\n<p><\/p>\r\n<p><\/p>\r\n<h4 class=\"wp-block-heading\"><strong><span class=\"has-inline-color has-luminous-vivid-orange-color\">LES OBJECTIFS DU PROJET\u00a0:<\/span><\/strong><\/h4>\r\n<p><\/p>\r\n<p><\/p>\r\n<p>Le principal objectif est d\u2019avoir une meilleure connaissance des virus et des moyens d\u2019agir pour lutter contre leurs prolif\u00e9rations.<\/p>\r\n<p><\/p>\r\n<p><\/p>\r\n<h4 class=\"wp-block-heading\"><strong><span class=\"has-inline-color has-luminous-vivid-orange-color\">A QUI S\u2019ADRESSE LES VIRUS ET NOUS\u00a0?<\/span><\/strong><\/h4>\r\n<p><\/p>\r\n<p><\/p>\r\n<p>Avec l\u2019aide des \u00e9l\u00e8ves de classes pilotes (\u00e9coles et lyc\u00e9es)\u00a0nous construisons un support p\u00e9dagogique destin\u00e9 \u00e0 tous les \u00e9l\u00e8ves du primaire et aux lyc\u00e9ens.<\/p>\r\n<p><\/p>\r\n<p><\/p>\r\n<p>Les enseignants, les animateurs de centres a\u00e9r\u00e9s, les formateurs, et tous les adultes int\u00e9ress\u00e9s par une meilleure connaissance des virus pourront \u00e9galement le t\u00e9l\u00e9charger gratuitement.<\/p>\r\n<p><\/p>\r\n<p><\/p>\r\n<h4 class=\"wp-block-heading\"><strong><span class=\"has-inline-color has-luminous-vivid-orange-color\">ENSEMBLE, NOUS ALLONS CONSTRUIRE\u00a0:<\/span><\/strong><\/h4>\r\n<p><\/p>\r\n<p><\/p>\r\n<div class=\"wp-block-group\"><div class=\"wp-block-group__inner-container is-layout-flow wp-block-group-is-layout-flow\">\r\n<div class=\"wp-block-group\"><div class=\"wp-block-group__inner-container is-layout-flow wp-block-group-is-layout-flow\">\r\n<div class=\"wp-block-group\"><div class=\"wp-block-group__inner-container is-layout-flow wp-block-group-is-layout-flow\">\r\n<div class=\"wp-block-group\"><div class=\"wp-block-group__inner-container is-layout-flow wp-block-group-is-layout-flow\">\r\n<ul style=\"list-style-type: circle;\">\r\n<li>Un diaporama interactif,<\/li>\r\n<li>Des quiz,<\/li>\r\n<li>Des vid\u00e9os,<\/li>\r\n<li>Des d\u00e9finitions,<\/li>\r\n<li>Un guide d\u2019exp\u00e9riences,<\/li>\r\n<li>Un guides p\u00e9dagogiques incluant les compl\u00e9ments d\u2019informations (Il sera r\u00e9actualis\u00e9 en fonction des nouvelles connaissances apport\u00e9es par la science),<\/li>\r\n<li>Des conseils p\u00e9dagogiques pour accompagner les enseignants, parents et animateurs d\u00e9sireux d\u2019en savoir d\u2019avantage sur les virus.<\/li>\r\n<\/ul>\r\n<p><\/p>\r\n<\/div><\/div>\r\n<p><\/p>\r\n<\/div><\/div>\r\n<p><\/p>\r\n<\/div><\/div>\r\n<p><\/p>\r\n<\/div><\/div>\r\n<p><\/p>","protected":false},"excerpt":{"rendered":"<p>Les Virus Et Nous :\u00a0 Programme p\u00e9dagogique en construction participative. Une dizaine de classes pilotes, de la R\u00e9gion Sud PACA, participent ! QU\u2019EST-CE QUE LES VIRUS ET NOUS\u00a0? Les Virus Et Nous est un programme p\u00e9dagogique d\u2019am\u00e9lioration de la pr\u00e9vention autour des virus, mais aussi de sensibilisation \u00e0 l\u2019\u00e9co-citoyennet\u00e9. LES OBJECTIFS DU PROJET\u00a0: Le principal&hellip; <br \/> <a class=\"button small blue\" href=\"https:\/\/airandme.org\/fr\/accueil-les-virus-et-nous\/\">Lire la suite<\/a><\/p>\n","protected":false},"author":76,"featured_media":0,"parent":0,"menu_order":0,"comment_status":"closed","ping_status":"closed","template":"","meta":{"footnotes":""},"class_list":["post-2954","page","type-page","status-publish","hentry"],"yoast_head":"<!-- This site is optimized with the Yoast SEO plugin v26.8 - https:\/\/yoast.com\/product\/yoast-seo-wordpress\/ -->\n<title>Programme p\u00e9dagogique de sensibilisation sur les Virus<\/title>\n<meta name=\"description\" content=\"Programme p\u00e9dagogique d\u2019am\u00e9lioration de la pr\u00e9vention autour des virus, mais aussi de sensibilisation \u00e0 l\u2019\u00e9co-citoyennet\u00e9.\" \/>\n<meta name=\"robots\" content=\"index, follow, max-snippet:-1, max-image-preview:large, max-video-preview:-1\" \/>\n<link rel=\"canonical\" href=\"https:\/\/airandme.org\/fr\/accueil-les-virus-et-nous\/\" \/>\n<meta property=\"og:locale\" content=\"fr_FR\" \/>\n<meta property=\"og:locale:alternate\" content=\"en_US\" \/>\n<meta property=\"og:locale:alternate\" content=\"es\" \/>\n<meta property=\"og:locale:alternate\" content=\"it\" \/>\n<meta property=\"og:locale:alternate\" content=\"de\" \/>\n<meta property=\"og:locale:alternate\" content=\"ar\" \/>\n<meta property=\"og:locale:alternate\" content=\"da\" \/>\n<meta property=\"og:locale:alternate\" content=\"zh\" \/>\n<meta property=\"og:locale:alternate\" content=\"pl\" \/>\n<meta property=\"og:type\" content=\"article\" \/>\n<meta property=\"og:title\" content=\"Les Virus Et Nous, c&#039;est quoi?\" \/>\n<meta property=\"og:description\" content=\"Les Virus Et Nous est un programme p\u00e9dagogique d\u2019am\u00e9lioration de la pr\u00e9vention autour des virus, mais aussi de sensibilisation \u00e0 l\u2019\u00e9co-citoyennet\u00e9.\" \/>\n<meta property=\"og:url\" content=\"https:\/\/airandme.org\/fr\/accueil-les-virus-et-nous\/\" \/>\n<meta property=\"og:site_name\" content=\"Air and Me.org\" \/>\n<meta property=\"article:publisher\" content=\"https:\/\/www.facebook.com\/lairetmoi\/\" \/>\n<meta property=\"article:modified_time\" content=\"2023-01-10T15:53:45+00:00\" \/>\n<meta property=\"og:image\" content=\"https:\/\/airandme.org\/wp-content\/uploads\/2022\/02\/Illustration_sans_titre-44-scaled.jpg\" \/>\n\t<meta property=\"og:image:width\" content=\"2434\" \/>\n\t<meta property=\"og:image:height\" content=\"2560\" \/>\n\t<meta property=\"og:image:type\" content=\"image\/jpeg\" \/>\n<meta name=\"twitter:card\" content=\"summary_large_image\" \/>\n<meta name=\"twitter:site\" content=\"@lairetmoi\" \/>\n<meta name=\"twitter:label1\" content=\"Dur\u00e9e de lecture estim\u00e9e\" \/>\n\t<meta name=\"twitter:data1\" content=\"2 minutes\" \/>\n<script type=\"application\/ld+json\" class=\"yoast-schema-graph\">{\"@context\":\"https:\/\/schema.org\",\"@graph\":[{\"@type\":\"WebPage\",\"@id\":\"https:\/\/airandme.org\/fr\/accueil-les-virus-et-nous\/\",\"url\":\"https:\/\/airandme.org\/fr\/accueil-les-virus-et-nous\/\",\"name\":\"Programme p\u00e9dagogique de sensibilisation sur les Virus\",\"isPartOf\":{\"@id\":\"https:\/\/airandme.org\/#website\"},\"primaryImageOfPage\":{\"@id\":\"https:\/\/airandme.org\/fr\/accueil-les-virus-et-nous\/#primaryimage\"},\"image\":{\"@id\":\"https:\/\/airandme.org\/fr\/accueil-les-virus-et-nous\/#primaryimage\"},\"thumbnailUrl\":\"https:\/\/airandme.org\/wp-content\/uploads\/2022\/02\/LOGO-LVEN-AVEC-TEXTE-1024x1014.jpg\",\"datePublished\":\"2022-02-21T18:02:38+00:00\",\"dateModified\":\"2023-01-10T15:53:45+00:00\",\"description\":\"Programme p\u00e9dagogique d\u2019am\u00e9lioration de la pr\u00e9vention autour des virus, mais aussi de sensibilisation \u00e0 l\u2019\u00e9co-citoyennet\u00e9.\",\"breadcrumb\":{\"@id\":\"https:\/\/airandme.org\/fr\/accueil-les-virus-et-nous\/#breadcrumb\"},\"inLanguage\":\"fr-FR\",\"potentialAction\":[{\"@type\":\"ReadAction\",\"target\":[\"https:\/\/airandme.org\/fr\/accueil-les-virus-et-nous\/\"]}]},{\"@type\":\"ImageObject\",\"inLanguage\":\"fr-FR\",\"@id\":\"https:\/\/airandme.org\/fr\/accueil-les-virus-et-nous\/#primaryimage\",\"url\":\"https:\/\/airandme.org\/wp-content\/uploads\/2022\/02\/LOGO-LVEN-AVEC-TEXTE-1024x1014.jpg\",\"contentUrl\":\"https:\/\/airandme.org\/wp-content\/uploads\/2022\/02\/LOGO-LVEN-AVEC-TEXTE-1024x1014.jpg\"},{\"@type\":\"BreadcrumbList\",\"@id\":\"https:\/\/airandme.org\/fr\/accueil-les-virus-et-nous\/#breadcrumb\",\"itemListElement\":[{\"@type\":\"ListItem\",\"position\":1,\"name\":\"Accueil\",\"item\":\"https:\/\/airandme.org\/\"},{\"@type\":\"ListItem\",\"position\":2,\"name\":\"Accueil &#8211; Les Virus Et Nous\"}]},{\"@type\":\"WebSite\",\"@id\":\"https:\/\/airandme.org\/#website\",\"url\":\"https:\/\/airandme.org\/\",\"name\":\"Air and Me\",\"description\":\"\",\"publisher\":{\"@id\":\"https:\/\/airandme.org\/#organization\"},\"potentialAction\":[{\"@type\":\"SearchAction\",\"target\":{\"@type\":\"EntryPoint\",\"urlTemplate\":\"https:\/\/airandme.org\/?s={search_term_string}\"},\"query-input\":{\"@type\":\"PropertyValueSpecification\",\"valueRequired\":true,\"valueName\":\"search_term_string\"}}],\"inLanguage\":\"fr-FR\"},{\"@type\":\"Organization\",\"@id\":\"https:\/\/airandme.org\/#organization\",\"name\":\"F\u00e9d\u00e9ration L'Air et Moi\",\"url\":\"https:\/\/airandme.org\/\",\"logo\":{\"@type\":\"ImageObject\",\"inLanguage\":\"fr-FR\",\"@id\":\"https:\/\/airandme.org\/#\/schema\/logo\/image\/\",\"url\":\"https:\/\/airandme.org\/wp-content\/uploads\/2018\/03\/AAME_.png\",\"contentUrl\":\"https:\/\/airandme.org\/wp-content\/uploads\/2018\/03\/AAME_.png\",\"width\":441,\"height\":179,\"caption\":\"F\u00e9d\u00e9ration L'Air et Moi\"},\"image\":{\"@id\":\"https:\/\/airandme.org\/#\/schema\/logo\/image\/\"},\"sameAs\":[\"https:\/\/www.facebook.com\/lairetmoi\/\",\"https:\/\/x.com\/lairetmoi\",\"https:\/\/www.youtube.com\/channel\/UCcguTqo1uDOSJcik4GveZhw\"]}]}<\/script>\n<!-- \/ Yoast SEO plugin. -->","yoast_head_json":{"title":"Programme p\u00e9dagogique de sensibilisation sur les Virus","description":"Programme p\u00e9dagogique d\u2019am\u00e9lioration de la pr\u00e9vention autour des virus, mais aussi de sensibilisation \u00e0 l\u2019\u00e9co-citoyennet\u00e9.","robots":{"index":"index","follow":"follow","max-snippet":"max-snippet:-1","max-image-preview":"max-image-preview:large","max-video-preview":"max-video-preview:-1"},"canonical":"https:\/\/airandme.org\/fr\/accueil-les-virus-et-nous\/","og_locale":"fr_FR","og_type":"article","og_title":"Les Virus Et Nous, c'est quoi?","og_description":"Les Virus Et Nous est un programme p\u00e9dagogique d\u2019am\u00e9lioration de la pr\u00e9vention autour des virus, mais aussi de sensibilisation \u00e0 l\u2019\u00e9co-citoyennet\u00e9.","og_url":"https:\/\/airandme.org\/fr\/accueil-les-virus-et-nous\/","og_site_name":"Air and Me.org","article_publisher":"https:\/\/www.facebook.com\/lairetmoi\/","article_modified_time":"2023-01-10T15:53:45+00:00","og_image":[{"width":2434,"height":2560,"url":"https:\/\/airandme.org\/wp-content\/uploads\/2022\/02\/Illustration_sans_titre-44-scaled.jpg","type":"image\/jpeg"}],"twitter_card":"summary_large_image","twitter_site":"@lairetmoi","twitter_misc":{"Dur\u00e9e de lecture estim\u00e9e":"2 minutes"},"schema":{"@context":"https:\/\/schema.org","@graph":[{"@type":"WebPage","@id":"https:\/\/airandme.org\/fr\/accueil-les-virus-et-nous\/","url":"https:\/\/airandme.org\/fr\/accueil-les-virus-et-nous\/","name":"Programme p\u00e9dagogique de sensibilisation sur les Virus","isPartOf":{"@id":"https:\/\/airandme.org\/#website"},"primaryImageOfPage":{"@id":"https:\/\/airandme.org\/fr\/accueil-les-virus-et-nous\/#primaryimage"},"image":{"@id":"https:\/\/airandme.org\/fr\/accueil-les-virus-et-nous\/#primaryimage"},"thumbnailUrl":"https:\/\/airandme.org\/wp-content\/uploads\/2022\/02\/LOGO-LVEN-AVEC-TEXTE-1024x1014.jpg","datePublished":"2022-02-21T18:02:38+00:00","dateModified":"2023-01-10T15:53:45+00:00","description":"Programme p\u00e9dagogique d\u2019am\u00e9lioration de la pr\u00e9vention autour des virus, mais aussi de sensibilisation \u00e0 l\u2019\u00e9co-citoyennet\u00e9.","breadcrumb":{"@id":"https:\/\/airandme.org\/fr\/accueil-les-virus-et-nous\/#breadcrumb"},"inLanguage":"fr-FR","potentialAction":[{"@type":"ReadAction","target":["https:\/\/airandme.org\/fr\/accueil-les-virus-et-nous\/"]}]},{"@type":"ImageObject","inLanguage":"fr-FR","@id":"https:\/\/airandme.org\/fr\/accueil-les-virus-et-nous\/#primaryimage","url":"https:\/\/airandme.org\/wp-content\/uploads\/2022\/02\/LOGO-LVEN-AVEC-TEXTE-1024x1014.jpg","contentUrl":"https:\/\/airandme.org\/wp-content\/uploads\/2022\/02\/LOGO-LVEN-AVEC-TEXTE-1024x1014.jpg"},{"@type":"BreadcrumbList","@id":"https:\/\/airandme.org\/fr\/accueil-les-virus-et-nous\/#breadcrumb","itemListElement":[{"@type":"ListItem","position":1,"name":"Accueil","item":"https:\/\/airandme.org\/"},{"@type":"ListItem","position":2,"name":"Accueil &#8211; Les Virus Et Nous"}]},{"@type":"WebSite","@id":"https:\/\/airandme.org\/#website","url":"https:\/\/airandme.org\/","name":"Air and Me","description":"","publisher":{"@id":"https:\/\/airandme.org\/#organization"},"potentialAction":[{"@type":"SearchAction","target":{"@type":"EntryPoint","urlTemplate":"https:\/\/airandme.org\/?s={search_term_string}"},"query-input":{"@type":"PropertyValueSpecification","valueRequired":true,"valueName":"search_term_string"}}],"inLanguage":"fr-FR"},{"@type":"Organization","@id":"https:\/\/airandme.org\/#organization","name":"F\u00e9d\u00e9ration L'Air et Moi","url":"https:\/\/airandme.org\/","logo":{"@type":"ImageObject","inLanguage":"fr-FR","@id":"https:\/\/airandme.org\/#\/schema\/logo\/image\/","url":"https:\/\/airandme.org\/wp-content\/uploads\/2018\/03\/AAME_.png","contentUrl":"https:\/\/airandme.org\/wp-content\/uploads\/2018\/03\/AAME_.png","width":441,"height":179,"caption":"F\u00e9d\u00e9ration L'Air et Moi"},"image":{"@id":"https:\/\/airandme.org\/#\/schema\/logo\/image\/"},"sameAs":["https:\/\/www.facebook.com\/lairetmoi\/","https:\/\/x.com\/lairetmoi","https:\/\/www.youtube.com\/channel\/UCcguTqo1uDOSJcik4GveZhw"]}]}},"_links":{"self":[{"href":"https:\/\/airandme.org\/fr\/wp-json\/wp\/v2\/pages\/2954","targetHints":{"allow":["GET"]}}],"collection":[{"href":"https:\/\/airandme.org\/fr\/wp-json\/wp\/v2\/pages"}],"about":[{"href":"https:\/\/airandme.org\/fr\/wp-json\/wp\/v2\/types\/page"}],"author":[{"embeddable":true,"href":"https:\/\/airandme.org\/fr\/wp-json\/wp\/v2\/users\/76"}],"replies":[{"embeddable":true,"href":"https:\/\/airandme.org\/fr\/wp-json\/wp\/v2\/comments?post=2954"}],"version-history":[{"count":5,"href":"https:\/\/airandme.org\/fr\/wp-json\/wp\/v2\/pages\/2954\/revisions"}],"predecessor-version":[{"id":3194,"href":"https:\/\/airandme.org\/fr\/wp-json\/wp\/v2\/pages\/2954\/revisions\/3194"}],"wp:attachment":[{"href":"https:\/\/airandme.org\/fr\/wp-json\/wp\/v2\/media?parent=2954"}],"curies":[{"name":"wp","href":"https:\/\/api.w.org\/{rel}","templated":true}]}}