{"id":2667,"date":"2020-11-17T16:40:00","date_gmt":"2020-11-17T15:40:00","guid":{"rendered":"https:\/\/airandme.org\/fr\/?page_id=2667"},"modified":"2020-11-18T11:59:55","modified_gmt":"2020-11-18T10:59:55","slug":"telechargements-gtp","status":"publish","type":"page","link":"https:\/\/airandme.org\/fr\/telechargements-gtp\/","title":{"rendered":"T\u00e9l\u00e9chargements GTP [Page priv\u00e9e]"},"content":{"rendered":"<p>Version ZIP : Tout en un :<\/p>\n<div class='w3eden'><!-- WPDM Link Template: Default Template -->\n\n<div class=\"link-template-default card mb-2\">\n    <div class=\"card-body\">\n        <div class=\"media\">\n            <div class=\"mr-3 img-48\"><img decoding=\"async\" class=\"wpdm_icon\" alt=\"Ic\u00f4ne\" src=\"https:\/\/airandme.org\/wp-content\/plugins\/download-manager\/assets\/file-type-icons\/zip.svg\" \/><\/div>\n            <div class=\"media-body\">\n                <h3 class=\"package-title\"><a href='https:\/\/airandme.org\/fr\/download\/gtp-en-cours\/'>GTP en construction<\/a><\/h3>\n                <div class=\"text-muted text-small\"><i class=\"fas fa-copy\"><\/i> 1 fichier\u00b7s <i class=\"fas fa-hdd ml-3\"><\/i> 143.52 MB<\/div>\n            <\/div>\n            <div class=\"ml-3\">\n                <a class='wpdm-download-link download-on-click btn btn-info ' rel='nofollow' href='#' data-downloadurl=\"https:\/\/airandme.org\/fr\/download\/gtp-en-cours\/?wpdmdl=2668&refresh=69de27521c4ee1776166738\">T\u00e9l\u00e9charger<\/a>\n            <\/div>\n        <\/div>\n    <\/div>\n<\/div>\n\n<\/div>\n<p>Ou, version en plusieurs parties :<\/p>\n<div class='w3eden'><!-- WPDM Link Template: Default Template -->\n\n<div class=\"link-template-default card mb-2\">\n    <div class=\"card-body\">\n        <div class=\"media\">\n            <div class=\"mr-3 img-48\"><img decoding=\"async\" class=\"wpdm_icon\" alt=\"Ic\u00f4ne\" src=\"https:\/\/airandme.org\/wp-content\/plugins\/download-manager\/assets\/file-type-icons\/docx.svg\" \/><\/div>\n            <div class=\"media-body\">\n                <h3 class=\"package-title\"><a href='https:\/\/airandme.org\/fr\/download\/gtp_partie-1_en_cours\/'>GTP_Partie 1_en_cours<\/a><\/h3>\n                <div class=\"text-muted text-small\"><i class=\"fas fa-copy\"><\/i> 1 fichier\u00b7s <i class=\"fas fa-hdd ml-3\"><\/i> 0.00 KB<\/div>\n            <\/div>\n            <div class=\"ml-3\">\n                <a class='wpdm-download-link download-on-click btn btn-info ' rel='nofollow' href='#' data-downloadurl=\"https:\/\/airandme.org\/fr\/download\/gtp_partie-1_en_cours\/?wpdmdl=2682&refresh=69de27522051a1776166738\">T\u00e9l\u00e9charger<\/a>\n            <\/div>\n        <\/div>\n    <\/div>\n<\/div>\n\n<\/div>\n<div class='w3eden'><!-- WPDM Link Template: Default Template -->\n\n<div class=\"link-template-default card mb-2\">\n    <div class=\"card-body\">\n        <div class=\"media\">\n            <div class=\"mr-3 img-48\"><img decoding=\"async\" class=\"wpdm_icon\" alt=\"Ic\u00f4ne\" src=\"https:\/\/airandme.org\/wp-content\/plugins\/download-manager\/assets\/file-type-icons\/docx.svg\" \/><\/div>\n            <div class=\"media-body\">\n                <h3 class=\"package-title\"><a href='https:\/\/airandme.org\/fr\/download\/gtp_partie_2_en_cours\/'>GTP_Partie_2_en_cours<\/a><\/h3>\n                <div class=\"text-muted text-small\"><i class=\"fas fa-copy\"><\/i> 1 fichier\u00b7s <i class=\"fas fa-hdd ml-3\"><\/i> 0.00 KB<\/div>\n            <\/div>\n            <div class=\"ml-3\">\n                <a class='wpdm-download-link download-on-click btn btn-info ' rel='nofollow' href='#' data-downloadurl=\"https:\/\/airandme.org\/fr\/download\/gtp_partie_2_en_cours\/?wpdmdl=2684&refresh=69de275222d8c1776166738\">T\u00e9l\u00e9charger<\/a>\n            <\/div>\n        <\/div>\n    <\/div>\n<\/div>\n\n<\/div>\n<div class='w3eden'><!-- WPDM Link Template: Default Template -->\n\n<div class=\"link-template-default card mb-2\">\n    <div class=\"card-body\">\n        <div class=\"media\">\n            <div class=\"mr-3 img-48\"><img decoding=\"async\" class=\"wpdm_icon\" alt=\"Ic\u00f4ne\" src=\"https:\/\/airandme.org\/wp-content\/plugins\/download-manager\/assets\/file-type-icons\/docx.svg\" \/><\/div>\n            <div class=\"media-body\">\n                <h3 class=\"package-title\"><a href='https:\/\/airandme.org\/fr\/download\/gtp_partie_3_en_cours\/'>GTP_Partie_3_en_cours<\/a><\/h3>\n                <div class=\"text-muted text-small\"><i class=\"fas fa-copy\"><\/i> 1 fichier\u00b7s <i class=\"fas fa-hdd ml-3\"><\/i> 0.00 KB<\/div>\n            <\/div>\n            <div class=\"ml-3\">\n                <a class='wpdm-download-link download-on-click btn btn-info ' rel='nofollow' href='#' data-downloadurl=\"https:\/\/airandme.org\/fr\/download\/gtp_partie_3_en_cours\/?wpdmdl=2686&refresh=69de2752253011776166738\">T\u00e9l\u00e9charger<\/a>\n            <\/div>\n        <\/div>\n    <\/div>\n<\/div>\n\n<\/div>\n<div class='w3eden'><!-- WPDM Link Template: Default Template -->\n\n<div class=\"link-template-default card mb-2\">\n    <div class=\"card-body\">\n        <div class=\"media\">\n            <div class=\"mr-3 img-48\"><img decoding=\"async\" class=\"wpdm_icon\" alt=\"Ic\u00f4ne\" src=\"https:\/\/airandme.org\/wp-content\/plugins\/download-manager\/assets\/file-type-icons\/docx.svg\" \/><\/div>\n            <div class=\"media-body\">\n                <h3 class=\"package-title\"><a href='https:\/\/airandme.org\/fr\/download\/gtp_partie_4_en_cours\/'>GTP_Partie_4_en_cours<\/a><\/h3>\n                <div class=\"text-muted text-small\"><i class=\"fas fa-copy\"><\/i> 1 fichier\u00b7s <i class=\"fas fa-hdd ml-3\"><\/i> 0.00 KB<\/div>\n            <\/div>\n            <div class=\"ml-3\">\n                <a class='wpdm-download-link download-on-click btn btn-info ' rel='nofollow' href='#' data-downloadurl=\"https:\/\/airandme.org\/fr\/download\/gtp_partie_4_en_cours\/?wpdmdl=2688&refresh=69de2752275a71776166738\">T\u00e9l\u00e9charger<\/a>\n            <\/div>\n        <\/div>\n    <\/div>\n<\/div>\n\n<\/div>\n","protected":false},"excerpt":{"rendered":"<p>Version ZIP : Tout en un : Ou, version en plusieurs parties :<\/p>\n","protected":false},"author":1,"featured_media":0,"parent":0,"menu_order":0,"comment_status":"closed","ping_status":"closed","template":"","meta":{"footnotes":""},"class_list":["post-2667","page","type-page","status-publish","hentry"],"yoast_head":"<!-- This site is optimized with the Yoast SEO plugin v26.8 - https:\/\/yoast.com\/product\/yoast-seo-wordpress\/ -->\n<title>T\u00e9l\u00e9chargements GTP [Page priv\u00e9e]<\/title>\n<meta name=\"robots\" content=\"index, follow, max-snippet:-1, max-image-preview:large, max-video-preview:-1\" \/>\n<link rel=\"canonical\" href=\"https:\/\/airandme.org\/fr\/telechargements-gtp\/\" \/>\n<meta property=\"og:locale\" content=\"fr_FR\" \/>\n<meta property=\"og:locale:alternate\" content=\"en_US\" \/>\n<meta property=\"og:locale:alternate\" content=\"es\" \/>\n<meta property=\"og:locale:alternate\" content=\"it\" \/>\n<meta property=\"og:locale:alternate\" content=\"de\" \/>\n<meta property=\"og:locale:alternate\" content=\"ar\" \/>\n<meta property=\"og:locale:alternate\" content=\"da\" \/>\n<meta property=\"og:locale:alternate\" content=\"zh\" \/>\n<meta property=\"og:locale:alternate\" content=\"pl\" \/>\n<meta property=\"og:type\" content=\"article\" \/>\n<meta property=\"og:title\" content=\"T\u00e9l\u00e9chargements GTP [Page priv\u00e9e]\" \/>\n<meta property=\"og:description\" content=\"Version ZIP : Tout en un : Ou, version en plusieurs parties :\" \/>\n<meta property=\"og:url\" content=\"https:\/\/airandme.org\/fr\/telechargements-gtp\/\" \/>\n<meta property=\"og:site_name\" content=\"Air and Me.org\" \/>\n<meta property=\"article:publisher\" content=\"https:\/\/www.facebook.com\/lairetmoi\/\" \/>\n<meta property=\"article:modified_time\" content=\"2020-11-18T10:59:55+00:00\" \/>\n<meta name=\"twitter:card\" content=\"summary_large_image\" \/>\n<meta name=\"twitter:site\" content=\"@lairetmoi\" \/>\n<script type=\"application\/ld+json\" class=\"yoast-schema-graph\">{\"@context\":\"https:\/\/schema.org\",\"@graph\":[{\"@type\":\"WebPage\",\"@id\":\"https:\/\/airandme.org\/fr\/telechargements-gtp\/\",\"url\":\"https:\/\/airandme.org\/fr\/telechargements-gtp\/\",\"name\":\"T\u00e9l\u00e9chargements GTP [Page priv\u00e9e]\",\"isPartOf\":{\"@id\":\"https:\/\/airandme.org\/#website\"},\"datePublished\":\"2020-11-17T15:40:00+00:00\",\"dateModified\":\"2020-11-18T10:59:55+00:00\",\"breadcrumb\":{\"@id\":\"https:\/\/airandme.org\/fr\/telechargements-gtp\/#breadcrumb\"},\"inLanguage\":\"fr-FR\",\"potentialAction\":[{\"@type\":\"ReadAction\",\"target\":[\"https:\/\/airandme.org\/fr\/telechargements-gtp\/\"]}]},{\"@type\":\"BreadcrumbList\",\"@id\":\"https:\/\/airandme.org\/fr\/telechargements-gtp\/#breadcrumb\",\"itemListElement\":[{\"@type\":\"ListItem\",\"position\":1,\"name\":\"Accueil\",\"item\":\"https:\/\/airandme.org\/\"},{\"@type\":\"ListItem\",\"position\":2,\"name\":\"T\u00e9l\u00e9chargements GTP [Page priv\u00e9e]\"}]},{\"@type\":\"WebSite\",\"@id\":\"https:\/\/airandme.org\/#website\",\"url\":\"https:\/\/airandme.org\/\",\"name\":\"Air and Me\",\"description\":\"\",\"publisher\":{\"@id\":\"https:\/\/airandme.org\/#organization\"},\"potentialAction\":[{\"@type\":\"SearchAction\",\"target\":{\"@type\":\"EntryPoint\",\"urlTemplate\":\"https:\/\/airandme.org\/?s={search_term_string}\"},\"query-input\":{\"@type\":\"PropertyValueSpecification\",\"valueRequired\":true,\"valueName\":\"search_term_string\"}}],\"inLanguage\":\"fr-FR\"},{\"@type\":\"Organization\",\"@id\":\"https:\/\/airandme.org\/#organization\",\"name\":\"F\u00e9d\u00e9ration L'Air et Moi\",\"url\":\"https:\/\/airandme.org\/\",\"logo\":{\"@type\":\"ImageObject\",\"inLanguage\":\"fr-FR\",\"@id\":\"https:\/\/airandme.org\/#\/schema\/logo\/image\/\",\"url\":\"https:\/\/airandme.org\/wp-content\/uploads\/2018\/03\/AAME_.png\",\"contentUrl\":\"https:\/\/airandme.org\/wp-content\/uploads\/2018\/03\/AAME_.png\",\"width\":441,\"height\":179,\"caption\":\"F\u00e9d\u00e9ration L'Air et Moi\"},\"image\":{\"@id\":\"https:\/\/airandme.org\/#\/schema\/logo\/image\/\"},\"sameAs\":[\"https:\/\/www.facebook.com\/lairetmoi\/\",\"https:\/\/x.com\/lairetmoi\",\"https:\/\/www.youtube.com\/channel\/UCcguTqo1uDOSJcik4GveZhw\"]}]}<\/script>\n<!-- \/ Yoast SEO plugin. -->","yoast_head_json":{"title":"T\u00e9l\u00e9chargements GTP [Page priv\u00e9e]","robots":{"index":"index","follow":"follow","max-snippet":"max-snippet:-1","max-image-preview":"max-image-preview:large","max-video-preview":"max-video-preview:-1"},"canonical":"https:\/\/airandme.org\/fr\/telechargements-gtp\/","og_locale":"fr_FR","og_type":"article","og_title":"[:en]Brouillon auto[:fr]T\u00e9l\u00e9chargements GTP [Page priv\u00e9e][:] &#183; Air and Me.org","og_description":"Version ZIP : Tout en un : Ou, version en plusieurs parties :","og_url":"https:\/\/airandme.org\/fr\/telechargements-gtp\/","og_site_name":"Air and Me.org","article_publisher":"https:\/\/www.facebook.com\/lairetmoi\/","article_modified_time":"2020-11-18T10:59:55+00:00","twitter_card":"summary_large_image","twitter_site":"@lairetmoi","schema":{"@context":"https:\/\/schema.org","@graph":[{"@type":"WebPage","@id":"https:\/\/airandme.org\/fr\/telechargements-gtp\/","url":"https:\/\/airandme.org\/fr\/telechargements-gtp\/","name":"T\u00e9l\u00e9chargements GTP [Page priv\u00e9e]","isPartOf":{"@id":"https:\/\/airandme.org\/#website"},"datePublished":"2020-11-17T15:40:00+00:00","dateModified":"2020-11-18T10:59:55+00:00","breadcrumb":{"@id":"https:\/\/airandme.org\/fr\/telechargements-gtp\/#breadcrumb"},"inLanguage":"fr-FR","potentialAction":[{"@type":"ReadAction","target":["https:\/\/airandme.org\/fr\/telechargements-gtp\/"]}]},{"@type":"BreadcrumbList","@id":"https:\/\/airandme.org\/fr\/telechargements-gtp\/#breadcrumb","itemListElement":[{"@type":"ListItem","position":1,"name":"Accueil","item":"https:\/\/airandme.org\/"},{"@type":"ListItem","position":2,"name":"T\u00e9l\u00e9chargements GTP [Page priv\u00e9e]"}]},{"@type":"WebSite","@id":"https:\/\/airandme.org\/#website","url":"https:\/\/airandme.org\/","name":"Air and Me","description":"","publisher":{"@id":"https:\/\/airandme.org\/#organization"},"potentialAction":[{"@type":"SearchAction","target":{"@type":"EntryPoint","urlTemplate":"https:\/\/airandme.org\/?s={search_term_string}"},"query-input":{"@type":"PropertyValueSpecification","valueRequired":true,"valueName":"search_term_string"}}],"inLanguage":"fr-FR"},{"@type":"Organization","@id":"https:\/\/airandme.org\/#organization","name":"F\u00e9d\u00e9ration L'Air et Moi","url":"https:\/\/airandme.org\/","logo":{"@type":"ImageObject","inLanguage":"fr-FR","@id":"https:\/\/airandme.org\/#\/schema\/logo\/image\/","url":"https:\/\/airandme.org\/wp-content\/uploads\/2018\/03\/AAME_.png","contentUrl":"https:\/\/airandme.org\/wp-content\/uploads\/2018\/03\/AAME_.png","width":441,"height":179,"caption":"F\u00e9d\u00e9ration L'Air et Moi"},"image":{"@id":"https:\/\/airandme.org\/#\/schema\/logo\/image\/"},"sameAs":["https:\/\/www.facebook.com\/lairetmoi\/","https:\/\/x.com\/lairetmoi","https:\/\/www.youtube.com\/channel\/UCcguTqo1uDOSJcik4GveZhw"]}]}},"_links":{"self":[{"href":"https:\/\/airandme.org\/fr\/wp-json\/wp\/v2\/pages\/2667","targetHints":{"allow":["GET"]}}],"collection":[{"href":"https:\/\/airandme.org\/fr\/wp-json\/wp\/v2\/pages"}],"about":[{"href":"https:\/\/airandme.org\/fr\/wp-json\/wp\/v2\/types\/page"}],"author":[{"embeddable":true,"href":"https:\/\/airandme.org\/fr\/wp-json\/wp\/v2\/users\/1"}],"replies":[{"embeddable":true,"href":"https:\/\/airandme.org\/fr\/wp-json\/wp\/v2\/comments?post=2667"}],"version-history":[{"count":0,"href":"https:\/\/airandme.org\/fr\/wp-json\/wp\/v2\/pages\/2667\/revisions"}],"wp:attachment":[{"href":"https:\/\/airandme.org\/fr\/wp-json\/wp\/v2\/media?parent=2667"}],"curies":[{"name":"wp","href":"https:\/\/api.w.org\/{rel}","templated":true}]}}