{"id":2653,"date":"2020-11-16T15:30:05","date_gmt":"2020-11-16T14:30:05","guid":{"rendered":"https:\/\/airandme.org\/fr\/?page_id=2653"},"modified":"2020-11-17T19:58:26","modified_gmt":"2020-11-17T18:58:26","slug":"telechargements-pour-lycees-page-privee","status":"publish","type":"page","link":"https:\/\/airandme.org\/fr\/telechargements-pour-lycees-page-privee\/","title":{"rendered":"T\u00e9l\u00e9chargements pour lyc\u00e9es [Page priv\u00e9e]"},"content":{"rendered":"<h5>\u00a0<\/h5>\n<p>Fort de son succ\u00e8s, le programme L\u2019Air et Moi, plus sp\u00e9cifiquement adress\u00e9 jusque-l\u00e0 aux \u00e9coles, s\u2019adapte d\u00e9sormais aux lyc\u00e9es du territoire r\u00e9gional \u00e0 travers le programme \u00ab\u00a0L\u2019Air et Moi Lyc\u00e9e\u00a0\u00bb.<\/p>\n<p>Comme tout outil L\u2019Air et Moi, ce support fait l\u2019objet d\u2019une co-construction faisant intervenir trois comit\u00e9s : (p\u00e9dagogique et utilisateur<em> (enseignants, animateurs, enfants\u2026)<\/em>, scientifique<em> (experts, m\u00e9decins\u2026)<\/em>) et\u2026 vous !<\/p>\n<p>Merci pour votre implication.<\/p>\n<p>Cette page priv\u00e9e vous donne acc\u00e8s aux documents utiles en tant que participant au projet.<\/p>\n<ul>\n<li><a href=\"https:\/\/airandme.org\/fr\/who-is-air-and-me\/contact\/\">Pour toutes suggestions n&rsquo;h\u00e9sitez pas \u00e0 nous contacter<\/a><\/li>\n<\/ul>\n<p>&nbsp;<\/p>\n<h5>\u00a0<\/h5>\n<div id=\"wpsecol-05642496-5852-ae29-a1dd-13e906149bf5\" class=\"csRow\">\n<div class=\"csColumnGap\" style=\"margin: 0; padding: 0; float: left; width: 0%;\"><img decoding=\"async\" src=\"https:\/\/airandme.org\/wp-content\/plugins\/wp-smart-editor\/plugins\/columns\/img\/1x1-pixel.png\" \/><\/div>\n<div class=\"csColumn\" style=\"margin: 0; padding: 0; float: left; width: 49.22566371681416%;\" data-posx0=\"0\" data-posx1=\"49.336283185840706\" data-padding=\"5\" data-responsive=\"1\">\n<div style=\"padding: 5px;\">\n<div class=\"preview_text csColumn_text\">\n<ul>\n<li><a href=\"https:\/\/www.lairetmoi.org\/telechargements-tout-lycee.html\"><span style=\"color: #0000ff;\"><span style=\"color: #000080;\">Module 1<\/span><\/span><\/a><\/li>\n<\/ul>\n<p>&nbsp;<\/p>\n<\/div>\n<\/div>\n<\/div>\n<div class=\"csColumnGap\" style=\"margin: 0; padding: 0; float: left; width: 1.3274336283185841%;\"><img decoding=\"async\" src=\"https:\/\/airandme.org\/wp-content\/plugins\/wp-smart-editor\/plugins\/columns\/img\/1x1-pixel.png\" \/><\/div>\n<div class=\"csColumn\" style=\"margin: 0; padding: 0; float: left; width: 49.22566371681416%;\" data-posx0=\"50.66371681415929\" data-posx1=\"100\" data-padding=\"5\" data-responsive=\"1\">\n<div style=\"padding: 5px;\">\n<div class=\"preview_text csColumn_text\">\n<ul>\n<li><a href=\"https:\/\/www.lairetmoi.org\/telechargements-tout-lycee.html\"><span style=\"color: #000080;\">Module 2<\/span><\/a><\/li>\n<\/ul>\n<p>&nbsp;<\/p>\n<\/div>\n<\/div>\n<\/div>\n<div class=\"csColumnGap\" style=\"margin: 0; padding: 0; float: left; width: 0.2212389380530908%;\"><img decoding=\"async\" src=\"https:\/\/airandme.org\/wp-content\/plugins\/wp-smart-editor\/plugins\/columns\/img\/1x1-pixel.png\" \/><\/div>\n<div style=\"clear: both; float: none; display: block; visibility: hidden; width: 0; font-size: 0; line-height: 0;\">\u00a0<\/div>\n<\/div>\n<div id=\"wpsecol-2d1edcd1-4a18-a2b9-94ef-1cd362a06843\" class=\"csRow\">\n<div class=\"csColumnGap\" style=\"margin: 0; padding: 0; float: left; width: 0%;\"><img decoding=\"async\" src=\"https:\/\/airandme.org\/wp-content\/plugins\/wp-smart-editor\/plugins\/columns\/img\/1x1-pixel.png\" \/><\/div>\n<div class=\"csColumn\" style=\"margin: 0; padding: 0; float: left; width: 49.22566371681416%;\" data-posx0=\"0\" data-posx1=\"49.336283185840706\" data-padding=\"5\" data-responsive=\"1\">\n<div style=\"padding: 5px;\">\n<div class=\"preview_text csColumn_text\">\n<ul>\n<li><span style=\"color: #000080;\"><span style=\"color: #000080;\">Module 3<\/span><\/span>\n<p><span style=\"color: #000080;\"><div class='w3eden'><!-- WPDM Link Template: Default Template -->\n\n<div class=\"link-template-default card mb-2\">\n    <div class=\"card-body\">\n        <div class=\"media\">\n            <div class=\"mr-3 img-48\"><img decoding=\"async\" class=\"wpdm_icon\" alt=\"Ic\u00f4ne\" src=\"https:\/\/airandme.org\/wp-content\/plugins\/download-manager\/assets\/file-type-icons\/ppt.svg\" \/><\/div>\n            <div class=\"media-body\">\n                <h3 class=\"package-title\"><a href='https:\/\/airandme.org\/fr\/download\/m3-diaporama-anime-aem-lycee\/'>M3 : Diaporama anim\u00e9 (AEM Lyc\u00e9e)<\/a><\/h3>\n                <div class=\"text-muted text-small\"><i class=\"fas fa-copy\"><\/i> 1 fichier\u00b7s <i class=\"fas fa-hdd ml-3\"><\/i> 59.50 MB<\/div>\n            <\/div>\n            <div class=\"ml-3\">\n                <a class='wpdm-download-link download-on-click btn btn-info ' rel='nofollow' href='#' data-downloadurl=\"https:\/\/airandme.org\/fr\/download\/m3-diaporama-anime-aem-lycee\/?wpdmdl=2654&refresh=69de2e4232dd81776168514\">T\u00e9l\u00e9charger<\/a>\n            <\/div>\n        <\/div>\n    <\/div>\n<\/div>\n\n<\/div><\/span><\/p>\n<\/li>\n<\/ul>\n<\/div>\n<\/div>\n<\/div>\n<div class=\"csColumnGap\" style=\"margin: 0; padding: 0; float: left; width: 1.3274336283185841%;\"><img decoding=\"async\" src=\"https:\/\/airandme.org\/wp-content\/plugins\/wp-smart-editor\/plugins\/columns\/img\/1x1-pixel.png\" \/><\/div>\n<div class=\"csColumn\" style=\"margin: 0; padding: 0; float: left; width: 49.22566371681416%;\" data-posx0=\"50.66371681415929\" data-posx1=\"100\" data-padding=\"5\" data-responsive=\"1\">\n<div style=\"padding: 5px;\">\n<div class=\"preview_text csColumn_text\">\n<ul>\n<li><span style=\"color: #808080;\">Module 4 (en cours)<em><br \/><\/em><\/span><\/li>\n<\/ul>\n<\/div>\n<\/div>\n<\/div>\n<p>&nbsp;<\/p>\n<div class=\"csColumnGap\" style=\"margin: 0; padding: 0; float: left; width: 0.2212389380530908%;\"><img decoding=\"async\" src=\"https:\/\/airandme.org\/wp-content\/plugins\/wp-smart-editor\/plugins\/columns\/img\/1x1-pixel.png\" \/><\/div>\n<div style=\"clear: both; float: none; display: block; visibility: hidden; width: 0; font-size: 0; line-height: 0;\">\u00a0<\/div>\n<\/div>\n<div id=\"wpsecol-0b8ef0a8-085e-e315-d9e7-ddd393e5f0f3\" class=\"csRow\">\n<div class=\"csColumnGap\" style=\"margin: 0; padding: 0; float: left; width: 0%;\"><img decoding=\"async\" src=\"https:\/\/airandme.org\/wp-content\/plugins\/wp-smart-editor\/plugins\/columns\/img\/1x1-pixel.png\" \/><\/div>\n<div class=\"csColumn\" style=\"margin: 0; padding: 0; float: left; width: 49.22566371681416%;\" data-posx0=\"0\" data-posx1=\"49.336283185840706\" data-padding=\"5\" data-responsive=\"1\">\n<div style=\"padding: 5px;\">\n<div class=\"preview_text csColumn_text\">\n<ul>\n<li>Module 5<br \/><div class='w3eden'><!-- WPDM Link Template: Default Template -->\n\n<div class=\"link-template-default card mb-2\">\n    <div class=\"card-body\">\n        <div class=\"media\">\n            <div class=\"mr-3 img-48\"><img decoding=\"async\" class=\"wpdm_icon\" alt=\"Ic\u00f4ne\" src=\"https:\/\/airandme.org\/wp-content\/plugins\/download-manager\/assets\/file-type-icons\/ppt.svg\" \/><\/div>\n            <div class=\"media-body\">\n                <h3 class=\"package-title\"><a href='https:\/\/airandme.org\/fr\/download\/m5-diaporama-anime-aem-lycee\/'>M5 : Diaporama anim\u00e9 (AEM Lyc\u00e9e)<\/a><\/h3>\n                <div class=\"text-muted text-small\"><i class=\"fas fa-copy\"><\/i> 1 fichier\u00b7s <i class=\"fas fa-hdd ml-3\"><\/i> 45.08 MB<\/div>\n            <\/div>\n            <div class=\"ml-3\">\n                <a class='wpdm-download-link download-on-click btn btn-info ' rel='nofollow' href='#' data-downloadurl=\"https:\/\/airandme.org\/fr\/download\/m5-diaporama-anime-aem-lycee\/?wpdmdl=2658&refresh=69de2e42367961776168514\">T\u00e9l\u00e9charger<\/a>\n            <\/div>\n        <\/div>\n    <\/div>\n<\/div>\n\n<\/div><\/li>\n<\/ul>\n<\/div>\n<\/div>\n<\/div>\n<div class=\"csColumnGap\" style=\"margin: 0; padding: 0; float: left; width: 1.3274336283185841%;\"><img decoding=\"async\" src=\"https:\/\/airandme.org\/wp-content\/plugins\/wp-smart-editor\/plugins\/columns\/img\/1x1-pixel.png\" \/><\/div>\n<div class=\"csColumn\" style=\"margin: 0; padding: 0; float: left; width: 49.22566371681416%;\" data-posx0=\"50.66371681415929\" data-posx1=\"100\" data-padding=\"5\" data-responsive=\"1\">\n<div style=\"padding: 5px;\">\n<div class=\"preview_text csColumn_text\">\n<ul>\n<li>Module 6<br \/><div class='w3eden'><!-- WPDM Link Template: Default Template -->\n\n<div class=\"link-template-default card mb-2\">\n    <div class=\"card-body\">\n        <div class=\"media\">\n            <div class=\"mr-3 img-48\"><img decoding=\"async\" class=\"wpdm_icon\" alt=\"Ic\u00f4ne\" src=\"https:\/\/airandme.org\/wp-content\/plugins\/download-manager\/assets\/file-type-icons\/pptx.svg\" \/><\/div>\n            <div class=\"media-body\">\n                <h3 class=\"package-title\"><a href='https:\/\/airandme.org\/fr\/download\/m6-diaporama-anime-aem-lycee\/'>M6 : Diaporama anim\u00e9 (AEM Lyc\u00e9e)<\/a><\/h3>\n                <div class=\"text-muted text-small\"><i class=\"fas fa-copy\"><\/i> 1 fichier\u00b7s <i class=\"fas fa-hdd ml-3\"><\/i> 36.21 MB<\/div>\n            <\/div>\n            <div class=\"ml-3\">\n                <a class='wpdm-download-link download-on-click btn btn-info ' rel='nofollow' href='#' data-downloadurl=\"https:\/\/airandme.org\/fr\/download\/m6-diaporama-anime-aem-lycee\/?wpdmdl=2659&refresh=69de2e4238fb81776168514\">T\u00e9l\u00e9charger<\/a>\n            <\/div>\n        <\/div>\n    <\/div>\n<\/div>\n\n<\/div><\/li>\n<\/ul>\n<\/div>\n<\/div>\n<\/div>\n<div class=\"csColumnGap\" style=\"margin: 0; padding: 0; float: left; width: 0.2212389380530908%;\"><img decoding=\"async\" src=\"https:\/\/airandme.org\/wp-content\/plugins\/wp-smart-editor\/plugins\/columns\/img\/1x1-pixel.png\" \/><\/div>\n<div style=\"clear: both; float: none; display: block; visibility: hidden; width: 0; font-size: 0; line-height: 0;\">\u00a0<\/div>\n<\/div>\n<p>&nbsp;<\/p>\n<p>L\u2019Air et Moi Lyc\u00e9e est un projet multidisciplinaire et transversal : c&rsquo;est pourquoi nous sollicitons la participation de tout acteur voulant s&rsquo;investir dans le projet, quel que soit son domaine de comp\u00e9tence <em>(professeurs, personnel d&rsquo;\u00e9ducation, infirmiers scolaires, principal, CPE, gestionnaires de site, parents d&rsquo;\u00e9l\u00e8ves&#8230;).<\/em><\/p>\n<p><span style=\"color: #000080;\">La participation de chacun est adaptable, en fonction des disponibilit\u00e9s et des contraintes li\u00e9es au rythme scolaire.<\/span><\/p>\n<p>Les professeurs et leurs classes seront bien \u00e9videmment nos partenaires privil\u00e9gi\u00e9s :<\/p>\n<ul>\n<li><span style=\"color: #000080;\">En physique-chimie<\/span> : la sant\u00e9 sera trait\u00e9e au travers des cons\u00e9quences de la pollution de l&rsquo;air sur l&rsquo;homme. Nous pourrons \u00e9galement \u00e9tudier la composition de l&rsquo;air, les types de polluants, la mesure de la pollution et les \u00e9nergies.<\/li>\n<li><span style=\"color: #000080;\">En sciences et vie de la terre<\/span> : les cons\u00e9quences de la pollution de l&rsquo;air sur l&rsquo;Homme et sur la Terre, ainsi que les solutions envisageables. Apprendre \u00e0 exercer sa responsabilit\u00e9 en mati\u00e8re de sant\u00e9 et d&rsquo;environnement.<\/li>\n<li><span style=\"color: #000080;\">En histoire<\/span> : histoire de la pollution de l&rsquo;air, en lien avec la r\u00e9volution industrielle.<\/li>\n<li><span style=\"color: #000080;\">En g\u00e9ographie<\/span> : \u00e9tude des cons\u00e9quences de la pollution sur la Terre et des migrations climatiques.<\/li>\n<li><span style=\"color: #000080;\">En arts<\/span> : adaptation graphique des personnages, du support, du logo etc.<\/li>\n<li><span style=\"color: #000080;\">En science \u00e9conomiques et sociales<\/span> : les causes de la pollution de l&rsquo;air et le changement climatique.<\/li>\n<li><span style=\"color: #000080;\">En fran\u00e7ais<\/span> : travail sur le vocabulaire, la syntaxe, l&rsquo;orthographe et la reformulation des questions dans un langage adapt\u00e9 aux lyc\u00e9ens.<\/li>\n<li><span style=\"color: #000080;\">En math\u00e9matiques<\/span> : travail sur l&rsquo;\u00e9chelle de mesure des polluants et autour des capteurs.<\/li>\n<\/ul>\n<p><span style=\"color: #3366ff;\"><em>Et toute autre mati\u00e8re non cit\u00e9e pouvant s&rsquo;int\u00e9grer au projet&#8230;<\/em><\/span><\/p>\n<p><span style=\"color: #000080;\">Les infirmiers scolaires<\/span> qui souhaiteraient s&rsquo;impliquer dans cet enjeu de sant\u00e9 publique majeur et soutenir notre d\u00e9marche sont eux aussi sollicit\u00e9s. En 2015, nous avons form\u00e9 plus de 200 infirmiers scolaires \u00e0 l&rsquo;occasion des r\u00e9unions d\u00e9partementales de la profession organis\u00e9es par le Rectorat.<\/p>\n<div id=\"style-wpsecol-7a65c1bf-5bb5-9125-b457-4705bc5357d3\">\n<style>@media (max-width: 768px) {\n    #wpsecol-7a65c1bf-5bb5-9125-b457-4705bc5357d3 .csColumn {\n        display: block;\n        width: 100% !important;\n    }\n    #wpsecol-7a65c1bf-5bb5-9125-b457-4705bc5357d3 .csColumnGap {\n        display: none;\n    }\n}<\/style>\n<\/div>\n<div id=\"style-wpsecol-7b790b13-6004-90d7-841f-5b103e8ea902\">\n<style>@media (max-width: 768px) {\n    #wpsecol-7b790b13-6004-90d7-841f-5b103e8ea902 .csColumn {\n        display: block;\n        width: 100% !important;\n    }\n    #wpsecol-7b790b13-6004-90d7-841f-5b103e8ea902 .csColumnGap {\n        display: none;\n    }\n}<\/style>\n<\/div>\n<div id=\"style-wpsecol-5b8ed9ba-365c-f2b2-5970-bd20680d4f17\">\n<style>@media (max-width: 768px) {\n    #wpsecol-5b8ed9ba-365c-f2b2-5970-bd20680d4f17 .csColumn {\n        display: block;\n        width: 100% !important;\n    }\n    #wpsecol-5b8ed9ba-365c-f2b2-5970-bd20680d4f17 .csColumnGap {\n        display: none;\n    }\n}<\/style>\n<\/div>\n<div id=\"style-wpsecol-67a96f82-a1ad-8d5b-3afb-3fb1617317f8\">\n<style>@media (max-width: 768px) {\n    #wpsecol-67a96f82-a1ad-8d5b-3afb-3fb1617317f8 .csColumn {\n        display: block;\n        width: 100% !important;\n    }\n    #wpsecol-67a96f82-a1ad-8d5b-3afb-3fb1617317f8 .csColumnGap {\n        display: none;\n    }\n}<\/style>\n<\/div>\n<div id=\"style-wpsecol-0b8ef0a8-085e-e315-d9e7-ddd393e5f0f3\">\n<style>@media (max-width: 768px) {\n    #wpsecol-0b8ef0a8-085e-e315-d9e7-ddd393e5f0f3 .csColumn {\n        display: block;\n        width: 100% !important;\n    }\n    #wpsecol-0b8ef0a8-085e-e315-d9e7-ddd393e5f0f3 .csColumnGap {\n        display: none;\n    }\n}<\/style>\n<\/div>\n","protected":false},"excerpt":{"rendered":"<p>\u00a0 Fort de son succ\u00e8s, le programme L\u2019Air et Moi, plus sp\u00e9cifiquement adress\u00e9 jusque-l\u00e0 aux \u00e9coles, s\u2019adapte d\u00e9sormais aux lyc\u00e9es du territoire r\u00e9gional \u00e0 travers le programme \u00ab\u00a0L\u2019Air et Moi Lyc\u00e9e\u00a0\u00bb. Comme tout outil L\u2019Air et Moi, ce support fait l\u2019objet d\u2019une co-construction faisant intervenir trois comit\u00e9s : (p\u00e9dagogique et utilisateur (enseignants, animateurs, enfants\u2026), scientifique&hellip; <br \/> <a class=\"button small blue\" href=\"https:\/\/airandme.org\/fr\/telechargements-pour-lycees-page-privee\/\">Lire la suite<\/a><\/p>\n","protected":false},"author":1,"featured_media":0,"parent":0,"menu_order":0,"comment_status":"closed","ping_status":"closed","template":"","meta":{"footnotes":""},"class_list":["post-2653","page","type-page","status-publish","hentry"],"yoast_head":"<!-- This site is optimized with the Yoast SEO plugin v26.8 - https:\/\/yoast.com\/product\/yoast-seo-wordpress\/ -->\n<title>T\u00e9l\u00e9chargements pour lyc\u00e9es [Page priv\u00e9e]<\/title>\n<meta name=\"robots\" content=\"index, follow, max-snippet:-1, max-image-preview:large, max-video-preview:-1\" \/>\n<link rel=\"canonical\" href=\"https:\/\/airandme.org\/fr\/telechargements-pour-lycees-page-privee\/\" \/>\n<meta property=\"og:locale\" content=\"fr_FR\" \/>\n<meta property=\"og:locale:alternate\" content=\"en_US\" \/>\n<meta property=\"og:locale:alternate\" content=\"es\" \/>\n<meta property=\"og:locale:alternate\" content=\"it\" \/>\n<meta property=\"og:locale:alternate\" content=\"de\" \/>\n<meta property=\"og:locale:alternate\" content=\"ar\" \/>\n<meta property=\"og:locale:alternate\" content=\"da\" \/>\n<meta property=\"og:locale:alternate\" content=\"zh\" \/>\n<meta property=\"og:locale:alternate\" content=\"pl\" \/>\n<meta property=\"og:type\" content=\"article\" \/>\n<meta property=\"og:title\" content=\"T\u00e9l\u00e9chargements pour lyc\u00e9es [Page priv\u00e9e]\" \/>\n<meta property=\"og:description\" content=\"\u00a0 Fort de son succ\u00e8s, le programme L\u2019Air et Moi, plus sp\u00e9cifiquement adress\u00e9 jusque-l\u00e0 aux \u00e9coles, s\u2019adapte d\u00e9sormais aux lyc\u00e9es du territoire r\u00e9gional \u00e0 travers le programme \u00ab\u00a0L\u2019Air et Moi Lyc\u00e9e\u00a0\u00bb. Comme tout outil L\u2019Air et Moi, ce support fait l\u2019objet d\u2019une co-construction faisant intervenir trois comit\u00e9s : (p\u00e9dagogique et utilisateur (enseignants, animateurs, enfants\u2026), scientifique&hellip; Lire la suite\" \/>\n<meta property=\"og:url\" content=\"https:\/\/airandme.org\/fr\/telechargements-pour-lycees-page-privee\/\" \/>\n<meta property=\"og:site_name\" content=\"Air and Me.org\" \/>\n<meta property=\"article:publisher\" content=\"https:\/\/www.facebook.com\/lairetmoi\/\" \/>\n<meta property=\"article:modified_time\" content=\"2020-11-17T18:58:26+00:00\" \/>\n<meta property=\"og:image\" content=\"https:\/\/airandme.org\/wp-content\/plugins\/wp-smart-editor\/plugins\/columns\/img\/1x1-pixel.png\" \/>\n<meta name=\"twitter:card\" content=\"summary_large_image\" \/>\n<meta name=\"twitter:site\" content=\"@lairetmoi\" \/>\n<meta name=\"twitter:label1\" content=\"Dur\u00e9e de lecture estim\u00e9e\" \/>\n\t<meta name=\"twitter:data1\" content=\"2 minutes\" \/>\n<script type=\"application\/ld+json\" class=\"yoast-schema-graph\">{\"@context\":\"https:\/\/schema.org\",\"@graph\":[{\"@type\":\"WebPage\",\"@id\":\"https:\/\/airandme.org\/fr\/telechargements-pour-lycees-page-privee\/\",\"url\":\"https:\/\/airandme.org\/fr\/telechargements-pour-lycees-page-privee\/\",\"name\":\"T\u00e9l\u00e9chargements pour lyc\u00e9es [Page priv\u00e9e]\",\"isPartOf\":{\"@id\":\"https:\/\/airandme.org\/#website\"},\"primaryImageOfPage\":{\"@id\":\"https:\/\/airandme.org\/fr\/telechargements-pour-lycees-page-privee\/#primaryimage\"},\"image\":{\"@id\":\"https:\/\/airandme.org\/fr\/telechargements-pour-lycees-page-privee\/#primaryimage\"},\"thumbnailUrl\":\"https:\/\/airandme.org\/wp-content\/plugins\/wp-smart-editor\/plugins\/columns\/img\/1x1-pixel.png\",\"datePublished\":\"2020-11-16T14:30:05+00:00\",\"dateModified\":\"2020-11-17T18:58:26+00:00\",\"breadcrumb\":{\"@id\":\"https:\/\/airandme.org\/fr\/telechargements-pour-lycees-page-privee\/#breadcrumb\"},\"inLanguage\":\"fr-FR\",\"potentialAction\":[{\"@type\":\"ReadAction\",\"target\":[\"https:\/\/airandme.org\/fr\/telechargements-pour-lycees-page-privee\/\"]}]},{\"@type\":\"ImageObject\",\"inLanguage\":\"fr-FR\",\"@id\":\"https:\/\/airandme.org\/fr\/telechargements-pour-lycees-page-privee\/#primaryimage\",\"url\":\"https:\/\/airandme.org\/wp-content\/plugins\/wp-smart-editor\/plugins\/columns\/img\/1x1-pixel.png\",\"contentUrl\":\"https:\/\/airandme.org\/wp-content\/plugins\/wp-smart-editor\/plugins\/columns\/img\/1x1-pixel.png\"},{\"@type\":\"BreadcrumbList\",\"@id\":\"https:\/\/airandme.org\/fr\/telechargements-pour-lycees-page-privee\/#breadcrumb\",\"itemListElement\":[{\"@type\":\"ListItem\",\"position\":1,\"name\":\"Accueil\",\"item\":\"https:\/\/airandme.org\/\"},{\"@type\":\"ListItem\",\"position\":2,\"name\":\"T\u00e9l\u00e9chargements pour lyc\u00e9es [Page priv\u00e9e]\"}]},{\"@type\":\"WebSite\",\"@id\":\"https:\/\/airandme.org\/#website\",\"url\":\"https:\/\/airandme.org\/\",\"name\":\"Air and Me\",\"description\":\"\",\"publisher\":{\"@id\":\"https:\/\/airandme.org\/#organization\"},\"potentialAction\":[{\"@type\":\"SearchAction\",\"target\":{\"@type\":\"EntryPoint\",\"urlTemplate\":\"https:\/\/airandme.org\/?s={search_term_string}\"},\"query-input\":{\"@type\":\"PropertyValueSpecification\",\"valueRequired\":true,\"valueName\":\"search_term_string\"}}],\"inLanguage\":\"fr-FR\"},{\"@type\":\"Organization\",\"@id\":\"https:\/\/airandme.org\/#organization\",\"name\":\"F\u00e9d\u00e9ration L'Air et Moi\",\"url\":\"https:\/\/airandme.org\/\",\"logo\":{\"@type\":\"ImageObject\",\"inLanguage\":\"fr-FR\",\"@id\":\"https:\/\/airandme.org\/#\/schema\/logo\/image\/\",\"url\":\"https:\/\/airandme.org\/wp-content\/uploads\/2018\/03\/AAME_.png\",\"contentUrl\":\"https:\/\/airandme.org\/wp-content\/uploads\/2018\/03\/AAME_.png\",\"width\":441,\"height\":179,\"caption\":\"F\u00e9d\u00e9ration L'Air et Moi\"},\"image\":{\"@id\":\"https:\/\/airandme.org\/#\/schema\/logo\/image\/\"},\"sameAs\":[\"https:\/\/www.facebook.com\/lairetmoi\/\",\"https:\/\/x.com\/lairetmoi\",\"https:\/\/www.youtube.com\/channel\/UCcguTqo1uDOSJcik4GveZhw\"]}]}<\/script>\n<!-- \/ Yoast SEO plugin. -->","yoast_head_json":{"title":"T\u00e9l\u00e9chargements pour lyc\u00e9es [Page priv\u00e9e]","robots":{"index":"index","follow":"follow","max-snippet":"max-snippet:-1","max-image-preview":"max-image-preview:large","max-video-preview":"max-video-preview:-1"},"canonical":"https:\/\/airandme.org\/fr\/telechargements-pour-lycees-page-privee\/","og_locale":"fr_FR","og_type":"article","og_title":"[:en]Brouillon auto[:fr]T\u00e9l\u00e9chargements pour lyc\u00e9es [Page priv\u00e9e][:] &#183; Air and Me.org","og_description":"\u00a0 Fort de son succ\u00e8s, le programme L\u2019Air et Moi, plus sp\u00e9cifiquement adress\u00e9 jusque-l\u00e0 aux \u00e9coles, s\u2019adapte d\u00e9sormais aux lyc\u00e9es du territoire r\u00e9gional \u00e0 travers le programme \u00ab\u00a0L\u2019Air et Moi Lyc\u00e9e\u00a0\u00bb. Comme tout outil L\u2019Air et Moi, ce support fait l\u2019objet d\u2019une co-construction faisant intervenir trois comit\u00e9s : (p\u00e9dagogique et utilisateur (enseignants, animateurs, enfants\u2026), scientifique&hellip; Lire la suite","og_url":"https:\/\/airandme.org\/fr\/telechargements-pour-lycees-page-privee\/","og_site_name":"Air and Me.org","article_publisher":"https:\/\/www.facebook.com\/lairetmoi\/","article_modified_time":"2020-11-17T18:58:26+00:00","og_image":[{"url":"https:\/\/airandme.org\/wp-content\/plugins\/wp-smart-editor\/plugins\/columns\/img\/1x1-pixel.png","type":"","width":"","height":""}],"twitter_card":"summary_large_image","twitter_site":"@lairetmoi","twitter_misc":{"Dur\u00e9e de lecture estim\u00e9e":"2 minutes"},"schema":{"@context":"https:\/\/schema.org","@graph":[{"@type":"WebPage","@id":"https:\/\/airandme.org\/fr\/telechargements-pour-lycees-page-privee\/","url":"https:\/\/airandme.org\/fr\/telechargements-pour-lycees-page-privee\/","name":"T\u00e9l\u00e9chargements pour lyc\u00e9es [Page priv\u00e9e]","isPartOf":{"@id":"https:\/\/airandme.org\/#website"},"primaryImageOfPage":{"@id":"https:\/\/airandme.org\/fr\/telechargements-pour-lycees-page-privee\/#primaryimage"},"image":{"@id":"https:\/\/airandme.org\/fr\/telechargements-pour-lycees-page-privee\/#primaryimage"},"thumbnailUrl":"https:\/\/airandme.org\/wp-content\/plugins\/wp-smart-editor\/plugins\/columns\/img\/1x1-pixel.png","datePublished":"2020-11-16T14:30:05+00:00","dateModified":"2020-11-17T18:58:26+00:00","breadcrumb":{"@id":"https:\/\/airandme.org\/fr\/telechargements-pour-lycees-page-privee\/#breadcrumb"},"inLanguage":"fr-FR","potentialAction":[{"@type":"ReadAction","target":["https:\/\/airandme.org\/fr\/telechargements-pour-lycees-page-privee\/"]}]},{"@type":"ImageObject","inLanguage":"fr-FR","@id":"https:\/\/airandme.org\/fr\/telechargements-pour-lycees-page-privee\/#primaryimage","url":"https:\/\/airandme.org\/wp-content\/plugins\/wp-smart-editor\/plugins\/columns\/img\/1x1-pixel.png","contentUrl":"https:\/\/airandme.org\/wp-content\/plugins\/wp-smart-editor\/plugins\/columns\/img\/1x1-pixel.png"},{"@type":"BreadcrumbList","@id":"https:\/\/airandme.org\/fr\/telechargements-pour-lycees-page-privee\/#breadcrumb","itemListElement":[{"@type":"ListItem","position":1,"name":"Accueil","item":"https:\/\/airandme.org\/"},{"@type":"ListItem","position":2,"name":"T\u00e9l\u00e9chargements pour lyc\u00e9es [Page priv\u00e9e]"}]},{"@type":"WebSite","@id":"https:\/\/airandme.org\/#website","url":"https:\/\/airandme.org\/","name":"Air and Me","description":"","publisher":{"@id":"https:\/\/airandme.org\/#organization"},"potentialAction":[{"@type":"SearchAction","target":{"@type":"EntryPoint","urlTemplate":"https:\/\/airandme.org\/?s={search_term_string}"},"query-input":{"@type":"PropertyValueSpecification","valueRequired":true,"valueName":"search_term_string"}}],"inLanguage":"fr-FR"},{"@type":"Organization","@id":"https:\/\/airandme.org\/#organization","name":"F\u00e9d\u00e9ration L'Air et Moi","url":"https:\/\/airandme.org\/","logo":{"@type":"ImageObject","inLanguage":"fr-FR","@id":"https:\/\/airandme.org\/#\/schema\/logo\/image\/","url":"https:\/\/airandme.org\/wp-content\/uploads\/2018\/03\/AAME_.png","contentUrl":"https:\/\/airandme.org\/wp-content\/uploads\/2018\/03\/AAME_.png","width":441,"height":179,"caption":"F\u00e9d\u00e9ration L'Air et Moi"},"image":{"@id":"https:\/\/airandme.org\/#\/schema\/logo\/image\/"},"sameAs":["https:\/\/www.facebook.com\/lairetmoi\/","https:\/\/x.com\/lairetmoi","https:\/\/www.youtube.com\/channel\/UCcguTqo1uDOSJcik4GveZhw"]}]}},"_links":{"self":[{"href":"https:\/\/airandme.org\/fr\/wp-json\/wp\/v2\/pages\/2653","targetHints":{"allow":["GET"]}}],"collection":[{"href":"https:\/\/airandme.org\/fr\/wp-json\/wp\/v2\/pages"}],"about":[{"href":"https:\/\/airandme.org\/fr\/wp-json\/wp\/v2\/types\/page"}],"author":[{"embeddable":true,"href":"https:\/\/airandme.org\/fr\/wp-json\/wp\/v2\/users\/1"}],"replies":[{"embeddable":true,"href":"https:\/\/airandme.org\/fr\/wp-json\/wp\/v2\/comments?post=2653"}],"version-history":[{"count":0,"href":"https:\/\/airandme.org\/fr\/wp-json\/wp\/v2\/pages\/2653\/revisions"}],"wp:attachment":[{"href":"https:\/\/airandme.org\/fr\/wp-json\/wp\/v2\/media?parent=2653"}],"curies":[{"name":"wp","href":"https:\/\/api.w.org\/{rel}","templated":true}]}}