{"id":1944,"date":"2020-04-30T23:55:13","date_gmt":"2020-04-30T21:55:13","guid":{"rendered":"https:\/\/airandme.org\/fr\/?page_id=1944"},"modified":"2020-09-30T12:39:08","modified_gmt":"2020-09-30T10:39:08","slug":"presse-virus-et-nous","status":"publish","type":"page","link":"https:\/\/airandme.org\/fr\/presse-virus-et-nous\/","title":{"rendered":"presse-virus-et-nous"},"content":{"rendered":"<p><img fetchpriority=\"high\" decoding=\"async\" class=\"aligncenter wp-image-1979 \" src=\"https:\/\/airandme.org\/wp-content\/uploads\/2020\/05\/logo-vecteur-1024x965.png\" alt=\"\" width=\"303\" height=\"286\" srcset=\"https:\/\/airandme.org\/wp-content\/uploads\/2020\/05\/logo-vecteur-1024x965.png 1024w, https:\/\/airandme.org\/wp-content\/uploads\/2020\/05\/logo-vecteur-300x283.png 300w, https:\/\/airandme.org\/wp-content\/uploads\/2020\/05\/logo-vecteur-768x724.png 768w, https:\/\/airandme.org\/wp-content\/uploads\/2020\/05\/logo-vecteur-1146x1080.png 1146w, https:\/\/airandme.org\/wp-content\/uploads\/2020\/05\/logo-vecteur.png 1163w\" sizes=\"(max-width: 303px) 100vw, 303px\" \/><\/p>\n<h2 style=\"text-align: center;\"><span style=\"color: #000000;\"><span style=\"color: #ff0000;\">I<span style=\"color: #000000;\">nvitation presse :<br \/><span style=\"color: #000080;\">Les Virus et Nous pour lutter ensemble contre le COVID-19<\/span> <br \/><\/span><\/span><\/span><\/h2>\n<p style=\"text-align: center;\"><strong>Un programme de sensibilisation pour comprendre la pand\u00e9mie du Coronavirus<\/strong><\/p>\n<p style=\"text-align: center;\"><strong><span style=\"color: #000080;\">Contact presse :<\/span><img decoding=\"async\" class=\"alignnone wp-image-1950 size-full\" src=\"https:\/\/airandme.org\/wp-content\/uploads\/2020\/05\/cnct.png\" alt=\"\" width=\"106\" height=\"23\" \/><a href=\"https:\/\/www.facebook.com\/LES-VIRUS-ET-NOUS-107918594243175\/\"> <img decoding=\"async\" class=\"alignnone  wp-image-2032\" src=\"https:\/\/airandme.org\/wp-content\/uploads\/2020\/05\/facebook.png\" alt=\"\" width=\"27\" height=\"27\" \/>Page Facebook<\/a><\/strong><\/p>\n<p style=\"text-align: center;\"><strong>Mardi 18 ao\u00fbt 2020 \u00e0 10h30<\/strong> \u00e0 la F\u00e9d\u00e9ration L\u2019Air et Moi, <br \/><strong>25 rue Falque, 13006 Marseille<\/strong> <br \/>(M\u00e9tro M1\/M2 et Tram T3 : Castellane)<br \/><span style=\"color: #000080;\">Possibilit\u00e9 de connexion par Visio-conf\u00e9rence<\/span><\/p>\n<p>J\u2019ai le plaisir, en qualit\u00e9 de Pr\u00e9sident de la F\u00e9d\u00e9ration L\u2019Air et Moi et cr\u00e9ateur du programme \u00ab\u00a0Les Virus et Nous\u00a0\u00bb, de vous convier \u00e0 une conf\u00e9rence de presse pour vous pr\u00e9senter l\u2019ensemble du programme p\u00e9dagogique \u00ab\u00a0<a href=\"https:\/\/airandme.org\/fr\/les-virus-et-nous\/\"><strong>Les Virus et Nous<\/strong>\u00a0\u00bb<\/a> lanc\u00e9 \u00e0 l\u2019occasion de cette rentr\u00e9e scolaire bien singuli\u00e8re.<\/p>\n<p>L\u2019exp\u00e9rience et l\u2019expertise acquises depuis plus de dix ans avec le programme \u00ab\u00a0L\u2019Air et Moi\u00a0\u00bb ont permis de d\u00e9velopper rapidement le programme <strong>\u00ab\u00a0<\/strong><a href=\"https:\/\/airandme.org\/fr\/les-virus-et-nous\/\"><strong>Les Virus et Nous\u00a0<\/strong><\/a><strong>\u00bb.<\/strong><\/p>\n<p>Pour cette rentr\u00e9e scolaire, la F\u00e9d\u00e9ration L\u2019Air et Moi lance deux actions concr\u00e8tes\u00a0:<\/p>\n<ul>\n<li>La mise \u00e0 disposition sur airandme.org de nouveaux outils t\u00e9l\u00e9chargeables gratuitement pour <strong>les \u00e9coles primaires et les coll\u00e8ges<\/strong><\/li>\n<li>Le lancement, avec le soutien de la R\u00e9gion Sud Provence-Alpes-C\u00f4te d\u2019Azur, du projet \u00ab\u00a0<strong>VirusLoquence\u00a0\u00bb<\/strong>pour d\u00e9couvrir \u00ab\u00a0Les Virus et Nous\u00a0\u00bb \u00e0 travers l\u2019apprentissage de l\u2019\u00e9loquence, de jeux cr\u00e9atifs et de jeux de r\u00f4le. \u00ab\u00a0VirusLoquence\u00a0\u00bb a \u00e9t\u00e9 cr\u00e9\u00e9 sur le mod\u00e8le <a href=\"https:\/\/www.psychodebats.fr\/wp-content\/uploads\/2019\/05\/vh20191005-LyceeMistral-LaProv.pdf\">d\u2019AirLoquence<\/a> pour rendre les lyc\u00e9ens concern\u00e9s, acteurs de la lutte contre le coronavirus<\/li>\n<\/ul>\n<p>La conf\u00e9rence de presse se d\u00e9roulera avec la participation\u00a0de :<\/p>\n<ul>\n<li>Dominique Robin, Directeur d\u2019<a href=\"https:\/\/www.atmosud.org\/\">AtmoSud<\/a><\/li>\n<li>Francis Charlet, M\u00e9decin de Sant\u00e9 Publique, Ex-responsable de la veille sanitaire PACA<\/li>\n<li>Mariem Bouaziz, Professeur du Lyc\u00e9e Diderot \u00e0 Marseille<\/li>\n<li>Christel Grosjean, professeur \u00e0 l\u2019\u00e9cole Fran\u00e7ois Moisson<\/li>\n<\/ul>\n<p>&nbsp;<\/p>\n<p>Si certains m\u00e9dias le souhaitent, nous pourrions organiser une animation dans un centre a\u00e9r\u00e9 par exemple, dans le respect des consignes sanitaires.<\/p>\n<p>Merci de confirmer votre pr\u00e9sence au <strong><img decoding=\"async\" class=\"alignnone wp-image-1950 size-full\" src=\"https:\/\/airandme.org\/wp-content\/uploads\/2020\/05\/cnct.png\" alt=\"\" width=\"106\" height=\"23\" \/><\/strong><\/p>\n<h2 style=\"text-align: center;\">En savoir plus\u00a0: Les Virus et Nous et VirusLoquence<\/h2>\n<p>Depuis janvier 2020, une \u00e9pid\u00e9mie de Coronavirus (COVID 19) se propage \u00e0 travers tous les continents. L\u2019efficacit\u00e9 des mesures prises par les pouvoirs publics d\u00e9pend largement, comme sur la plupart des sujets, de la bonne compr\u00e9hension des enjeux et du sens des actions demand\u00e9es. <strong>L\u2019information des citoyens et le d\u00e9cryptage <\/strong>du sens des mesures prises sont <strong>des points faibles de la lutte contre l\u2019\u00e9pid\u00e9mie<\/strong>.\u00a0 Sans une sensibilisation et une action p\u00e9dagogique vers les enfants, les jeunes, souvent point\u00e9s comme les vecteurs asymptomatiques de la maladie, nous risquons fortement de vivre une seconde vague, avec de graves cons\u00e9quences sanitaires et \u00e9conomiques pour tous.<\/p>\n<p>La pand\u00e9mie de Covid-19 a tu\u00e9 pr\u00e8s de 800 000 personnes dans le monde et continue de tuer aujourd\u2019hui. Nous devons tout faire pour la ma\u00eetriser. C\u2019est d\u00e9sormais aux citoyens de prendre conscience du danger pour chacun d\u2019entre nous. Une culture du risque face au COVID-19 devient imp\u00e9rative.<\/p>\n<p>Selon l\u2019INSEE, les moins de 19 ans repr\u00e9sentent pr\u00e8s de 16 millions de personnes en 2020, soit environ 18% de la population fran\u00e7aise. Leur participation, \u00e0 travers l\u2019adoption des bonnes pratiques mais \u00e9galement comme promoteurs des \u00ab\u00a0bons gestes\u00a0\u00bb aupr\u00e8s de l\u2019ensemble de la population, sont des \u00e9l\u00e9ments clefs de l\u2019action port\u00e9e par la F\u00e9d\u00e9ration L\u2019Air et Moi avec ce nouveau programme.<\/p>\n<p>\u00ab\u00a0Les Virus et Nous\u00a0\u00bb, t\u00e9l\u00e9chargeable gratuitement, a \u00e9t\u00e9 r\u00e9alis\u00e9 dans un esprit de partage, de coop\u00e9ration et de solidarit\u00e9. La Fondation Anna Lindh (FAL), dont le r\u00e9seau international compte 42 pays, participe aux adaptations et traductions de ce programme pour favoriser sa diffusion aupr\u00e8s d\u2019un large public. Ce programme est \u00e9galement soutenu par AtmoSud et l\u2019ARS Provence-Alpes-C\u00f4te d\u2019Azur.<\/p>\n<p>\u00ab\u00a0Les Virus et Nous\u00a0\u00bb a pour vocation d\u2019aider les parents, les adultes et les enseignants \u00e0 expliquer la crise sanitaire et le confinement aux enfants, \u00e0 les rassurer\u2026 et surtout \u00e0 leur donner l\u2019envie de se pr\u00e9parer \u00e0 une \u00e9ventuelle deuxi\u00e8me vague et d\u2019agir pour la protection de tous.<\/p>\n<p>\u00ab\u00a0Les Virus et Nous\u00a0\u00bb, s\u2019adresse aux \u00e9coliers de 6 \u00e0 9 ans, de 9 \u00e0 12 ans et aussi aux coll\u00e9giens \u00e0 partir de 12 ans.<\/p>\n<p>Gr\u00e2ce \u00e0 sa d\u00e9clinaison \u00ab\u00a0VirusLoquence\u00a0\u00bb inspir\u00e9e de la r\u00e9ussite d\u2019AirLoquence (<a href=\"https:\/\/www.facebook.com\/lairetmoi\/videos\/273994986882561\/\">FR3<\/a>), les jeunes sont invit\u00e9s \u00e0 d\u00e9velopper leur cr\u00e9ativit\u00e9 et le rire, \u00e0 oser prendre la parole en public tout en s\u2019emparant des bons gestes Covid.<\/p>\n<p>Les plus jeunes se posent en effet une multitude de questions sur la pand\u00e9mie, qui peut leur faire peur. L\u2019animation propose justement de les aider concr\u00e8tement, toujours de mani\u00e8re ludique, \u00e0 comprendre et traverser cette crise sanitaire.\u00a0 L\u2019outil p\u00e9dagogique a \u00e9t\u00e9 pens\u00e9 pour \u00e9changer sur le ressenti de l\u2019enfant face au virus. Il r\u00e9pond \u00e0 des questions pr\u00e9cises : qu\u2019est-ce qu\u2019un virus ? Comment se d\u00e9veloppe-t-il ? Qu\u2019est-ce qui se cache derri\u00e8re le Covid-19 ? Comment se transmettent les virus ? Quels en sont les sympt\u00f4mes\u00a0? Quels sont les gestes \u00e0 adopter pour \u00e9viter la contagion ? Quels sont les diff\u00e9rents traitements ou tests en cours ?<\/p>\n<p>L\u2019objectif est ici de d\u00e9dramatiser la situation mais surtout de\u00a0sensibiliser au fait que le virus est toujours parmi nous, que nous pouvons vivre avec sans trop de craintes si nous adoptons bien les bons gestes, pour soi et pour les autres.<\/p>\n<p>&nbsp;<\/p>\n<ul>\n<li><strong>Les Virus et Nous\u00a0: <\/strong><a href=\"https:\/\/airandme.org\/fr\/temoignages-les-virus-et-nous\/\"><strong>t\u00e9moignages<\/strong><\/a><\/li>\n<\/ul>\n<p>&nbsp;<\/p>\n<ul>\n<li><strong><u>Les Virus et Nous, un programme construit sur le mod\u00e8le de \u00ab\u00a0L\u2019Air et Moi\u00a0\u00bb<\/u><\/strong><\/li>\n<\/ul>\n<p>&nbsp;<\/p>\n<p>\u00ab L\u2019Air et Moi \u00bb a d\u00e9j\u00e0 sensibilis\u00e9 plus de 500\u00a0000 enfants, de l\u2019\u00e9cole primaire au lyc\u00e9e, \u00e0 la qualit\u00e9 de l\u2019air. Il a re\u00e7u le soutien d\u2019AtmoSud, de l\u2019Union Europ\u00e9enne, de l\u2019ARS, de la R\u00e9gion Sud et d\u00e9sormais du d\u00e9partement des Bouches-du-Rh\u00f4ne. Ce programme se compose de plusieurs supports p\u00e9dagogiques sur le th\u00e8me de la pollution de l\u2019air\u00a0: diaporamas, quiz, vid\u00e9os, travaux pratiques\u2026 Traduit en 14 langues, il accompagne les enseignants, les parents, les animateurs, les collectivit\u00e9s et les institutions \u00e0 rendre les jeunes acteurs de la protection de l\u2019air sur leur territoire.<\/p>\n<p style=\"text-align: center;\"><strong><br \/><\/strong><img loading=\"lazy\" decoding=\"async\" class=\"alignnone  wp-image-1920\" src=\"https:\/\/airandme.org\/wp-content\/uploads\/2020\/04\/launchDiapo-150x150.png\" alt=\"\" width=\"25\" height=\"25\" srcset=\"https:\/\/airandme.org\/wp-content\/uploads\/2020\/04\/launchDiapo-150x150.png 150w, https:\/\/airandme.org\/wp-content\/uploads\/2020\/04\/launchDiapo-300x300.png 300w, https:\/\/airandme.org\/wp-content\/uploads\/2020\/04\/launchDiapo.png 512w\" sizes=\"(max-width: 25px) 100vw, 25px\" \/><a href=\"https:\/\/airandme.org\/fr\/les-virus-et-nous\/\">T\u00e9l\u00e9charger \/ Voir la diaporama interactive<\/a><\/p>\n<div class='w3eden'><!-- WPDM Link Template: Default Template -->\n\n<div class=\"link-template-default card mb-2\">\n    <div class=\"card-body\">\n        <div class=\"media\">\n            <div class=\"mr-3 img-48\"><img decoding=\"async\" class=\"wpdm_icon\" alt=\"Ic\u00f4ne\"   src=\"https:\/\/airandme.org\/wp-content\/plugins\/download-manager\/assets\/file-type-icons\/pdf.svg\" \/><\/div>\n            <div class=\"media-body\">\n                <h3 class=\"package-title\"><a href='https:\/\/airandme.org\/fr\/download\/lvn-presse-18-08-2020\/'>LVN-Presse : 18-08-2020<\/a><\/h3>\n                <div class=\"text-muted text-small\"><i class=\"fas fa-copy\"><\/i> 1 fichier\u00b7s <i class=\"fas fa-hdd ml-3\"><\/i> 297.04 KB<\/div>\n            <\/div>\n            <div class=\"ml-3\">\n                <a class='wpdm-download-link download-on-click btn btn-info ' rel='nofollow' href='#' data-downloadurl=\"https:\/\/airandme.org\/fr\/download\/lvn-presse-18-08-2020\/?wpdmdl=2419&refresh=69e72fcc696311776758732\">T\u00e9l\u00e9charger<\/a>\n            <\/div>\n        <\/div>\n    <\/div>\n<\/div>\n\n<\/div>\n","protected":false},"excerpt":{"rendered":"<p>Invitation presse :Les Virus et Nous pour lutter ensemble contre le COVID-19 Un programme de sensibilisation pour comprendre la pand\u00e9mie du Coronavirus Contact presse : Page Facebook Mardi 18 ao\u00fbt 2020 \u00e0 10h30 \u00e0 la F\u00e9d\u00e9ration L\u2019Air et Moi, 25 rue Falque, 13006 Marseille (M\u00e9tro M1\/M2 et Tram T3 : Castellane)Possibilit\u00e9 de connexion par Visio-conf\u00e9rence&hellip; <br \/> <a class=\"button small blue\" href=\"https:\/\/airandme.org\/fr\/presse-virus-et-nous\/\">Lire la suite<\/a><\/p>\n","protected":false},"author":1,"featured_media":0,"parent":0,"menu_order":0,"comment_status":"closed","ping_status":"closed","template":"","meta":{"footnotes":""},"class_list":["post-1944","page","type-page","status-publish","hentry"],"yoast_head":"<!-- This site is optimized with the Yoast SEO plugin v26.8 - https:\/\/yoast.com\/product\/yoast-seo-wordpress\/ -->\n<title>presse-virus-et-nous<\/title>\n<meta name=\"robots\" content=\"index, follow, max-snippet:-1, max-image-preview:large, max-video-preview:-1\" \/>\n<link rel=\"canonical\" href=\"https:\/\/airandme.org\/fr\/presse-virus-et-nous\/\" \/>\n<meta property=\"og:locale\" content=\"fr_FR\" \/>\n<meta property=\"og:locale:alternate\" content=\"en_US\" \/>\n<meta property=\"og:locale:alternate\" content=\"es\" \/>\n<meta property=\"og:locale:alternate\" content=\"it\" \/>\n<meta property=\"og:locale:alternate\" content=\"de\" \/>\n<meta property=\"og:locale:alternate\" content=\"ar\" \/>\n<meta property=\"og:locale:alternate\" content=\"da\" \/>\n<meta property=\"og:locale:alternate\" content=\"zh\" \/>\n<meta property=\"og:locale:alternate\" content=\"pl\" \/>\n<meta property=\"og:type\" content=\"article\" \/>\n<meta property=\"og:title\" content=\"presse-virus-et-nous\" \/>\n<meta property=\"og:description\" content=\"Invitation presse :Les Virus et Nous pour lutter ensemble contre le COVID-19 Un programme de sensibilisation pour comprendre la pand\u00e9mie du Coronavirus Contact presse : Page Facebook Mardi 18 ao\u00fbt 2020 \u00e0 10h30 \u00e0 la F\u00e9d\u00e9ration L\u2019Air et Moi, 25 rue Falque, 13006 Marseille (M\u00e9tro M1\/M2 et Tram T3 : Castellane)Possibilit\u00e9 de connexion par Visio-conf\u00e9rence&hellip; Lire la suite\" \/>\n<meta property=\"og:url\" content=\"https:\/\/airandme.org\/fr\/presse-virus-et-nous\/\" \/>\n<meta property=\"og:site_name\" content=\"Air and Me.org\" \/>\n<meta property=\"article:publisher\" content=\"https:\/\/www.facebook.com\/lairetmoi\/\" \/>\n<meta property=\"article:modified_time\" content=\"2020-09-30T10:39:08+00:00\" \/>\n<meta property=\"og:image\" content=\"https:\/\/airandme.org\/wp-content\/uploads\/2020\/05\/logo-vecteur-1024x965.png\" \/>\n<meta name=\"twitter:card\" content=\"summary_large_image\" \/>\n<meta name=\"twitter:site\" content=\"@lairetmoi\" \/>\n<meta name=\"twitter:label1\" content=\"Dur\u00e9e de lecture estim\u00e9e\" \/>\n\t<meta name=\"twitter:data1\" content=\"5 minutes\" \/>\n<script type=\"application\/ld+json\" class=\"yoast-schema-graph\">{\"@context\":\"https:\/\/schema.org\",\"@graph\":[{\"@type\":\"WebPage\",\"@id\":\"https:\/\/airandme.org\/fr\/presse-virus-et-nous\/\",\"url\":\"https:\/\/airandme.org\/fr\/presse-virus-et-nous\/\",\"name\":\"presse-virus-et-nous\",\"isPartOf\":{\"@id\":\"https:\/\/airandme.org\/#website\"},\"primaryImageOfPage\":{\"@id\":\"https:\/\/airandme.org\/fr\/presse-virus-et-nous\/#primaryimage\"},\"image\":{\"@id\":\"https:\/\/airandme.org\/fr\/presse-virus-et-nous\/#primaryimage\"},\"thumbnailUrl\":\"https:\/\/airandme.org\/wp-content\/uploads\/2020\/05\/logo-vecteur-1024x965.png\",\"datePublished\":\"2020-04-30T21:55:13+00:00\",\"dateModified\":\"2020-09-30T10:39:08+00:00\",\"breadcrumb\":{\"@id\":\"https:\/\/airandme.org\/fr\/presse-virus-et-nous\/#breadcrumb\"},\"inLanguage\":\"fr-FR\",\"potentialAction\":[{\"@type\":\"ReadAction\",\"target\":[\"https:\/\/airandme.org\/fr\/presse-virus-et-nous\/\"]}]},{\"@type\":\"ImageObject\",\"inLanguage\":\"fr-FR\",\"@id\":\"https:\/\/airandme.org\/fr\/presse-virus-et-nous\/#primaryimage\",\"url\":\"https:\/\/airandme.org\/wp-content\/uploads\/2020\/05\/logo-vecteur-1024x965.png\",\"contentUrl\":\"https:\/\/airandme.org\/wp-content\/uploads\/2020\/05\/logo-vecteur-1024x965.png\"},{\"@type\":\"BreadcrumbList\",\"@id\":\"https:\/\/airandme.org\/fr\/presse-virus-et-nous\/#breadcrumb\",\"itemListElement\":[{\"@type\":\"ListItem\",\"position\":1,\"name\":\"Accueil\",\"item\":\"https:\/\/airandme.org\/\"},{\"@type\":\"ListItem\",\"position\":2,\"name\":\"presse-virus-et-nous\"}]},{\"@type\":\"WebSite\",\"@id\":\"https:\/\/airandme.org\/#website\",\"url\":\"https:\/\/airandme.org\/\",\"name\":\"Air and Me\",\"description\":\"\",\"publisher\":{\"@id\":\"https:\/\/airandme.org\/#organization\"},\"potentialAction\":[{\"@type\":\"SearchAction\",\"target\":{\"@type\":\"EntryPoint\",\"urlTemplate\":\"https:\/\/airandme.org\/?s={search_term_string}\"},\"query-input\":{\"@type\":\"PropertyValueSpecification\",\"valueRequired\":true,\"valueName\":\"search_term_string\"}}],\"inLanguage\":\"fr-FR\"},{\"@type\":\"Organization\",\"@id\":\"https:\/\/airandme.org\/#organization\",\"name\":\"F\u00e9d\u00e9ration L'Air et Moi\",\"url\":\"https:\/\/airandme.org\/\",\"logo\":{\"@type\":\"ImageObject\",\"inLanguage\":\"fr-FR\",\"@id\":\"https:\/\/airandme.org\/#\/schema\/logo\/image\/\",\"url\":\"https:\/\/airandme.org\/wp-content\/uploads\/2018\/03\/AAME_.png\",\"contentUrl\":\"https:\/\/airandme.org\/wp-content\/uploads\/2018\/03\/AAME_.png\",\"width\":441,\"height\":179,\"caption\":\"F\u00e9d\u00e9ration L'Air et Moi\"},\"image\":{\"@id\":\"https:\/\/airandme.org\/#\/schema\/logo\/image\/\"},\"sameAs\":[\"https:\/\/www.facebook.com\/lairetmoi\/\",\"https:\/\/x.com\/lairetmoi\",\"https:\/\/www.youtube.com\/channel\/UCcguTqo1uDOSJcik4GveZhw\"]}]}<\/script>\n<!-- \/ Yoast SEO plugin. -->","yoast_head_json":{"title":"presse-virus-et-nous","robots":{"index":"index","follow":"follow","max-snippet":"max-snippet:-1","max-image-preview":"max-image-preview:large","max-video-preview":"max-video-preview:-1"},"canonical":"https:\/\/airandme.org\/fr\/presse-virus-et-nous\/","og_locale":"fr_FR","og_type":"article","og_title":"[:en]Brouillon auto[:fr]presse-virus-et-nous[:] &#183; Air and Me.org","og_description":"Invitation presse :Les Virus et Nous pour lutter ensemble contre le COVID-19 Un programme de sensibilisation pour comprendre la pand\u00e9mie du Coronavirus Contact presse : Page Facebook Mardi 18 ao\u00fbt 2020 \u00e0 10h30 \u00e0 la F\u00e9d\u00e9ration L\u2019Air et Moi, 25 rue Falque, 13006 Marseille (M\u00e9tro M1\/M2 et Tram T3 : Castellane)Possibilit\u00e9 de connexion par Visio-conf\u00e9rence&hellip; Lire la suite","og_url":"https:\/\/airandme.org\/fr\/presse-virus-et-nous\/","og_site_name":"Air and Me.org","article_publisher":"https:\/\/www.facebook.com\/lairetmoi\/","article_modified_time":"2020-09-30T10:39:08+00:00","og_image":[{"url":"https:\/\/airandme.org\/wp-content\/uploads\/2020\/05\/logo-vecteur-1024x965.png","type":"","width":"","height":""}],"twitter_card":"summary_large_image","twitter_site":"@lairetmoi","twitter_misc":{"Dur\u00e9e de lecture estim\u00e9e":"5 minutes"},"schema":{"@context":"https:\/\/schema.org","@graph":[{"@type":"WebPage","@id":"https:\/\/airandme.org\/fr\/presse-virus-et-nous\/","url":"https:\/\/airandme.org\/fr\/presse-virus-et-nous\/","name":"presse-virus-et-nous","isPartOf":{"@id":"https:\/\/airandme.org\/#website"},"primaryImageOfPage":{"@id":"https:\/\/airandme.org\/fr\/presse-virus-et-nous\/#primaryimage"},"image":{"@id":"https:\/\/airandme.org\/fr\/presse-virus-et-nous\/#primaryimage"},"thumbnailUrl":"https:\/\/airandme.org\/wp-content\/uploads\/2020\/05\/logo-vecteur-1024x965.png","datePublished":"2020-04-30T21:55:13+00:00","dateModified":"2020-09-30T10:39:08+00:00","breadcrumb":{"@id":"https:\/\/airandme.org\/fr\/presse-virus-et-nous\/#breadcrumb"},"inLanguage":"fr-FR","potentialAction":[{"@type":"ReadAction","target":["https:\/\/airandme.org\/fr\/presse-virus-et-nous\/"]}]},{"@type":"ImageObject","inLanguage":"fr-FR","@id":"https:\/\/airandme.org\/fr\/presse-virus-et-nous\/#primaryimage","url":"https:\/\/airandme.org\/wp-content\/uploads\/2020\/05\/logo-vecteur-1024x965.png","contentUrl":"https:\/\/airandme.org\/wp-content\/uploads\/2020\/05\/logo-vecteur-1024x965.png"},{"@type":"BreadcrumbList","@id":"https:\/\/airandme.org\/fr\/presse-virus-et-nous\/#breadcrumb","itemListElement":[{"@type":"ListItem","position":1,"name":"Accueil","item":"https:\/\/airandme.org\/"},{"@type":"ListItem","position":2,"name":"presse-virus-et-nous"}]},{"@type":"WebSite","@id":"https:\/\/airandme.org\/#website","url":"https:\/\/airandme.org\/","name":"Air and Me","description":"","publisher":{"@id":"https:\/\/airandme.org\/#organization"},"potentialAction":[{"@type":"SearchAction","target":{"@type":"EntryPoint","urlTemplate":"https:\/\/airandme.org\/?s={search_term_string}"},"query-input":{"@type":"PropertyValueSpecification","valueRequired":true,"valueName":"search_term_string"}}],"inLanguage":"fr-FR"},{"@type":"Organization","@id":"https:\/\/airandme.org\/#organization","name":"F\u00e9d\u00e9ration L'Air et Moi","url":"https:\/\/airandme.org\/","logo":{"@type":"ImageObject","inLanguage":"fr-FR","@id":"https:\/\/airandme.org\/#\/schema\/logo\/image\/","url":"https:\/\/airandme.org\/wp-content\/uploads\/2018\/03\/AAME_.png","contentUrl":"https:\/\/airandme.org\/wp-content\/uploads\/2018\/03\/AAME_.png","width":441,"height":179,"caption":"F\u00e9d\u00e9ration L'Air et Moi"},"image":{"@id":"https:\/\/airandme.org\/#\/schema\/logo\/image\/"},"sameAs":["https:\/\/www.facebook.com\/lairetmoi\/","https:\/\/x.com\/lairetmoi","https:\/\/www.youtube.com\/channel\/UCcguTqo1uDOSJcik4GveZhw"]}]}},"_links":{"self":[{"href":"https:\/\/airandme.org\/fr\/wp-json\/wp\/v2\/pages\/1944","targetHints":{"allow":["GET"]}}],"collection":[{"href":"https:\/\/airandme.org\/fr\/wp-json\/wp\/v2\/pages"}],"about":[{"href":"https:\/\/airandme.org\/fr\/wp-json\/wp\/v2\/types\/page"}],"author":[{"embeddable":true,"href":"https:\/\/airandme.org\/fr\/wp-json\/wp\/v2\/users\/1"}],"replies":[{"embeddable":true,"href":"https:\/\/airandme.org\/fr\/wp-json\/wp\/v2\/comments?post=1944"}],"version-history":[{"count":0,"href":"https:\/\/airandme.org\/fr\/wp-json\/wp\/v2\/pages\/1944\/revisions"}],"wp:attachment":[{"href":"https:\/\/airandme.org\/fr\/wp-json\/wp\/v2\/media?parent=1944"}],"curies":[{"name":"wp","href":"https:\/\/api.w.org\/{rel}","templated":true}]}}