{"id":133,"date":"2018-03-26T10:45:30","date_gmt":"2018-03-26T08:45:30","guid":{"rendered":"http:\/\/airandme.org\/fr\/?page_id=133"},"modified":"2020-05-06T20:32:20","modified_gmt":"2020-05-06T18:32:20","slug":"who-is-air-and-me","status":"publish","type":"page","link":"https:\/\/airandme.org\/fr\/who-is-air-and-me\/","title":{"rendered":"Qui sommes-nous ?"},"content":{"rendered":"<p><img fetchpriority=\"high\" decoding=\"async\" class=\"aligncenter wp-image-2154 \" src=\"https:\/\/airandme.org\/wp-content\/uploads\/2020\/05\/Prog-FAEM11Nov18v9.png\" alt=\"\" width=\"380\" height=\"138\" srcset=\"https:\/\/airandme.org\/wp-content\/uploads\/2020\/05\/Prog-FAEM11Nov18v9.png 1696w, https:\/\/airandme.org\/wp-content\/uploads\/2020\/05\/Prog-FAEM11Nov18v9-300x109.png 300w, https:\/\/airandme.org\/wp-content\/uploads\/2020\/05\/Prog-FAEM11Nov18v9-768x279.png 768w, https:\/\/airandme.org\/wp-content\/uploads\/2020\/05\/Prog-FAEM11Nov18v9-1024x372.png 1024w\" sizes=\"(max-width: 380px) 100vw, 380px\" \/><\/p>\n<p>&nbsp;<\/p>\n<div id=\"wpsecol-9ef1a643-6909-b35b-bfa7-a380e1aba3f3\" class=\"csRow\">\n<div class=\"csColumnGap\" style=\"margin: 0; padding: 0; float: left; width: 0%;\"><img decoding=\"async\" src=\"http:\/\/airandme.org\/wp-content\/plugins\/wp-smart-editor\/plugins\/columns\/img\/1x1-pixel.png\" \/><\/div>\n<div class=\"csColumn\" style=\"margin: 0; padding: 0; float: left; width: 32.85398230088495%;\" data-posx0=\"0\" data-posx1=\"32.9646017699115\" data-padding=\"2\" data-responsive=\"1\">\n<div style=\"padding: 2px;\">\n<div class=\"preview_text csColumn_text\">\n<div id=\"attachment_520\" style=\"width: 390px\"  class=\"wp-caption aligncenter\"><img decoding=\"async\" class=\"wp-image-520 \" src=\"http:\/\/airandme.org\/wp-content\/uploads\/2018\/04\/EquipeAEM-2018.jpg\" alt=\"\" width=\"380\" height=\"224\" srcset=\"https:\/\/airandme.org\/wp-content\/uploads\/2018\/04\/EquipeAEM-2018.jpg 1488w, https:\/\/airandme.org\/wp-content\/uploads\/2018\/04\/EquipeAEM-2018-300x176.jpg 300w, https:\/\/airandme.org\/wp-content\/uploads\/2018\/04\/EquipeAEM-2018-768x452.jpg 768w, https:\/\/airandme.org\/wp-content\/uploads\/2018\/04\/EquipeAEM-2018-1024x602.jpg 1024w\" sizes=\"(max-width: 380px) 100vw, 380px\" \/><p class=\"wp-caption-text\">L&rsquo;\u00e9quipe L&rsquo;Air et Moi, Parc Longchamp, Marseille<\/p><\/div>\n<\/div>\n<\/div>\n<\/div>\n<div class=\"csColumnGap\" style=\"margin: 0; padding: 0; float: left; width: 0.33185840707964603%;\"><img decoding=\"async\" src=\"http:\/\/airandme.org\/wp-content\/plugins\/wp-smart-editor\/plugins\/columns\/img\/1x1-pixel.png\" \/><\/div>\n<div class=\"csColumn\" style=\"margin: 0; padding: 0; float: left; width: 66.5929203539823%;\" data-posx0=\"33.29646017699115\" data-posx1=\"100\" data-padding=\"2\" data-responsive=\"1\">\n<div style=\"padding: 2px;\">\n<div class=\"preview_text csColumn_text\">\n<p>Int\u00e9ress\u00e9 depuis toujours par l\u2019\u00e9cologie et l\u2019\u00e9ducation, <strong>Victor Hugo ESPINOSA a cr\u00e9\u00e9 L\u2019Air et Moi en 2009<\/strong>. Convaincu que <strong>la prise de conscience et les changements comportementaux dont notre plan\u00e8te a besoin devaient passer par une \u00e9ducation<\/strong> aux questions environnementales, et en particulier \u00e0 la qualit\u00e9 de l\u2019air, d\u00e8s le plus jeune \u00e2ge, il d\u00e9cide de cr\u00e9er un <strong>outil libre et gratuit permettant de sensibiliser le plus grand nombre d\u2019enfants possible \u00e0 la pollution de l\u2019air<\/strong>.<\/p>\n<p><a href=\"http:\/\/www.airpaca.org\"><img decoding=\"async\" class=\"alignnone wp-image-288\" src=\"http:\/\/airandme.org\/wp-content\/uploads\/2018\/03\/AirPaca.png\" alt=\"\" width=\"68\" height=\"24\" srcset=\"https:\/\/airandme.org\/wp-content\/uploads\/2018\/03\/AirPaca.png 378w, https:\/\/airandme.org\/wp-content\/uploads\/2018\/03\/AirPaca-300x106.png 300w\" sizes=\"(max-width: 68px) 100vw, 68px\" \/><\/a><strong>Association agr\u00e9\u00e9e de surveillance pour la qualit\u00e9 de l\u2019air en r\u00e9gion Provence-Alpes-C\u00f4te d\u2019Azur<\/strong> est rapidement devenu le partenaire principal du projet.<\/p>\n<p><strong>En 2016, Victor Hugo ESPINOSA cr\u00e9e la F\u00e9d\u00e9ration L\u2019Air et Moi<\/strong> &#8211; <a href=\"http:\/\/www.lairetmoi.org\">www.lairetmoi.org<\/a>, bas\u00e9e \u00e0 Marseille, pour coordonner l\u2019expansion du programme tant en France qu\u2019\u00e0 \u00e9tranger.<\/p>\n<\/div>\n<\/div>\n<\/div>\n<h2 class=\"csColumnGap\" style=\"margin: 0; padding: 0; float: left; width: 0.22123893805310502%;\"><img decoding=\"async\" src=\"http:\/\/airandme.org\/wp-content\/plugins\/wp-smart-editor\/plugins\/columns\/img\/1x1-pixel.png\" \/><\/h2>\n<h2 style=\"clear: both; float: none; display: block; visibility: hidden; width: 0; font-size: 0; line-height: 0;\">\u00a0<\/h2>\n<\/div>\n<div id=\"style-wpsecol-17140f44-11b1-8ab3-fec5-bf2178764a77\">\n<style><!--\n@media (max-width: 768px) {\n    #wpsecol-17140f44-11b1-8ab3-fec5-bf2178764a77 .csColumn {\n        display: block;\n        width: 100% !important;\n    }\n    #wpsecol-17140f44-11b1-8ab3-fec5-bf2178764a77 .csColumnGap {\n        display: none;\n    }\n}\n--><\/style>\n<\/div>\n<div id=\"style-wpsecol-33a900ee-f6b8-ab0a-5343-ab626957d185\">\n<style>@media (max-width: 768px) {\n    #wpsecol-33a900ee-f6b8-ab0a-5343-ab626957d185 .csColumn {\n        display: block;\n        width: 100% !important;\n    }\n    #wpsecol-33a900ee-f6b8-ab0a-5343-ab626957d185 .csColumnGap {\n        display: none;\n    }\n}<\/style>\n<\/div>\n<p style=\"text-align: center;\"><a href=\"https:\/\/airandme.org\/team\/\"><img loading=\"lazy\" decoding=\"async\" class=\"wp-image-1715 aligncenter\" src=\"https:\/\/airandme.org\/wp-content\/uploads\/2019\/10\/team_icon.png\" alt=\"\" width=\"96\" height=\"96\" \/>Air and Me team<\/a><\/p>\n","protected":false},"excerpt":{"rendered":"<p>&nbsp; Int\u00e9ress\u00e9 depuis toujours par l\u2019\u00e9cologie et l\u2019\u00e9ducation, Victor Hugo ESPINOSA a cr\u00e9\u00e9 L\u2019Air et Moi en 2009. Convaincu que la prise de conscience et les changements comportementaux dont notre plan\u00e8te a besoin devaient passer par une \u00e9ducation aux questions environnementales, et en particulier \u00e0 la qualit\u00e9 de l\u2019air, d\u00e8s le plus jeune \u00e2ge, il&hellip; <br \/> <a class=\"button small blue\" href=\"https:\/\/airandme.org\/fr\/who-is-air-and-me\/\">Lire la suite<\/a><\/p>\n","protected":false},"author":1,"featured_media":0,"parent":0,"menu_order":4,"comment_status":"closed","ping_status":"closed","template":"","meta":{"footnotes":""},"class_list":["post-133","page","type-page","status-publish","hentry"],"yoast_head":"<!-- This site is optimized with the Yoast SEO plugin v26.8 - https:\/\/yoast.com\/product\/yoast-seo-wordpress\/ -->\n<title>Qui sommes-nous ?<\/title>\n<meta name=\"robots\" content=\"index, follow, max-snippet:-1, max-image-preview:large, max-video-preview:-1\" \/>\n<link rel=\"canonical\" href=\"https:\/\/airandme.org\/fr\/who-is-air-and-me\/\" \/>\n<meta property=\"og:locale\" content=\"fr_FR\" \/>\n<meta property=\"og:locale:alternate\" content=\"en_US\" \/>\n<meta property=\"og:locale:alternate\" content=\"es\" \/>\n<meta property=\"og:locale:alternate\" content=\"it\" \/>\n<meta property=\"og:locale:alternate\" content=\"de\" \/>\n<meta property=\"og:locale:alternate\" content=\"ar\" \/>\n<meta property=\"og:locale:alternate\" content=\"da\" \/>\n<meta property=\"og:locale:alternate\" content=\"zh\" \/>\n<meta property=\"og:locale:alternate\" content=\"pl\" \/>\n<meta property=\"og:type\" content=\"article\" \/>\n<meta property=\"og:title\" content=\"Qui sommes-nous ?\" \/>\n<meta property=\"og:description\" content=\"&nbsp; Int\u00e9ress\u00e9 depuis toujours par l\u2019\u00e9cologie et l\u2019\u00e9ducation, Victor Hugo ESPINOSA a cr\u00e9\u00e9 L\u2019Air et Moi en 2009. Convaincu que la prise de conscience et les changements comportementaux dont notre plan\u00e8te a besoin devaient passer par une \u00e9ducation aux questions environnementales, et en particulier \u00e0 la qualit\u00e9 de l\u2019air, d\u00e8s le plus jeune \u00e2ge, il&hellip; Lire la suite\" \/>\n<meta property=\"og:url\" content=\"https:\/\/airandme.org\/fr\/who-is-air-and-me\/\" \/>\n<meta property=\"og:site_name\" content=\"Air and Me.org\" \/>\n<meta property=\"article:publisher\" content=\"https:\/\/www.facebook.com\/lairetmoi\/\" \/>\n<meta property=\"article:modified_time\" content=\"2020-05-06T18:32:20+00:00\" \/>\n<meta property=\"og:image\" content=\"http:\/\/airandme.org\/wp-content\/plugins\/wp-smart-editor\/plugins\/columns\/img\/1x1-pixel.png\" \/>\n<meta name=\"twitter:card\" content=\"summary_large_image\" \/>\n<meta name=\"twitter:site\" content=\"@lairetmoi\" \/>\n<meta name=\"twitter:label1\" content=\"Dur\u00e9e de lecture estim\u00e9e\" \/>\n\t<meta name=\"twitter:data1\" content=\"6 minutes\" \/>\n<script type=\"application\/ld+json\" class=\"yoast-schema-graph\">{\"@context\":\"https:\/\/schema.org\",\"@graph\":[{\"@type\":\"WebPage\",\"@id\":\"https:\/\/airandme.org\/who-is-air-and-me\/\",\"url\":\"https:\/\/airandme.org\/who-is-air-and-me\/\",\"name\":\"Qui sommes-nous ?\",\"isPartOf\":{\"@id\":\"https:\/\/airandme.org\/#website\"},\"primaryImageOfPage\":{\"@id\":\"https:\/\/airandme.org\/who-is-air-and-me\/#primaryimage\"},\"image\":{\"@id\":\"https:\/\/airandme.org\/who-is-air-and-me\/#primaryimage\"},\"thumbnailUrl\":\"http:\/\/airandme.org\/wp-content\/plugins\/wp-smart-editor\/plugins\/columns\/img\/1x1-pixel.png\",\"datePublished\":\"2018-03-26T08:45:30+00:00\",\"dateModified\":\"2020-05-06T18:32:20+00:00\",\"breadcrumb\":{\"@id\":\"https:\/\/airandme.org\/who-is-air-and-me\/#breadcrumb\"},\"inLanguage\":\"fr-FR\",\"potentialAction\":[{\"@type\":\"ReadAction\",\"target\":[\"https:\/\/airandme.org\/who-is-air-and-me\/\"]}]},{\"@type\":\"ImageObject\",\"inLanguage\":\"fr-FR\",\"@id\":\"https:\/\/airandme.org\/who-is-air-and-me\/#primaryimage\",\"url\":\"http:\/\/airandme.org\/wp-content\/plugins\/wp-smart-editor\/plugins\/columns\/img\/1x1-pixel.png\",\"contentUrl\":\"http:\/\/airandme.org\/wp-content\/plugins\/wp-smart-editor\/plugins\/columns\/img\/1x1-pixel.png\"},{\"@type\":\"BreadcrumbList\",\"@id\":\"https:\/\/airandme.org\/who-is-air-and-me\/#breadcrumb\",\"itemListElement\":[{\"@type\":\"ListItem\",\"position\":1,\"name\":\"Accueil\",\"item\":\"https:\/\/airandme.org\/\"},{\"@type\":\"ListItem\",\"position\":2,\"name\":\"Who is Air and Me?\"}]},{\"@type\":\"WebSite\",\"@id\":\"https:\/\/airandme.org\/#website\",\"url\":\"https:\/\/airandme.org\/\",\"name\":\"Air and Me\",\"description\":\"\",\"publisher\":{\"@id\":\"https:\/\/airandme.org\/#organization\"},\"potentialAction\":[{\"@type\":\"SearchAction\",\"target\":{\"@type\":\"EntryPoint\",\"urlTemplate\":\"https:\/\/airandme.org\/?s={search_term_string}\"},\"query-input\":{\"@type\":\"PropertyValueSpecification\",\"valueRequired\":true,\"valueName\":\"search_term_string\"}}],\"inLanguage\":\"fr-FR\"},{\"@type\":\"Organization\",\"@id\":\"https:\/\/airandme.org\/#organization\",\"name\":\"F\u00e9d\u00e9ration L'Air et Moi\",\"url\":\"https:\/\/airandme.org\/\",\"logo\":{\"@type\":\"ImageObject\",\"inLanguage\":\"fr-FR\",\"@id\":\"https:\/\/airandme.org\/#\/schema\/logo\/image\/\",\"url\":\"https:\/\/airandme.org\/wp-content\/uploads\/2018\/03\/AAME_.png\",\"contentUrl\":\"https:\/\/airandme.org\/wp-content\/uploads\/2018\/03\/AAME_.png\",\"width\":441,\"height\":179,\"caption\":\"F\u00e9d\u00e9ration L'Air et Moi\"},\"image\":{\"@id\":\"https:\/\/airandme.org\/#\/schema\/logo\/image\/\"},\"sameAs\":[\"https:\/\/www.facebook.com\/lairetmoi\/\",\"https:\/\/x.com\/lairetmoi\",\"https:\/\/www.youtube.com\/channel\/UCcguTqo1uDOSJcik4GveZhw\"]}]}<\/script>\n<!-- \/ Yoast SEO plugin. -->","yoast_head_json":{"title":"Qui sommes-nous ?","robots":{"index":"index","follow":"follow","max-snippet":"max-snippet:-1","max-image-preview":"max-image-preview:large","max-video-preview":"max-video-preview:-1"},"canonical":"https:\/\/airandme.org\/fr\/who-is-air-and-me\/","og_locale":"fr_FR","og_type":"article","og_title":"[:en]Who is Air and Me?[:fr]Qui sommes-nous ?[:es]\u00bfQui\u00e9nes somos?[:it]Chi siamo ?[:de]Wer sind wir ?[:ar]\u0645\u0646 \u0646\u062d\u0646 \u061f[:da]Hvem er vi ?[:zh]\u6211\u4eec\u662f\u8c01\uff1f[:pl]Kim jeste\u015bmy ?[:] &#183; Air and Me.org","og_description":"&nbsp; Int\u00e9ress\u00e9 depuis toujours par l\u2019\u00e9cologie et l\u2019\u00e9ducation, Victor Hugo ESPINOSA a cr\u00e9\u00e9 L\u2019Air et Moi en 2009. Convaincu que la prise de conscience et les changements comportementaux dont notre plan\u00e8te a besoin devaient passer par une \u00e9ducation aux questions environnementales, et en particulier \u00e0 la qualit\u00e9 de l\u2019air, d\u00e8s le plus jeune \u00e2ge, il&hellip; Lire la suite","og_url":"https:\/\/airandme.org\/fr\/who-is-air-and-me\/","og_site_name":"Air and Me.org","article_publisher":"https:\/\/www.facebook.com\/lairetmoi\/","article_modified_time":"2020-05-06T18:32:20+00:00","og_image":[{"url":"http:\/\/airandme.org\/wp-content\/plugins\/wp-smart-editor\/plugins\/columns\/img\/1x1-pixel.png","type":"","width":"","height":""}],"twitter_card":"summary_large_image","twitter_site":"@lairetmoi","twitter_misc":{"Dur\u00e9e de lecture estim\u00e9e":"6 minutes"},"schema":{"@context":"https:\/\/schema.org","@graph":[{"@type":"WebPage","@id":"https:\/\/airandme.org\/who-is-air-and-me\/","url":"https:\/\/airandme.org\/who-is-air-and-me\/","name":"Qui sommes-nous ?","isPartOf":{"@id":"https:\/\/airandme.org\/#website"},"primaryImageOfPage":{"@id":"https:\/\/airandme.org\/who-is-air-and-me\/#primaryimage"},"image":{"@id":"https:\/\/airandme.org\/who-is-air-and-me\/#primaryimage"},"thumbnailUrl":"http:\/\/airandme.org\/wp-content\/plugins\/wp-smart-editor\/plugins\/columns\/img\/1x1-pixel.png","datePublished":"2018-03-26T08:45:30+00:00","dateModified":"2020-05-06T18:32:20+00:00","breadcrumb":{"@id":"https:\/\/airandme.org\/who-is-air-and-me\/#breadcrumb"},"inLanguage":"fr-FR","potentialAction":[{"@type":"ReadAction","target":["https:\/\/airandme.org\/who-is-air-and-me\/"]}]},{"@type":"ImageObject","inLanguage":"fr-FR","@id":"https:\/\/airandme.org\/who-is-air-and-me\/#primaryimage","url":"http:\/\/airandme.org\/wp-content\/plugins\/wp-smart-editor\/plugins\/columns\/img\/1x1-pixel.png","contentUrl":"http:\/\/airandme.org\/wp-content\/plugins\/wp-smart-editor\/plugins\/columns\/img\/1x1-pixel.png"},{"@type":"BreadcrumbList","@id":"https:\/\/airandme.org\/who-is-air-and-me\/#breadcrumb","itemListElement":[{"@type":"ListItem","position":1,"name":"Accueil","item":"https:\/\/airandme.org\/"},{"@type":"ListItem","position":2,"name":"Who is Air and Me?"}]},{"@type":"WebSite","@id":"https:\/\/airandme.org\/#website","url":"https:\/\/airandme.org\/","name":"Air and Me","description":"","publisher":{"@id":"https:\/\/airandme.org\/#organization"},"potentialAction":[{"@type":"SearchAction","target":{"@type":"EntryPoint","urlTemplate":"https:\/\/airandme.org\/?s={search_term_string}"},"query-input":{"@type":"PropertyValueSpecification","valueRequired":true,"valueName":"search_term_string"}}],"inLanguage":"fr-FR"},{"@type":"Organization","@id":"https:\/\/airandme.org\/#organization","name":"F\u00e9d\u00e9ration L'Air et Moi","url":"https:\/\/airandme.org\/","logo":{"@type":"ImageObject","inLanguage":"fr-FR","@id":"https:\/\/airandme.org\/#\/schema\/logo\/image\/","url":"https:\/\/airandme.org\/wp-content\/uploads\/2018\/03\/AAME_.png","contentUrl":"https:\/\/airandme.org\/wp-content\/uploads\/2018\/03\/AAME_.png","width":441,"height":179,"caption":"F\u00e9d\u00e9ration L'Air et Moi"},"image":{"@id":"https:\/\/airandme.org\/#\/schema\/logo\/image\/"},"sameAs":["https:\/\/www.facebook.com\/lairetmoi\/","https:\/\/x.com\/lairetmoi","https:\/\/www.youtube.com\/channel\/UCcguTqo1uDOSJcik4GveZhw"]}]}},"_links":{"self":[{"href":"https:\/\/airandme.org\/fr\/wp-json\/wp\/v2\/pages\/133","targetHints":{"allow":["GET"]}}],"collection":[{"href":"https:\/\/airandme.org\/fr\/wp-json\/wp\/v2\/pages"}],"about":[{"href":"https:\/\/airandme.org\/fr\/wp-json\/wp\/v2\/types\/page"}],"author":[{"embeddable":true,"href":"https:\/\/airandme.org\/fr\/wp-json\/wp\/v2\/users\/1"}],"replies":[{"embeddable":true,"href":"https:\/\/airandme.org\/fr\/wp-json\/wp\/v2\/comments?post=133"}],"version-history":[{"count":0,"href":"https:\/\/airandme.org\/fr\/wp-json\/wp\/v2\/pages\/133\/revisions"}],"wp:attachment":[{"href":"https:\/\/airandme.org\/fr\/wp-json\/wp\/v2\/media?parent=133"}],"curies":[{"name":"wp","href":"https:\/\/api.w.org\/{rel}","templated":true}]}}