{"id":71,"date":"2018-03-26T00:18:03","date_gmt":"2018-03-25T22:18:03","guid":{"rendered":"http:\/\/airandme.org\/fr\/one-page-express\/"},"modified":"2023-05-22T11:38:22","modified_gmt":"2023-05-22T09:38:22","slug":"one-page-express","status":"publish","type":"page","link":"https:\/\/airandme.org\/es\/","title":{"rendered":"Accueil"},"content":{"rendered":"<div data-label=\"Latest posts\" data-id=\"blog-section\" data-category=\"latest_news\" class=\"blog-section\" style=\"background-color: #ffffff;\" id=\"latest-posts\">\r\n<div class=\"gridContainer\">\r\n<div class=\"blog-textrow\">\r\n<div class=\"blog-textcol dynamic-color\" data-type=\"column\">\r\n<h2 class=\"\">News<\/h2>\r\n<p><iframe width=\"560\" height=\"315\" src=\"https:\/\/www.youtube.com\/embed\/V-2ppBy4a0s\" title=\"YouTube video player\" frameborder=\"0\" allow=\"accelerometer; autoplay; clipboard-write; encrypted-media; gyroscope; picture-in-picture\" allowfullscreen=\"allowfullscreen\"><\/iframe><\/p>\r\n<\/div>\r\n<\/div>\r\n<\/div>\r\n<div id=\"numbers\" data-label=\"Numbers\" data-id=\"numbers-section\" data-category=\"numbers\" data-bg=\"transparent\" class=\"numbers-section\" data-parallax-depth=\"20\">\r\n<h2 class=\"gridContainer dynamic-color\" style=\"text-align: center;\"><span style=\"color: #ffffff;\">El Aire y Yo: pedag\u00f3gico, interactivo, l\u00fadico, gratis.<\/span><span style=\"color: #78c9db;\"><\/span><\/h2>\r\n<\/div>\r\n<div id=\"content-4\" style=\"background-color: #f6f6f6;\" data-label=\"Content\" data-id=\"content-image-right\" data-category=\"content\" class=\"content-right-image-section\">\r\n<div class=\"gridContainer\">\r\n<div class=\"content-right-image-gridcol\">\r\n<div class=\"content-right-image-textcol dynamic-color\" data-type=\"column\">\r\n<h2 class=\"\">Un programa pedagogico<\/h2>\r\n<p class=\"\"><img decoding=\"async\" class=\"custom-image\" src=\"http:\/\/airandme.org\/wp-content\/uploads\/2018\/06\/Home-Page.png\" \/><\/p>\r\n<p class=\"large_text\">El programa El Aire y Yo est\u00e1 compuesto de un conjunto de \u00fatiles educativos sobre la contaminaci\u00f3n del aire, incluyendo diaporamas, quizz gu\u00edas pedag\u00f3gicos, trabajos pr\u00e1cticos, videos, ejercicios, fichas resumen, BD, coloreando\u2026..<\/p>\r\n<p class=\"\"><a class=\"button blue\" href=\"http:\/\/airandme.org\/es\/discover-air-and-me\" target=\"_self\" rel=\"noopener noreferrer\"> M\u00e1s informaci\u00f3n\u2026<\/a><\/p>\r\n<\/div>\r\n<div class=\"content-right-image-imgcol\" data-type=\"column\"><img fetchpriority=\"high\" decoding=\"async\" src=\"http:\/\/airandme.org\/wp-content\/uploads\/2018\/03\/IMG_20180322_133840-300x225.jpg\" alt=\"\" class=\"alignnone wp-image-178\" srcset=\"http:\/\/airandme.org\/wp-content\/uploads\/2018\/03\/IMG_20180322_133840-300x225.jpg 300w, http:\/\/airandme.org\/wp-content\/uploads\/2018\/03\/IMG_20180322_133840-768x576.jpg 768w, http:\/\/airandme.org\/wp-content\/uploads\/2018\/03\/IMG_20180322_133840-1024x768.jpg 1024w, http:\/\/airandme.org\/wp-content\/uploads\/2018\/03\/IMG_20180322_133840-1440x1080.jpg 1440w\" sizes=\"(max-width: 417px) 100vw, 417px\" width=\"417\" height=\"313\" \/><\/div>\r\n<\/div>\r\n<\/div>\r\n<\/div>\r\n<div id=\"portfolio-2\" style=\"background-color: #ffffff;\" data-label=\"Portfolio\" data-id=\"portfolio-full-section\" data-category=\"portfolio\">\r\n<div class=\"portfolio-full-section\" data-type=\"row\"><\/div>\r\n<\/div>\r\n<div id=\"testimonials-1\" style=\"background-color: #f6f6f6;\" data-label=\"Testimonials\" data-id=\"testimonials-boxed-section\" data-category=\"testimonials\" class=\"testimonials-boxed-section\">\r\n<div class=\"gridContainer\">\r\n<div class=\"testimonials-boxed-textcol dynamic-color\" data-type=\"column\">\r\n<h2 class=\"\">Algunos testimonios<\/h2>\r\n<p class=\"\">Doctores, profesores, estudiantes \u2026<\/p>\r\n<\/div>\r\n<div class=\"testimonials-boxed-itemsrow dark-text\" data-type=\"row\">\r\n<div class=\"testimonials-boxed-itemcol cp4cols cp6cols-tablet\">\r\n<div class=\"testimonials-boxed-itemcard\" data-type=\"column\"><img decoding=\"async\" class=\"testimonials-boxed-itemimg\" data-size=\"500x500\" src=\"http:\/\/airandme.org\/wp-content\/uploads\/2018\/03\/cropped-PrCharpin-1.jpg\" \/><\/p>\r\n<h5 class=\"testimonials-boxed-itemname\">Profesores Denis CHARPIN<\/h5>\r\n<h6 class=\"testimonials-boxed-itempos\">Neum\u00f3logo y alergista, profesor de la Universidad de Aix-Marsella<\/h6>\r\n<h4 class=\"testimonials-boxed-itemtext\">\u201cHemos trabajado para simplificar nociones complejas como la diferencia entre los efectos inmediatos y los efectos cr\u00f3nicos de la contaminaci\u00f3n en la salud, sin olvidar los efectos dram\u00e1ticos del tabaquismo\u201d.<br \/>El creciente n\u00famero de personas con alergias y asm\u00e1ticos es una de mis principales preocupaciones. Es por estas razones que he estado entusiasmado con este proyecto. \u201c<\/h4>\r\n<\/div>\r\n<\/div>\r\n<div class=\"testimonials-boxed-itemcol cp4cols cp6cols-tablet\">\r\n<div class=\"testimonials-boxed-itemcard\" data-type=\"column\"><img decoding=\"async\" class=\"testimonials-boxed-itemimg\" data-size=\"500x500\" src=\"http:\/\/airandme.org\/wp-content\/uploads\/2018\/03\/cropped-ChristelGrosjean.jpg\" \/><\/p>\r\n<h5 class=\"testimonials-boxed-itemname\">Christel GROSJEAN<\/h5>\r\n<h6 class=\"testimonials-boxed-itempos\">Profesor<\/h6>\r\n<h4 class=\"testimonials-boxed-itemtext\">\u201cMe gusta mucho participar en este proyecto humanitario porque realmente lo estamos construyendo juntos.<br \/>Una pedagog\u00eda surgi\u00f3 de esta asociaci\u00f3n de actores entre la creatividad de los ni\u00f1os, la experiencia de los docentes y animadores, la pericia del Comit\u00e9 cient\u00edfico. \u201c<\/h4>\r\n<\/div>\r\n<\/div>\r\n<div class=\"testimonials-boxed-itemcol cp4cols cp6cols-tablet\">\r\n<div class=\"testimonials-boxed-itemcard\" data-type=\"column\"><img decoding=\"async\" class=\"testimonials-boxed-itemimg\" data-size=\"500x500\" src=\"http:\/\/airandme.org\/wp-content\/uploads\/2018\/03\/cropped-Carla.jpg\" \/><\/p>\r\n<h5 class=\"testimonials-boxed-itemname\">Carla<\/h5>\r\n<h6 class=\"testimonials-boxed-itempos\">Estudiante<\/h6>\r\n<h4 class=\"testimonials-boxed-itemtext\">\u201cMe gusta cuando la profesora hace preguntas sobre la presentaci\u00f3n de diapositivas y tenemos que imaginar las respuestas. Con El Aire y yo, aprendemos muchas cosas divirti\u00e9ndonos. \u201c<\/h4>\r\n<p class=\"\">\r\n<\/div>\r\n<\/div>\r\n<\/div>\r\n<\/div>\r\n<\/div>\r\n<div id=\"numbers\" data-label=\"Numbers\" data-id=\"numbers-section\" data-category=\"numbers\" data-bg=\"transparent\" class=\"numbers-section\" data-parallax-depth=\"20\">\r\n<div class=\"gridContainer\">\r\n<div class=\"flexbox-list flexbox-list-align-center row\">\r\n<div class=\"cta-blue-textcol dynamic-color\">\r\n<h2 class=\"cta-blue-text\"><b>Contactenos!<\/b><\/h2>\r\n<\/div>\r\n<div class=\"cta-blue-btncol\"><a class=\"button big yellow dark-text\" href=\"http:\/\/airandme.org\/es\/who-is-air-and-me\/contact\" target=\"_self\" rel=\"noopener noreferrer\"> Ir al formulario <\/a><\/div>\r\n<\/div>\r\n<\/div>\r\n<\/div>\r\n<div data-label=\"Clients\" data-id=\"clients-strip-section\" data-category=\"clients\" class=\"clients-strip-section\" id=\"clients-2\" style=\"background-color: #f6f6f6;\">\r\n<div class=\"row_187 gridContainer\" data-type=\"row\" data-add-content=\"false\">\r\n<div class=\"clients-strip-itemcol cp2cols\">\r\n<div class=\"middle_align1\"><em><a href=\"http:\/\/www.lairetmoi.org\" target=\"_blank\" class=\"\" rel=\"noopener noreferrer\"><img decoding=\"async\" class=\"clients-strip-itemimg\" src=\"http:\/\/airandme.org\/wp-content\/uploads\/2018\/03\/LairEtMoiFr.png\" \/><\/a><\/em><\/div>\r\n<\/div>\r\n<div class=\"clients-strip-itemcol cp2cols\">\r\n<div class=\"middle_align1\"><a href=\"http:\/\/www.noielaria.org\" target=\"_self\" class=\"\" rel=\"noopener noreferrer\"><img decoding=\"async\" class=\"clients-strip-itemimg\" src=\"http:\/\/airandme.org\/wp-content\/uploads\/2018\/03\/AEM-logo-it.png\" \/><\/a><\/div>\r\n<\/div>\r\n<div class=\"clients-strip-itemcol cp2cols\"><em class=\"\">Nuestro Partner<\/em><\/p>\r\n<div class=\"middle_align1\"><em><a href=\"http:\/\/www.airpaca.org\" target=\"_self\" class=\"\" rel=\"noopener noreferrer\"><img decoding=\"async\" class=\"clients-strip-itemimg\" src=\"http:\/\/airandme.org\/wp-content\/uploads\/2018\/03\/AirPaca.png\" \/><\/a><\/em><\/div>\r\n<\/div>\r\n<\/div>\r\n<\/div>","protected":false},"excerpt":{"rendered":"<p>News El Aire y Yo: pedag\u00f3gico, interactivo, l\u00fadico, gratis. Un programa pedagogico El programa El Aire y Yo est\u00e1 compuesto de un conjunto de \u00fatiles educativos sobre la contaminaci\u00f3n del aire, incluyendo diaporamas, quizz gu\u00edas pedag\u00f3gicos, trabajos pr\u00e1cticos, videos, ejercicios, fichas resumen, BD, coloreando\u2026.. M\u00e1s informaci\u00f3n\u2026 Algunos testimonios Doctores, profesores, estudiantes \u2026 Profesores Denis CHARPIN&hellip; <br \/> <a class=\"button small blue\" href=\"https:\/\/airandme.org\/es\/the-viruses-and-us\/\">Leer m\u00e1s<\/a><\/p>\n","protected":false},"author":1,"featured_media":0,"parent":0,"menu_order":1,"comment_status":"closed","ping_status":"closed","template":"","meta":{"footnotes":""},"class_list":["post-71","page","type-page","status-publish","hentry"],"yoast_head":"<!-- This site is optimized with the Yoast SEO plugin v26.8 - https:\/\/yoast.com\/product\/yoast-seo-wordpress\/ -->\n<title>Accueil<\/title>\n<meta name=\"robots\" content=\"index, follow, max-snippet:-1, max-image-preview:large, max-video-preview:-1\" \/>\n<link rel=\"canonical\" href=\"https:\/\/airandme.org\/es\/\" \/>\n<meta property=\"og:locale\" content=\"es_ES\" \/>\n<meta property=\"og:locale:alternate\" content=\"en_US\" \/>\n<meta property=\"og:locale:alternate\" content=\"fr_FR\" \/>\n<meta property=\"og:locale:alternate\" content=\"it\" \/>\n<meta property=\"og:locale:alternate\" content=\"de\" \/>\n<meta property=\"og:locale:alternate\" content=\"ar\" \/>\n<meta property=\"og:locale:alternate\" content=\"da\" \/>\n<meta property=\"og:locale:alternate\" content=\"zh\" \/>\n<meta property=\"og:locale:alternate\" content=\"pl\" \/>\n<meta property=\"og:type\" content=\"article\" \/>\n<meta property=\"og:title\" content=\"Accueil\" \/>\n<meta property=\"og:description\" content=\"News El Aire y Yo: pedag\u00f3gico, interactivo, l\u00fadico, gratis. Un programa pedagogico El programa El Aire y Yo est\u00e1 compuesto de un conjunto de \u00fatiles educativos sobre la contaminaci\u00f3n del aire, incluyendo diaporamas, quizz gu\u00edas pedag\u00f3gicos, trabajos pr\u00e1cticos, videos, ejercicios, fichas resumen, BD, coloreando\u2026.. M\u00e1s informaci\u00f3n\u2026 Algunos testimonios Doctores, profesores, estudiantes \u2026 Profesores Denis CHARPIN&hellip; Leer m\u00e1s\" \/>\n<meta property=\"og:url\" content=\"https:\/\/airandme.org\/es\/the-viruses-and-us\/\" \/>\n<meta property=\"og:site_name\" content=\"Air and Me\" \/>\n<meta property=\"article:publisher\" content=\"https:\/\/www.facebook.com\/lairetmoi\/\" \/>\n<meta property=\"article:modified_time\" content=\"2023-05-22T09:38:22+00:00\" \/>\n<meta property=\"og:image\" content=\"https:\/\/airandme.org\/wp-content\/uploads\/2018\/06\/Home-Page-300x149.png\" \/>\n<meta name=\"twitter:card\" content=\"summary_large_image\" \/>\n<meta name=\"twitter:site\" content=\"@lairetmoi\" \/>\n<meta name=\"twitter:label1\" content=\"Tiempo de lectura\" \/>\n\t<meta name=\"twitter:data1\" content=\"4 minutos\" \/>\n<script type=\"application\/ld+json\" class=\"yoast-schema-graph\">{\"@context\":\"https:\/\/schema.org\",\"@graph\":[{\"@type\":\"WebPage\",\"@id\":\"https:\/\/airandme.org\/\",\"url\":\"https:\/\/airandme.org\/\",\"name\":\"Accueil\",\"isPartOf\":{\"@id\":\"https:\/\/airandme.org\/#website\"},\"primaryImageOfPage\":{\"@id\":\"https:\/\/airandme.org\/#primaryimage\"},\"image\":{\"@id\":\"https:\/\/airandme.org\/#primaryimage\"},\"thumbnailUrl\":\"https:\/\/airandme.org\/wp-content\/uploads\/2018\/06\/Home-Page-300x149.png\",\"datePublished\":\"2018-03-25T22:18:03+00:00\",\"dateModified\":\"2023-05-22T09:38:22+00:00\",\"breadcrumb\":{\"@id\":\"https:\/\/airandme.org\/#breadcrumb\"},\"inLanguage\":\"es\",\"potentialAction\":[{\"@type\":\"ReadAction\",\"target\":[\"https:\/\/airandme.org\/\"]}]},{\"@type\":\"ImageObject\",\"inLanguage\":\"es\",\"@id\":\"https:\/\/airandme.org\/#primaryimage\",\"url\":\"https:\/\/airandme.org\/wp-content\/uploads\/2018\/06\/Home-Page-300x149.png\",\"contentUrl\":\"https:\/\/airandme.org\/wp-content\/uploads\/2018\/06\/Home-Page-300x149.png\"},{\"@type\":\"BreadcrumbList\",\"@id\":\"https:\/\/airandme.org\/#breadcrumb\",\"itemListElement\":[{\"@type\":\"ListItem\",\"position\":1,\"name\":\"Accueil\",\"item\":\"https:\/\/airandme.org\/\"},{\"@type\":\"ListItem\",\"position\":2,\"name\":\"Accueil\"}]},{\"@type\":\"WebSite\",\"@id\":\"https:\/\/airandme.org\/#website\",\"url\":\"https:\/\/airandme.org\/\",\"name\":\"Air and Me\",\"description\":\"\",\"publisher\":{\"@id\":\"https:\/\/airandme.org\/#organization\"},\"potentialAction\":[{\"@type\":\"SearchAction\",\"target\":{\"@type\":\"EntryPoint\",\"urlTemplate\":\"https:\/\/airandme.org\/?s={search_term_string}\"},\"query-input\":{\"@type\":\"PropertyValueSpecification\",\"valueRequired\":true,\"valueName\":\"search_term_string\"}}],\"inLanguage\":\"es\"},{\"@type\":\"Organization\",\"@id\":\"https:\/\/airandme.org\/#organization\",\"name\":\"F\u00e9d\u00e9ration L'Air et Moi\",\"url\":\"https:\/\/airandme.org\/\",\"logo\":{\"@type\":\"ImageObject\",\"inLanguage\":\"es\",\"@id\":\"https:\/\/airandme.org\/#\/schema\/logo\/image\/\",\"url\":\"https:\/\/airandme.org\/wp-content\/uploads\/2018\/03\/AAME_.png\",\"contentUrl\":\"https:\/\/airandme.org\/wp-content\/uploads\/2018\/03\/AAME_.png\",\"width\":441,\"height\":179,\"caption\":\"F\u00e9d\u00e9ration L'Air et Moi\"},\"image\":{\"@id\":\"https:\/\/airandme.org\/#\/schema\/logo\/image\/\"},\"sameAs\":[\"https:\/\/www.facebook.com\/lairetmoi\/\",\"https:\/\/x.com\/lairetmoi\",\"https:\/\/www.youtube.com\/channel\/UCcguTqo1uDOSJcik4GveZhw\"]}]}<\/script>\n<!-- \/ Yoast SEO plugin. -->","yoast_head_json":{"title":"Accueil","robots":{"index":"index","follow":"follow","max-snippet":"max-snippet:-1","max-image-preview":"max-image-preview:large","max-video-preview":"max-video-preview:-1"},"canonical":"https:\/\/airandme.org\/es\/","og_locale":"es_ES","og_type":"article","og_title":"[:en]Accueil[:fr]Accueil[:es]Accueil[:it]Accueil[:de]Accueil[:ar]Accueil[:da]Accueil[:] &#183; Air and Me","og_description":"News El Aire y Yo: pedag\u00f3gico, interactivo, l\u00fadico, gratis. Un programa pedagogico El programa El Aire y Yo est\u00e1 compuesto de un conjunto de \u00fatiles educativos sobre la contaminaci\u00f3n del aire, incluyendo diaporamas, quizz gu\u00edas pedag\u00f3gicos, trabajos pr\u00e1cticos, videos, ejercicios, fichas resumen, BD, coloreando\u2026.. M\u00e1s informaci\u00f3n\u2026 Algunos testimonios Doctores, profesores, estudiantes \u2026 Profesores Denis CHARPIN&hellip; Leer m\u00e1s","og_url":"https:\/\/airandme.org\/es\/the-viruses-and-us\/","og_site_name":"Air and Me","article_publisher":"https:\/\/www.facebook.com\/lairetmoi\/","article_modified_time":"2023-05-22T09:38:22+00:00","og_image":[{"url":"https:\/\/airandme.org\/wp-content\/uploads\/2018\/06\/Home-Page-300x149.png","type":"","width":"","height":""}],"twitter_card":"summary_large_image","twitter_site":"@lairetmoi","twitter_misc":{"Tiempo de lectura":"4 minutos"},"schema":{"@context":"https:\/\/schema.org","@graph":[{"@type":"WebPage","@id":"https:\/\/airandme.org\/","url":"https:\/\/airandme.org\/","name":"Accueil","isPartOf":{"@id":"https:\/\/airandme.org\/#website"},"primaryImageOfPage":{"@id":"https:\/\/airandme.org\/#primaryimage"},"image":{"@id":"https:\/\/airandme.org\/#primaryimage"},"thumbnailUrl":"https:\/\/airandme.org\/wp-content\/uploads\/2018\/06\/Home-Page-300x149.png","datePublished":"2018-03-25T22:18:03+00:00","dateModified":"2023-05-22T09:38:22+00:00","breadcrumb":{"@id":"https:\/\/airandme.org\/#breadcrumb"},"inLanguage":"es","potentialAction":[{"@type":"ReadAction","target":["https:\/\/airandme.org\/"]}]},{"@type":"ImageObject","inLanguage":"es","@id":"https:\/\/airandme.org\/#primaryimage","url":"https:\/\/airandme.org\/wp-content\/uploads\/2018\/06\/Home-Page-300x149.png","contentUrl":"https:\/\/airandme.org\/wp-content\/uploads\/2018\/06\/Home-Page-300x149.png"},{"@type":"BreadcrumbList","@id":"https:\/\/airandme.org\/#breadcrumb","itemListElement":[{"@type":"ListItem","position":1,"name":"Accueil","item":"https:\/\/airandme.org\/"},{"@type":"ListItem","position":2,"name":"Accueil"}]},{"@type":"WebSite","@id":"https:\/\/airandme.org\/#website","url":"https:\/\/airandme.org\/","name":"Air and Me","description":"","publisher":{"@id":"https:\/\/airandme.org\/#organization"},"potentialAction":[{"@type":"SearchAction","target":{"@type":"EntryPoint","urlTemplate":"https:\/\/airandme.org\/?s={search_term_string}"},"query-input":{"@type":"PropertyValueSpecification","valueRequired":true,"valueName":"search_term_string"}}],"inLanguage":"es"},{"@type":"Organization","@id":"https:\/\/airandme.org\/#organization","name":"F\u00e9d\u00e9ration L'Air et Moi","url":"https:\/\/airandme.org\/","logo":{"@type":"ImageObject","inLanguage":"es","@id":"https:\/\/airandme.org\/#\/schema\/logo\/image\/","url":"https:\/\/airandme.org\/wp-content\/uploads\/2018\/03\/AAME_.png","contentUrl":"https:\/\/airandme.org\/wp-content\/uploads\/2018\/03\/AAME_.png","width":441,"height":179,"caption":"F\u00e9d\u00e9ration L'Air et Moi"},"image":{"@id":"https:\/\/airandme.org\/#\/schema\/logo\/image\/"},"sameAs":["https:\/\/www.facebook.com\/lairetmoi\/","https:\/\/x.com\/lairetmoi","https:\/\/www.youtube.com\/channel\/UCcguTqo1uDOSJcik4GveZhw"]}]}},"_links":{"self":[{"href":"https:\/\/airandme.org\/es\/wp-json\/wp\/v2\/pages\/71","targetHints":{"allow":["GET"]}}],"collection":[{"href":"https:\/\/airandme.org\/es\/wp-json\/wp\/v2\/pages"}],"about":[{"href":"https:\/\/airandme.org\/es\/wp-json\/wp\/v2\/types\/page"}],"author":[{"embeddable":true,"href":"https:\/\/airandme.org\/es\/wp-json\/wp\/v2\/users\/1"}],"replies":[{"embeddable":true,"href":"https:\/\/airandme.org\/es\/wp-json\/wp\/v2\/comments?post=71"}],"version-history":[{"count":15,"href":"https:\/\/airandme.org\/es\/wp-json\/wp\/v2\/pages\/71\/revisions"}],"predecessor-version":[{"id":5231,"href":"https:\/\/airandme.org\/es\/wp-json\/wp\/v2\/pages\/71\/revisions\/5231"}],"wp:attachment":[{"href":"https:\/\/airandme.org\/es\/wp-json\/wp\/v2\/media?parent=71"}],"curies":[{"name":"wp","href":"https:\/\/api.w.org\/{rel}","templated":true}]}}