{"id":485,"date":"2018-04-03T11:37:03","date_gmt":"2018-04-03T09:37:03","guid":{"rendered":"http:\/\/airandme.org\/fr\/?page_id=485"},"modified":"2021-04-22T13:26:57","modified_gmt":"2021-04-22T11:26:57","slug":"our-partners","status":"publish","type":"page","link":"https:\/\/airandme.org\/es\/who-is-air-and-me\/our-partners\/","title":{"rendered":"Nuestros socios"},"content":{"rendered":"<p><img decoding=\"async\" class=\"wp-image-288  alignleft\" src=\"http:\/\/airandme.org\/wp-content\/uploads\/2018\/03\/AirPaca.png\" width=\"87\" height=\"42\" \/> <a href=\"http:\/\/www.airpaca.org\">www.airpaca.org <\/a><strong>&#8211; el socio principal del programa desde su creaci\u00f3n \u2013 apoya el desarrollo del Aire y Yo en la regi\u00f3n de Paca.<\/strong><\/p>\n<p>&nbsp;<\/p>\n<p>Gracias a esta asociaci\u00f3n, <strong>El Aire y Yo<\/strong> recibe el apoyo de la Uni\u00f3n Europea a trav\u00e9s del proyecto SH&#8217;AIR, la agencia regional de salud y la direcci\u00f3n regional de medio ambiente, desarrollo y vivienda en el marco del plan regional de medio ambiente de salud.<\/p>\n<p>El Aire y Yo tambi\u00e9n recibi\u00f3 el apoyo de la regi\u00f3n de Paca y la Academia de Aix-Marsella como parte del Aire y Yo en las escuelas secundarias.<\/p>\n<p>Aire y tambi\u00e9n cuento con la colaboraci\u00f3n:<\/p>\n<ul>\n<li>\n<p>de los embajadores del programa internacional, entre ellos: Noi e Aria (Air and me Italy), Air and me Morocco; Y en Francia: Air and Moi Ile de France, Air and Moi Auvergne-Rh\u00f4ne-Alpes,&#8230;<\/p>\n<\/li>\n<li>\n<p>de socios territoriales en la regi\u00f3n de paca: Casa de la ecolog\u00eda de Provence, OCCE, el peque\u00f1o ingenioso Paca, muchas escuelas secundarias (Marcel Pagnol&#8230;) y la escuela asociada en la regi\u00f3n de Paca, MMCO (84, 04 05), Mediterr\u00e1neo 2000 (06), CPIE de Aix (13), Envirobat BDM (83),\u2026<\/p>\n<\/li>\n<\/ul>\n<p><img decoding=\"async\" class=\"alignnone wp-image-884 \" src=\"http:\/\/airandme.org\/wp-content\/uploads\/2018\/06\/logo_mep.jpg\" alt=\"Maison de l'\u00e9cologie de Provence\" width=\"190\" height=\"116\" \/><a href=\"https:\/\/www.occe13.fr\/\"><img decoding=\"async\" class=\"alignnone  wp-image-886\" src=\"http:\/\/airandme.org\/wp-content\/uploads\/2018\/06\/logo_occe13-150x150.png\" alt=\"occe13\" width=\"119\" height=\"119\" \/><\/a><a href=\"https:\/\/www.lespetitsdebrouillardspaca.org\/-13-Bouches-du-Rhone-.html\"><img loading=\"lazy\" decoding=\"async\" class=\"alignnone  wp-image-887\" src=\"http:\/\/airandme.org\/wp-content\/uploads\/2018\/06\/logo_petits_debrouillards-150x150.png\" alt=\"les petits d\u00e9brouillards\" width=\"134\" height=\"134\" srcset=\"https:\/\/airandme.org\/wp-content\/uploads\/2018\/06\/logo_petits_debrouillards-150x150.png 150w, https:\/\/airandme.org\/wp-content\/uploads\/2018\/06\/logo_petits_debrouillards.png 220w\" sizes=\"(max-width: 134px) 100vw, 134px\" \/><\/a><a href=\"http:\/\/www.lyc-pagnol.ac-aix-marseille.fr\/spip\/\"><img loading=\"lazy\" decoding=\"async\" class=\"alignnone wp-image-903\" src=\"http:\/\/airandme.org\/wp-content\/uploads\/2018\/06\/logo-marcel-pagnol.jpg\" alt=\"Lyc\u00e9e Marcel Pagnol Marseille\" width=\"160\" height=\"78\" \/><\/a><\/p>\n<p>&nbsp;<\/p>\n<p>&nbsp;<\/p>\n","protected":false},"excerpt":{"rendered":"<p>www.airpaca.org &#8211; el socio principal del programa desde su creaci\u00f3n \u2013 apoya el desarrollo del Aire y Yo en la regi\u00f3n de Paca. &nbsp; Gracias a esta asociaci\u00f3n, El Aire y Yo recibe el apoyo de la Uni\u00f3n Europea a trav\u00e9s del proyecto SH&#8217;AIR, la agencia regional de salud y la direcci\u00f3n regional de medio&hellip; <br \/> <a class=\"button small blue\" href=\"https:\/\/airandme.org\/es\/who-is-air-and-me\/our-partners\/\">Leer m\u00e1s<\/a><\/p>\n","protected":false},"author":1,"featured_media":0,"parent":133,"menu_order":2,"comment_status":"closed","ping_status":"closed","template":"","meta":{"footnotes":""},"class_list":["post-485","page","type-page","status-publish","hentry"],"yoast_head":"<!-- This site is optimized with the Yoast SEO plugin v26.8 - https:\/\/yoast.com\/product\/yoast-seo-wordpress\/ -->\n<title>Nuestros socios<\/title>\n<meta name=\"robots\" content=\"index, follow, max-snippet:-1, max-image-preview:large, max-video-preview:-1\" \/>\n<link rel=\"canonical\" href=\"https:\/\/airandme.org\/es\/who-is-air-and-me\/our-partners\/\" \/>\n<meta property=\"og:locale\" content=\"es_ES\" \/>\n<meta property=\"og:locale:alternate\" content=\"en_US\" \/>\n<meta property=\"og:locale:alternate\" content=\"fr_FR\" \/>\n<meta property=\"og:locale:alternate\" content=\"it\" \/>\n<meta property=\"og:locale:alternate\" content=\"de\" \/>\n<meta property=\"og:locale:alternate\" content=\"ar\" \/>\n<meta property=\"og:locale:alternate\" content=\"da\" \/>\n<meta property=\"og:locale:alternate\" content=\"zh\" \/>\n<meta property=\"og:locale:alternate\" content=\"pl\" \/>\n<meta property=\"og:type\" content=\"article\" \/>\n<meta property=\"og:title\" content=\"Nuestros socios\" \/>\n<meta property=\"og:description\" content=\"www.airpaca.org &#8211; el socio principal del programa desde su creaci\u00f3n \u2013 apoya el desarrollo del Aire y Yo en la regi\u00f3n de Paca. &nbsp; Gracias a esta asociaci\u00f3n, El Aire y Yo recibe el apoyo de la Uni\u00f3n Europea a trav\u00e9s del proyecto SH&#8217;AIR, la agencia regional de salud y la direcci\u00f3n regional de medio&hellip; Leer m\u00e1s\" \/>\n<meta property=\"og:url\" content=\"https:\/\/airandme.org\/es\/who-is-air-and-me\/our-partners\/\" \/>\n<meta property=\"og:site_name\" content=\"Air and Me\" \/>\n<meta property=\"article:publisher\" content=\"https:\/\/www.facebook.com\/lairetmoi\/\" \/>\n<meta property=\"article:modified_time\" content=\"2021-04-22T11:26:57+00:00\" \/>\n<meta property=\"og:image\" content=\"http:\/\/airandme.org\/wp-content\/uploads\/2018\/03\/AirPaca.png\" \/>\n<meta name=\"twitter:card\" content=\"summary_large_image\" \/>\n<meta name=\"twitter:site\" content=\"@lairetmoi\" \/>\n<meta name=\"twitter:label1\" content=\"Tiempo de lectura\" \/>\n\t<meta name=\"twitter:data1\" content=\"2 minutos\" \/>\n<script type=\"application\/ld+json\" class=\"yoast-schema-graph\">{\"@context\":\"https:\/\/schema.org\",\"@graph\":[{\"@type\":\"WebPage\",\"@id\":\"https:\/\/airandme.org\/who-is-air-and-me\/our-partners\/\",\"url\":\"https:\/\/airandme.org\/who-is-air-and-me\/our-partners\/\",\"name\":\"Nuestros socios\",\"isPartOf\":{\"@id\":\"https:\/\/airandme.org\/#website\"},\"primaryImageOfPage\":{\"@id\":\"https:\/\/airandme.org\/who-is-air-and-me\/our-partners\/#primaryimage\"},\"image\":{\"@id\":\"https:\/\/airandme.org\/who-is-air-and-me\/our-partners\/#primaryimage\"},\"thumbnailUrl\":\"http:\/\/airandme.org\/wp-content\/uploads\/2018\/03\/AirPaca.png\",\"datePublished\":\"2018-04-03T09:37:03+00:00\",\"dateModified\":\"2021-04-22T11:26:57+00:00\",\"breadcrumb\":{\"@id\":\"https:\/\/airandme.org\/who-is-air-and-me\/our-partners\/#breadcrumb\"},\"inLanguage\":\"es\",\"potentialAction\":[{\"@type\":\"ReadAction\",\"target\":[\"https:\/\/airandme.org\/who-is-air-and-me\/our-partners\/\"]}]},{\"@type\":\"ImageObject\",\"inLanguage\":\"es\",\"@id\":\"https:\/\/airandme.org\/who-is-air-and-me\/our-partners\/#primaryimage\",\"url\":\"http:\/\/airandme.org\/wp-content\/uploads\/2018\/03\/AirPaca.png\",\"contentUrl\":\"http:\/\/airandme.org\/wp-content\/uploads\/2018\/03\/AirPaca.png\"},{\"@type\":\"BreadcrumbList\",\"@id\":\"https:\/\/airandme.org\/who-is-air-and-me\/our-partners\/#breadcrumb\",\"itemListElement\":[{\"@type\":\"ListItem\",\"position\":1,\"name\":\"Accueil\",\"item\":\"https:\/\/airandme.org\/\"},{\"@type\":\"ListItem\",\"position\":2,\"name\":\"Who is Air and Me?\",\"item\":\"https:\/\/airandme.org\/who-is-air-and-me\/\"},{\"@type\":\"ListItem\",\"position\":3,\"name\":\"Our parteners\"}]},{\"@type\":\"WebSite\",\"@id\":\"https:\/\/airandme.org\/#website\",\"url\":\"https:\/\/airandme.org\/\",\"name\":\"Air and Me\",\"description\":\"\",\"publisher\":{\"@id\":\"https:\/\/airandme.org\/#organization\"},\"potentialAction\":[{\"@type\":\"SearchAction\",\"target\":{\"@type\":\"EntryPoint\",\"urlTemplate\":\"https:\/\/airandme.org\/?s={search_term_string}\"},\"query-input\":{\"@type\":\"PropertyValueSpecification\",\"valueRequired\":true,\"valueName\":\"search_term_string\"}}],\"inLanguage\":\"es\"},{\"@type\":\"Organization\",\"@id\":\"https:\/\/airandme.org\/#organization\",\"name\":\"F\u00e9d\u00e9ration L'Air et Moi\",\"url\":\"https:\/\/airandme.org\/\",\"logo\":{\"@type\":\"ImageObject\",\"inLanguage\":\"es\",\"@id\":\"https:\/\/airandme.org\/#\/schema\/logo\/image\/\",\"url\":\"https:\/\/airandme.org\/wp-content\/uploads\/2018\/03\/AAME_.png\",\"contentUrl\":\"https:\/\/airandme.org\/wp-content\/uploads\/2018\/03\/AAME_.png\",\"width\":441,\"height\":179,\"caption\":\"F\u00e9d\u00e9ration L'Air et Moi\"},\"image\":{\"@id\":\"https:\/\/airandme.org\/#\/schema\/logo\/image\/\"},\"sameAs\":[\"https:\/\/www.facebook.com\/lairetmoi\/\",\"https:\/\/x.com\/lairetmoi\",\"https:\/\/www.youtube.com\/channel\/UCcguTqo1uDOSJcik4GveZhw\"]}]}<\/script>\n<!-- \/ Yoast SEO plugin. -->","yoast_head_json":{"title":"Nuestros socios","robots":{"index":"index","follow":"follow","max-snippet":"max-snippet:-1","max-image-preview":"max-image-preview:large","max-video-preview":"max-video-preview:-1"},"canonical":"https:\/\/airandme.org\/es\/who-is-air-and-me\/our-partners\/","og_locale":"es_ES","og_type":"article","og_title":"[:en]Our parteners[:fr]Nos partenaires[:es]Nuestros socios[:it]I nostri partners di progetto[:de]Unsere Partner[:ar]\u0634\u0631\u064a\u0643\u0646\u0627[:da]Vores partnere[:zh]\u5408\u4f5c\u4f19\u4f34[:pl]Nasi partnerzy[:] &#183; Air and Me","og_description":"www.airpaca.org &#8211; el socio principal del programa desde su creaci\u00f3n \u2013 apoya el desarrollo del Aire y Yo en la regi\u00f3n de Paca. &nbsp; Gracias a esta asociaci\u00f3n, El Aire y Yo recibe el apoyo de la Uni\u00f3n Europea a trav\u00e9s del proyecto SH&#8217;AIR, la agencia regional de salud y la direcci\u00f3n regional de medio&hellip; Leer m\u00e1s","og_url":"https:\/\/airandme.org\/es\/who-is-air-and-me\/our-partners\/","og_site_name":"Air and Me","article_publisher":"https:\/\/www.facebook.com\/lairetmoi\/","article_modified_time":"2021-04-22T11:26:57+00:00","og_image":[{"url":"http:\/\/airandme.org\/wp-content\/uploads\/2018\/03\/AirPaca.png","type":"","width":"","height":""}],"twitter_card":"summary_large_image","twitter_site":"@lairetmoi","twitter_misc":{"Tiempo de lectura":"2 minutos"},"schema":{"@context":"https:\/\/schema.org","@graph":[{"@type":"WebPage","@id":"https:\/\/airandme.org\/who-is-air-and-me\/our-partners\/","url":"https:\/\/airandme.org\/who-is-air-and-me\/our-partners\/","name":"Nuestros socios","isPartOf":{"@id":"https:\/\/airandme.org\/#website"},"primaryImageOfPage":{"@id":"https:\/\/airandme.org\/who-is-air-and-me\/our-partners\/#primaryimage"},"image":{"@id":"https:\/\/airandme.org\/who-is-air-and-me\/our-partners\/#primaryimage"},"thumbnailUrl":"http:\/\/airandme.org\/wp-content\/uploads\/2018\/03\/AirPaca.png","datePublished":"2018-04-03T09:37:03+00:00","dateModified":"2021-04-22T11:26:57+00:00","breadcrumb":{"@id":"https:\/\/airandme.org\/who-is-air-and-me\/our-partners\/#breadcrumb"},"inLanguage":"es","potentialAction":[{"@type":"ReadAction","target":["https:\/\/airandme.org\/who-is-air-and-me\/our-partners\/"]}]},{"@type":"ImageObject","inLanguage":"es","@id":"https:\/\/airandme.org\/who-is-air-and-me\/our-partners\/#primaryimage","url":"http:\/\/airandme.org\/wp-content\/uploads\/2018\/03\/AirPaca.png","contentUrl":"http:\/\/airandme.org\/wp-content\/uploads\/2018\/03\/AirPaca.png"},{"@type":"BreadcrumbList","@id":"https:\/\/airandme.org\/who-is-air-and-me\/our-partners\/#breadcrumb","itemListElement":[{"@type":"ListItem","position":1,"name":"Accueil","item":"https:\/\/airandme.org\/"},{"@type":"ListItem","position":2,"name":"Who is Air and Me?","item":"https:\/\/airandme.org\/who-is-air-and-me\/"},{"@type":"ListItem","position":3,"name":"Our parteners"}]},{"@type":"WebSite","@id":"https:\/\/airandme.org\/#website","url":"https:\/\/airandme.org\/","name":"Air and Me","description":"","publisher":{"@id":"https:\/\/airandme.org\/#organization"},"potentialAction":[{"@type":"SearchAction","target":{"@type":"EntryPoint","urlTemplate":"https:\/\/airandme.org\/?s={search_term_string}"},"query-input":{"@type":"PropertyValueSpecification","valueRequired":true,"valueName":"search_term_string"}}],"inLanguage":"es"},{"@type":"Organization","@id":"https:\/\/airandme.org\/#organization","name":"F\u00e9d\u00e9ration L'Air et Moi","url":"https:\/\/airandme.org\/","logo":{"@type":"ImageObject","inLanguage":"es","@id":"https:\/\/airandme.org\/#\/schema\/logo\/image\/","url":"https:\/\/airandme.org\/wp-content\/uploads\/2018\/03\/AAME_.png","contentUrl":"https:\/\/airandme.org\/wp-content\/uploads\/2018\/03\/AAME_.png","width":441,"height":179,"caption":"F\u00e9d\u00e9ration L'Air et Moi"},"image":{"@id":"https:\/\/airandme.org\/#\/schema\/logo\/image\/"},"sameAs":["https:\/\/www.facebook.com\/lairetmoi\/","https:\/\/x.com\/lairetmoi","https:\/\/www.youtube.com\/channel\/UCcguTqo1uDOSJcik4GveZhw"]}]}},"_links":{"self":[{"href":"https:\/\/airandme.org\/es\/wp-json\/wp\/v2\/pages\/485","targetHints":{"allow":["GET"]}}],"collection":[{"href":"https:\/\/airandme.org\/es\/wp-json\/wp\/v2\/pages"}],"about":[{"href":"https:\/\/airandme.org\/es\/wp-json\/wp\/v2\/types\/page"}],"author":[{"embeddable":true,"href":"https:\/\/airandme.org\/es\/wp-json\/wp\/v2\/users\/1"}],"replies":[{"embeddable":true,"href":"https:\/\/airandme.org\/es\/wp-json\/wp\/v2\/comments?post=485"}],"version-history":[{"count":0,"href":"https:\/\/airandme.org\/es\/wp-json\/wp\/v2\/pages\/485\/revisions"}],"up":[{"embeddable":true,"href":"https:\/\/airandme.org\/es\/wp-json\/wp\/v2\/pages\/133"}],"wp:attachment":[{"href":"https:\/\/airandme.org\/es\/wp-json\/wp\/v2\/media?parent=485"}],"curies":[{"name":"wp","href":"https:\/\/api.w.org\/{rel}","templated":true}]}}