{"id":481,"date":"2018-04-03T11:34:28","date_gmt":"2018-04-03T09:34:28","guid":{"rendered":"http:\/\/airandme.org\/fr\/?page_id=481"},"modified":"2026-02-02T18:06:35","modified_gmt":"2026-02-02T17:06:35","slug":"links","status":"publish","type":"page","link":"https:\/\/airandme.org\/es\/who-is-air-and-me\/links\/","title":{"rendered":"Enlaces"},"content":{"rendered":"<div id=\"wpsecol-53bfbc18-de84-7c9c-2ae0-c37421734684\" class=\"csRow\">\n<div class=\"csColumnGap\" style=\"margin: 0; padding: 0; float: left; width: 0%;\"><img decoding=\"async\" src=\"http:\/\/airandme.org\/wp-content\/plugins\/wp-smart-editor\/plugins\/columns\/img\/1x1-pixel.png\" \/><\/div>\n<div class=\"csColumn\" style=\"margin: 0; padding: 0; float: left; width: 49.22566371681416%;\" data-posx0=\"0\" data-posx1=\"49.336283185840706\" data-padding=\"5\" data-responsive=\"1\">\n<div style=\"padding: 5px;\">\n<div class=\"preview_text csColumn_text\">\n<p><a href=\"http:\/\/www.lairetmoi.org\"><img decoding=\"async\" class=\"wp-image-137 alignright\" src=\"http:\/\/airandme.org\/wp-content\/uploads\/2018\/03\/LairEtMoiFr.png\" alt=\"\" width=\"89\" height=\"111\" \/><\/a><\/p>\n<\/div>\n<\/div>\n<\/div>\n<div class=\"csColumnGap\" style=\"margin: 0; padding: 0; float: left; width: 1.3274336283185841%;\"><img decoding=\"async\" src=\"http:\/\/airandme.org\/wp-content\/plugins\/wp-smart-editor\/plugins\/columns\/img\/1x1-pixel.png\" \/><\/div>\n<div class=\"csColumn\" style=\"margin: 0; padding: 0; float: left; width: 49.22566371681416%;\" data-posx0=\"50.66371681415929\" data-posx1=\"100\" data-padding=\"5\" data-responsive=\"1\">\n<div style=\"padding: 5px;\">\n<div class=\"preview_text csColumn_text\">\n<p style=\"text-align: left;\">Encuentra el sitio completo en franc\u00e9s y todas las herramientas disponibles en franc\u00e9s en: Encuentra el sitio completo en franc\u00e9s y todas las herramientas disponibles en franc\u00e9s en: <a href=\"http:\/\/www.lairetmoi.org\">www.lairetmoi.org<\/a><\/p>\n<\/div>\n<\/div>\n<\/div>\n<div class=\"csColumnGap\" style=\"margin: 0; padding: 0; float: left; width: 0.2212389380530908%;\"><img decoding=\"async\" src=\"http:\/\/airandme.org\/wp-content\/plugins\/wp-smart-editor\/plugins\/columns\/img\/1x1-pixel.png\" \/><\/div>\n<div style=\"clear: both; float: none; display: block; visibility: hidden; width: 0; font-size: 0; line-height: 0;\">\u00a0<\/div>\n<\/div>\n<div id=\"wpsecol-701b6167-c4f0-aa24-de3f-10d85fcda405\" class=\"csRow\">\n<div class=\"csColumnGap\" style=\"margin: 0; padding: 0; float: left; width: 0%;\"><img decoding=\"async\" src=\"http:\/\/airandme.org\/wp-content\/plugins\/wp-smart-editor\/plugins\/columns\/img\/1x1-pixel.png\" \/><\/div>\n<div class=\"csColumn\" style=\"margin: 0; padding: 0; float: left; width: 49.22566371681416%;\" data-posx0=\"0\" data-posx1=\"49.336283185840706\" data-padding=\"5\" data-responsive=\"1\">\n<div style=\"padding: 5px;\">\n<div class=\"preview_text csColumn_text\">\n<p><a href=\"http:\/\/www.noielaria.org\"><img decoding=\"async\" class=\"alignright\" src=\"https:\/\/www.noielaria.org\/files\/lairetmoi\/img\/header\/logo-noielaria-horiz.png\" alt=\"noi e l'Aria\" width=\"91\" height=\"115\" \/><\/a><\/p>\n<\/div>\n<\/div>\n<\/div>\n<div class=\"csColumnGap\" style=\"margin: 0; padding: 0; float: left; width: 1.3274336283185841%;\"><img decoding=\"async\" src=\"http:\/\/airandme.org\/wp-content\/plugins\/wp-smart-editor\/plugins\/columns\/img\/1x1-pixel.png\" \/><\/div>\n<div class=\"csColumn\" style=\"margin: 0; padding: 0; float: left; width: 49.22566371681416%;\" data-posx0=\"50.66371681415929\" data-posx1=\"100\" data-padding=\"5\" data-responsive=\"1\">\n<div style=\"padding: 5px;\">\n<div class=\"preview_text csColumn_text\">\n<p>Gracias al proyecto europeo SH&#8217;AIR (llevado por la Uni\u00f3n Europea), el aire y yo tambi\u00e9n existimos en italiano. Encuentra la versi\u00f3n italiana Noi e Aria en: <a href=\"http:\/\/www.noielaria.org\">www.noielaria.org<\/a><\/p>\n<\/div>\n<\/div>\n<\/div>\n<div class=\"csColumnGap\" style=\"margin: 0; padding: 0; float: left; width: 0.2212389380530908%;\"><img decoding=\"async\" src=\"http:\/\/airandme.org\/wp-content\/plugins\/wp-smart-editor\/plugins\/columns\/img\/1x1-pixel.png\" \/><\/div>\n<div style=\"clear: both; float: none; display: block; visibility: hidden; width: 0; font-size: 0; line-height: 0;\">\u00a0<\/div>\n<\/div>\n<div id=\"wpsecol-203bd729-93dc-9c67-2e31-e8f5bef36d38\" class=\"csRow\">\n<div class=\"csColumnGap\" style=\"margin: 0; padding: 0; float: left; width: 0%;\"><img decoding=\"async\" src=\"http:\/\/airandme.org\/wp-content\/plugins\/wp-smart-editor\/plugins\/columns\/img\/1x1-pixel.png\" \/><\/div>\n<div class=\"csColumn\" style=\"margin: 0; padding: 0; float: left; width: 49.22566371681416%;\" data-posx0=\"0\" data-posx1=\"49.336283185840706\" data-padding=\"5\" data-responsive=\"1\">\n<div style=\"padding: 5px;\">\n<div class=\"preview_text csColumn_text\">\n<p><a href=\"http:\/\/www.airpaca.org\"><img decoding=\"async\" class=\"wp-image-288 alignright\" src=\"http:\/\/airandme.org\/wp-content\/uploads\/2018\/03\/AirPaca.png\" alt=\"\" width=\"88\" height=\"31\" srcset=\"https:\/\/airandme.org\/wp-content\/uploads\/2018\/03\/AirPaca.png 378w, https:\/\/airandme.org\/wp-content\/uploads\/2018\/03\/AirPaca-300x106.png 300w\" sizes=\"(max-width: 88px) 100vw, 88px\" \/><\/a><\/p>\n<\/div>\n<\/div>\n<\/div>\n<div class=\"csColumnGap\" style=\"margin: 0; padding: 0; float: left; width: 1.3274336283185841%;\"><img decoding=\"async\" src=\"http:\/\/airandme.org\/wp-content\/plugins\/wp-smart-editor\/plugins\/columns\/img\/1x1-pixel.png\" \/><\/div>\n<div class=\"csColumn\" style=\"margin: 0; padding: 0; float: left; width: 49.22566371681416%;\" data-posx0=\"50.66371681415929\" data-posx1=\"100\" data-padding=\"5\" data-responsive=\"1\">\n<div style=\"padding: 5px;\">\n<div class=\"preview_text csColumn_text\">\n<p>Descubre Air Paca, socio principal del Aire y Yoi: <a href=\"http:\/\/www.airpaca.org\">www.airpaca.org<\/a><\/p>\n<\/div>\n<\/div>\n<\/div>\n<div class=\"csColumnGap\" style=\"margin: 0; padding: 0; float: left; width: 0.2212389380530908%;\"><img decoding=\"async\" src=\"http:\/\/airandme.org\/wp-content\/plugins\/wp-smart-editor\/plugins\/columns\/img\/1x1-pixel.png\" \/><\/div>\n<div style=\"clear: both; float: none; display: block; visibility: hidden; width: 0; font-size: 0; line-height: 0;\">\u00a0<\/div>\n<\/div>\n<p>&nbsp;<\/p>\n<p>&nbsp;<\/p>\n<div id=\"style-wpsecol-53bfbc18-de84-7c9c-2ae0-c37421734684\">\n<style>@media (max-width: 768px) {\n    #wpsecol-53bfbc18-de84-7c9c-2ae0-c37421734684 .csColumn {\n        display: block;\n        width: 100% !important;\n    }\n    #wpsecol-53bfbc18-de84-7c9c-2ae0-c37421734684 .csColumnGap {\n        display: none;\n    }\n}<\/style>\n<\/div>\n<div id=\"style-wpsecol-701b6167-c4f0-aa24-de3f-10d85fcda405\">\n<style>@media (max-width: 768px) {\n    #wpsecol-701b6167-c4f0-aa24-de3f-10d85fcda405 .csColumn {\n        display: block;\n        width: 100% !important;\n    }\n    #wpsecol-701b6167-c4f0-aa24-de3f-10d85fcda405 .csColumnGap {\n        display: none;\n    }\n}<\/style>\n<\/div>\n<div id=\"style-wpsecol-203bd729-93dc-9c67-2e31-e8f5bef36d38\">\n<style>@media (max-width: 768px) {\n    #wpsecol-203bd729-93dc-9c67-2e31-e8f5bef36d38 .csColumn {\n        display: block;\n        width: 100% !important;\n    }\n    #wpsecol-203bd729-93dc-9c67-2e31-e8f5bef36d38 .csColumnGap {\n        display: none;\n    }\n}<\/style>\n<\/div>\n","protected":false},"excerpt":{"rendered":"<p>Encuentra el sitio completo en franc\u00e9s y todas las herramientas disponibles en franc\u00e9s en: Encuentra el sitio completo en franc\u00e9s y todas las herramientas disponibles en franc\u00e9s en: www.lairetmoi.org \u00a0 Gracias al proyecto europeo SH&#8217;AIR (llevado por la Uni\u00f3n Europea), el aire y yo tambi\u00e9n existimos en italiano. Encuentra la versi\u00f3n italiana Noi e Aria&hellip; <br \/> <a class=\"button small blue\" href=\"https:\/\/airandme.org\/es\/who-is-air-and-me\/links\/\">Leer m\u00e1s<\/a><\/p>\n","protected":false},"author":1,"featured_media":0,"parent":133,"menu_order":4,"comment_status":"closed","ping_status":"closed","template":"","meta":{"footnotes":""},"class_list":["post-481","page","type-page","status-publish","hentry"],"yoast_head":"<!-- This site is optimized with the Yoast SEO plugin v26.8 - https:\/\/yoast.com\/product\/yoast-seo-wordpress\/ -->\n<title>Enlaces<\/title>\n<meta name=\"robots\" content=\"index, follow, max-snippet:-1, max-image-preview:large, max-video-preview:-1\" \/>\n<link rel=\"canonical\" href=\"https:\/\/airandme.org\/es\/who-is-air-and-me\/links\/\" \/>\n<meta property=\"og:locale\" content=\"es_ES\" \/>\n<meta property=\"og:locale:alternate\" content=\"en_US\" \/>\n<meta property=\"og:locale:alternate\" content=\"fr_FR\" \/>\n<meta property=\"og:locale:alternate\" content=\"it\" \/>\n<meta property=\"og:locale:alternate\" content=\"de\" \/>\n<meta property=\"og:locale:alternate\" content=\"ar\" \/>\n<meta property=\"og:locale:alternate\" content=\"da\" \/>\n<meta property=\"og:locale:alternate\" content=\"zh\" \/>\n<meta property=\"og:locale:alternate\" content=\"pl\" \/>\n<meta property=\"og:type\" content=\"article\" \/>\n<meta property=\"og:title\" content=\"Enlaces\" \/>\n<meta property=\"og:description\" content=\"Encuentra el sitio completo en franc\u00e9s y todas las herramientas disponibles en franc\u00e9s en: Encuentra el sitio completo en franc\u00e9s y todas las herramientas disponibles en franc\u00e9s en: www.lairetmoi.org \u00a0 Gracias al proyecto europeo SH&#8217;AIR (llevado por la Uni\u00f3n Europea), el aire y yo tambi\u00e9n existimos en italiano. Encuentra la versi\u00f3n italiana Noi e Aria&hellip; Leer m\u00e1s\" \/>\n<meta property=\"og:url\" content=\"https:\/\/airandme.org\/es\/who-is-air-and-me\/links\/\" \/>\n<meta property=\"og:site_name\" content=\"Air and Me\" \/>\n<meta property=\"article:publisher\" content=\"https:\/\/www.facebook.com\/lairetmoi\/\" \/>\n<meta property=\"article:modified_time\" content=\"2026-02-02T17:06:35+00:00\" \/>\n<meta property=\"og:image\" content=\"http:\/\/airandme.org\/wp-content\/plugins\/wp-smart-editor\/plugins\/columns\/img\/1x1-pixel.png\" \/>\n<meta name=\"twitter:card\" content=\"summary_large_image\" \/>\n<meta name=\"twitter:site\" content=\"@lairetmoi\" \/>\n<meta name=\"twitter:label1\" content=\"Tiempo de lectura\" \/>\n\t<meta name=\"twitter:data1\" content=\"3 minutos\" \/>\n<script type=\"application\/ld+json\" class=\"yoast-schema-graph\">{\"@context\":\"https:\/\/schema.org\",\"@graph\":[{\"@type\":\"WebPage\",\"@id\":\"https:\/\/airandme.org\/who-is-air-and-me\/links\/\",\"url\":\"https:\/\/airandme.org\/who-is-air-and-me\/links\/\",\"name\":\"Enlaces\",\"isPartOf\":{\"@id\":\"https:\/\/airandme.org\/#website\"},\"primaryImageOfPage\":{\"@id\":\"https:\/\/airandme.org\/who-is-air-and-me\/links\/#primaryimage\"},\"image\":{\"@id\":\"https:\/\/airandme.org\/who-is-air-and-me\/links\/#primaryimage\"},\"thumbnailUrl\":\"http:\/\/airandme.org\/wp-content\/plugins\/wp-smart-editor\/plugins\/columns\/img\/1x1-pixel.png\",\"datePublished\":\"2018-04-03T09:34:28+00:00\",\"dateModified\":\"2026-02-02T17:06:35+00:00\",\"breadcrumb\":{\"@id\":\"https:\/\/airandme.org\/who-is-air-and-me\/links\/#breadcrumb\"},\"inLanguage\":\"es\",\"potentialAction\":[{\"@type\":\"ReadAction\",\"target\":[\"https:\/\/airandme.org\/who-is-air-and-me\/links\/\"]}]},{\"@type\":\"ImageObject\",\"inLanguage\":\"es\",\"@id\":\"https:\/\/airandme.org\/who-is-air-and-me\/links\/#primaryimage\",\"url\":\"http:\/\/airandme.org\/wp-content\/plugins\/wp-smart-editor\/plugins\/columns\/img\/1x1-pixel.png\",\"contentUrl\":\"http:\/\/airandme.org\/wp-content\/plugins\/wp-smart-editor\/plugins\/columns\/img\/1x1-pixel.png\"},{\"@type\":\"BreadcrumbList\",\"@id\":\"https:\/\/airandme.org\/who-is-air-and-me\/links\/#breadcrumb\",\"itemListElement\":[{\"@type\":\"ListItem\",\"position\":1,\"name\":\"Accueil\",\"item\":\"https:\/\/airandme.org\/\"},{\"@type\":\"ListItem\",\"position\":2,\"name\":\"Who is Air and Me?\",\"item\":\"https:\/\/airandme.org\/who-is-air-and-me\/\"},{\"@type\":\"ListItem\",\"position\":3,\"name\":\"Links\"}]},{\"@type\":\"WebSite\",\"@id\":\"https:\/\/airandme.org\/#website\",\"url\":\"https:\/\/airandme.org\/\",\"name\":\"Air and Me\",\"description\":\"\",\"publisher\":{\"@id\":\"https:\/\/airandme.org\/#organization\"},\"potentialAction\":[{\"@type\":\"SearchAction\",\"target\":{\"@type\":\"EntryPoint\",\"urlTemplate\":\"https:\/\/airandme.org\/?s={search_term_string}\"},\"query-input\":{\"@type\":\"PropertyValueSpecification\",\"valueRequired\":true,\"valueName\":\"search_term_string\"}}],\"inLanguage\":\"es\"},{\"@type\":\"Organization\",\"@id\":\"https:\/\/airandme.org\/#organization\",\"name\":\"F\u00e9d\u00e9ration L'Air et Moi\",\"url\":\"https:\/\/airandme.org\/\",\"logo\":{\"@type\":\"ImageObject\",\"inLanguage\":\"es\",\"@id\":\"https:\/\/airandme.org\/#\/schema\/logo\/image\/\",\"url\":\"https:\/\/airandme.org\/wp-content\/uploads\/2018\/03\/AAME_.png\",\"contentUrl\":\"https:\/\/airandme.org\/wp-content\/uploads\/2018\/03\/AAME_.png\",\"width\":441,\"height\":179,\"caption\":\"F\u00e9d\u00e9ration L'Air et Moi\"},\"image\":{\"@id\":\"https:\/\/airandme.org\/#\/schema\/logo\/image\/\"},\"sameAs\":[\"https:\/\/www.facebook.com\/lairetmoi\/\",\"https:\/\/x.com\/lairetmoi\",\"https:\/\/www.youtube.com\/channel\/UCcguTqo1uDOSJcik4GveZhw\"]}]}<\/script>\n<!-- \/ Yoast SEO plugin. -->","yoast_head_json":{"title":"Enlaces","robots":{"index":"index","follow":"follow","max-snippet":"max-snippet:-1","max-image-preview":"max-image-preview:large","max-video-preview":"max-video-preview:-1"},"canonical":"https:\/\/airandme.org\/es\/who-is-air-and-me\/links\/","og_locale":"es_ES","og_type":"article","og_title":"[:en]Links[:fr]Liens[:es]Enlaces[:it]Links[:de]Links[:ar]Links[:da]Links[:zh]\u8fde\u63a5[:pl]Linki[:] &#183; Air and Me","og_description":"Encuentra el sitio completo en franc\u00e9s y todas las herramientas disponibles en franc\u00e9s en: Encuentra el sitio completo en franc\u00e9s y todas las herramientas disponibles en franc\u00e9s en: www.lairetmoi.org \u00a0 Gracias al proyecto europeo SH&#8217;AIR (llevado por la Uni\u00f3n Europea), el aire y yo tambi\u00e9n existimos en italiano. Encuentra la versi\u00f3n italiana Noi e Aria&hellip; Leer m\u00e1s","og_url":"https:\/\/airandme.org\/es\/who-is-air-and-me\/links\/","og_site_name":"Air and Me","article_publisher":"https:\/\/www.facebook.com\/lairetmoi\/","article_modified_time":"2026-02-02T17:06:35+00:00","og_image":[{"url":"http:\/\/airandme.org\/wp-content\/plugins\/wp-smart-editor\/plugins\/columns\/img\/1x1-pixel.png","type":"","width":"","height":""}],"twitter_card":"summary_large_image","twitter_site":"@lairetmoi","twitter_misc":{"Tiempo de lectura":"3 minutos"},"schema":{"@context":"https:\/\/schema.org","@graph":[{"@type":"WebPage","@id":"https:\/\/airandme.org\/who-is-air-and-me\/links\/","url":"https:\/\/airandme.org\/who-is-air-and-me\/links\/","name":"Enlaces","isPartOf":{"@id":"https:\/\/airandme.org\/#website"},"primaryImageOfPage":{"@id":"https:\/\/airandme.org\/who-is-air-and-me\/links\/#primaryimage"},"image":{"@id":"https:\/\/airandme.org\/who-is-air-and-me\/links\/#primaryimage"},"thumbnailUrl":"http:\/\/airandme.org\/wp-content\/plugins\/wp-smart-editor\/plugins\/columns\/img\/1x1-pixel.png","datePublished":"2018-04-03T09:34:28+00:00","dateModified":"2026-02-02T17:06:35+00:00","breadcrumb":{"@id":"https:\/\/airandme.org\/who-is-air-and-me\/links\/#breadcrumb"},"inLanguage":"es","potentialAction":[{"@type":"ReadAction","target":["https:\/\/airandme.org\/who-is-air-and-me\/links\/"]}]},{"@type":"ImageObject","inLanguage":"es","@id":"https:\/\/airandme.org\/who-is-air-and-me\/links\/#primaryimage","url":"http:\/\/airandme.org\/wp-content\/plugins\/wp-smart-editor\/plugins\/columns\/img\/1x1-pixel.png","contentUrl":"http:\/\/airandme.org\/wp-content\/plugins\/wp-smart-editor\/plugins\/columns\/img\/1x1-pixel.png"},{"@type":"BreadcrumbList","@id":"https:\/\/airandme.org\/who-is-air-and-me\/links\/#breadcrumb","itemListElement":[{"@type":"ListItem","position":1,"name":"Accueil","item":"https:\/\/airandme.org\/"},{"@type":"ListItem","position":2,"name":"Who is Air and Me?","item":"https:\/\/airandme.org\/who-is-air-and-me\/"},{"@type":"ListItem","position":3,"name":"Links"}]},{"@type":"WebSite","@id":"https:\/\/airandme.org\/#website","url":"https:\/\/airandme.org\/","name":"Air and Me","description":"","publisher":{"@id":"https:\/\/airandme.org\/#organization"},"potentialAction":[{"@type":"SearchAction","target":{"@type":"EntryPoint","urlTemplate":"https:\/\/airandme.org\/?s={search_term_string}"},"query-input":{"@type":"PropertyValueSpecification","valueRequired":true,"valueName":"search_term_string"}}],"inLanguage":"es"},{"@type":"Organization","@id":"https:\/\/airandme.org\/#organization","name":"F\u00e9d\u00e9ration L'Air et Moi","url":"https:\/\/airandme.org\/","logo":{"@type":"ImageObject","inLanguage":"es","@id":"https:\/\/airandme.org\/#\/schema\/logo\/image\/","url":"https:\/\/airandme.org\/wp-content\/uploads\/2018\/03\/AAME_.png","contentUrl":"https:\/\/airandme.org\/wp-content\/uploads\/2018\/03\/AAME_.png","width":441,"height":179,"caption":"F\u00e9d\u00e9ration L'Air et Moi"},"image":{"@id":"https:\/\/airandme.org\/#\/schema\/logo\/image\/"},"sameAs":["https:\/\/www.facebook.com\/lairetmoi\/","https:\/\/x.com\/lairetmoi","https:\/\/www.youtube.com\/channel\/UCcguTqo1uDOSJcik4GveZhw"]}]}},"_links":{"self":[{"href":"https:\/\/airandme.org\/es\/wp-json\/wp\/v2\/pages\/481","targetHints":{"allow":["GET"]}}],"collection":[{"href":"https:\/\/airandme.org\/es\/wp-json\/wp\/v2\/pages"}],"about":[{"href":"https:\/\/airandme.org\/es\/wp-json\/wp\/v2\/types\/page"}],"author":[{"embeddable":true,"href":"https:\/\/airandme.org\/es\/wp-json\/wp\/v2\/users\/1"}],"replies":[{"embeddable":true,"href":"https:\/\/airandme.org\/es\/wp-json\/wp\/v2\/comments?post=481"}],"version-history":[{"count":7,"href":"https:\/\/airandme.org\/es\/wp-json\/wp\/v2\/pages\/481\/revisions"}],"predecessor-version":[{"id":5326,"href":"https:\/\/airandme.org\/es\/wp-json\/wp\/v2\/pages\/481\/revisions\/5326"}],"up":[{"embeddable":true,"href":"https:\/\/airandme.org\/es\/wp-json\/wp\/v2\/pages\/133"}],"wp:attachment":[{"href":"https:\/\/airandme.org\/es\/wp-json\/wp\/v2\/media?parent=481"}],"curies":[{"name":"wp","href":"https:\/\/api.w.org\/{rel}","templated":true}]}}