{"id":2971,"date":"2022-12-22T15:26:46","date_gmt":"2022-12-22T14:26:46","guid":{"rendered":"https:\/\/airandme.org\/fr\/?page_id=2971"},"modified":"2022-12-22T15:26:46","modified_gmt":"2022-12-22T14:26:46","slug":"les-ecoles-et-lycees-pilotes-lven","status":"publish","type":"page","link":"https:\/\/airandme.org\/es\/les-ecoles-et-lycees-pilotes-lven\/","title":{"rendered":"Les \u00e9coles et lyc\u00e9es pilotes LVEN"},"content":{"rendered":"","protected":false},"excerpt":{"rendered":"","protected":false},"author":76,"featured_media":0,"parent":0,"menu_order":0,"comment_status":"closed","ping_status":"closed","template":"","meta":{"footnotes":""},"class_list":["post-2971","page","type-page","status-publish","hentry"],"yoast_head":"<!-- This site is optimized with the Yoast SEO plugin v26.8 - https:\/\/yoast.com\/product\/yoast-seo-wordpress\/ -->\n<title>Les \u00e9coles et lyc\u00e9es pilotes LVEN<\/title>\n<meta name=\"robots\" content=\"index, follow, max-snippet:-1, max-image-preview:large, max-video-preview:-1\" \/>\n<link rel=\"canonical\" href=\"https:\/\/airandme.org\/es\/les-ecoles-et-lycees-pilotes-lven\/\" \/>\n<meta property=\"og:locale\" content=\"es_ES\" \/>\n<meta property=\"og:locale:alternate\" content=\"en_US\" \/>\n<meta property=\"og:locale:alternate\" content=\"fr_FR\" \/>\n<meta property=\"og:locale:alternate\" content=\"it\" \/>\n<meta property=\"og:locale:alternate\" content=\"de\" \/>\n<meta property=\"og:locale:alternate\" content=\"ar\" \/>\n<meta property=\"og:locale:alternate\" content=\"da\" \/>\n<meta property=\"og:locale:alternate\" content=\"zh\" \/>\n<meta property=\"og:locale:alternate\" content=\"pl\" \/>\n<meta property=\"og:type\" content=\"article\" \/>\n<meta property=\"og:title\" content=\"Les \u00e9coles et lyc\u00e9es pilotes LVEN\" \/>\n<meta property=\"og:url\" content=\"https:\/\/airandme.org\/es\/les-ecoles-et-lycees-pilotes-lven\/\" \/>\n<meta property=\"og:site_name\" content=\"Air and Me\" \/>\n<meta property=\"article:publisher\" content=\"https:\/\/www.facebook.com\/lairetmoi\/\" \/>\n<meta name=\"twitter:card\" content=\"summary_large_image\" \/>\n<meta name=\"twitter:site\" content=\"@lairetmoi\" \/>\n<script type=\"application\/ld+json\" class=\"yoast-schema-graph\">{\"@context\":\"https:\/\/schema.org\",\"@graph\":[{\"@type\":\"WebPage\",\"@id\":\"https:\/\/airandme.org\/fr\/les-ecoles-et-lycees-pilotes-lven\/\",\"url\":\"https:\/\/airandme.org\/fr\/les-ecoles-et-lycees-pilotes-lven\/\",\"name\":\"Les \u00e9coles et lyc\u00e9es pilotes LVEN\",\"isPartOf\":{\"@id\":\"https:\/\/airandme.org\/#website\"},\"datePublished\":\"2022-12-22T14:26:46+00:00\",\"breadcrumb\":{\"@id\":\"https:\/\/airandme.org\/fr\/les-ecoles-et-lycees-pilotes-lven\/#breadcrumb\"},\"inLanguage\":\"es\",\"potentialAction\":[{\"@type\":\"ReadAction\",\"target\":[\"https:\/\/airandme.org\/fr\/les-ecoles-et-lycees-pilotes-lven\/\"]}]},{\"@type\":\"BreadcrumbList\",\"@id\":\"https:\/\/airandme.org\/fr\/les-ecoles-et-lycees-pilotes-lven\/#breadcrumb\",\"itemListElement\":[{\"@type\":\"ListItem\",\"position\":1,\"name\":\"Accueil\",\"item\":\"https:\/\/airandme.org\/\"},{\"@type\":\"ListItem\",\"position\":2,\"name\":\"Les \u00e9coles et lyc\u00e9es pilotes LVEN\"}]},{\"@type\":\"WebSite\",\"@id\":\"https:\/\/airandme.org\/#website\",\"url\":\"https:\/\/airandme.org\/\",\"name\":\"Air and Me\",\"description\":\"\",\"publisher\":{\"@id\":\"https:\/\/airandme.org\/#organization\"},\"potentialAction\":[{\"@type\":\"SearchAction\",\"target\":{\"@type\":\"EntryPoint\",\"urlTemplate\":\"https:\/\/airandme.org\/?s={search_term_string}\"},\"query-input\":{\"@type\":\"PropertyValueSpecification\",\"valueRequired\":true,\"valueName\":\"search_term_string\"}}],\"inLanguage\":\"es\"},{\"@type\":\"Organization\",\"@id\":\"https:\/\/airandme.org\/#organization\",\"name\":\"F\u00e9d\u00e9ration L'Air et Moi\",\"url\":\"https:\/\/airandme.org\/\",\"logo\":{\"@type\":\"ImageObject\",\"inLanguage\":\"es\",\"@id\":\"https:\/\/airandme.org\/#\/schema\/logo\/image\/\",\"url\":\"https:\/\/airandme.org\/wp-content\/uploads\/2018\/03\/AAME_.png\",\"contentUrl\":\"https:\/\/airandme.org\/wp-content\/uploads\/2018\/03\/AAME_.png\",\"width\":441,\"height\":179,\"caption\":\"F\u00e9d\u00e9ration L'Air et Moi\"},\"image\":{\"@id\":\"https:\/\/airandme.org\/#\/schema\/logo\/image\/\"},\"sameAs\":[\"https:\/\/www.facebook.com\/lairetmoi\/\",\"https:\/\/x.com\/lairetmoi\",\"https:\/\/www.youtube.com\/channel\/UCcguTqo1uDOSJcik4GveZhw\"]}]}<\/script>\n<!-- \/ Yoast SEO plugin. -->","yoast_head_json":{"title":"Les \u00e9coles et lyc\u00e9es pilotes LVEN","robots":{"index":"index","follow":"follow","max-snippet":"max-snippet:-1","max-image-preview":"max-image-preview:large","max-video-preview":"max-video-preview:-1"},"canonical":"https:\/\/airandme.org\/es\/les-ecoles-et-lycees-pilotes-lven\/","og_locale":"es_ES","og_type":"article","og_title":"[:en]Les \u00e9coles et lyc\u00e9es pilotes LVEN[:fr]Les \u00e9coles et lyc\u00e9es pilotes LVEN[:] &#183; Air and Me","og_url":"https:\/\/airandme.org\/es\/les-ecoles-et-lycees-pilotes-lven\/","og_site_name":"Air and Me","article_publisher":"https:\/\/www.facebook.com\/lairetmoi\/","twitter_card":"summary_large_image","twitter_site":"@lairetmoi","schema":{"@context":"https:\/\/schema.org","@graph":[{"@type":"WebPage","@id":"https:\/\/airandme.org\/fr\/les-ecoles-et-lycees-pilotes-lven\/","url":"https:\/\/airandme.org\/fr\/les-ecoles-et-lycees-pilotes-lven\/","name":"Les \u00e9coles et lyc\u00e9es pilotes LVEN","isPartOf":{"@id":"https:\/\/airandme.org\/#website"},"datePublished":"2022-12-22T14:26:46+00:00","breadcrumb":{"@id":"https:\/\/airandme.org\/fr\/les-ecoles-et-lycees-pilotes-lven\/#breadcrumb"},"inLanguage":"es","potentialAction":[{"@type":"ReadAction","target":["https:\/\/airandme.org\/fr\/les-ecoles-et-lycees-pilotes-lven\/"]}]},{"@type":"BreadcrumbList","@id":"https:\/\/airandme.org\/fr\/les-ecoles-et-lycees-pilotes-lven\/#breadcrumb","itemListElement":[{"@type":"ListItem","position":1,"name":"Accueil","item":"https:\/\/airandme.org\/"},{"@type":"ListItem","position":2,"name":"Les \u00e9coles et lyc\u00e9es pilotes LVEN"}]},{"@type":"WebSite","@id":"https:\/\/airandme.org\/#website","url":"https:\/\/airandme.org\/","name":"Air and Me","description":"","publisher":{"@id":"https:\/\/airandme.org\/#organization"},"potentialAction":[{"@type":"SearchAction","target":{"@type":"EntryPoint","urlTemplate":"https:\/\/airandme.org\/?s={search_term_string}"},"query-input":{"@type":"PropertyValueSpecification","valueRequired":true,"valueName":"search_term_string"}}],"inLanguage":"es"},{"@type":"Organization","@id":"https:\/\/airandme.org\/#organization","name":"F\u00e9d\u00e9ration L'Air et Moi","url":"https:\/\/airandme.org\/","logo":{"@type":"ImageObject","inLanguage":"es","@id":"https:\/\/airandme.org\/#\/schema\/logo\/image\/","url":"https:\/\/airandme.org\/wp-content\/uploads\/2018\/03\/AAME_.png","contentUrl":"https:\/\/airandme.org\/wp-content\/uploads\/2018\/03\/AAME_.png","width":441,"height":179,"caption":"F\u00e9d\u00e9ration L'Air et Moi"},"image":{"@id":"https:\/\/airandme.org\/#\/schema\/logo\/image\/"},"sameAs":["https:\/\/www.facebook.com\/lairetmoi\/","https:\/\/x.com\/lairetmoi","https:\/\/www.youtube.com\/channel\/UCcguTqo1uDOSJcik4GveZhw"]}]}},"_links":{"self":[{"href":"https:\/\/airandme.org\/es\/wp-json\/wp\/v2\/pages\/2971","targetHints":{"allow":["GET"]}}],"collection":[{"href":"https:\/\/airandme.org\/es\/wp-json\/wp\/v2\/pages"}],"about":[{"href":"https:\/\/airandme.org\/es\/wp-json\/wp\/v2\/types\/page"}],"author":[{"embeddable":true,"href":"https:\/\/airandme.org\/es\/wp-json\/wp\/v2\/users\/76"}],"replies":[{"embeddable":true,"href":"https:\/\/airandme.org\/es\/wp-json\/wp\/v2\/comments?post=2971"}],"version-history":[{"count":1,"href":"https:\/\/airandme.org\/es\/wp-json\/wp\/v2\/pages\/2971\/revisions"}],"predecessor-version":[{"id":3061,"href":"https:\/\/airandme.org\/es\/wp-json\/wp\/v2\/pages\/2971\/revisions\/3061"}],"wp:attachment":[{"href":"https:\/\/airandme.org\/es\/wp-json\/wp\/v2\/media?parent=2971"}],"curies":[{"name":"wp","href":"https:\/\/api.w.org\/{rel}","templated":true}]}}