{"id":202,"date":"2018-03-26T15:28:51","date_gmt":"2018-03-26T13:28:51","guid":{"rendered":"http:\/\/airandme.org\/fr\/?page_id=202"},"modified":"2022-03-15T10:12:21","modified_gmt":"2022-03-15T09:12:21","slug":"contact","status":"publish","type":"page","link":"https:\/\/airandme.org\/es\/who-is-air-and-me\/contact\/","title":{"rendered":"Para Contactarnos"},"content":{"rendered":"<div class=\"contact-textrow\">\n<div id=\"wpsecol-608d08e0-a330-b743-ccc1-ee7d3012c4b9\" class=\"csRow\">\n<div class=\"csColumnGap\" style=\"margin: 0; padding: 0; float: left; width: 0%;\"><img decoding=\"async\" src=\"http:\/\/airandme.org\/wp-content\/plugins\/wp-smart-editor\/plugins\/columns\/img\/1x1-pixel.png\" \/><\/div>\n<\/div>\n<div id=\"wpsecol-d701f999-687d-3a18-7ef0-99326a46b2a6\" class=\"csRow\">\n<div class=\"csColumnGap\" style=\"margin: 0; padding: 0; float: left; width: 0%;\"><img decoding=\"async\" src=\"http:\/\/airandme.org\/wp-content\/plugins\/wp-smart-editor\/plugins\/columns\/img\/1x1-pixel.png\" \/><\/div>\n<div class=\"csColumn\" style=\"margin: 0; padding: 0; float: left; width: 36.50442477876106%;\" data-posx0=\"0\" data-posx1=\"36.61504424778761\" data-padding=\"5\" data-responsive=\"1\">\n<div style=\"padding: 5px;\">\n<div class=\"preview_text csColumn_text\">\n<p>Para unirte al Aire y Yo, danos tu opini\u00f3n sobre las herramientas y tus talleres o para recibir m\u00e1s informaci\u00f3n sobre el programa y la licencia, cont\u00e1ctanos!<\/p>\n<p><a href=\"https:\/\/www.lairetmoi.org\/nous-contacter.html\"><img decoding=\"async\" class=\"alignnone  wp-image-2990\" src=\"https:\/\/airandme.org\/wp-content\/uploads\/2022\/03\/Questionnaire.png\" alt=\"\" width=\"44\" height=\"46\" \/><span style=\"font-size: 20px;\">Contact<\/span><\/a><\/p>\n<\/div>\n<\/div>\n<\/div>\n<div class=\"csColumnGap\" style=\"margin: 0; padding: 0; float: left; width: 0.33185840707964603%;\"><img decoding=\"async\" src=\"http:\/\/airandme.org\/wp-content\/plugins\/wp-smart-editor\/plugins\/columns\/img\/1x1-pixel.png\" \/><\/div>\n<div class=\"csColumn\" style=\"margin: 0; padding: 0; float: left; width: 62.942477876106196%;\" data-posx0=\"36.94690265486726\" data-posx1=\"100\" data-padding=\"5\" data-responsive=\"1\">\n<div style=\"padding: 5px;\">\n<div class=\"preview_text csColumn_text\">\n<p>25 rue Falque Torrents\u00a013006 Marseille, FRANCE\u00a0<strong><img decoding=\"async\" class=\"wp-image-922  alignright\" src=\"http:\/\/airandme.org\/wp-content\/uploads\/2018\/06\/educational-program.png\" alt=\"Educational Program Air and Me\" width=\"153\" height=\"106\" srcset=\"https:\/\/airandme.org\/wp-content\/uploads\/2018\/06\/educational-program.png 313w, https:\/\/airandme.org\/wp-content\/uploads\/2018\/06\/educational-program-300x209.png 300w\" sizes=\"(max-width: 153px) 100vw, 153px\" \/><\/strong><br \/><strong>+33 (0)9 84 36 11 57<\/strong><\/p>\n<p><img decoding=\"async\" class=\"wp-image-740 alignleft\" src=\"http:\/\/airandme.org\/wp-content\/uploads\/2018\/05\/VHEspinosa.jpg\" alt=\"\" width=\"77\" height=\"96\" \/><\/p>\n<p><strong>Victor Hugo Espinosa (FR\/SP)<\/strong><br \/><strong>Air and Me<\/strong><br \/><strong>GSM +33 (0)6 73 03 98 84<\/strong><\/p>\n<p>&nbsp;<\/p>\n<p><strong><img loading=\"lazy\" decoding=\"async\" class=\"wp-image-741 alignleft\" src=\"http:\/\/airandme.org\/wp-content\/uploads\/2018\/05\/MALemeur.jpg\" alt=\"\" width=\"74\" height=\"87\" \/>Marie Anne LE MEUR (FR\/EN\/SP)<br \/><\/strong><strong>Air and Me Coordinator<\/strong><br \/><strong>GSM +33 (0)6 42 83 09 89<\/strong><\/p>\n<\/div>\n<p><img loading=\"lazy\" decoding=\"async\" class=\"wp-image-1106 alignleft\" src=\"http:\/\/airandme.org\/wp-content\/uploads\/2018\/07\/Ph20180714-F-Avignon-51.jpg\" alt=\"\" width=\"621\" height=\"414\" srcset=\"https:\/\/airandme.org\/wp-content\/uploads\/2018\/07\/Ph20180714-F-Avignon-51.jpg 1275w, https:\/\/airandme.org\/wp-content\/uploads\/2018\/07\/Ph20180714-F-Avignon-51-300x200.jpg 300w, https:\/\/airandme.org\/wp-content\/uploads\/2018\/07\/Ph20180714-F-Avignon-51-768x512.jpg 768w, https:\/\/airandme.org\/wp-content\/uploads\/2018\/07\/Ph20180714-F-Avignon-51-1024x683.jpg 1024w\" sizes=\"(max-width: 621px) 100vw, 621px\" \/><\/p>\n<\/div>\n<\/div>\n<div class=\"csColumnGap\" style=\"margin: 0; padding: 0; float: left; width: 0.2212389380530908%;\"><img decoding=\"async\" src=\"http:\/\/airandme.org\/wp-content\/plugins\/wp-smart-editor\/plugins\/columns\/img\/1x1-pixel.png\" \/><\/div>\n<div style=\"clear: both; float: none; display: block; visibility: hidden; width: 0; font-size: 0; line-height: 0;\">\u00a0<\/div>\n<\/div>\n<p>&nbsp;<\/p>\n<\/div>\n<div id=\"style-wpsecol-608d08e0-a330-b743-ccc1-ee7d3012c4b9\">\n<style><!--\n@media (max-width: 768px) {\n    #wpsecol-608d08e0-a330-b743-ccc1-ee7d3012c4b9 .csColumn {\n        display: block;\n        width: 100% !important;\n    }\n    #wpsecol-608d08e0-a330-b743-ccc1-ee7d3012c4b9 .csColumnGap {\n        display: none;\n    }\n}\n--><\/style>\n<\/div>\n<div id=\"style-wpsecol-d701f999-687d-3a18-7ef0-99326a46b2a6\">\n<style>@media (max-width: 768px) {\n    #wpsecol-d701f999-687d-3a18-7ef0-99326a46b2a6 .csColumn {\n        display: block;\n        width: 100% !important;\n    }\n    #wpsecol-d701f999-687d-3a18-7ef0-99326a46b2a6 .csColumnGap {\n        display: none;\n    }\n}<\/style>\n<\/div>\n","protected":false},"excerpt":{"rendered":"<p>Para unirte al Aire y Yo, danos tu opini\u00f3n sobre las herramientas y tus talleres o para recibir m\u00e1s informaci\u00f3n sobre el programa y la licencia, cont\u00e1ctanos! Contact 25 rue Falque Torrents\u00a013006 Marseille, FRANCE\u00a0+33 (0)9 84 36 11 57 Victor Hugo Espinosa (FR\/SP)Air and MeGSM +33 (0)6 73 03 98 84 &nbsp; Marie Anne LE&hellip; <br \/> <a class=\"button small blue\" href=\"https:\/\/airandme.org\/es\/who-is-air-and-me\/contact\/\">Leer m\u00e1s<\/a><\/p>\n","protected":false},"author":1,"featured_media":0,"parent":133,"menu_order":3,"comment_status":"closed","ping_status":"closed","template":"","meta":{"footnotes":""},"class_list":["post-202","page","type-page","status-publish","hentry"],"yoast_head":"<!-- This site is optimized with the Yoast SEO plugin v26.8 - https:\/\/yoast.com\/product\/yoast-seo-wordpress\/ -->\n<title>Para Contactarnos<\/title>\n<meta name=\"robots\" content=\"noindex, nofollow\" \/>\n<meta property=\"og:locale\" content=\"es_ES\" \/>\n<meta property=\"og:locale:alternate\" content=\"en_US\" \/>\n<meta property=\"og:locale:alternate\" content=\"fr_FR\" \/>\n<meta property=\"og:locale:alternate\" content=\"it\" \/>\n<meta property=\"og:locale:alternate\" content=\"de\" \/>\n<meta property=\"og:locale:alternate\" content=\"ar\" \/>\n<meta property=\"og:locale:alternate\" content=\"da\" \/>\n<meta property=\"og:locale:alternate\" content=\"zh\" \/>\n<meta property=\"og:locale:alternate\" content=\"pl\" \/>\n<meta property=\"og:type\" content=\"article\" \/>\n<meta property=\"og:title\" content=\"Para Contactarnos\" \/>\n<meta property=\"og:description\" content=\"Para unirte al Aire y Yo, danos tu opini\u00f3n sobre las herramientas y tus talleres o para recibir m\u00e1s informaci\u00f3n sobre el programa y la licencia, cont\u00e1ctanos! Contact 25 rue Falque Torrents\u00a013006 Marseille, FRANCE\u00a0+33 (0)9 84 36 11 57 Victor Hugo Espinosa (FR\/SP)Air and MeGSM +33 (0)6 73 03 98 84 &nbsp; Marie Anne LE&hellip; Leer m\u00e1s\" \/>\n<meta property=\"og:url\" content=\"https:\/\/airandme.org\/es\/who-is-air-and-me\/contact\/\" \/>\n<meta property=\"og:site_name\" content=\"Air and Me\" \/>\n<meta property=\"article:publisher\" content=\"https:\/\/www.facebook.com\/lairetmoi\/\" \/>\n<meta property=\"article:modified_time\" content=\"2022-03-15T09:12:21+00:00\" \/>\n<meta property=\"og:image\" content=\"http:\/\/airandme.org\/wp-content\/plugins\/wp-smart-editor\/plugins\/columns\/img\/1x1-pixel.png\" \/>\n<meta name=\"twitter:card\" content=\"summary_large_image\" \/>\n<meta name=\"twitter:site\" content=\"@lairetmoi\" \/>\n<meta name=\"twitter:label1\" content=\"Tiempo de lectura\" \/>\n\t<meta name=\"twitter:data1\" content=\"3 minutos\" \/>\n<script type=\"application\/ld+json\" class=\"yoast-schema-graph\">{\"@context\":\"https:\/\/schema.org\",\"@graph\":[{\"@type\":\"WebPage\",\"@id\":\"https:\/\/airandme.org\/pl\/who-is-air-and-me\/contact\/\",\"url\":\"https:\/\/airandme.org\/pl\/who-is-air-and-me\/contact\/\",\"name\":\"Para Contactarnos\",\"isPartOf\":{\"@id\":\"https:\/\/airandme.org\/#website\"},\"primaryImageOfPage\":{\"@id\":\"https:\/\/airandme.org\/pl\/who-is-air-and-me\/contact\/#primaryimage\"},\"image\":{\"@id\":\"https:\/\/airandme.org\/pl\/who-is-air-and-me\/contact\/#primaryimage\"},\"thumbnailUrl\":\"http:\/\/airandme.org\/wp-content\/plugins\/wp-smart-editor\/plugins\/columns\/img\/1x1-pixel.png\",\"datePublished\":\"2018-03-26T13:28:51+00:00\",\"dateModified\":\"2022-03-15T09:12:21+00:00\",\"breadcrumb\":{\"@id\":\"https:\/\/airandme.org\/pl\/who-is-air-and-me\/contact\/#breadcrumb\"},\"inLanguage\":\"es\",\"potentialAction\":[{\"@type\":\"ReadAction\",\"target\":[\"https:\/\/airandme.org\/pl\/who-is-air-and-me\/contact\/\"]}]},{\"@type\":\"ImageObject\",\"inLanguage\":\"es\",\"@id\":\"https:\/\/airandme.org\/pl\/who-is-air-and-me\/contact\/#primaryimage\",\"url\":\"http:\/\/airandme.org\/wp-content\/plugins\/wp-smart-editor\/plugins\/columns\/img\/1x1-pixel.png\",\"contentUrl\":\"http:\/\/airandme.org\/wp-content\/plugins\/wp-smart-editor\/plugins\/columns\/img\/1x1-pixel.png\"},{\"@type\":\"BreadcrumbList\",\"@id\":\"https:\/\/airandme.org\/pl\/who-is-air-and-me\/contact\/#breadcrumb\",\"itemListElement\":[{\"@type\":\"ListItem\",\"position\":1,\"name\":\"Accueil\",\"item\":\"https:\/\/airandme.org\/\"},{\"@type\":\"ListItem\",\"position\":2,\"name\":\"Who is Air and Me?\",\"item\":\"https:\/\/airandme.org\/who-is-air-and-me\/\"},{\"@type\":\"ListItem\",\"position\":3,\"name\":\"Kontakt\"}]},{\"@type\":\"WebSite\",\"@id\":\"https:\/\/airandme.org\/#website\",\"url\":\"https:\/\/airandme.org\/\",\"name\":\"Air and Me\",\"description\":\"\",\"publisher\":{\"@id\":\"https:\/\/airandme.org\/#organization\"},\"potentialAction\":[{\"@type\":\"SearchAction\",\"target\":{\"@type\":\"EntryPoint\",\"urlTemplate\":\"https:\/\/airandme.org\/?s={search_term_string}\"},\"query-input\":{\"@type\":\"PropertyValueSpecification\",\"valueRequired\":true,\"valueName\":\"search_term_string\"}}],\"inLanguage\":\"es\"},{\"@type\":\"Organization\",\"@id\":\"https:\/\/airandme.org\/#organization\",\"name\":\"F\u00e9d\u00e9ration L'Air et Moi\",\"url\":\"https:\/\/airandme.org\/\",\"logo\":{\"@type\":\"ImageObject\",\"inLanguage\":\"es\",\"@id\":\"https:\/\/airandme.org\/#\/schema\/logo\/image\/\",\"url\":\"https:\/\/airandme.org\/wp-content\/uploads\/2018\/03\/AAME_.png\",\"contentUrl\":\"https:\/\/airandme.org\/wp-content\/uploads\/2018\/03\/AAME_.png\",\"width\":441,\"height\":179,\"caption\":\"F\u00e9d\u00e9ration L'Air et Moi\"},\"image\":{\"@id\":\"https:\/\/airandme.org\/#\/schema\/logo\/image\/\"},\"sameAs\":[\"https:\/\/www.facebook.com\/lairetmoi\/\",\"https:\/\/x.com\/lairetmoi\",\"https:\/\/www.youtube.com\/channel\/UCcguTqo1uDOSJcik4GveZhw\"]}]}<\/script>\n<!-- \/ Yoast SEO plugin. -->","yoast_head_json":{"title":"Para Contactarnos","robots":{"index":"noindex","follow":"nofollow"},"og_locale":"es_ES","og_type":"article","og_title":"[:en]Contact us[:fr]Nous contacter[:es]Para Contactarnos[:it]Per contattarci[:de]Kontakt[:da]Kontakt os[:pl]Kontakt[:] &#183; Air and Me","og_description":"Para unirte al Aire y Yo, danos tu opini\u00f3n sobre las herramientas y tus talleres o para recibir m\u00e1s informaci\u00f3n sobre el programa y la licencia, cont\u00e1ctanos! Contact 25 rue Falque Torrents\u00a013006 Marseille, FRANCE\u00a0+33 (0)9 84 36 11 57 Victor Hugo Espinosa (FR\/SP)Air and MeGSM +33 (0)6 73 03 98 84 &nbsp; Marie Anne LE&hellip; Leer m\u00e1s","og_url":"https:\/\/airandme.org\/es\/who-is-air-and-me\/contact\/","og_site_name":"Air and Me","article_publisher":"https:\/\/www.facebook.com\/lairetmoi\/","article_modified_time":"2022-03-15T09:12:21+00:00","og_image":[{"url":"http:\/\/airandme.org\/wp-content\/plugins\/wp-smart-editor\/plugins\/columns\/img\/1x1-pixel.png","type":"","width":"","height":""}],"twitter_card":"summary_large_image","twitter_site":"@lairetmoi","twitter_misc":{"Tiempo de lectura":"3 minutos"},"schema":{"@context":"https:\/\/schema.org","@graph":[{"@type":"WebPage","@id":"https:\/\/airandme.org\/pl\/who-is-air-and-me\/contact\/","url":"https:\/\/airandme.org\/pl\/who-is-air-and-me\/contact\/","name":"Para Contactarnos","isPartOf":{"@id":"https:\/\/airandme.org\/#website"},"primaryImageOfPage":{"@id":"https:\/\/airandme.org\/pl\/who-is-air-and-me\/contact\/#primaryimage"},"image":{"@id":"https:\/\/airandme.org\/pl\/who-is-air-and-me\/contact\/#primaryimage"},"thumbnailUrl":"http:\/\/airandme.org\/wp-content\/plugins\/wp-smart-editor\/plugins\/columns\/img\/1x1-pixel.png","datePublished":"2018-03-26T13:28:51+00:00","dateModified":"2022-03-15T09:12:21+00:00","breadcrumb":{"@id":"https:\/\/airandme.org\/pl\/who-is-air-and-me\/contact\/#breadcrumb"},"inLanguage":"es","potentialAction":[{"@type":"ReadAction","target":["https:\/\/airandme.org\/pl\/who-is-air-and-me\/contact\/"]}]},{"@type":"ImageObject","inLanguage":"es","@id":"https:\/\/airandme.org\/pl\/who-is-air-and-me\/contact\/#primaryimage","url":"http:\/\/airandme.org\/wp-content\/plugins\/wp-smart-editor\/plugins\/columns\/img\/1x1-pixel.png","contentUrl":"http:\/\/airandme.org\/wp-content\/plugins\/wp-smart-editor\/plugins\/columns\/img\/1x1-pixel.png"},{"@type":"BreadcrumbList","@id":"https:\/\/airandme.org\/pl\/who-is-air-and-me\/contact\/#breadcrumb","itemListElement":[{"@type":"ListItem","position":1,"name":"Accueil","item":"https:\/\/airandme.org\/"},{"@type":"ListItem","position":2,"name":"Who is Air and Me?","item":"https:\/\/airandme.org\/who-is-air-and-me\/"},{"@type":"ListItem","position":3,"name":"Kontakt"}]},{"@type":"WebSite","@id":"https:\/\/airandme.org\/#website","url":"https:\/\/airandme.org\/","name":"Air and Me","description":"","publisher":{"@id":"https:\/\/airandme.org\/#organization"},"potentialAction":[{"@type":"SearchAction","target":{"@type":"EntryPoint","urlTemplate":"https:\/\/airandme.org\/?s={search_term_string}"},"query-input":{"@type":"PropertyValueSpecification","valueRequired":true,"valueName":"search_term_string"}}],"inLanguage":"es"},{"@type":"Organization","@id":"https:\/\/airandme.org\/#organization","name":"F\u00e9d\u00e9ration L'Air et Moi","url":"https:\/\/airandme.org\/","logo":{"@type":"ImageObject","inLanguage":"es","@id":"https:\/\/airandme.org\/#\/schema\/logo\/image\/","url":"https:\/\/airandme.org\/wp-content\/uploads\/2018\/03\/AAME_.png","contentUrl":"https:\/\/airandme.org\/wp-content\/uploads\/2018\/03\/AAME_.png","width":441,"height":179,"caption":"F\u00e9d\u00e9ration L'Air et Moi"},"image":{"@id":"https:\/\/airandme.org\/#\/schema\/logo\/image\/"},"sameAs":["https:\/\/www.facebook.com\/lairetmoi\/","https:\/\/x.com\/lairetmoi","https:\/\/www.youtube.com\/channel\/UCcguTqo1uDOSJcik4GveZhw"]}]}},"_links":{"self":[{"href":"https:\/\/airandme.org\/es\/wp-json\/wp\/v2\/pages\/202","targetHints":{"allow":["GET"]}}],"collection":[{"href":"https:\/\/airandme.org\/es\/wp-json\/wp\/v2\/pages"}],"about":[{"href":"https:\/\/airandme.org\/es\/wp-json\/wp\/v2\/types\/page"}],"author":[{"embeddable":true,"href":"https:\/\/airandme.org\/es\/wp-json\/wp\/v2\/users\/1"}],"replies":[{"embeddable":true,"href":"https:\/\/airandme.org\/es\/wp-json\/wp\/v2\/comments?post=202"}],"version-history":[{"count":9,"href":"https:\/\/airandme.org\/es\/wp-json\/wp\/v2\/pages\/202\/revisions"}],"predecessor-version":[{"id":2998,"href":"https:\/\/airandme.org\/es\/wp-json\/wp\/v2\/pages\/202\/revisions\/2998"}],"up":[{"embeddable":true,"href":"https:\/\/airandme.org\/es\/wp-json\/wp\/v2\/pages\/133"}],"wp:attachment":[{"href":"https:\/\/airandme.org\/es\/wp-json\/wp\/v2\/media?parent=202"}],"curies":[{"name":"wp","href":"https:\/\/api.w.org\/{rel}","templated":true}]}}