{"id":71,"date":"2018-03-26T00:18:03","date_gmt":"2018-03-25T22:18:03","guid":{"rendered":"http:\/\/airandme.org\/fr\/one-page-express\/"},"modified":"2023-05-22T11:38:22","modified_gmt":"2023-05-22T09:38:22","slug":"one-page-express","status":"publish","type":"page","link":"https:\/\/airandme.org\/de\/","title":{"rendered":"Accueil"},"content":{"rendered":"<div data-label=\"Latest posts\" data-id=\"blog-section\" data-category=\"latest_news\" class=\"blog-section\" style=\"background-color: #ffffff;\" id=\"latest-posts\">\r\n<div class=\"gridContainer\" style=\"text-align: center;\">\r\n<div class=\"blog-textrow\">\r\n<div class=\"blog-textcol dynamic-color\" data-type=\"column\">\r\n<h2 class=\"\">News<\/h2>\r\n<p><iframe width=\"560\" height=\"315\" src=\"https:\/\/www.youtube.com\/embed\/V-2ppBy4a0s\" title=\"YouTube video player\" frameborder=\"0\" allow=\"accelerometer; autoplay; clipboard-write; encrypted-media; gyroscope; picture-in-picture\" allowfullscreen=\"allowfullscreen\"><\/iframe><\/p>\r\n<\/div>\r\n<\/div>\r\n<div class=\"blog-textcol\"><\/div>\r\n<\/div>\r\n<\/div>\r\n<div id=\"numbers\" data-label=\"Numbers\" data-id=\"numbers-section\" data-category=\"numbers\" data-bg=\"transparent\" class=\"numbers-section\" data-parallax-depth=\"20\">\r\n<h2 class=\"gridContainer dynamic-color\" style=\"text-align: center;\"><span style=\"color: #ffffff;\">Die Luft und Ich, ein Bildungsprogramm zum Thema Luftqualit\u00e4t<\/span><span style=\"color: #78c9db;\"><\/span><\/h2>\r\n<\/div>\r\n<div id=\"content-4\" style=\"background-color: #f6f6f6;\" data-label=\"Content\" data-id=\"content-image-right\" data-category=\"content\" class=\"content-right-image-section\">\r\n<div class=\"gridContainer\">\r\n<div class=\"content-right-image-gridcol\">\r\n<div class=\"content-right-image-textcol dynamic-color\" data-type=\"column\">\r\n<h2 class=\"\">Ein p\u00e4dagogisches Programm<\/h2>\r\n<p class=\"\"><img fetchpriority=\"high\" decoding=\"async\" src=\"https:\/\/airandme.org\/wp-content\/uploads\/2018\/06\/Home-Page-300x149.png\" alt=\"Air and Me educational Program\" class=\"alignnone wp-image-915 \" width=\"470\" height=\"233\" srcset=\"https:\/\/airandme.org\/wp-content\/uploads\/2018\/06\/Home-Page-300x149.png 300w, https:\/\/airandme.org\/wp-content\/uploads\/2018\/06\/Home-Page.png 550w\" sizes=\"(max-width: 470px) 100vw, 470px\" \/><\/p>\r\n<p class=\"large_text\">Das Programm Die Luft und Ich (Air and Me) ist\u00a0 zusammengestellt aus mehreren Lernhilfen zum Thema Luftverschmutzung, inklusive Diashows, Quizze, p\u00e4dagogische F\u00fchrer, praktische Anwendungen, Videos, \u00dcbungen, Zusammenfassungen, Zeichentrickfilmen, Zeichnungen&#8230;<\/p>\r\n<p class=\"\"><a class=\"button blue\" href=\"https:\/\/airandme.org\/de\/discover-air-and-me\" rel=\"noopener noreferrer\">Um mehr zu erfahren&#8230;<\/a><\/p>\r\n<\/div>\r\n<div class=\"content-right-image-imgcol\" data-type=\"column\"><img decoding=\"async\" src=\"https:\/\/airandme.org\/wp-content\/uploads\/2018\/03\/IMG_20180322_133840.jpg\" class=\"alignnone\" title=\"\" alt=\"classroom with animation air and me\" width=\"4160\" height=\"3120\" \/><\/div>\r\n<\/div>\r\n<\/div>\r\n<\/div>\r\n<div id=\"portfolio-2\" style=\"background-color: #ffffff;\" data-label=\"Portfolio\" data-id=\"portfolio-full-section\" data-category=\"portfolio\">\r\n<div class=\"portfolio-full-section\" data-type=\"row\"><\/div>\r\n<\/div>\r\n<div id=\"testimonials-1\" style=\"background-color: #f6f6f6;\" data-label=\"Testimonials\" data-id=\"testimonials-boxed-section\" data-category=\"testimonials\" class=\"testimonials-boxed-section\">\r\n<div class=\"gridContainer\">\r\n<div class=\"testimonials-boxed-textcol dynamic-color\" data-type=\"column\">\r\n<h2 class=\"\">Erfahrungsberichte<\/h2>\r\n<p class=\"\">\u00c4rzte, Lehrer, Sch\u00fcler&#8230;<\/p>\r\n<\/div>\r\n<div class=\"testimonials-boxed-itemsrow dark-text\" data-type=\"row\">\r\n<div class=\"testimonials-boxed-itemcol cp4cols cp6cols-tablet\">\r\n<div class=\"testimonials-boxed-itemcard\" data-type=\"column\"><img decoding=\"async\" class=\"testimonials-boxed-itemimg\" data-size=\"500x500\" src=\"http:\/\/airandme.org\/wp-content\/uploads\/2018\/03\/cropped-PrCharpin-1.jpg\" \/>\r\n<h5 class=\"testimonials-boxed-itemname\">Pr. Denis CHARPIN<\/h5>\r\n<h6 class=\"testimonials-boxed-itempos\">Lungenarzt und Allergologe, Professor an der Universit\u00e4t Aix-Marseille<\/h6>\r\n<p class=\"\"><em>\u00abWir haben an der Vereinfachung von komplexen Begriffen gearbeitet, wie an der Unterscheidung zwischen sofortigen Auswirkungen und chronischen Auswirkungen der Verschmutzung auf die Gesundheit, ohne die dramatischen Auswirkungen der Zigarette aussen vor zu lassen. Die steigende Anzahl an Allergikern und Asthmatikern ist eines meiner Hauptanliegen. Aus diesen Gr\u00fcnden habe ich an diesem Projekt mit Enthusiasmus mitgemacht<\/em><em>.\u00bb<\/em><\/p>\r\n<\/div>\r\n<\/div>\r\n<div class=\"testimonials-boxed-itemcol cp4cols cp6cols-tablet\">\r\n<div class=\"testimonials-boxed-itemcard\" data-type=\"column\"><img decoding=\"async\" class=\"testimonials-boxed-itemimg\" data-size=\"500x500\" src=\"http:\/\/airandme.org\/wp-content\/uploads\/2018\/03\/cropped-ChristelGrosjean.jpg\" \/>\r\n<h5 class=\"testimonials-boxed-itemname\">Christel GROSJEAN<\/h5>\r\n<h6 class=\"testimonials-boxed-itempos\">Lehrerin<\/h6>\r\n<h4 class=\"testimonials-boxed-itemtext\">\u00abIch mag es sehr an diesem humanit\u00e4ren Projekt teilzunehmen, denn wir gestalten es alle gemeinsam.<\/h4>\r\n<p>Mit der Vereinigung verschiedener Akteure, der Kreativit\u00e4t der Kinder, der Erfahrung der Lehrer und der Betreuer, die Expertise des wissenschaftliches Rates, ist eine P\u00e4dagogik entstanden.\u00bb<\/p>\r\n<\/div>\r\n<\/div>\r\n<div class=\"testimonials-boxed-itemcol cp4cols cp6cols-tablet\">\r\n<div class=\"testimonials-boxed-itemcard\" data-type=\"column\"><img decoding=\"async\" class=\"testimonials-boxed-itemimg\" data-size=\"500x500\" src=\"http:\/\/airandme.org\/wp-content\/uploads\/2018\/03\/cropped-Carla.jpg\" \/>\r\n<h5 class=\"testimonials-boxed-itemname\">Carla<\/h5>\r\n<h6 class=\"testimonials-boxed-itempos\">Sch\u00fclerin<\/h6>\r\n<h4 class=\"testimonials-boxed-itemtext\">\u00ab Ich mag es wenn die Lehrerin Fragen zu den Diashows stellt und wir sollen uns die Antworten \u00fcberlegen. Mit Die Luft und Ich lernen wir viele Sachen und haben viel Spass dabei.\u00bb<\/h4>\r\n<p class=\"\"><\/p>\r\n<\/div>\r\n<\/div>\r\n<\/div>\r\n<\/div>\r\n<\/div>\r\n<div id=\"numbers\" data-label=\"Numbers\" data-id=\"numbers-section\" data-category=\"numbers\" data-bg=\"transparent\" class=\"numbers-section\" data-parallax-depth=\"20\">\r\n<div class=\"gridContainer\">\r\n<div class=\"flexbox-list flexbox-list-align-center row\">\r\n<div class=\"cta-blue-textcol dynamic-color\">\r\n<h2 class=\"cta-blue-text\">Kontaktieren Sie uns\u00a0!<\/h2>\r\n<\/div>\r\n<div class=\"cta-blue-btncol\"><a class=\"button big yellow dark-text\" href=\"http:\/\/airandme.org\/de\/who-is-air-and-me\/contact\" rel=\"noopener noreferrer\">Zum Formular<\/a><\/div>\r\n<\/div>\r\n<\/div>\r\n<\/div>\r\n<div data-label=\"Clients\" data-id=\"clients-strip-section\" data-category=\"clients\" class=\"clients-strip-section\" id=\"clients-2\" style=\"background-color: #f6f6f6;\">\r\n<div class=\"row_187 gridContainer\" data-type=\"row\" data-add-content=\"false\">\r\n<div class=\"clients-strip-itemcol cp2cols\">Unsere italienische Seite\r\n<div class=\"middle_align1\"><a href=\"http:\/\/www.noielaria.org\" target=\"_self\" class=\"\" rel=\"noopener noreferrer\"><img decoding=\"async\" class=\"clients-strip-itemimg\" src=\"http:\/\/airandme.org\/wp-content\/uploads\/2018\/03\/AEM-logo-it.png\" \/><\/a><\/div>\r\n<\/div>\r\n<div class=\"clients-strip-itemcol cp2cols\">Unsere franz\u00f6sische Seite\r\n<div class=\"middle_align1\"><a href=\"http:\/\/www.lairetmoi.org\" target=\"_blank\" class=\"\" rel=\"noopener noreferrer\"><img decoding=\"async\" class=\"clients-strip-itemimg\" src=\"http:\/\/airandme.org\/wp-content\/uploads\/2018\/03\/LairEtMoiFr.png\" \/><\/a><\/div>\r\n<\/div>\r\n<div class=\"clients-strip-itemcol cp2cols\">Unsere Partner\r\n<div class=\"middle_align1\"><a href=\"http:\/\/www.airpaca.org\" target=\"_self\" class=\"\" rel=\"noopener noreferrer\"><img decoding=\"async\" class=\"clients-strip-itemimg\" src=\"http:\/\/airandme.org\/wp-content\/uploads\/2018\/03\/AirPaca.png\" \/><\/a><\/div>\r\n<\/div>\r\n<\/div>\r\n<\/div>","protected":false},"excerpt":{"rendered":"<p>News Die Luft und Ich, ein Bildungsprogramm zum Thema Luftqualit\u00e4t Ein p\u00e4dagogisches Programm Das Programm Die Luft und Ich (Air and Me) ist\u00a0 zusammengestellt aus mehreren Lernhilfen zum Thema Luftverschmutzung, inklusive Diashows, Quizze, p\u00e4dagogische F\u00fchrer, praktische Anwendungen, Videos, \u00dcbungen, Zusammenfassungen, Zeichentrickfilmen, Zeichnungen&#8230; Um mehr zu erfahren&#8230; Erfahrungsberichte \u00c4rzte, Lehrer, Sch\u00fcler&#8230; Pr. Denis CHARPIN Lungenarzt und&hellip; <br \/> <a class=\"button small blue\" href=\"https:\/\/airandme.org\/de\/the-viruses-and-us\/\">Weiterlesen<\/a><\/p>\n","protected":false},"author":1,"featured_media":0,"parent":0,"menu_order":1,"comment_status":"closed","ping_status":"closed","template":"","meta":{"footnotes":""},"class_list":["post-71","page","type-page","status-publish","hentry"],"yoast_head":"<!-- This site is optimized with the Yoast SEO plugin v26.8 - https:\/\/yoast.com\/product\/yoast-seo-wordpress\/ -->\n<title>Accueil<\/title>\n<meta name=\"robots\" content=\"index, follow, max-snippet:-1, max-image-preview:large, max-video-preview:-1\" \/>\n<link rel=\"canonical\" href=\"https:\/\/airandme.org\/de\/\" \/>\n<meta property=\"og:locale\" content=\"de_DE\" \/>\n<meta property=\"og:locale:alternate\" content=\"en_US\" \/>\n<meta property=\"og:locale:alternate\" content=\"fr_FR\" \/>\n<meta property=\"og:locale:alternate\" content=\"es\" \/>\n<meta property=\"og:locale:alternate\" content=\"it\" \/>\n<meta property=\"og:locale:alternate\" content=\"ar\" \/>\n<meta property=\"og:locale:alternate\" content=\"da\" \/>\n<meta property=\"og:locale:alternate\" content=\"zh\" \/>\n<meta property=\"og:locale:alternate\" content=\"pl\" \/>\n<meta property=\"og:type\" content=\"article\" \/>\n<meta property=\"og:title\" content=\"Accueil\" \/>\n<meta property=\"og:description\" content=\"News Die Luft und Ich, ein Bildungsprogramm zum Thema Luftqualit\u00e4t Ein p\u00e4dagogisches Programm Das Programm Die Luft und Ich (Air and Me) ist\u00a0 zusammengestellt aus mehreren Lernhilfen zum Thema Luftverschmutzung, inklusive Diashows, Quizze, p\u00e4dagogische F\u00fchrer, praktische Anwendungen, Videos, \u00dcbungen, Zusammenfassungen, Zeichentrickfilmen, Zeichnungen&#8230; Um mehr zu erfahren&#8230; Erfahrungsberichte \u00c4rzte, Lehrer, Sch\u00fcler&#8230; Pr. Denis CHARPIN Lungenarzt und&hellip; Weiterlesen\" \/>\n<meta property=\"og:url\" content=\"https:\/\/airandme.org\/de\/the-viruses-and-us\/\" \/>\n<meta property=\"og:site_name\" content=\"Air and Me\" \/>\n<meta property=\"article:publisher\" content=\"https:\/\/www.facebook.com\/lairetmoi\/\" \/>\n<meta property=\"article:modified_time\" content=\"2023-05-22T09:38:22+00:00\" \/>\n<meta property=\"og:image\" content=\"https:\/\/airandme.org\/wp-content\/uploads\/2018\/06\/Home-Page-300x149.png\" \/>\n<meta name=\"twitter:card\" content=\"summary_large_image\" \/>\n<meta name=\"twitter:site\" content=\"@lairetmoi\" \/>\n<meta name=\"twitter:label1\" content=\"Gesch\u00e4tzte Lesezeit\" \/>\n\t<meta name=\"twitter:data1\" content=\"4\u00a0Minuten\" \/>\n<script type=\"application\/ld+json\" class=\"yoast-schema-graph\">{\"@context\":\"https:\/\/schema.org\",\"@graph\":[{\"@type\":\"WebPage\",\"@id\":\"https:\/\/airandme.org\/\",\"url\":\"https:\/\/airandme.org\/\",\"name\":\"Accueil\",\"isPartOf\":{\"@id\":\"https:\/\/airandme.org\/#website\"},\"primaryImageOfPage\":{\"@id\":\"https:\/\/airandme.org\/#primaryimage\"},\"image\":{\"@id\":\"https:\/\/airandme.org\/#primaryimage\"},\"thumbnailUrl\":\"https:\/\/airandme.org\/wp-content\/uploads\/2018\/06\/Home-Page-300x149.png\",\"datePublished\":\"2018-03-25T22:18:03+00:00\",\"dateModified\":\"2023-05-22T09:38:22+00:00\",\"breadcrumb\":{\"@id\":\"https:\/\/airandme.org\/#breadcrumb\"},\"inLanguage\":\"de\",\"potentialAction\":[{\"@type\":\"ReadAction\",\"target\":[\"https:\/\/airandme.org\/\"]}]},{\"@type\":\"ImageObject\",\"inLanguage\":\"de\",\"@id\":\"https:\/\/airandme.org\/#primaryimage\",\"url\":\"https:\/\/airandme.org\/wp-content\/uploads\/2018\/06\/Home-Page-300x149.png\",\"contentUrl\":\"https:\/\/airandme.org\/wp-content\/uploads\/2018\/06\/Home-Page-300x149.png\"},{\"@type\":\"BreadcrumbList\",\"@id\":\"https:\/\/airandme.org\/#breadcrumb\",\"itemListElement\":[{\"@type\":\"ListItem\",\"position\":1,\"name\":\"Accueil\",\"item\":\"https:\/\/airandme.org\/\"},{\"@type\":\"ListItem\",\"position\":2,\"name\":\"Accueil\"}]},{\"@type\":\"WebSite\",\"@id\":\"https:\/\/airandme.org\/#website\",\"url\":\"https:\/\/airandme.org\/\",\"name\":\"Air and Me\",\"description\":\"\",\"publisher\":{\"@id\":\"https:\/\/airandme.org\/#organization\"},\"potentialAction\":[{\"@type\":\"SearchAction\",\"target\":{\"@type\":\"EntryPoint\",\"urlTemplate\":\"https:\/\/airandme.org\/?s={search_term_string}\"},\"query-input\":{\"@type\":\"PropertyValueSpecification\",\"valueRequired\":true,\"valueName\":\"search_term_string\"}}],\"inLanguage\":\"de\"},{\"@type\":\"Organization\",\"@id\":\"https:\/\/airandme.org\/#organization\",\"name\":\"F\u00e9d\u00e9ration L'Air et Moi\",\"url\":\"https:\/\/airandme.org\/\",\"logo\":{\"@type\":\"ImageObject\",\"inLanguage\":\"de\",\"@id\":\"https:\/\/airandme.org\/#\/schema\/logo\/image\/\",\"url\":\"https:\/\/airandme.org\/wp-content\/uploads\/2018\/03\/AAME_.png\",\"contentUrl\":\"https:\/\/airandme.org\/wp-content\/uploads\/2018\/03\/AAME_.png\",\"width\":441,\"height\":179,\"caption\":\"F\u00e9d\u00e9ration L'Air et Moi\"},\"image\":{\"@id\":\"https:\/\/airandme.org\/#\/schema\/logo\/image\/\"},\"sameAs\":[\"https:\/\/www.facebook.com\/lairetmoi\/\",\"https:\/\/x.com\/lairetmoi\",\"https:\/\/www.youtube.com\/channel\/UCcguTqo1uDOSJcik4GveZhw\"]}]}<\/script>\n<!-- \/ Yoast SEO plugin. -->","yoast_head_json":{"title":"Accueil","robots":{"index":"index","follow":"follow","max-snippet":"max-snippet:-1","max-image-preview":"max-image-preview:large","max-video-preview":"max-video-preview:-1"},"canonical":"https:\/\/airandme.org\/de\/","og_locale":"de_DE","og_type":"article","og_title":"[:en]Accueil[:fr]Accueil[:es]Accueil[:it]Accueil[:de]Accueil[:ar]Accueil[:da]Accueil[:] &#183; Air and Me","og_description":"News Die Luft und Ich, ein Bildungsprogramm zum Thema Luftqualit\u00e4t Ein p\u00e4dagogisches Programm Das Programm Die Luft und Ich (Air and Me) ist\u00a0 zusammengestellt aus mehreren Lernhilfen zum Thema Luftverschmutzung, inklusive Diashows, Quizze, p\u00e4dagogische F\u00fchrer, praktische Anwendungen, Videos, \u00dcbungen, Zusammenfassungen, Zeichentrickfilmen, Zeichnungen&#8230; Um mehr zu erfahren&#8230; Erfahrungsberichte \u00c4rzte, Lehrer, Sch\u00fcler&#8230; Pr. Denis CHARPIN Lungenarzt und&hellip; Weiterlesen","og_url":"https:\/\/airandme.org\/de\/the-viruses-and-us\/","og_site_name":"Air and Me","article_publisher":"https:\/\/www.facebook.com\/lairetmoi\/","article_modified_time":"2023-05-22T09:38:22+00:00","og_image":[{"url":"https:\/\/airandme.org\/wp-content\/uploads\/2018\/06\/Home-Page-300x149.png","type":"","width":"","height":""}],"twitter_card":"summary_large_image","twitter_site":"@lairetmoi","twitter_misc":{"Gesch\u00e4tzte Lesezeit":"4\u00a0Minuten"},"schema":{"@context":"https:\/\/schema.org","@graph":[{"@type":"WebPage","@id":"https:\/\/airandme.org\/","url":"https:\/\/airandme.org\/","name":"Accueil","isPartOf":{"@id":"https:\/\/airandme.org\/#website"},"primaryImageOfPage":{"@id":"https:\/\/airandme.org\/#primaryimage"},"image":{"@id":"https:\/\/airandme.org\/#primaryimage"},"thumbnailUrl":"https:\/\/airandme.org\/wp-content\/uploads\/2018\/06\/Home-Page-300x149.png","datePublished":"2018-03-25T22:18:03+00:00","dateModified":"2023-05-22T09:38:22+00:00","breadcrumb":{"@id":"https:\/\/airandme.org\/#breadcrumb"},"inLanguage":"de","potentialAction":[{"@type":"ReadAction","target":["https:\/\/airandme.org\/"]}]},{"@type":"ImageObject","inLanguage":"de","@id":"https:\/\/airandme.org\/#primaryimage","url":"https:\/\/airandme.org\/wp-content\/uploads\/2018\/06\/Home-Page-300x149.png","contentUrl":"https:\/\/airandme.org\/wp-content\/uploads\/2018\/06\/Home-Page-300x149.png"},{"@type":"BreadcrumbList","@id":"https:\/\/airandme.org\/#breadcrumb","itemListElement":[{"@type":"ListItem","position":1,"name":"Accueil","item":"https:\/\/airandme.org\/"},{"@type":"ListItem","position":2,"name":"Accueil"}]},{"@type":"WebSite","@id":"https:\/\/airandme.org\/#website","url":"https:\/\/airandme.org\/","name":"Air and Me","description":"","publisher":{"@id":"https:\/\/airandme.org\/#organization"},"potentialAction":[{"@type":"SearchAction","target":{"@type":"EntryPoint","urlTemplate":"https:\/\/airandme.org\/?s={search_term_string}"},"query-input":{"@type":"PropertyValueSpecification","valueRequired":true,"valueName":"search_term_string"}}],"inLanguage":"de"},{"@type":"Organization","@id":"https:\/\/airandme.org\/#organization","name":"F\u00e9d\u00e9ration L'Air et Moi","url":"https:\/\/airandme.org\/","logo":{"@type":"ImageObject","inLanguage":"de","@id":"https:\/\/airandme.org\/#\/schema\/logo\/image\/","url":"https:\/\/airandme.org\/wp-content\/uploads\/2018\/03\/AAME_.png","contentUrl":"https:\/\/airandme.org\/wp-content\/uploads\/2018\/03\/AAME_.png","width":441,"height":179,"caption":"F\u00e9d\u00e9ration L'Air et Moi"},"image":{"@id":"https:\/\/airandme.org\/#\/schema\/logo\/image\/"},"sameAs":["https:\/\/www.facebook.com\/lairetmoi\/","https:\/\/x.com\/lairetmoi","https:\/\/www.youtube.com\/channel\/UCcguTqo1uDOSJcik4GveZhw"]}]}},"_links":{"self":[{"href":"https:\/\/airandme.org\/de\/wp-json\/wp\/v2\/pages\/71","targetHints":{"allow":["GET"]}}],"collection":[{"href":"https:\/\/airandme.org\/de\/wp-json\/wp\/v2\/pages"}],"about":[{"href":"https:\/\/airandme.org\/de\/wp-json\/wp\/v2\/types\/page"}],"author":[{"embeddable":true,"href":"https:\/\/airandme.org\/de\/wp-json\/wp\/v2\/users\/1"}],"replies":[{"embeddable":true,"href":"https:\/\/airandme.org\/de\/wp-json\/wp\/v2\/comments?post=71"}],"version-history":[{"count":15,"href":"https:\/\/airandme.org\/de\/wp-json\/wp\/v2\/pages\/71\/revisions"}],"predecessor-version":[{"id":5231,"href":"https:\/\/airandme.org\/de\/wp-json\/wp\/v2\/pages\/71\/revisions\/5231"}],"wp:attachment":[{"href":"https:\/\/airandme.org\/de\/wp-json\/wp\/v2\/media?parent=71"}],"curies":[{"name":"wp","href":"https:\/\/api.w.org\/{rel}","templated":true}]}}