{"id":71,"date":"2018-03-26T00:18:03","date_gmt":"2018-03-25T22:18:03","guid":{"rendered":"http:\/\/airandme.org\/fr\/one-page-express\/"},"modified":"2023-05-22T11:38:22","modified_gmt":"2023-05-22T09:38:22","slug":"one-page-express","status":"publish","type":"page","link":"https:\/\/airandme.org\/da\/","title":{"rendered":"Accueil"},"content":{"rendered":"<div id=\"numbers\" data-label=\"Numbers\" data-id=\"numbers-section\" data-category=\"numbers\" data-bg=\"transparent\" class=\"numbers-section\" data-parallax-depth=\"20\">\r\n<h2 class=\"gridContainer dynamic-color\" style=\"text-align: center;\"><span style=\"color: #ffffff;\"> Air and Me: P\u00e6dagogisk, interaktivt, sjovt, gratis<\/span><span style=\"color: #78c9db;\"><\/span><\/h2>\r\n<\/div>\r\n<div id=\"content-4\" style=\"background-color: #f6f6f6;\" data-label=\"Content\" data-id=\"content-image-right\" data-category=\"content\" class=\"content-right-image-section\">\r\n<div class=\"gridContainer\">\r\n<div class=\"content-right-image-gridcol\">\r\n<div class=\"content-right-image-textcol dynamic-color\" data-type=\"column\">\r\n<h2 class=\"\">Et p\u00e6dagogisk program<\/h2>\r\n<p class=\"\"><img fetchpriority=\"high\" decoding=\"async\" src=\"https:\/\/airandme.org\/wp-content\/uploads\/2018\/06\/Home-Page.png\" alt=\"Air and Me educational Program\" class=\"alignnone size-full wp-image-915\" srcset=\"https:\/\/airandme.org\/wp-content\/uploads\/2018\/06\/Home-Page.png 550w, http:\/\/airandme.org\/wp-content\/uploads\/2018\/06\/Home-Page-300x149.png 300w\" sizes=\"(max-width: 550px) 100vw, 550px\" width=\"550\" height=\"274\" \/><\/p>\r\n<p class=\"large_text\">Programmet Air and me best\u00e5r af et s\u00e6t af undervisningsv\u00e6rkt\u00f8jer om luftforurening, inklusive diapositiver, quizzer, p\u00e6dagogiske vejledninger, praktisk arbejde, videoer, \u00f8velser, sammenfattende oversigter, tegneserier, farvning\u2026<\/p>\r\n<p class=\"\"><a class=\"button blue\" href=\"http:\/\/airandme.org\/da\/discover-air-and-me\" target=\"_self\" rel=\"noopener noreferrer\">For at vide mere\u2026<\/a><\/p>\r\n<\/div>\r\n<div class=\"content-right-image-imgcol\" data-type=\"column\"><img decoding=\"async\" src=\"http:\/\/airandme.org\/wp-content\/uploads\/2018\/03\/IMG_20180322_133840.jpg\" class=\"alignnone\" title=\"\" alt=\"classroom with animation air and me\" width=\"4160\" height=\"3120\" \/><\/div>\r\n<\/div>\r\n<\/div>\r\n<\/div>\r\n<div id=\"portfolio-2\" style=\"background-color: #ffffff;\" data-label=\"Portfolio\" data-id=\"portfolio-full-section\" data-category=\"portfolio\">\r\n<div class=\"portfolio-full-section\" data-type=\"row\"><\/div>\r\n<\/div>\r\n<div id=\"testimonials-1\" style=\"background-color: #f6f6f6;\" data-label=\"Testimonials\" data-id=\"testimonials-boxed-section\" data-category=\"testimonials\" class=\"testimonials-boxed-section\">\r\n<div class=\"gridContainer\">\r\n<div class=\"testimonials-boxed-textcol dynamic-color\" data-type=\"column\">\r\n<h2 class=\"\">Nogle vidner<\/h2>\r\n<p class=\"\">L\u00e6ger, undervisere, elever&#8230;<\/p>\r\n<\/div>\r\n<div class=\"testimonials-boxed-itemsrow dark-text\" data-type=\"row\">\r\n<div class=\"testimonials-boxed-itemcol cp4cols cp6cols-tablet\">\r\n<div class=\"testimonials-boxed-itemcard\" data-type=\"column\"><img decoding=\"async\" class=\"testimonials-boxed-itemimg\" data-size=\"500x500\" src=\"http:\/\/airandme.org\/wp-content\/uploads\/2018\/03\/cropped-PrCharpin-1.jpg\" \/><\/p>\r\n<h5 class=\"testimonials-boxed-itemname\">Pr. Denis CHARPIN<\/h5>\r\n<h6 class=\"testimonials-boxed-itempos\">Lungespecialist og allergiekspert, Professor ved Aix-Marseille Universitet<\/h6>\r\n<p class=\"\"><em>\u00ab Vi har arbejdet p\u00e5 at forenkle komplekse begreber som forskellen p\u00e5 direkte f\u00f8lger og de kroniske f\u00f8lger af forurening p\u00e5 helbredet, uden at glemme de dramatiske f\u00f8lger af rygning.<br \/>De stigende tal af folk med allergier og astma er en af mine st\u00f8rste bekymringer. Det er grunden til, at jeg deltager i dette projekt med entusiasme. \u00bb<\/em><em><\/em><\/p>\r\n<\/div>\r\n<\/div>\r\n<div class=\"testimonials-boxed-itemcol cp4cols cp6cols-tablet\">\r\n<div class=\"testimonials-boxed-itemcard\" data-type=\"column\"><img decoding=\"async\" class=\"testimonials-boxed-itemimg\" data-size=\"500x500\" src=\"http:\/\/airandme.org\/wp-content\/uploads\/2018\/03\/cropped-ChristelGrosjean.jpg\" \/><\/p>\r\n<h5 class=\"testimonials-boxed-itemname\">Christel GROSJEAN<\/h5>\r\n<h6 class=\"testimonials-boxed-itempos\">Underviser<\/h6>\r\n<h4 class=\"testimonials-boxed-itemtext\">\u00ab Jeg kan rigtigt godt lide at deltage i dette project, fordi vi skaber det virkeligt sammen.<br \/>En p\u00e6dagogik er f\u00f8dt af dette samarbejde mellem forskellige folk med erfaring med b\u00f8rns kreativitet, undervisernes erfaring, videnskablige udvalgs specialviden. \u00bb<\/h4>\r\n<\/div>\r\n<\/div>\r\n<div class=\"testimonials-boxed-itemcol cp4cols cp6cols-tablet\">\r\n<div class=\"testimonials-boxed-itemcard\" data-type=\"column\"><img decoding=\"async\" class=\"testimonials-boxed-itemimg\" data-size=\"500x500\" src=\"http:\/\/airandme.org\/wp-content\/uploads\/2018\/03\/cropped-Carla.jpg\" \/><\/p>\r\n<h5 class=\"testimonials-boxed-itemname\">Carla<\/h5>\r\n<h6 class=\"testimonials-boxed-itempos\">Elev<\/h6>\r\n<h4 class=\"testimonials-boxed-itemtext\">\u00ab Jeg kan godt lide, n\u00e5r l\u00e6reren stiller sp\u00f8rgsm\u00e5l p\u00e5 diapositivet og man skal finde svarene. Med Air and me l\u00e6rer man mange ting, mens man har det sjovt. \u00bb<\/h4>\r\n<p class=\"\">\r\n<\/div>\r\n<\/div>\r\n<\/div>\r\n<\/div>\r\n<\/div>\r\n<div id=\"numbers\" data-label=\"Numbers\" data-id=\"numbers-section\" data-category=\"numbers\" data-bg=\"transparent\" class=\"numbers-section\" data-parallax-depth=\"20\">\r\n<div class=\"gridContainer\">\r\n<div class=\"flexbox-list flexbox-list-align-center row\">\r\n<div class=\"cta-blue-textcol dynamic-color\">\r\n<h2 class=\"cta-blue-text\"><b>Kontakt os !<\/b><\/h2>\r\n<\/div>\r\n<div class=\"cta-blue-btncol\"><a class=\"button big yellow dark-text\" href=\"http:\/\/airandme.org\/da\/who-is-air-and-me\/contact\" target=\"_self\" rel=\"noopener noreferrer\"> Adgang til vores formular <\/a><\/div>\r\n<\/div>\r\n<\/div>\r\n<\/div>\r\n<div data-label=\"Clients\" data-id=\"clients-strip-section\" data-category=\"clients\" class=\"clients-strip-section\" id=\"clients-2\" style=\"background-color: #f6f6f6;\">\r\n<div class=\"row_187 gridContainer\" data-type=\"row\" data-add-content=\"false\">\r\n<div class=\"clients-strip-itemcol cp2cols\">Our Italian website<\/p>\r\n<div class=\"middle_align1\"><a href=\"http:\/\/www.noielaria.org\" target=\"_self\" class=\"\" rel=\"noopener noreferrer\"><img decoding=\"async\" class=\"clients-strip-itemimg\" src=\"http:\/\/airandme.org\/wp-content\/uploads\/2018\/03\/AEM-logo-it.png\" \/><\/a><\/div>\r\n<\/div>\r\n<div class=\"clients-strip-itemcol cp2cols\">Our french website<\/p>\r\n<div class=\"middle_align1\"><a href=\"http:\/\/www.lairetmoi.org\" target=\"_blank\" class=\"\" rel=\"noopener noreferrer\"><img decoding=\"async\" class=\"clients-strip-itemimg\" src=\"http:\/\/airandme.org\/wp-content\/uploads\/2018\/03\/LairEtMoiFr.png\" \/><\/a><\/div>\r\n<\/div>\r\n<div class=\"clients-strip-itemcol cp2cols\">Our partner<\/p>\r\n<div class=\"middle_align1\"><a href=\"http:\/\/www.airpaca.org\" target=\"_self\" class=\"\" rel=\"noopener noreferrer\"><img decoding=\"async\" class=\"clients-strip-itemimg\" src=\"http:\/\/airandme.org\/wp-content\/uploads\/2018\/03\/AirPaca.png\" \/><\/a><\/div>\r\n<\/div>\r\n<\/div>\r\n<\/div>","protected":false},"excerpt":{"rendered":"<p>Air and Me: P\u00e6dagogisk, interaktivt, sjovt, gratis Et p\u00e6dagogisk program Programmet Air and me best\u00e5r af et s\u00e6t af undervisningsv\u00e6rkt\u00f8jer om luftforurening, inklusive diapositiver, quizzer, p\u00e6dagogiske vejledninger, praktisk arbejde, videoer, \u00f8velser, sammenfattende oversigter, tegneserier, farvning\u2026 For at vide mere\u2026 Nogle vidner L\u00e6ger, undervisere, elever&#8230; Pr. Denis CHARPIN Lungespecialist og allergiekspert, Professor ved Aix-Marseille Universitet \u00ab&hellip; <br \/> <a class=\"button small blue\" href=\"https:\/\/airandme.org\/da\/the-viruses-and-us\/\">L\u00e6s mere<\/a><\/p>\n","protected":false},"author":1,"featured_media":0,"parent":0,"menu_order":1,"comment_status":"closed","ping_status":"closed","template":"","meta":{"footnotes":""},"class_list":["post-71","page","type-page","status-publish","hentry"],"yoast_head":"<!-- This site is optimized with the Yoast SEO plugin v26.8 - https:\/\/yoast.com\/product\/yoast-seo-wordpress\/ -->\n<title>Accueil<\/title>\n<meta name=\"robots\" content=\"index, follow, max-snippet:-1, max-image-preview:large, max-video-preview:-1\" \/>\n<link rel=\"canonical\" href=\"https:\/\/airandme.org\/da\/\" \/>\n<meta property=\"og:locale\" content=\"da_DK\" \/>\n<meta property=\"og:locale:alternate\" content=\"en_US\" \/>\n<meta property=\"og:locale:alternate\" content=\"fr_FR\" \/>\n<meta property=\"og:locale:alternate\" content=\"es\" \/>\n<meta property=\"og:locale:alternate\" content=\"it\" \/>\n<meta property=\"og:locale:alternate\" content=\"de\" \/>\n<meta property=\"og:locale:alternate\" content=\"ar\" \/>\n<meta property=\"og:locale:alternate\" content=\"zh\" \/>\n<meta property=\"og:locale:alternate\" content=\"pl\" \/>\n<meta property=\"og:type\" content=\"article\" \/>\n<meta property=\"og:title\" content=\"Accueil\" \/>\n<meta property=\"og:description\" content=\"Air and Me: P\u00e6dagogisk, interaktivt, sjovt, gratis Et p\u00e6dagogisk program Programmet Air and me best\u00e5r af et s\u00e6t af undervisningsv\u00e6rkt\u00f8jer om luftforurening, inklusive diapositiver, quizzer, p\u00e6dagogiske vejledninger, praktisk arbejde, videoer, \u00f8velser, sammenfattende oversigter, tegneserier, farvning\u2026 For at vide mere\u2026 Nogle vidner L\u00e6ger, undervisere, elever&#8230; Pr. Denis CHARPIN Lungespecialist og allergiekspert, Professor ved Aix-Marseille Universitet \u00ab&hellip; L\u00e6s mere\" \/>\n<meta property=\"og:url\" content=\"https:\/\/airandme.org\/da\/the-viruses-and-us\/\" \/>\n<meta property=\"og:site_name\" content=\"Air and Me\" \/>\n<meta property=\"article:publisher\" content=\"https:\/\/www.facebook.com\/lairetmoi\/\" \/>\n<meta property=\"article:modified_time\" content=\"2023-05-22T09:38:22+00:00\" \/>\n<meta property=\"og:image\" content=\"https:\/\/airandme.org\/wp-content\/uploads\/2018\/06\/Home-Page-300x149.png\" \/>\n<meta name=\"twitter:card\" content=\"summary_large_image\" \/>\n<meta name=\"twitter:site\" content=\"@lairetmoi\" \/>\n<meta name=\"twitter:label1\" content=\"Estimeret l\u00e6setid\" \/>\n\t<meta name=\"twitter:data1\" content=\"4 minutter\" \/>\n<script type=\"application\/ld+json\" class=\"yoast-schema-graph\">{\"@context\":\"https:\/\/schema.org\",\"@graph\":[{\"@type\":\"WebPage\",\"@id\":\"https:\/\/airandme.org\/\",\"url\":\"https:\/\/airandme.org\/\",\"name\":\"Accueil\",\"isPartOf\":{\"@id\":\"https:\/\/airandme.org\/#website\"},\"primaryImageOfPage\":{\"@id\":\"https:\/\/airandme.org\/#primaryimage\"},\"image\":{\"@id\":\"https:\/\/airandme.org\/#primaryimage\"},\"thumbnailUrl\":\"https:\/\/airandme.org\/wp-content\/uploads\/2018\/06\/Home-Page-300x149.png\",\"datePublished\":\"2018-03-25T22:18:03+00:00\",\"dateModified\":\"2023-05-22T09:38:22+00:00\",\"breadcrumb\":{\"@id\":\"https:\/\/airandme.org\/#breadcrumb\"},\"inLanguage\":\"da\",\"potentialAction\":[{\"@type\":\"ReadAction\",\"target\":[\"https:\/\/airandme.org\/\"]}]},{\"@type\":\"ImageObject\",\"inLanguage\":\"da\",\"@id\":\"https:\/\/airandme.org\/#primaryimage\",\"url\":\"https:\/\/airandme.org\/wp-content\/uploads\/2018\/06\/Home-Page-300x149.png\",\"contentUrl\":\"https:\/\/airandme.org\/wp-content\/uploads\/2018\/06\/Home-Page-300x149.png\"},{\"@type\":\"BreadcrumbList\",\"@id\":\"https:\/\/airandme.org\/#breadcrumb\",\"itemListElement\":[{\"@type\":\"ListItem\",\"position\":1,\"name\":\"Accueil\",\"item\":\"https:\/\/airandme.org\/\"},{\"@type\":\"ListItem\",\"position\":2,\"name\":\"Accueil\"}]},{\"@type\":\"WebSite\",\"@id\":\"https:\/\/airandme.org\/#website\",\"url\":\"https:\/\/airandme.org\/\",\"name\":\"Air and Me\",\"description\":\"\",\"publisher\":{\"@id\":\"https:\/\/airandme.org\/#organization\"},\"potentialAction\":[{\"@type\":\"SearchAction\",\"target\":{\"@type\":\"EntryPoint\",\"urlTemplate\":\"https:\/\/airandme.org\/?s={search_term_string}\"},\"query-input\":{\"@type\":\"PropertyValueSpecification\",\"valueRequired\":true,\"valueName\":\"search_term_string\"}}],\"inLanguage\":\"da\"},{\"@type\":\"Organization\",\"@id\":\"https:\/\/airandme.org\/#organization\",\"name\":\"F\u00e9d\u00e9ration L'Air et Moi\",\"url\":\"https:\/\/airandme.org\/\",\"logo\":{\"@type\":\"ImageObject\",\"inLanguage\":\"da\",\"@id\":\"https:\/\/airandme.org\/#\/schema\/logo\/image\/\",\"url\":\"https:\/\/airandme.org\/wp-content\/uploads\/2018\/03\/AAME_.png\",\"contentUrl\":\"https:\/\/airandme.org\/wp-content\/uploads\/2018\/03\/AAME_.png\",\"width\":441,\"height\":179,\"caption\":\"F\u00e9d\u00e9ration L'Air et Moi\"},\"image\":{\"@id\":\"https:\/\/airandme.org\/#\/schema\/logo\/image\/\"},\"sameAs\":[\"https:\/\/www.facebook.com\/lairetmoi\/\",\"https:\/\/x.com\/lairetmoi\",\"https:\/\/www.youtube.com\/channel\/UCcguTqo1uDOSJcik4GveZhw\"]}]}<\/script>\n<!-- \/ Yoast SEO plugin. -->","yoast_head_json":{"title":"Accueil","robots":{"index":"index","follow":"follow","max-snippet":"max-snippet:-1","max-image-preview":"max-image-preview:large","max-video-preview":"max-video-preview:-1"},"canonical":"https:\/\/airandme.org\/da\/","og_locale":"da_DK","og_type":"article","og_title":"[:en]Accueil[:fr]Accueil[:es]Accueil[:it]Accueil[:de]Accueil[:ar]Accueil[:da]Accueil[:] &#183; Air and Me","og_description":"Air and Me: P\u00e6dagogisk, interaktivt, sjovt, gratis Et p\u00e6dagogisk program Programmet Air and me best\u00e5r af et s\u00e6t af undervisningsv\u00e6rkt\u00f8jer om luftforurening, inklusive diapositiver, quizzer, p\u00e6dagogiske vejledninger, praktisk arbejde, videoer, \u00f8velser, sammenfattende oversigter, tegneserier, farvning\u2026 For at vide mere\u2026 Nogle vidner L\u00e6ger, undervisere, elever&#8230; Pr. Denis CHARPIN Lungespecialist og allergiekspert, Professor ved Aix-Marseille Universitet \u00ab&hellip; L\u00e6s mere","og_url":"https:\/\/airandme.org\/da\/the-viruses-and-us\/","og_site_name":"Air and Me","article_publisher":"https:\/\/www.facebook.com\/lairetmoi\/","article_modified_time":"2023-05-22T09:38:22+00:00","og_image":[{"url":"https:\/\/airandme.org\/wp-content\/uploads\/2018\/06\/Home-Page-300x149.png","type":"","width":"","height":""}],"twitter_card":"summary_large_image","twitter_site":"@lairetmoi","twitter_misc":{"Estimeret l\u00e6setid":"4 minutter"},"schema":{"@context":"https:\/\/schema.org","@graph":[{"@type":"WebPage","@id":"https:\/\/airandme.org\/","url":"https:\/\/airandme.org\/","name":"Accueil","isPartOf":{"@id":"https:\/\/airandme.org\/#website"},"primaryImageOfPage":{"@id":"https:\/\/airandme.org\/#primaryimage"},"image":{"@id":"https:\/\/airandme.org\/#primaryimage"},"thumbnailUrl":"https:\/\/airandme.org\/wp-content\/uploads\/2018\/06\/Home-Page-300x149.png","datePublished":"2018-03-25T22:18:03+00:00","dateModified":"2023-05-22T09:38:22+00:00","breadcrumb":{"@id":"https:\/\/airandme.org\/#breadcrumb"},"inLanguage":"da","potentialAction":[{"@type":"ReadAction","target":["https:\/\/airandme.org\/"]}]},{"@type":"ImageObject","inLanguage":"da","@id":"https:\/\/airandme.org\/#primaryimage","url":"https:\/\/airandme.org\/wp-content\/uploads\/2018\/06\/Home-Page-300x149.png","contentUrl":"https:\/\/airandme.org\/wp-content\/uploads\/2018\/06\/Home-Page-300x149.png"},{"@type":"BreadcrumbList","@id":"https:\/\/airandme.org\/#breadcrumb","itemListElement":[{"@type":"ListItem","position":1,"name":"Accueil","item":"https:\/\/airandme.org\/"},{"@type":"ListItem","position":2,"name":"Accueil"}]},{"@type":"WebSite","@id":"https:\/\/airandme.org\/#website","url":"https:\/\/airandme.org\/","name":"Air and Me","description":"","publisher":{"@id":"https:\/\/airandme.org\/#organization"},"potentialAction":[{"@type":"SearchAction","target":{"@type":"EntryPoint","urlTemplate":"https:\/\/airandme.org\/?s={search_term_string}"},"query-input":{"@type":"PropertyValueSpecification","valueRequired":true,"valueName":"search_term_string"}}],"inLanguage":"da"},{"@type":"Organization","@id":"https:\/\/airandme.org\/#organization","name":"F\u00e9d\u00e9ration L'Air et Moi","url":"https:\/\/airandme.org\/","logo":{"@type":"ImageObject","inLanguage":"da","@id":"https:\/\/airandme.org\/#\/schema\/logo\/image\/","url":"https:\/\/airandme.org\/wp-content\/uploads\/2018\/03\/AAME_.png","contentUrl":"https:\/\/airandme.org\/wp-content\/uploads\/2018\/03\/AAME_.png","width":441,"height":179,"caption":"F\u00e9d\u00e9ration L'Air et Moi"},"image":{"@id":"https:\/\/airandme.org\/#\/schema\/logo\/image\/"},"sameAs":["https:\/\/www.facebook.com\/lairetmoi\/","https:\/\/x.com\/lairetmoi","https:\/\/www.youtube.com\/channel\/UCcguTqo1uDOSJcik4GveZhw"]}]}},"_links":{"self":[{"href":"https:\/\/airandme.org\/da\/wp-json\/wp\/v2\/pages\/71","targetHints":{"allow":["GET"]}}],"collection":[{"href":"https:\/\/airandme.org\/da\/wp-json\/wp\/v2\/pages"}],"about":[{"href":"https:\/\/airandme.org\/da\/wp-json\/wp\/v2\/types\/page"}],"author":[{"embeddable":true,"href":"https:\/\/airandme.org\/da\/wp-json\/wp\/v2\/users\/1"}],"replies":[{"embeddable":true,"href":"https:\/\/airandme.org\/da\/wp-json\/wp\/v2\/comments?post=71"}],"version-history":[{"count":15,"href":"https:\/\/airandme.org\/da\/wp-json\/wp\/v2\/pages\/71\/revisions"}],"predecessor-version":[{"id":5231,"href":"https:\/\/airandme.org\/da\/wp-json\/wp\/v2\/pages\/71\/revisions\/5231"}],"wp:attachment":[{"href":"https:\/\/airandme.org\/da\/wp-json\/wp\/v2\/media?parent=71"}],"curies":[{"name":"wp","href":"https:\/\/api.w.org\/{rel}","templated":true}]}}