{"id":2,"date":"2018-03-25T21:36:09","date_gmt":"2018-03-25T19:36:09","guid":{"rendered":"http:\/\/airandme.org\/?page_id=2"},"modified":"2026-02-02T17:53:23","modified_gmt":"2026-02-02T16:53:23","slug":"discover-air-and-me","status":"publish","type":"page","link":"https:\/\/airandme.org\/da\/discover-air-and-me\/","title":{"rendered":"Find ud af mere om Air and me"},"content":{"rendered":"<div id=\"wpsecol-f495741d-bf1d-7845-c299-494f74bb34be\" class=\"csRow\">\n<div class=\"csColumnGap\" style=\"margin: 0; padding: 0; float: left; width: 0%;\"><img decoding=\"async\" src=\"http:\/\/airandme.org\/wp-content\/plugins\/wp-smart-editor\/plugins\/columns\/img\/1x1-pixel.png\" \/><\/div>\n<div class=\"csColumn\" style=\"margin: 0; padding: 0; float: left; width: 49.22566371681416%;\" data-posx0=\"0\" data-posx1=\"49.336283185840706\" data-padding=\"5\" data-responsive=\"1\">\n<div style=\"padding: 5px;\">\n<div class=\"preview_text csColumn_text\">\n<p><img decoding=\"async\" class=\"wp-image-101 alignleft\" src=\"http:\/\/airandme.org\/wp-content\/uploads\/2018\/03\/brochure.png\" alt=\"\" width=\"168\" height=\"135\" \/><div class='w3eden'><!-- WPDM Link Template: Default Template -->\n\n<div class=\"link-template-default card mb-2\">\n    <div class=\"card-body\">\n        <div class=\"media\">\n            <div class=\"mr-3 img-48\"><img decoding=\"async\" class=\"wpdm_icon\" alt=\"Icon\"   src=\"http:\/\/airandme.org\/wp-content\/plugins\/download-manager\/assets\/file-type-icons\/pdf.svg\" \/><\/div>\n            <div class=\"media-body\">\n                <h3 class=\"package-title\"><a href='https:\/\/airandme.org\/da\/download\/brochure-de-presentation-fr-en\/'>Brochure de pr\u00e9sentation \/ Leaflet<\/a><\/h3>\n                <div class=\"text-muted text-small\"><i class=\"fas fa-copy\"><\/i> 1 file(s) <i class=\"fas fa-hdd ml-3\"><\/i> 48.5 MB<\/div>\n            <\/div>\n            <div class=\"ml-3\">\n                <a class='wpdm-download-link download-on-click btn btn-info ' rel='nofollow' href='#' data-downloadurl=\"https:\/\/airandme.org\/da\/download\/brochure-de-presentation-fr-en\/?wpdmdl=339&refresh=69d7f2024f5c31775759874\">Download<\/a>\n            <\/div>\n        <\/div>\n    <\/div>\n<\/div>\n\n<\/div><\/p>\n<\/div>\n<\/div>\n<\/div>\n<div class=\"csColumnGap\" style=\"margin: 0; padding: 0; float: left; width: 1.3274336283185841%;\"><img decoding=\"async\" src=\"http:\/\/airandme.org\/wp-content\/plugins\/wp-smart-editor\/plugins\/columns\/img\/1x1-pixel.png\" \/><\/div>\n<div class=\"csColumn\" style=\"margin: 0; padding: 0; float: left; width: 49.22566371681416%;\" data-posx0=\"50.66371681415929\" data-posx1=\"100\" data-padding=\"5\" data-responsive=\"1\">\n<div style=\"padding: 5px;\">\n<div class=\"preview_text csColumn_text\">\n<p><img decoding=\"async\" class=\"wp-image-185 alignleft\" src=\"http:\/\/airandme.org\/wp-content\/uploads\/2018\/03\/diapo_ppt.png\" alt=\"Diaporamas anim\u00e9s sur la qualit\u00e9 de L'Air\" width=\"167\" height=\"101\" srcset=\"https:\/\/airandme.org\/wp-content\/uploads\/2018\/03\/diapo_ppt.png 447w, https:\/\/airandme.org\/wp-content\/uploads\/2018\/03\/diapo_ppt-300x181.png 300w\" sizes=\"(max-width: 167px) 100vw, 167px\" \/><div class='w3eden'><!-- WPDM Link Template: Default Template -->\n\n<div class=\"link-template-default card mb-2\">\n    <div class=\"card-body\">\n        <div class=\"media\">\n            <div class=\"mr-3 img-48\"><img decoding=\"async\" class=\"wpdm_icon\" alt=\"Icon\"   src=\"http:\/\/airandme.org\/wp-content\/plugins\/download-manager\/assets\/file-type-icons\/ppt.svg\" \/><\/div>\n            <div class=\"media-body\">\n                <h3 class=\"package-title\"><a href='https:\/\/airandme.org\/da\/download\/air-and-me-presentation\/'>Air and Me presentation<\/a><\/h3>\n                <div class=\"text-muted text-small\"><i class=\"fas fa-copy\"><\/i> 1 file(s) <i class=\"fas fa-hdd ml-3\"><\/i> 26.79 MB<\/div>\n            <\/div>\n            <div class=\"ml-3\">\n                <a class='wpdm-download-link download-on-click btn btn-info ' rel='nofollow' href='#' data-downloadurl=\"https:\/\/airandme.org\/da\/download\/air-and-me-presentation\/?wpdmdl=941&refresh=69d7f202537611775759874\">Download<\/a>\n            <\/div>\n        <\/div>\n    <\/div>\n<\/div>\n\n<\/div><\/p>\n<\/div>\n<\/div>\n<\/div>\n<\/div>\n<h4><span style=\"color: #000080;\">Air and me er et komplet program der har som m\u00e5l at bevidstg\u00f8re b\u00f8rn om luftkvalitet. Skabt uden specifikke geografiske eller kulturelle s\u00e6rtegn, det kan let tilpasses til hele verdens regioner og sprog.<\/span><\/h4>\n<div>\u00a0<\/div>\n<h2>V<strong>\u00e6rkt<\/strong>\u00f8<strong>jer fra <\/strong>Air and me<\/h2>\n<p>Programmet Air and me best\u00e5r af et s\u00e6t af undervisningsv\u00e6rkt\u00f8jer om luftkvalitet, inklusive diapositiver, quizzer, p\u00e6dagogiske vejledninger, praktisk arbejde, videoer, \u00f8velser, sammenfattende oversigter, tegneserier, farvning&#8230;<\/p>\n<p>Vores vigtigste v\u00e6rkt\u00f8j \u2013 diapositivet Essentiel Modul \u2013 er allerede tilg\u00e6ngeligt p\u00e5 adskillige sprog : fransk, engelsk, italiensk, spansk, tysk, arabisk, russisk, tjekkisk, estisk\u2026\u2026 og kan <a href=\"\/dl\/\">downloades her<\/a>. <br \/>Find ligeledes alle v\u00e6rkt\u00f8jer p\u00e5 fransk p\u00e5 hjemmesiden <a href=\"http:\/\/www.lairetmoi.org\">www.lairetmoi.org<\/a><\/p>\n<p>&nbsp;<\/p>\n<p>&nbsp;<\/p>\n<p><iframe src=\"https:\/\/docs.google.com\/presentation\/d\/e\/2PACX-1vSMCT9Bv7e_gSk3MAi8wJ6HK1mHul_S8lkcJ6Ot_R-0g5lsfZk2f1Cc_6GhTNSHT9WwFcwtFSfoAlFk\/embed?start=false&#038;loop=false&#038;delayms=5000\" width=\"960\" height=\"749\" frameborder=\"0\" allowfullscreen=\"allowfullscreen\"><\/iframe><\/p>\n<div id=\"wpsecol-f495741d-bf1d-7845-c299-494f74bb34be\" class=\"csRow\">\n<div class=\"csColumnGap\" style=\"margin: 0; padding: 0; float: left; width: 0.2212389380530908%;\"><img decoding=\"async\" src=\"http:\/\/airandme.org\/wp-content\/plugins\/wp-smart-editor\/plugins\/columns\/img\/1x1-pixel.png\" \/><\/div>\n<\/div>\n<p><a class=\"wpsebtn\" id=\"btn-8fdebc7e-7952-1d22-a810-7aa28e363ee3\" data-font-size=\"13\" data-color=\"#ffffff\" data-background=\"#2196F3\" data-padding-left=\"12\" data-padding-top=\"6\" data-padding-right=\"12\" data-padding-bottom=\"6\" data-border-width=\"1\" data-border-radius=\"0\" data-border-color=\"#2196F3\" data-color-hover=\"#ffffff\" data-background-hover=\"#2196F3\" data-box-shadow-color-hover=\"#bababa\" data-box-shadow-horz-hover=\"3\" data-box-shadow-vert-hover=\"3\" data-box-shadow-blur-hover=\"3\" data-box-shadow-spread-hover=\"0\" data-text=\"Button text\" href=\"http:\/\/airandme.org\/da\/discover-air-and-me\/who-is-it-for-why-join\/\" type=\"button\">Hvem henvender Air and me til ? Hvorfor skal du bruge programmet ?<\/a><\/p>\n<p>&nbsp;<\/p>\n<p>&nbsp;<\/p>\n<div id=\"style-wpsecol-f495741d-bf1d-7845-c299-494f74bb34be\">\n<style><!--\n@media (max-width: 768px) {\n    #wpsecol-f495741d-bf1d-7845-c299-494f74bb34be .csColumn {\n        display: block;\n        width: 100% !important;\n    }\n    #wpsecol-f495741d-bf1d-7845-c299-494f74bb34be .csColumnGap {\n        display: none;\n    }\n}\n--><\/style>\n<\/div>\n<div id=\"style-btn-a38fc085-0646-5d20-4cab-1d786a106831\">\n<style class=\"style-btn\"><!--\n#btn-a38fc085-0646-5d20-4cab-1d786a106831 {font-size: 13px;color: #ffffff;background: #2196F3;padding-left: 12px;padding-top: 6px;padding-right: 12px;padding-bottom: 6px;border-width: 1px;border-radius: 0px;-moz-border-radius: 0px;-webkit-border-radius: 0px;border-color: #2196F3;} #btn-a38fc085-0646-5d20-4cab-1d786a106831:hover {background: #2196F3;color: #ffffff;box-shadow: 3px 3px 3px 0px #bababa;-moz-box-shadow: 3px 3px 3px 0px #bababa;-webkit-box-shadow: 3px 3px 3px 0px #bababa;}\n--><\/style>\n<\/div>\n<div id=\"style-btn-c1a67f52-64b7-fc56-9413-085f385be216\">\n<style class=\"style-btn\"><!--\n#btn-c1a67f52-64b7-fc56-9413-085f385be216 {font-size: 13px;color: #ffffff;background: #2196F3;padding-left: 12px;padding-top: 6px;padding-right: 12px;padding-bottom: 6px;border-width: 1px;border-radius: 0px;-moz-border-radius: 0px;-webkit-border-radius: 0px;border-color: #2196F3;} #btn-c1a67f52-64b7-fc56-9413-085f385be216:hover {background: #2196F3;color: #ffffff;box-shadow: 3px 3px 3px 0px #bababa;-moz-box-shadow: 3px 3px 3px 0px #bababa;-webkit-box-shadow: 3px 3px 3px 0px #bababa;}\n--><\/style>\n<\/div>\n<div id=\"style-btn-8fdebc7e-7952-1d22-a810-7aa28e363ee3\">\n<style class=\"style-btn\"><!--\n#btn-8fdebc7e-7952-1d22-a810-7aa28e363ee3 {font-size: 13px;color: #ffffff;background: #2196F3;padding-left: 12px;padding-top: 6px;padding-right: 12px;padding-bottom: 6px;border-width: 1px;border-radius: 0px;-moz-border-radius: 0px;-webkit-border-radius: 0px;border-color: #2196F3;} #btn-8fdebc7e-7952-1d22-a810-7aa28e363ee3:hover {background: #2196F3;color: #ffffff;box-shadow: 3px 3px 3px 0px #bababa;-moz-box-shadow: 3px 3px 3px 0px #bababa;-webkit-box-shadow: 3px 3px 3px 0px #bababa;}\n--><\/style>\n<\/div>\n<div id=\"style-btn-458952fb-3206-741e-e5c8-1e353aa7f0e4\">\n<style class=\"style-btn\"><!--\n#btn-458952fb-3206-741e-e5c8-1e353aa7f0e4 {font-size: 13px;color: #ffffff;background: #2196F3;padding-left: 12px;padding-top: 6px;padding-right: 12px;padding-bottom: 6px;border-width: 1px;border-radius: 0px;-moz-border-radius: 0px;-webkit-border-radius: 0px;border-color: #2196F3;} #btn-458952fb-3206-741e-e5c8-1e353aa7f0e4:hover {background: #2196F3;color: #ffffff;box-shadow: 3px 3px 3px 0px #bababa;-moz-box-shadow: 3px 3px 3px 0px #bababa;-webkit-box-shadow: 3px 3px 3px 0px #bababa;}\n--><\/style>\n<\/div>\n<div id=\"style-btn-1627f55b-10a4-3546-395b-e351bcacbe4e\">\n<style class=\"style-btn\"><!--\n#btn-1627f55b-10a4-3546-395b-e351bcacbe4e {font-size: 14px;color: #ffffff;background: #0e83cd;padding-left: 12px;padding-top: 6px;padding-right: 12px;padding-bottom: 6px;border-radius: 0px;-moz-border-radius: 0px;-webkit-border-radius: 0px;border-color: #357ebd;border-width: 1px;} #btn-1627f55b-10a4-3546-395b-e351bcacbe4e:hover {background: #1990f9;color: #ffffff;box-shadow: 3px 3px 3px 0px #bababa;-moz-box-shadow: 3px 3px 3px 0px #bababa;-webkit-box-shadow: 3px 3px 3px 0px #bababa;}\n--><\/style>\n<\/div>\n","protected":false},"excerpt":{"rendered":"<p>Air and me er et komplet program der har som m\u00e5l at bevidstg\u00f8re b\u00f8rn om luftkvalitet. Skabt uden specifikke geografiske eller kulturelle s\u00e6rtegn, det kan let tilpasses til hele verdens regioner og sprog. \u00a0 V\u00e6rkt\u00f8jer fra Air and me Programmet Air and me best\u00e5r af et s\u00e6t af undervisningsv\u00e6rkt\u00f8jer om luftkvalitet, inklusive diapositiver, quizzer, p\u00e6dagogiske&hellip; <br \/> <a class=\"button small blue\" href=\"https:\/\/airandme.org\/da\/discover-air-and-me\/\">L\u00e6s mere<\/a><\/p>\n","protected":false},"author":1,"featured_media":0,"parent":0,"menu_order":3,"comment_status":"closed","ping_status":"closed","template":"","meta":{"footnotes":""},"class_list":["post-2","page","type-page","status-publish","hentry"],"yoast_head":"<!-- This site is optimized with the Yoast SEO plugin v26.8 - https:\/\/yoast.com\/product\/yoast-seo-wordpress\/ -->\n<title>Find ud af mere om Air and me<\/title>\n<meta name=\"robots\" content=\"index, follow, max-snippet:-1, max-image-preview:large, max-video-preview:-1\" \/>\n<link rel=\"canonical\" href=\"https:\/\/airandme.org\/da\/discover-air-and-me\/\" \/>\n<meta property=\"og:locale\" content=\"da_DK\" \/>\n<meta property=\"og:locale:alternate\" content=\"en_US\" \/>\n<meta property=\"og:locale:alternate\" content=\"fr_FR\" \/>\n<meta property=\"og:locale:alternate\" content=\"es\" \/>\n<meta property=\"og:locale:alternate\" content=\"it\" \/>\n<meta property=\"og:locale:alternate\" content=\"de\" \/>\n<meta property=\"og:locale:alternate\" content=\"ar\" \/>\n<meta property=\"og:locale:alternate\" content=\"zh\" \/>\n<meta property=\"og:locale:alternate\" content=\"pl\" \/>\n<meta property=\"og:type\" content=\"article\" \/>\n<meta property=\"og:title\" content=\"Find ud af mere om Air and me\" \/>\n<meta property=\"og:description\" content=\"Air and me er et komplet program der har som m\u00e5l at bevidstg\u00f8re b\u00f8rn om luftkvalitet. Skabt uden specifikke geografiske eller kulturelle s\u00e6rtegn, det kan let tilpasses til hele verdens regioner og sprog. \u00a0 V\u00e6rkt\u00f8jer fra Air and me Programmet Air and me best\u00e5r af et s\u00e6t af undervisningsv\u00e6rkt\u00f8jer om luftkvalitet, inklusive diapositiver, quizzer, p\u00e6dagogiske&hellip; L\u00e6s mere\" \/>\n<meta property=\"og:url\" content=\"https:\/\/airandme.org\/da\/discover-air-and-me\/\" \/>\n<meta property=\"og:site_name\" content=\"Air and Me\" \/>\n<meta property=\"article:publisher\" content=\"https:\/\/www.facebook.com\/lairetmoi\/\" \/>\n<meta property=\"article:modified_time\" content=\"2026-02-02T16:53:23+00:00\" \/>\n<meta property=\"og:image\" content=\"http:\/\/airandme.org\/wp-content\/plugins\/wp-smart-editor\/plugins\/columns\/img\/1x1-pixel.png\" \/>\n<meta name=\"twitter:card\" content=\"summary_large_image\" \/>\n<meta name=\"twitter:site\" content=\"@lairetmoi\" \/>\n<meta name=\"twitter:label1\" content=\"Estimeret l\u00e6setid\" \/>\n\t<meta name=\"twitter:data1\" content=\"5 minutter\" \/>\n<script type=\"application\/ld+json\" class=\"yoast-schema-graph\">{\"@context\":\"https:\/\/schema.org\",\"@graph\":[{\"@type\":\"WebPage\",\"@id\":\"https:\/\/airandme.org\/it\/discover-air-and-me\/\",\"url\":\"https:\/\/airandme.org\/it\/discover-air-and-me\/\",\"name\":\"Find ud af mere om Air and me\",\"isPartOf\":{\"@id\":\"https:\/\/airandme.org\/#website\"},\"primaryImageOfPage\":{\"@id\":\"https:\/\/airandme.org\/it\/discover-air-and-me\/#primaryimage\"},\"image\":{\"@id\":\"https:\/\/airandme.org\/it\/discover-air-and-me\/#primaryimage\"},\"thumbnailUrl\":\"http:\/\/airandme.org\/wp-content\/plugins\/wp-smart-editor\/plugins\/columns\/img\/1x1-pixel.png\",\"datePublished\":\"2018-03-25T19:36:09+00:00\",\"dateModified\":\"2026-02-02T16:53:23+00:00\",\"breadcrumb\":{\"@id\":\"https:\/\/airandme.org\/it\/discover-air-and-me\/#breadcrumb\"},\"inLanguage\":\"da\",\"potentialAction\":[{\"@type\":\"ReadAction\",\"target\":[\"https:\/\/airandme.org\/it\/discover-air-and-me\/\"]}]},{\"@type\":\"ImageObject\",\"inLanguage\":\"da\",\"@id\":\"https:\/\/airandme.org\/it\/discover-air-and-me\/#primaryimage\",\"url\":\"http:\/\/airandme.org\/wp-content\/plugins\/wp-smart-editor\/plugins\/columns\/img\/1x1-pixel.png\",\"contentUrl\":\"http:\/\/airandme.org\/wp-content\/plugins\/wp-smart-editor\/plugins\/columns\/img\/1x1-pixel.png\"},{\"@type\":\"BreadcrumbList\",\"@id\":\"https:\/\/airandme.org\/it\/discover-air-and-me\/#breadcrumb\",\"itemListElement\":[{\"@type\":\"ListItem\",\"position\":1,\"name\":\"Accueil\",\"item\":\"https:\/\/airandme.org\/\"},{\"@type\":\"ListItem\",\"position\":2,\"name\":\"Scoprire Noi e l\u2019Aria\"}]},{\"@type\":\"WebSite\",\"@id\":\"https:\/\/airandme.org\/#website\",\"url\":\"https:\/\/airandme.org\/\",\"name\":\"Air and Me\",\"description\":\"\",\"publisher\":{\"@id\":\"https:\/\/airandme.org\/#organization\"},\"potentialAction\":[{\"@type\":\"SearchAction\",\"target\":{\"@type\":\"EntryPoint\",\"urlTemplate\":\"https:\/\/airandme.org\/?s={search_term_string}\"},\"query-input\":{\"@type\":\"PropertyValueSpecification\",\"valueRequired\":true,\"valueName\":\"search_term_string\"}}],\"inLanguage\":\"da\"},{\"@type\":\"Organization\",\"@id\":\"https:\/\/airandme.org\/#organization\",\"name\":\"F\u00e9d\u00e9ration L'Air et Moi\",\"url\":\"https:\/\/airandme.org\/\",\"logo\":{\"@type\":\"ImageObject\",\"inLanguage\":\"da\",\"@id\":\"https:\/\/airandme.org\/#\/schema\/logo\/image\/\",\"url\":\"https:\/\/airandme.org\/wp-content\/uploads\/2018\/03\/AAME_.png\",\"contentUrl\":\"https:\/\/airandme.org\/wp-content\/uploads\/2018\/03\/AAME_.png\",\"width\":441,\"height\":179,\"caption\":\"F\u00e9d\u00e9ration L'Air et Moi\"},\"image\":{\"@id\":\"https:\/\/airandme.org\/#\/schema\/logo\/image\/\"},\"sameAs\":[\"https:\/\/www.facebook.com\/lairetmoi\/\",\"https:\/\/x.com\/lairetmoi\",\"https:\/\/www.youtube.com\/channel\/UCcguTqo1uDOSJcik4GveZhw\"]}]}<\/script>\n<!-- \/ Yoast SEO plugin. -->","yoast_head_json":{"title":"Find ud af mere om Air and me","robots":{"index":"index","follow":"follow","max-snippet":"max-snippet:-1","max-image-preview":"max-image-preview:large","max-video-preview":"max-video-preview:-1"},"canonical":"https:\/\/airandme.org\/da\/discover-air-and-me\/","og_locale":"da_DK","og_type":"article","og_title":"[:en]Discover Air and Me[:fr]D\u00e9couvrir L&#039;Air et Moi[:es]Descubrir el Aire y Yo[:it]Scoprire Noi e l\u2019Aria[:de]Die Luft und Ich entdecken[:ar]\u0627\u0643\u062a\u0634\u0641 \"\u0623\u0646\u0627 \u0648 \u0627\u0644\u0647\u0648\u0627\u0621\"[:da]Find ud af mere om Air and me[:zh]\u4e86\u89e3\u7a7a\u6c14\u548c\u6211[:pl]Odkryj program Moje powietrze[:] &#183; Air and Me","og_description":"Air and me er et komplet program der har som m\u00e5l at bevidstg\u00f8re b\u00f8rn om luftkvalitet. Skabt uden specifikke geografiske eller kulturelle s\u00e6rtegn, det kan let tilpasses til hele verdens regioner og sprog. \u00a0 V\u00e6rkt\u00f8jer fra Air and me Programmet Air and me best\u00e5r af et s\u00e6t af undervisningsv\u00e6rkt\u00f8jer om luftkvalitet, inklusive diapositiver, quizzer, p\u00e6dagogiske&hellip; L\u00e6s mere","og_url":"https:\/\/airandme.org\/da\/discover-air-and-me\/","og_site_name":"Air and Me","article_publisher":"https:\/\/www.facebook.com\/lairetmoi\/","article_modified_time":"2026-02-02T16:53:23+00:00","og_image":[{"url":"http:\/\/airandme.org\/wp-content\/plugins\/wp-smart-editor\/plugins\/columns\/img\/1x1-pixel.png","type":"","width":"","height":""}],"twitter_card":"summary_large_image","twitter_site":"@lairetmoi","twitter_misc":{"Estimeret l\u00e6setid":"5 minutter"},"schema":{"@context":"https:\/\/schema.org","@graph":[{"@type":"WebPage","@id":"https:\/\/airandme.org\/it\/discover-air-and-me\/","url":"https:\/\/airandme.org\/it\/discover-air-and-me\/","name":"Find ud af mere om Air and me","isPartOf":{"@id":"https:\/\/airandme.org\/#website"},"primaryImageOfPage":{"@id":"https:\/\/airandme.org\/it\/discover-air-and-me\/#primaryimage"},"image":{"@id":"https:\/\/airandme.org\/it\/discover-air-and-me\/#primaryimage"},"thumbnailUrl":"http:\/\/airandme.org\/wp-content\/plugins\/wp-smart-editor\/plugins\/columns\/img\/1x1-pixel.png","datePublished":"2018-03-25T19:36:09+00:00","dateModified":"2026-02-02T16:53:23+00:00","breadcrumb":{"@id":"https:\/\/airandme.org\/it\/discover-air-and-me\/#breadcrumb"},"inLanguage":"da","potentialAction":[{"@type":"ReadAction","target":["https:\/\/airandme.org\/it\/discover-air-and-me\/"]}]},{"@type":"ImageObject","inLanguage":"da","@id":"https:\/\/airandme.org\/it\/discover-air-and-me\/#primaryimage","url":"http:\/\/airandme.org\/wp-content\/plugins\/wp-smart-editor\/plugins\/columns\/img\/1x1-pixel.png","contentUrl":"http:\/\/airandme.org\/wp-content\/plugins\/wp-smart-editor\/plugins\/columns\/img\/1x1-pixel.png"},{"@type":"BreadcrumbList","@id":"https:\/\/airandme.org\/it\/discover-air-and-me\/#breadcrumb","itemListElement":[{"@type":"ListItem","position":1,"name":"Accueil","item":"https:\/\/airandme.org\/"},{"@type":"ListItem","position":2,"name":"Scoprire Noi e l\u2019Aria"}]},{"@type":"WebSite","@id":"https:\/\/airandme.org\/#website","url":"https:\/\/airandme.org\/","name":"Air and Me","description":"","publisher":{"@id":"https:\/\/airandme.org\/#organization"},"potentialAction":[{"@type":"SearchAction","target":{"@type":"EntryPoint","urlTemplate":"https:\/\/airandme.org\/?s={search_term_string}"},"query-input":{"@type":"PropertyValueSpecification","valueRequired":true,"valueName":"search_term_string"}}],"inLanguage":"da"},{"@type":"Organization","@id":"https:\/\/airandme.org\/#organization","name":"F\u00e9d\u00e9ration L'Air et Moi","url":"https:\/\/airandme.org\/","logo":{"@type":"ImageObject","inLanguage":"da","@id":"https:\/\/airandme.org\/#\/schema\/logo\/image\/","url":"https:\/\/airandme.org\/wp-content\/uploads\/2018\/03\/AAME_.png","contentUrl":"https:\/\/airandme.org\/wp-content\/uploads\/2018\/03\/AAME_.png","width":441,"height":179,"caption":"F\u00e9d\u00e9ration L'Air et Moi"},"image":{"@id":"https:\/\/airandme.org\/#\/schema\/logo\/image\/"},"sameAs":["https:\/\/www.facebook.com\/lairetmoi\/","https:\/\/x.com\/lairetmoi","https:\/\/www.youtube.com\/channel\/UCcguTqo1uDOSJcik4GveZhw"]}]}},"_links":{"self":[{"href":"https:\/\/airandme.org\/da\/wp-json\/wp\/v2\/pages\/2","targetHints":{"allow":["GET"]}}],"collection":[{"href":"https:\/\/airandme.org\/da\/wp-json\/wp\/v2\/pages"}],"about":[{"href":"https:\/\/airandme.org\/da\/wp-json\/wp\/v2\/types\/page"}],"author":[{"embeddable":true,"href":"https:\/\/airandme.org\/da\/wp-json\/wp\/v2\/users\/1"}],"replies":[{"embeddable":true,"href":"https:\/\/airandme.org\/da\/wp-json\/wp\/v2\/comments?post=2"}],"version-history":[{"count":1,"href":"https:\/\/airandme.org\/da\/wp-json\/wp\/v2\/pages\/2\/revisions"}],"predecessor-version":[{"id":5319,"href":"https:\/\/airandme.org\/da\/wp-json\/wp\/v2\/pages\/2\/revisions\/5319"}],"wp:attachment":[{"href":"https:\/\/airandme.org\/da\/wp-json\/wp\/v2\/media?parent=2"}],"curies":[{"name":"wp","href":"https:\/\/api.w.org\/{rel}","templated":true}]}}