{"id":119,"date":"2018-03-26T10:28:01","date_gmt":"2018-03-26T08:28:01","guid":{"rendered":"http:\/\/airandme.org\/?page_id=119"},"modified":"2019-08-19T11:48:22","modified_gmt":"2019-08-19T09:48:22","slug":"who-is-it-for-why-join","status":"publish","type":"page","link":"https:\/\/airandme.org\/da\/discover-air-and-me\/who-is-it-for-why-join\/","title":{"rendered":"Hvorfor ? Hvorfor ?"},"content":{"rendered":"<h2>B\u00f8rn, l<strong>\u00e6rere, p\u00e6dagoger og for\u00e6ldre<\/strong><\/h2>\n<p><strong>Air and Me is an educational tool<\/strong> designed <strong>for teachers, facilitators and parents who are willing to help children understand how crucial theair quality is<\/strong>.<\/p>\n<p><img decoding=\"async\" class=\"wp-image-918  alignright\" src=\"http:\/\/airandme.org\/wp-content\/uploads\/2018\/06\/premature-deaths.png\" alt=\"premature deaths\" width=\"174\" height=\"124\" \/>Som l<strong>\u00e6rer, p\u00e6dagog eller for\u00e6lder kan du finde p<\/strong>\u00e5<strong> Air and me <\/strong>et fuldst\u00e6ndigt undervisningsprogram, lettilg\u00e6ngeligt, sjovt og pr\u00e6cist, som hj\u00e6lper dig til at bevidstg\u00f8re b\u00f8rn og elever om udfordringerne i forbindelse med luftkvalitet.<\/p>\n<div id=\"\" class=\"wpsestyles green-message\">\n<h4><span style=\"color: #000000;\"><strong>Air and me er et kooperativt v\u00e6rkt\u00f8j i l\u00f8bende udvikling. Dine kommentarer er vigtige for os med henblik p\u00e5 en konstant forbedring!<br \/>Derfor inviterer vi dig til at give os dine kommentarer ved at udfylde formularen. Et minut for Air and me eller ved at <a href=\"http:\/\/airandme.org\/da\/who-is-air-and-me\/contact\/\" target=\"_blank\" rel=\"noopener\">kontakte os<\/a>.<br \/><\/strong><\/span><\/h4>\n<\/div>\n<p>&nbsp;<\/p>\n<p><a class=\"wpsebtn\" id=\"btn-0d29b030-140d-82bd-5a61-7b993afaa74a\" data-font-size=\"13\" data-color=\"#ffffff\" data-background=\"#2196F3\" data-padding-left=\"12\" data-padding-top=\"6\" data-padding-right=\"12\" data-padding-bottom=\"6\" data-border-width=\"1\" data-border-radius=\"0\" data-border-color=\"#2196F3\" data-color-hover=\"#ffffff\" data-background-hover=\"#2196F3\" data-box-shadow-color-hover=\"#bababa\" data-box-shadow-horz-hover=\"3\" data-box-shadow-vert-hover=\"3\" data-box-shadow-blur-hover=\"3\" data-box-shadow-spread-hover=\"0\" data-text=\"Button text\" href=\"http:\/\/airandme.org\/da\/discover-air-and-me\/air-and-me-in-the-media\/\" type=\"button\">Air and me i medierne<\/a><\/p>\n<p>&nbsp;<\/p>\n<p>&nbsp;<\/p>\n<div id=\"style-btn-0d29b030-140d-82bd-5a61-7b993afaa74a\">\n<style class=\"style-btn\"><!--\n#btn-0d29b030-140d-82bd-5a61-7b993afaa74a {font-size: 13px;color: #ffffff;background: #2196F3;padding-left: 12px;padding-top: 6px;padding-right: 12px;padding-bottom: 6px;border-width: 1px;border-radius: 0px;-moz-border-radius: 0px;-webkit-border-radius: 0px;border-color: #2196F3;} #btn-0d29b030-140d-82bd-5a61-7b993afaa74a:hover {background: #2196F3;color: #ffffff;box-shadow: 3px 3px 3px 0px #bababa;-moz-box-shadow: 3px 3px 3px 0px #bababa;-webkit-box-shadow: 3px 3px 3px 0px #bababa;}\n--><\/style>\n<\/div>\n","protected":false},"excerpt":{"rendered":"<p>B\u00f8rn, l\u00e6rere, p\u00e6dagoger og for\u00e6ldre Air and Me is an educational tool designed for teachers, facilitators and parents who are willing to help children understand how crucial theair quality is. Som l\u00e6rer, p\u00e6dagog eller for\u00e6lder kan du finde p\u00e5 Air and me et fuldst\u00e6ndigt undervisningsprogram, lettilg\u00e6ngeligt, sjovt og pr\u00e6cist, som hj\u00e6lper dig til at bevidstg\u00f8re&hellip; <br \/> <a class=\"button small blue\" href=\"https:\/\/airandme.org\/da\/discover-air-and-me\/who-is-it-for-why-join\/\">L\u00e6s mere<\/a><\/p>\n","protected":false},"author":1,"featured_media":0,"parent":2,"menu_order":3,"comment_status":"closed","ping_status":"closed","template":"","meta":{"footnotes":""},"class_list":["post-119","page","type-page","status-publish","hentry"],"yoast_head":"<!-- This site is optimized with the Yoast SEO plugin v26.8 - https:\/\/yoast.com\/product\/yoast-seo-wordpress\/ -->\n<title>Hvorfor ? Hvorfor ?<\/title>\n<meta name=\"robots\" content=\"index, follow, max-snippet:-1, max-image-preview:large, max-video-preview:-1\" \/>\n<link rel=\"canonical\" href=\"https:\/\/airandme.org\/da\/discover-air-and-me\/who-is-it-for-why-join\/\" \/>\n<meta property=\"og:locale\" content=\"da_DK\" \/>\n<meta property=\"og:locale:alternate\" content=\"en_US\" \/>\n<meta property=\"og:locale:alternate\" content=\"fr_FR\" \/>\n<meta property=\"og:locale:alternate\" content=\"es\" \/>\n<meta property=\"og:locale:alternate\" content=\"it\" \/>\n<meta property=\"og:locale:alternate\" content=\"de\" \/>\n<meta property=\"og:locale:alternate\" content=\"ar\" \/>\n<meta property=\"og:locale:alternate\" content=\"zh\" \/>\n<meta property=\"og:locale:alternate\" content=\"pl\" \/>\n<meta property=\"og:type\" content=\"article\" \/>\n<meta property=\"og:title\" content=\"Hvorfor ? Hvorfor ?\" \/>\n<meta property=\"og:description\" content=\"B\u00f8rn, l\u00e6rere, p\u00e6dagoger og for\u00e6ldre Air and Me is an educational tool designed for teachers, facilitators and parents who are willing to help children understand how crucial theair quality is. Som l\u00e6rer, p\u00e6dagog eller for\u00e6lder kan du finde p\u00e5 Air and me et fuldst\u00e6ndigt undervisningsprogram, lettilg\u00e6ngeligt, sjovt og pr\u00e6cist, som hj\u00e6lper dig til at bevidstg\u00f8re&hellip; L\u00e6s mere\" \/>\n<meta property=\"og:url\" content=\"https:\/\/airandme.org\/da\/discover-air-and-me\/who-is-it-for-why-join\/\" \/>\n<meta property=\"og:site_name\" content=\"Air and Me\" \/>\n<meta property=\"article:publisher\" content=\"https:\/\/www.facebook.com\/lairetmoi\/\" \/>\n<meta property=\"article:modified_time\" content=\"2019-08-19T09:48:22+00:00\" \/>\n<meta property=\"og:image\" content=\"http:\/\/airandme.org\/wp-content\/uploads\/2018\/06\/premature-deaths.png\" \/>\n<meta name=\"twitter:card\" content=\"summary_large_image\" \/>\n<meta name=\"twitter:site\" content=\"@lairetmoi\" \/>\n<meta name=\"twitter:label1\" content=\"Estimeret l\u00e6setid\" \/>\n\t<meta name=\"twitter:data1\" content=\"5 minutter\" \/>\n<script type=\"application\/ld+json\" class=\"yoast-schema-graph\">{\"@context\":\"https:\/\/schema.org\",\"@graph\":[{\"@type\":\"WebPage\",\"@id\":\"https:\/\/airandme.org\/it\/discover-air-and-me\/who-is-it-for-why-join\/\",\"url\":\"https:\/\/airandme.org\/it\/discover-air-and-me\/who-is-it-for-why-join\/\",\"name\":\"Hvorfor ? Hvorfor ?\",\"isPartOf\":{\"@id\":\"https:\/\/airandme.org\/#website\"},\"primaryImageOfPage\":{\"@id\":\"https:\/\/airandme.org\/it\/discover-air-and-me\/who-is-it-for-why-join\/#primaryimage\"},\"image\":{\"@id\":\"https:\/\/airandme.org\/it\/discover-air-and-me\/who-is-it-for-why-join\/#primaryimage\"},\"thumbnailUrl\":\"http:\/\/airandme.org\/wp-content\/uploads\/2018\/06\/premature-deaths.png\",\"datePublished\":\"2018-03-26T08:28:01+00:00\",\"dateModified\":\"2019-08-19T09:48:22+00:00\",\"breadcrumb\":{\"@id\":\"https:\/\/airandme.org\/it\/discover-air-and-me\/who-is-it-for-why-join\/#breadcrumb\"},\"inLanguage\":\"da\",\"potentialAction\":[{\"@type\":\"ReadAction\",\"target\":[\"https:\/\/airandme.org\/it\/discover-air-and-me\/who-is-it-for-why-join\/\"]}]},{\"@type\":\"ImageObject\",\"inLanguage\":\"da\",\"@id\":\"https:\/\/airandme.org\/it\/discover-air-and-me\/who-is-it-for-why-join\/#primaryimage\",\"url\":\"http:\/\/airandme.org\/wp-content\/uploads\/2018\/06\/premature-deaths.png\",\"contentUrl\":\"http:\/\/airandme.org\/wp-content\/uploads\/2018\/06\/premature-deaths.png\"},{\"@type\":\"BreadcrumbList\",\"@id\":\"https:\/\/airandme.org\/it\/discover-air-and-me\/who-is-it-for-why-join\/#breadcrumb\",\"itemListElement\":[{\"@type\":\"ListItem\",\"position\":1,\"name\":\"Accueil\",\"item\":\"https:\/\/airandme.org\/\"},{\"@type\":\"ListItem\",\"position\":2,\"name\":\"Scoprire Noi e l\u2019Aria\",\"item\":\"https:\/\/airandme.org\/it\/discover-air-and-me\/\"},{\"@type\":\"ListItem\",\"position\":3,\"name\":\"Who is it for? Why Join?\"}]},{\"@type\":\"WebSite\",\"@id\":\"https:\/\/airandme.org\/#website\",\"url\":\"https:\/\/airandme.org\/\",\"name\":\"Air and Me\",\"description\":\"\",\"publisher\":{\"@id\":\"https:\/\/airandme.org\/#organization\"},\"potentialAction\":[{\"@type\":\"SearchAction\",\"target\":{\"@type\":\"EntryPoint\",\"urlTemplate\":\"https:\/\/airandme.org\/?s={search_term_string}\"},\"query-input\":{\"@type\":\"PropertyValueSpecification\",\"valueRequired\":true,\"valueName\":\"search_term_string\"}}],\"inLanguage\":\"da\"},{\"@type\":\"Organization\",\"@id\":\"https:\/\/airandme.org\/#organization\",\"name\":\"F\u00e9d\u00e9ration L'Air et Moi\",\"url\":\"https:\/\/airandme.org\/\",\"logo\":{\"@type\":\"ImageObject\",\"inLanguage\":\"da\",\"@id\":\"https:\/\/airandme.org\/#\/schema\/logo\/image\/\",\"url\":\"https:\/\/airandme.org\/wp-content\/uploads\/2018\/03\/AAME_.png\",\"contentUrl\":\"https:\/\/airandme.org\/wp-content\/uploads\/2018\/03\/AAME_.png\",\"width\":441,\"height\":179,\"caption\":\"F\u00e9d\u00e9ration L'Air et Moi\"},\"image\":{\"@id\":\"https:\/\/airandme.org\/#\/schema\/logo\/image\/\"},\"sameAs\":[\"https:\/\/www.facebook.com\/lairetmoi\/\",\"https:\/\/x.com\/lairetmoi\",\"https:\/\/www.youtube.com\/channel\/UCcguTqo1uDOSJcik4GveZhw\"]}]}<\/script>\n<!-- \/ Yoast SEO plugin. -->","yoast_head_json":{"title":"Hvorfor ? Hvorfor ?","robots":{"index":"index","follow":"follow","max-snippet":"max-snippet:-1","max-image-preview":"max-image-preview:large","max-video-preview":"max-video-preview:-1"},"canonical":"https:\/\/airandme.org\/da\/discover-air-and-me\/who-is-it-for-why-join\/","og_locale":"da_DK","og_type":"article","og_title":"[:en]Who is it for? Why Join?[:fr]Pour qui ? Pourquoi ?[:es]Para qui\u00e9n ? Porqu\u00e9[:it]A chi \u00e8 adatto ? Per quale quale motivo ?[:ar]\u0644\u0645\u0646\u061f \u0644\u0645\u0627\u0630\u0627\u061f[:da]Hvorfor ? Hvorfor ?[:pl]Dla kogo? Dlaczego?[:de]F\u00fcr wen ? Warum ?[:] &#183; Air and Me","og_description":"B\u00f8rn, l\u00e6rere, p\u00e6dagoger og for\u00e6ldre Air and Me is an educational tool designed for teachers, facilitators and parents who are willing to help children understand how crucial theair quality is. Som l\u00e6rer, p\u00e6dagog eller for\u00e6lder kan du finde p\u00e5 Air and me et fuldst\u00e6ndigt undervisningsprogram, lettilg\u00e6ngeligt, sjovt og pr\u00e6cist, som hj\u00e6lper dig til at bevidstg\u00f8re&hellip; L\u00e6s mere","og_url":"https:\/\/airandme.org\/da\/discover-air-and-me\/who-is-it-for-why-join\/","og_site_name":"Air and Me","article_publisher":"https:\/\/www.facebook.com\/lairetmoi\/","article_modified_time":"2019-08-19T09:48:22+00:00","og_image":[{"url":"http:\/\/airandme.org\/wp-content\/uploads\/2018\/06\/premature-deaths.png","type":"","width":"","height":""}],"twitter_card":"summary_large_image","twitter_site":"@lairetmoi","twitter_misc":{"Estimeret l\u00e6setid":"5 minutter"},"schema":{"@context":"https:\/\/schema.org","@graph":[{"@type":"WebPage","@id":"https:\/\/airandme.org\/it\/discover-air-and-me\/who-is-it-for-why-join\/","url":"https:\/\/airandme.org\/it\/discover-air-and-me\/who-is-it-for-why-join\/","name":"Hvorfor ? Hvorfor ?","isPartOf":{"@id":"https:\/\/airandme.org\/#website"},"primaryImageOfPage":{"@id":"https:\/\/airandme.org\/it\/discover-air-and-me\/who-is-it-for-why-join\/#primaryimage"},"image":{"@id":"https:\/\/airandme.org\/it\/discover-air-and-me\/who-is-it-for-why-join\/#primaryimage"},"thumbnailUrl":"http:\/\/airandme.org\/wp-content\/uploads\/2018\/06\/premature-deaths.png","datePublished":"2018-03-26T08:28:01+00:00","dateModified":"2019-08-19T09:48:22+00:00","breadcrumb":{"@id":"https:\/\/airandme.org\/it\/discover-air-and-me\/who-is-it-for-why-join\/#breadcrumb"},"inLanguage":"da","potentialAction":[{"@type":"ReadAction","target":["https:\/\/airandme.org\/it\/discover-air-and-me\/who-is-it-for-why-join\/"]}]},{"@type":"ImageObject","inLanguage":"da","@id":"https:\/\/airandme.org\/it\/discover-air-and-me\/who-is-it-for-why-join\/#primaryimage","url":"http:\/\/airandme.org\/wp-content\/uploads\/2018\/06\/premature-deaths.png","contentUrl":"http:\/\/airandme.org\/wp-content\/uploads\/2018\/06\/premature-deaths.png"},{"@type":"BreadcrumbList","@id":"https:\/\/airandme.org\/it\/discover-air-and-me\/who-is-it-for-why-join\/#breadcrumb","itemListElement":[{"@type":"ListItem","position":1,"name":"Accueil","item":"https:\/\/airandme.org\/"},{"@type":"ListItem","position":2,"name":"Scoprire Noi e l\u2019Aria","item":"https:\/\/airandme.org\/it\/discover-air-and-me\/"},{"@type":"ListItem","position":3,"name":"Who is it for? Why Join?"}]},{"@type":"WebSite","@id":"https:\/\/airandme.org\/#website","url":"https:\/\/airandme.org\/","name":"Air and Me","description":"","publisher":{"@id":"https:\/\/airandme.org\/#organization"},"potentialAction":[{"@type":"SearchAction","target":{"@type":"EntryPoint","urlTemplate":"https:\/\/airandme.org\/?s={search_term_string}"},"query-input":{"@type":"PropertyValueSpecification","valueRequired":true,"valueName":"search_term_string"}}],"inLanguage":"da"},{"@type":"Organization","@id":"https:\/\/airandme.org\/#organization","name":"F\u00e9d\u00e9ration L'Air et Moi","url":"https:\/\/airandme.org\/","logo":{"@type":"ImageObject","inLanguage":"da","@id":"https:\/\/airandme.org\/#\/schema\/logo\/image\/","url":"https:\/\/airandme.org\/wp-content\/uploads\/2018\/03\/AAME_.png","contentUrl":"https:\/\/airandme.org\/wp-content\/uploads\/2018\/03\/AAME_.png","width":441,"height":179,"caption":"F\u00e9d\u00e9ration L'Air et Moi"},"image":{"@id":"https:\/\/airandme.org\/#\/schema\/logo\/image\/"},"sameAs":["https:\/\/www.facebook.com\/lairetmoi\/","https:\/\/x.com\/lairetmoi","https:\/\/www.youtube.com\/channel\/UCcguTqo1uDOSJcik4GveZhw"]}]}},"_links":{"self":[{"href":"https:\/\/airandme.org\/da\/wp-json\/wp\/v2\/pages\/119","targetHints":{"allow":["GET"]}}],"collection":[{"href":"https:\/\/airandme.org\/da\/wp-json\/wp\/v2\/pages"}],"about":[{"href":"https:\/\/airandme.org\/da\/wp-json\/wp\/v2\/types\/page"}],"author":[{"embeddable":true,"href":"https:\/\/airandme.org\/da\/wp-json\/wp\/v2\/users\/1"}],"replies":[{"embeddable":true,"href":"https:\/\/airandme.org\/da\/wp-json\/wp\/v2\/comments?post=119"}],"version-history":[{"count":0,"href":"https:\/\/airandme.org\/da\/wp-json\/wp\/v2\/pages\/119\/revisions"}],"up":[{"embeddable":true,"href":"https:\/\/airandme.org\/da\/wp-json\/wp\/v2\/pages\/2"}],"wp:attachment":[{"href":"https:\/\/airandme.org\/da\/wp-json\/wp\/v2\/media?parent=119"}],"curies":[{"name":"wp","href":"https:\/\/api.w.org\/{rel}","templated":true}]}}